{"id":619,"date":"2024-09-04T16:25:37","date_gmt":"2024-09-04T10:55:37","guid":{"rendered":"https:\/\/tigertopiasrirachazoo.com\/?page_id=619"},"modified":"2026-04-29T16:12:22","modified_gmt":"2026-04-29T10:42:22","slug":"nutzungsbedingungen","status":"publish","type":"page","link":"https:\/\/tigertopiasrirachazoo.com\/de\/nutzungsbedingungen\/","title":{"rendered":"Nutzungsbedingungen"},"content":{"rendered":"<div data-elementor-type=\"wp-page\" data-elementor-id=\"619\" class=\"elementor elementor-619\" data-elementor-post-type=\"page\">\n\t\t\t\t\t\t<section data-particle_enable=\"false\" data-particle-mobile-disabled=\"false\" class=\"elementor-section elementor-top-section elementor-element elementor-element-3a299ee elementor-section-boxed elementor-section-height-default elementor-section-height-default\" data-id=\"3a299ee\" data-element_type=\"section\" data-e-type=\"section\">\n\t\t\t\t\t\t<div class=\"elementor-container elementor-column-gap-default\">\n\t\t\t\t\t<div class=\"elementor-column elementor-col-100 elementor-top-column elementor-element elementor-element-f1119a4\" data-id=\"f1119a4\" data-element_type=\"column\" data-e-type=\"column\">\n\t\t\t<div class=\"elementor-widget-wrap elementor-element-populated\">\n\t\t\t\t\t\t<div class=\"elementor-element elementor-element-2ec04fa elementor-widget elementor-widget-text-editor\" data-id=\"2ec04fa\" data-element_type=\"widget\" data-e-type=\"widget\" data-widget_type=\"text-editor.default\">\n\t\t\t\t<div class=\"elementor-widget-container\">\n\t\t\t\t\t\t\t\t\t<h2 style=\"text-align: center;\"><span style=\"color: #000000;\"><strong>Nutzungsbedingungen \u2013 Tiger Topia Sriracha Zoo Tickets<\/strong><\/span><\/h2><p><span style=\"color: #000000;\">Willkommen bei <a href=\"https:\/\/tigertopiasrirachazoo.com\/de\/\"><strong>Tickets f\u00fcr den Tiger Topia Sriracha Zoo<\/strong><\/a>, betrieben von <strong>The Thai Tourism<\/strong>. Durch den Zugriff und die Nutzung unserer Website, <strong><a style=\"color: #000000;\" href=\"https:\/\/tigertopiasrirachazoo.com\/de\/\" target=\"_new\" rel=\"noopener\">tigertopiasrirachazoo.com<\/a><\/strong>erkl\u00e4ren Sie sich mit der Einhaltung der folgenden <strong>Gesch\u00e4ftsbedingungen<\/strong>Bitte lesen Sie diese Bedingungen sorgf\u00e4ltig durch, bevor Sie unsere Website nutzen.<\/span><\/p><hr \/><h2><span style=\"color: #000000;\"><strong>1. Allgemeine Bestimmungen<\/strong><\/span><\/h2><p><span style=\"color: #000000;\">\u2714 Alle auf dieser Website angebotenen Dienste, Inhalte und Produkte sind <strong>managed by The Thai Tourism<\/strong>.<\/span><br \/><span style=\"color: #000000;\">\u2714 Durch die Nutzung dieser Website erkl\u00e4ren Sie sich mit der Einhaltung aller <strong>Bedingungen und Richtlinien<\/strong> hier umrissen.<\/span><br \/><span style=\"color: #000000;\">\u2714 Wenn Sie <strong>stimme nicht zu<\/strong> mit diesen Bedingungen, bitte <strong>abbrechen<\/strong> Nutzung dieser Site.<\/span><\/p><hr \/><h2><span style=\"color: #000000;\"><strong>2. Geistiges Eigentum<\/strong><\/span><\/h2><p><span style=\"color: #000000;\">\u2714 Alle Inhalte dieser Website, einschlie\u00dflich, aber nicht beschr\u00e4nkt auf <strong>Texte, Bilder, Logos, Grafiken und Videos<\/strong>, ist gesch\u00fctzt durch <strong>Urheber- und Markenrechte<\/strong>.<\/span><br \/><span style=\"color: #000000;\">\u2714 <strong>Unerlaubte Reproduktion, \u00c4nderung oder Verbreitung<\/strong> von jeglichem Inhalt <strong>without prior written consent from The Thai Tourism<\/strong> ist strengstens verboten.<\/span><\/p><hr \/><h2><span style=\"color: #000000;\"><strong>3. Nutzung der Website<\/strong><\/span><\/h2><p><span style=\"color: #000000;\">Indem Sie auf unsere Website zugreifen, erkl\u00e4ren Sie sich mit Folgendem einverstanden:<\/span><\/p><p><span style=\"color: #000000;\">\u2714 <strong>Unterlassen Sie jegliche illegalen Aktivit\u00e4ten<\/strong> w\u00e4hrend der Nutzung unserer Dienste.<\/span><br \/><span style=\"color: #000000;\">\u2714 <strong>Nicht einmischen<\/strong> mit der Sicherheit, Funktionalit\u00e4t oder dem Betrieb der Website.<\/span><br \/><span style=\"color: #000000;\">\u2714 <strong>Kein Versuch, unbefugten Zugriff zu erlangen<\/strong> auf eingeschr\u00e4nkte Bereiche der Site.<\/span><br \/><span style=\"color: #000000;\">\u2714 <strong>Keine Malware, Viren oder sch\u00e4dliche Software verbreiten<\/strong> \u00fcber die Website.<\/span><\/p><hr \/><h2><span style=\"color: #000000;\"><strong>4. Benutzerkonten<\/strong><\/span><\/h2><p><span style=\"color: #000000;\">\u2714 Um Tickets zu buchen oder auf bestimmte Funktionen zuzugreifen, m\u00fcssen Sie m\u00f6glicherweise <strong>ein Konto erstellen<\/strong>.<\/span><br \/><span style=\"color: #000000;\">\u2714 Sie sind verantwortlich f\u00fcr die Pflege der <strong>Sicherheit Ihrer Kontoanmeldeinformationen<\/strong>.<\/span><br \/><span style=\"color: #000000;\">\u2714 Wenn Sie vermuten <strong>unbefugter Zugriff<\/strong>, kontaktieren Sie uns bitte umgehend unter <strong><a style=\"color: #000000;\" href=\"mailto:contact@tigertopiasrirachazoo.com\" rel=\"noopener\">contact@tigertopiasrirachazoo.com<\/a><\/strong>.<\/span><\/p><hr \/><h2><span style=\"color: #000000;\"><strong>5. Buchungsbedingungen<\/strong><\/span><\/h2><p><span style=\"color: #000000;\">\u2714 Alle <strong>Buchungen unterliegen der Verf\u00fcgbarkeit<\/strong>.<\/span><br \/><span style=\"color: #000000;\">\u2714 Die Preise sind <strong>\u00c4nderungen ohne vorherige Ank\u00fcndigung vorbehalten<\/strong>.<\/span><br \/><span style=\"color: #000000;\">\u2714 Benutzer m\u00fcssen angeben <strong>genaue Buchungsdetails<\/strong> um Probleme bei der Ticketbearbeitung zu vermeiden.<\/span><br \/><span style=\"color: #000000;\">\u2714 Wir behalten uns das Recht vor, <strong>Buchungen \u00e4ndern oder stornieren<\/strong> aufgrund unvorhergesehener Umst\u00e4nde.<\/span><\/p><hr \/><h2><span style=\"color: #000000;\"><strong>6. Zahlung<\/strong><\/span><\/h2><p><span style=\"color: #000000;\">\u2714 Zahlungen m\u00fcssen <strong>\u00fcber die sicheren Zahlungsgateways abgewickelt<\/strong> auf unserer Website bereitgestellt.<\/span><br \/><span style=\"color: #000000;\">\u2714 Mit der Zahlung best\u00e4tigen Sie, dass <strong>Ihre Zahlungsdaten korrekt sind<\/strong> und dass Sie <strong>Autorisierung f\u00fcr die Transaktion<\/strong>.<\/span><\/p><hr \/><h2><span style=\"color: #000000;\"><strong>7. R\u00fcckerstattungen und Stornierungen<\/strong><\/span><\/h2><p><span style=\"color: #000000;\">\u2714 <strong>R\u00fcckerstattungen und Stornierungen unterliegen unseren spezifischen Richtlinien<\/strong>.<\/span><br \/><span style=\"color: #000000;\">\u2714 Genehmigte R\u00fcckerstattungen werden \u00fcber das <strong>urspr\u00fcngliche Zahlungsmethode<\/strong>.<\/span><br \/><span style=\"color: #000000;\">\u2714 Bitte beachten Sie unsere <strong><a style=\"color: #000000;\" href=\"https:\/\/tigertopiasrirachazoo.com\/de\/cancellation-refund-policy\/\" target=\"_new\" rel=\"noopener\">Stornierungs- und R\u00fcckerstattungsbedingungen<\/a><\/strong> f\u00fcr weitere Details.<\/span><\/p><hr \/><h2><span style=\"color: #000000;\"><strong>8. Haftungsbeschr\u00e4nkung<\/strong><\/span><\/h2><p><span style=\"color: #000000;\">The Thai Tourism is <strong>nicht haftbar<\/strong> f\u00fcr:<\/span><br \/><span style=\"color: #000000;\">\u2714 Beliebig <strong>Ungenauigkeiten, Fehler oder Auslassungen<\/strong> auf der Website.<\/span><br \/><span style=\"color: #000000;\">\u2714 <strong>Technische Probleme, Verz\u00f6gerungen oder Ausf\u00e4lle<\/strong> durch Dritte oder andere unkontrollierbare Faktoren verursacht werden.<\/span><br \/><span style=\"color: #000000;\">\u2714 <strong>Verlust von Daten, Gewinnen oder Reputation<\/strong> die durch die Nutzung dieser Website entstehen.<\/span><\/p><p><span style=\"color: #000000;\">\ud83d\udea8 <strong>Die Nutzung dieser Website erfolgt auf eigene Gefahr.<\/strong><\/span><\/p><hr \/><h2><span style=\"color: #000000;\"><strong>9. Links zu Drittanbietern<\/strong><\/span><\/h2><p><span style=\"color: #000000;\">\u2714 Unsere Website kann enthalten <strong>Links zu externen Websites<\/strong> f\u00fcr den Benutzerkomfort.<\/span><br \/><span style=\"color: #000000;\">\u2714 <strong>The Thai Tourism does not endorse or take responsibility<\/strong> f\u00fcr den Inhalt, die Datenschutzbestimmungen oder die Sicherheit von <strong>Websites von Drittanbietern<\/strong>.<\/span><br \/><span style=\"color: #000000;\">\u2714 Benutzer sollten die <strong><a href=\"https:\/\/tigertopiasrirachazoo.com\/de\/datenschutzrichtlinie\/\">Datenschutz<\/a> Und <a href=\"https:\/\/tigertopiasrirachazoo.com\/de\/nutzungsbedingungen\/\">Bedingungen<\/a><\/strong> von Websites Dritter, bevor Sie mit ihnen interagieren.<\/span><\/p><hr \/><h2><span style=\"color: #000000;\"><strong>10. Datenschutz<\/strong><\/span><\/h2><p><span style=\"color: #000000;\">\u2714 Indem Sie unsere Website nutzen, stimmen Sie der <strong>Erhebung und Verwendung Ihrer personenbezogenen Daten<\/strong> wie in unserer <strong><a style=\"color: #000000;\" href=\"https:\/\/tigertopiasrirachazoo.com\/de\/datenschutzrichtlinie\/\" target=\"_new\" rel=\"noopener\">Datenschutzrichtlinie<\/a><\/strong>.<\/span><\/p><hr \/><h2><span style=\"color: #000000;\"><strong>11. \u00c4nderungen der Nutzungsbedingungen<\/strong><\/span><\/h2><p><span style=\"color: #000000;\">\u2714 Wir <strong>behalten uns das Recht vor, diese Bedingungen jederzeit zu aktualisieren<\/strong>.<\/span><br \/><span style=\"color: #000000;\">\u2714 Alle \u00c4nderungen werden <strong>auf dieser Seite ver\u00f6ffentlicht<\/strong>und die fortgesetzte Nutzung der Website weist darauf hin, <strong>Akzeptanz der Updates<\/strong>.<\/span><\/p><hr \/><h2><span style=\"color: #000000;\"><strong>12. Geltendes Recht<\/strong><\/span><\/h2><p><span style=\"color: #000000;\">\u2714 Diese Bedingungen unterliegen den <strong>Gesetze Thailands<\/strong>.<\/span><br \/><span style=\"color: #000000;\">\u2714 Streitigkeiten, die sich aus der Nutzung dieser Website ergeben, werden in der <strong>Gerichte von Thailand<\/strong>.<\/span><\/p><hr \/><h2><span style=\"color: #000000;\"><strong>13. Kontaktieren Sie uns<\/strong><\/span><\/h2><p><span style=\"color: #000000;\">Bei Fragen oder Bedenken bez\u00fcglich dieser Bedingungen kontaktieren Sie uns bitte:<\/span><\/p><p><span style=\"color: #000000;\">\u2714 <strong>Name der Firma:<\/strong> The Thai Tourism<\/span><br \/><span style=\"color: #000000;\">\u2714 <strong>E-Mail:<\/strong> <a style=\"color: #000000;\" href=\"mailto:contact@tigertopiasrirachazoo.com\" rel=\"noopener\">contact@tigertopiasrirachazoo.com<\/a><\/span><br \/><span style=\"color: #000000;\">\u2714 <strong>Adresse:<\/strong> 193\/224, 3rd Floor, Bang Lamung District, Chon Buri 20150, Thailand.<\/span><\/p><hr \/><h2><span style=\"color: #000000;\"><strong>14. Beendigung des Zugangs<\/strong><\/span><\/h2><p><span style=\"color: #000000;\">\u2714 Wir behalten uns das Recht vor, <strong>den Zugang aussetzen oder beenden<\/strong> Bei Versto\u00df gegen diese Bedingungen k\u00f6nnen Sie unsere Website ohne Vorank\u00fcndigung sperren.<\/span><\/p><hr \/><h2><span style=\"color: #000000;\"><strong>15. Schadloshaltung<\/strong><\/span><\/h2><p><span style=\"color: #000000;\">\u2714 Sie stimmen zu <strong>entsch\u00e4digen und schadlos halten<\/strong> The Thai Tourism<br \/>, its affiliates, and employees from any <strong>Anspr\u00fcche, Verluste oder Sch\u00e4den<\/strong> sich aus Ihrer <strong>Nutzung dieser Website<\/strong> oder <strong>Versto\u00df gegen diese Bedingungen<\/strong>.<\/span><\/p><hr \/><h2><span style=\"color: #000000;\"><strong>16. Gesamte Vereinbarung<\/strong><\/span><\/h2><p><span style=\"color: #000000;\">\u2714 Diese <strong>Nutzungsbedingungen<\/strong>, sowie alle anderen rechtlichen Hinweise oder Richtlinien, die auf der Website ver\u00f6ffentlicht werden, <strong>bilden die gesamte Vereinbarung<\/strong> zwischen dir und <strong>The Thai Tourism<br \/><\/strong> bez\u00fcglich der Nutzung der Website.<\/span><\/p><hr \/><h2><span style=\"color: #000000;\"><strong>17. Salvatorische Klausel<\/strong><\/span><\/h2><p><span style=\"color: #000000;\">\u2714 Wenn \u00fcberhaupt <strong>Bestimmung dieser Bedingungen<\/strong> f\u00fcr ung\u00fcltig oder nicht durchsetzbar befunden wird, <strong>Die \u00fcbrigen Bestimmungen bleiben in vollem Umfang wirksam.<\/strong>.<\/span><\/p><hr \/><h2><span style=\"color: #000000;\"><strong>18. Verzicht<\/strong><\/span><\/h2><p><span style=\"color: #000000;\">\u2714 Fehler durch <strong>The Thai Tourism<br \/><\/strong> zur Durchsetzung jeglicher Bestimmungen dieser Bedingungen <strong>stellt keinen Verzicht dar<\/strong> dieser Bestimmung oder anderer Rechte.<\/span><\/p><hr \/><h2><span style=\"color: #000000;\"><strong>19. H\u00f6here Gewalt<\/strong><\/span><\/h2><p><span style=\"color: #000000;\">\u2714 <strong>The Thai Tourism will not be held responsible<\/strong> f\u00fcr jegliche Nichterf\u00fcllung oder Verz\u00f6gerung der Erf\u00fcllung von Verpflichtungen aufgrund von Ursachen <strong>au\u00dferhalb unserer zumutbaren Kontrolle<\/strong>, einschlie\u00dflich, aber nicht beschr\u00e4nkt auf:<\/span><\/p><ul><li><span style=\"color: #000000;\"><strong>Naturkatastrophen<\/strong><\/span><\/li><li><span style=\"color: #000000;\"><strong>Streiks oder Arbeitskonflikte<\/strong><\/span><\/li><li><span style=\"color: #000000;\"><strong>Technische St\u00f6rungen<\/strong><\/span><\/li><li><span style=\"color: #000000;\"><strong>Staatliche Vorschriften<\/strong><\/span><\/li><\/ul><hr \/><p><span style=\"color: #000000;\">Mithilfe der <a style=\"color: #000000;\" href=\"https:\/\/tigertopiasrirachazoo.com\/de\/\"><strong>Tickets f\u00fcr den Tiger Topia Sriracha Zoo<\/strong><\/a> Webseite, Sie <strong>stimme diesen Bedingungen zu<\/strong>, Gew\u00e4hrleistung einer <strong>sicheres, transparentes und angenehmes Erlebnis<\/strong> f\u00fcr alle Benutzer.<\/span><\/p>\t\t\t\t\t\t\t\t<\/div>\n\t\t\t\t<\/div>\n\t\t\t\t\t<\/div>\n\t\t<\/div>\n\t\t\t\t\t<\/div>\n\t\t<\/section>\n\t\t\t\t<\/div>","protected":false},"excerpt":{"rendered":"<p>Terms of Usage \u2013 Tiger Topia Sriracha Zoo Tickets Welcome to Tiger Topia Sriracha Zoo Tickets, operated by The Thai Tourism. By accessing and using our website, tigertopiasrirachazoo.com, you agree to comply with the following terms and conditions. Please read these terms carefully before using our website. 1. General Terms \u2714 All services, content, and [&hellip;]<\/p>\n","protected":false},"author":1,"featured_media":0,"parent":0,"menu_order":0,"comment_status":"closed","ping_status":"closed","template":"","meta":{"ocean_post_layout":"","ocean_both_sidebars_style":"","ocean_both_sidebars_content_width":0,"ocean_both_sidebars_sidebars_width":0,"ocean_sidebar":"","ocean_second_sidebar":"","ocean_disable_margins":"enable","ocean_add_body_class":"","ocean_shortcode_before_top_bar":"","ocean_shortcode_after_top_bar":"","ocean_shortcode_before_header":"","ocean_shortcode_after_header":"","ocean_has_shortcode":"","ocean_shortcode_after_title":"","ocean_shortcode_before_footer_widgets":"","ocean_shortcode_after_footer_widgets":"","ocean_shortcode_before_footer_bottom":"","ocean_shortcode_after_footer_bottom":"","ocean_display_top_bar":"default","ocean_display_header":"default","ocean_header_style":"","ocean_center_header_left_menu":"","ocean_custom_header_template":"","ocean_custom_logo":0,"ocean_custom_retina_logo":0,"ocean_custom_logo_max_width":0,"ocean_custom_logo_tablet_max_width":0,"ocean_custom_logo_mobile_max_width":0,"ocean_custom_logo_max_height":0,"ocean_custom_logo_tablet_max_height":0,"ocean_custom_logo_mobile_max_height":0,"ocean_header_custom_menu":"","ocean_menu_typo_font_family":"","ocean_menu_typo_font_subset":"","ocean_menu_typo_font_size":0,"ocean_menu_typo_font_size_tablet":0,"ocean_menu_typo_font_size_mobile":0,"ocean_menu_typo_font_size_unit":"px","ocean_menu_typo_font_weight":"","ocean_menu_typo_font_weight_tablet":"","ocean_menu_typo_font_weight_mobile":"","ocean_menu_typo_transform":"","ocean_menu_typo_transform_tablet":"","ocean_menu_typo_transform_mobile":"","ocean_menu_typo_line_height":0,"ocean_menu_typo_line_height_tablet":0,"ocean_menu_typo_line_height_mobile":0,"ocean_menu_typo_line_height_unit":"","ocean_menu_typo_spacing":0,"ocean_menu_typo_spacing_tablet":0,"ocean_menu_typo_spacing_mobile":0,"ocean_menu_typo_spacing_unit":"","ocean_menu_link_color":"","ocean_menu_link_color_hover":"","ocean_menu_link_color_active":"","ocean_menu_link_background":"","ocean_menu_link_hover_background":"","ocean_menu_link_active_background":"","ocean_menu_social_links_bg":"","ocean_menu_social_hover_links_bg":"","ocean_menu_social_links_color":"","ocean_menu_social_hover_links_color":"","ocean_disable_title":"default","ocean_disable_heading":"default","ocean_post_title":"","ocean_post_subheading":"","ocean_post_title_style":"","ocean_post_title_background_color":"","ocean_post_title_background":0,"ocean_post_title_bg_image_position":"","ocean_post_title_bg_image_attachment":"","ocean_post_title_bg_image_repeat":"","ocean_post_title_bg_image_size":"","ocean_post_title_height":0,"ocean_post_title_bg_overlay":0.5,"ocean_post_title_bg_overlay_color":"","ocean_disable_breadcrumbs":"default","ocean_breadcrumbs_color":"","ocean_breadcrumbs_separator_color":"","ocean_breadcrumbs_links_color":"","ocean_breadcrumbs_links_hover_color":"","ocean_display_footer_widgets":"default","ocean_display_footer_bottom":"default","ocean_custom_footer_template":"","footnotes":""},"class_list":["post-619","page","type-page","status-publish","hentry","entry","owp-thumbs-layout-horizontal","owp-btn-normal","owp-tabs-layout-horizontal","has-no-thumbnails","has-product-nav"],"yoast_head":"<!-- This site is optimized with the Yoast SEO plugin v27.5 - https:\/\/yoast.com\/product\/yoast-seo-wordpress\/ -->\n<title>Terms Of Usage | Tiger Topia Sriracha Zoo Tickets Guide<\/title>\n<meta name=\"description\" content=\"Explore Our Terms Of Usage For Tiger Topia Sriracha Zoo. Book Tickets Easily With Our Clear Guidelines And Enjoy An Exceptional Experience.\" \/>\n<meta name=\"robots\" content=\"noindex, follow\" \/>\n<meta property=\"og:locale\" content=\"de_DE\" \/>\n<meta property=\"og:type\" content=\"article\" \/>\n<meta property=\"og:title\" content=\"Terms Of Usage | Tiger Topia Sriracha Zoo Tickets Guide\" \/>\n<meta property=\"og:description\" content=\"Explore Our Terms Of Usage For Tiger Topia Sriracha Zoo. Book Tickets Easily With Our Clear Guidelines And Enjoy An Exceptional Experience.\" \/>\n<meta property=\"og:url\" content=\"https:\/\/tigertopiasrirachazoo.com\/de\/nutzungsbedingungen\/\" \/>\n<meta property=\"og:site_name\" content=\"Tiger Topia Sriracha Zoo\" \/>\n<meta property=\"article:modified_time\" content=\"2026-04-29T10:42:22+00:00\" \/>\n<meta name=\"twitter:card\" content=\"summary_large_image\" \/>\n<meta name=\"twitter:label1\" content=\"Gesch\u00e4tzte Lesezeit\" \/>\n\t<meta name=\"twitter:data1\" content=\"12\u00a0Minuten\" \/>\n<script type=\"application\/ld+json\" class=\"yoast-schema-graph\">{\"@context\":\"https:\\\/\\\/schema.org\",\"@graph\":[{\"@type\":\"WebPage\",\"@id\":\"https:\\\/\\\/tigertopiasrirachazoo.com\\\/terms-of-usage\\\/\",\"url\":\"https:\\\/\\\/tigertopiasrirachazoo.com\\\/terms-of-usage\\\/\",\"name\":\"Terms Of Usage | Tiger Topia Sriracha Zoo Tickets Guide\",\"isPartOf\":{\"@id\":\"https:\\\/\\\/tigertopiasrirachazoo.com\\\/#website\"},\"datePublished\":\"2024-09-04T10:55:37+00:00\",\"dateModified\":\"2026-04-29T10:42:22+00:00\",\"description\":\"Explore Our Terms Of Usage For Tiger Topia Sriracha Zoo. Book Tickets Easily With Our Clear Guidelines And Enjoy An Exceptional Experience.\",\"breadcrumb\":{\"@id\":\"https:\\\/\\\/tigertopiasrirachazoo.com\\\/terms-of-usage\\\/#breadcrumb\"},\"inLanguage\":\"de\",\"potentialAction\":[{\"@type\":\"ReadAction\",\"target\":[\"https:\\\/\\\/tigertopiasrirachazoo.com\\\/terms-of-usage\\\/\"]}]},{\"@type\":\"BreadcrumbList\",\"@id\":\"https:\\\/\\\/tigertopiasrirachazoo.com\\\/terms-of-usage\\\/#breadcrumb\",\"itemListElement\":[{\"@type\":\"ListItem\",\"position\":1,\"name\":\"Home\",\"item\":\"https:\\\/\\\/tigertopiasrirachazoo.com\\\/\"},{\"@type\":\"ListItem\",\"position\":2,\"name\":\"Terms Of Usage\"}]},{\"@type\":\"WebSite\",\"@id\":\"https:\\\/\\\/tigertopiasrirachazoo.com\\\/#website\",\"url\":\"https:\\\/\\\/tigertopiasrirachazoo.com\\\/\",\"name\":\"Tiger Topia Sriracha Zoo\",\"description\":\"\",\"publisher\":{\"@id\":\"https:\\\/\\\/tigertopiasrirachazoo.com\\\/#organization\"},\"potentialAction\":[{\"@type\":\"SearchAction\",\"target\":{\"@type\":\"EntryPoint\",\"urlTemplate\":\"https:\\\/\\\/tigertopiasrirachazoo.com\\\/?s={search_term_string}\"},\"query-input\":{\"@type\":\"PropertyValueSpecification\",\"valueRequired\":true,\"valueName\":\"search_term_string\"}}],\"inLanguage\":\"de\"},{\"@type\":\"Organization\",\"@id\":\"https:\\\/\\\/tigertopiasrirachazoo.com\\\/#organization\",\"name\":\"Tiger Topia Sriracha Zoo\",\"url\":\"https:\\\/\\\/tigertopiasrirachazoo.com\\\/\",\"logo\":{\"@type\":\"ImageObject\",\"inLanguage\":\"de\",\"@id\":\"https:\\\/\\\/tigertopiasrirachazoo.com\\\/#\\\/schema\\\/logo\\\/image\\\/\",\"url\":\"https:\\\/\\\/tigertopiasrirachazoo.com\\\/wp-content\\\/uploads\\\/2024\\\/08\\\/Tiger-Topia-Sriracha-Zoo.png\",\"contentUrl\":\"https:\\\/\\\/tigertopiasrirachazoo.com\\\/wp-content\\\/uploads\\\/2024\\\/08\\\/Tiger-Topia-Sriracha-Zoo.png\",\"width\":350,\"height\":100,\"caption\":\"Tiger Topia Sriracha Zoo\"},\"image\":{\"@id\":\"https:\\\/\\\/tigertopiasrirachazoo.com\\\/#\\\/schema\\\/logo\\\/image\\\/\"}}]}<\/script>\n<!-- \/ Yoast SEO plugin. -->","yoast_head_json":{"title":"Nutzungsbedingungen | Eintrittskartenf\u00fchrer f\u00fcr den Tiger Topia Sriracha Zoo","description":"Entdecken Sie unsere Nutzungsbedingungen f\u00fcr den Tiger Topia Sriracha Zoo. Buchen Sie Tickets ganz einfach mit unseren klaren Richtlinien und genie\u00dfen Sie ein au\u00dfergew\u00f6hnliches Erlebnis.","robots":{"index":"noindex","follow":"follow"},"og_locale":"de_DE","og_type":"article","og_title":"Terms Of Usage | Tiger Topia Sriracha Zoo Tickets Guide","og_description":"Explore Our Terms Of Usage For Tiger Topia Sriracha Zoo. Book Tickets Easily With Our Clear Guidelines And Enjoy An Exceptional Experience.","og_url":"https:\/\/tigertopiasrirachazoo.com\/de\/nutzungsbedingungen\/","og_site_name":"Tiger Topia Sriracha Zoo","article_modified_time":"2026-04-29T10:42:22+00:00","twitter_card":"summary_large_image","twitter_misc":{"Gesch\u00e4tzte Lesezeit":"12\u00a0Minuten"},"schema":{"@context":"https:\/\/schema.org","@graph":[{"@type":"WebPage","@id":"https:\/\/tigertopiasrirachazoo.com\/terms-of-usage\/","url":"https:\/\/tigertopiasrirachazoo.com\/terms-of-usage\/","name":"Nutzungsbedingungen | Eintrittskartenf\u00fchrer f\u00fcr den Tiger Topia Sriracha Zoo","isPartOf":{"@id":"https:\/\/tigertopiasrirachazoo.com\/#website"},"datePublished":"2024-09-04T10:55:37+00:00","dateModified":"2026-04-29T10:42:22+00:00","description":"Entdecken Sie unsere Nutzungsbedingungen f\u00fcr den Tiger Topia Sriracha Zoo. Buchen Sie Tickets ganz einfach mit unseren klaren Richtlinien und genie\u00dfen Sie ein au\u00dfergew\u00f6hnliches Erlebnis.","breadcrumb":{"@id":"https:\/\/tigertopiasrirachazoo.com\/terms-of-usage\/#breadcrumb"},"inLanguage":"de","potentialAction":[{"@type":"ReadAction","target":["https:\/\/tigertopiasrirachazoo.com\/terms-of-usage\/"]}]},{"@type":"BreadcrumbList","@id":"https:\/\/tigertopiasrirachazoo.com\/terms-of-usage\/#breadcrumb","itemListElement":[{"@type":"ListItem","position":1,"name":"Home","item":"https:\/\/tigertopiasrirachazoo.com\/"},{"@type":"ListItem","position":2,"name":"Terms Of Usage"}]},{"@type":"WebSite","@id":"https:\/\/tigertopiasrirachazoo.com\/#website","url":"https:\/\/tigertopiasrirachazoo.com\/","name":"Tiger Topia Sriracha Zoo","description":"","publisher":{"@id":"https:\/\/tigertopiasrirachazoo.com\/#organization"},"potentialAction":[{"@type":"SearchAction","target":{"@type":"EntryPoint","urlTemplate":"https:\/\/tigertopiasrirachazoo.com\/?s={search_term_string}"},"query-input":{"@type":"PropertyValueSpecification","valueRequired":true,"valueName":"search_term_string"}}],"inLanguage":"de"},{"@type":"Organization","@id":"https:\/\/tigertopiasrirachazoo.com\/#organization","name":"Tiger Topia Sriracha Zoo","url":"https:\/\/tigertopiasrirachazoo.com\/","logo":{"@type":"ImageObject","inLanguage":"de","@id":"https:\/\/tigertopiasrirachazoo.com\/#\/schema\/logo\/image\/","url":"https:\/\/tigertopiasrirachazoo.com\/wp-content\/uploads\/2024\/08\/Tiger-Topia-Sriracha-Zoo.png","contentUrl":"https:\/\/tigertopiasrirachazoo.com\/wp-content\/uploads\/2024\/08\/Tiger-Topia-Sriracha-Zoo.png","width":350,"height":100,"caption":"Tiger Topia Sriracha Zoo"},"image":{"@id":"https:\/\/tigertopiasrirachazoo.com\/#\/schema\/logo\/image\/"}}]}},"jetpack_sharing_enabled":true,"_links":{"self":[{"href":"https:\/\/tigertopiasrirachazoo.com\/de\/wp-json\/wp\/v2\/pages\/619","targetHints":{"allow":["GET"]}}],"collection":[{"href":"https:\/\/tigertopiasrirachazoo.com\/de\/wp-json\/wp\/v2\/pages"}],"about":[{"href":"https:\/\/tigertopiasrirachazoo.com\/de\/wp-json\/wp\/v2\/types\/page"}],"author":[{"embeddable":true,"href":"https:\/\/tigertopiasrirachazoo.com\/de\/wp-json\/wp\/v2\/users\/1"}],"replies":[{"embeddable":true,"href":"https:\/\/tigertopiasrirachazoo.com\/de\/wp-json\/wp\/v2\/comments?post=619"}],"version-history":[{"count":23,"href":"https:\/\/tigertopiasrirachazoo.com\/de\/wp-json\/wp\/v2\/pages\/619\/revisions"}],"predecessor-version":[{"id":4565,"href":"https:\/\/tigertopiasrirachazoo.com\/de\/wp-json\/wp\/v2\/pages\/619\/revisions\/4565"}],"wp:attachment":[{"href":"https:\/\/tigertopiasrirachazoo.com\/de\/wp-json\/wp\/v2\/media?parent=619"}],"curies":[{"name":"wp","href":"https:\/\/api.w.org\/{rel}","templated":true}]}}