{"id":3596,"date":"2025-02-01T20:57:24","date_gmt":"2025-02-01T15:27:24","guid":{"rendered":"https:\/\/tigertopiasrirachazoo.com\/?post_type=product&#038;p=3596"},"modified":"2025-10-29T15:41:10","modified_gmt":"2025-10-29T10:11:10","slug":"waldspaziergang-mit-tiger","status":"publish","type":"product","link":"https:\/\/tigertopiasrirachazoo.com\/de\/tickets\/waldspaziergang-mit-tiger\/","title":{"rendered":"Waldspaziergang mit TIGER"},"content":{"rendered":"<h2><strong>\ud83d\udc05 Waldspaziergang mit Tiger \u2013 Tiger Topia Sriracha Zoo<\/strong><\/h2>\n<h3><strong>\ud83d\udcd6 \u00dcber Waldspaziergang mit Tiger<\/strong><\/h3>\n<p>Treten Sie ein in die <strong>wilde Seite des Abenteuers<\/strong> mit dem <strong>Waldspaziergang mit Tiger<\/strong> bei <a href=\"https:\/\/tigertopiasrirachazoo.com\/de\/\"><strong>Tiger Topia Sriracha Zoo<\/strong><\/a>Dieses einmalige Erlebnis erm\u00f6glicht es Ihnen, <strong>neben einem majest\u00e4tischen Tiger spazieren<\/strong> unter professioneller Aufsicht. Anders als bei jeder anderen Begegnung mit Wildtieren bietet Ihnen diese Aktivit\u00e4t eine <strong>enge, pers\u00f6nliche und spannende Interaktion<\/strong> mit einem der m\u00e4chtigsten Raubtiere der Natur in einem <strong>kontrollierte und sichere Umgebung<\/strong>Erfahren Sie mehr \u00fcber die <strong>Verhalten der Tiger, Schutzbem\u00fchungen und ihre nat\u00fcrlichen Instinkte<\/strong>, wodurch diese Erfahrung sowohl <strong>lehrreich und aufregend<\/strong>.<\/p>\n<hr \/>\n<h3><strong>\ud83d\udd52 Zeitplan<\/strong><\/h3>\n<p>\u2714 <strong>\u00d6ffnungszeiten:<\/strong> T\u00e4glich von <strong>9:00 \u2013 15:30 Uhr<\/strong><br \/>\n\u2714 <strong>Letzter Eintrag:<\/strong> <strong>15:00 Uhr<\/strong><br \/>\n\u2714 <strong>Dauer:<\/strong> <strong>15 \u2013 20 Minuten<\/strong><\/p>\n<p>\ud83d\udcc5 <strong>Begrenzte Pl\u00e4tze verf\u00fcgbar<\/strong> \u2013 Eine fr\u00fchzeitige Buchung wird dringend empfohlen!<\/p>\n<hr \/>\n<h3><strong>\ud83c\udf1f Highlights<\/strong><\/h3>\n<ul>\n<li>\ud83d\udc05 <strong>Spazieren Sie mit einem echten Tiger<\/strong> \u2013 Erleben Sie den Nervenkitzel von <strong>Seite an Seite mit einem Tiger gehen<\/strong> in einer kontrollierten Umgebung.<\/li>\n<li>\ud83d\udc68\u200d\ud83c\udfeb <strong>Unter Anleitung von Experten<\/strong> \u2013 Professionelle Trainer begleiten Sie und sorgen daf\u00fcr, <strong>Sicherheit und ein lehrreiches Erlebnis<\/strong>.<\/li>\n<li>\ud83d\udcf8 <strong>Unvergessliche Fotos<\/strong> \u2013 Machen Sie atemberaubende Bilder von Ihrem <strong>einzigartiges Tiger Walk-Erlebnis<\/strong>.<\/li>\n<li>\ud83c\udf3f <strong>Eindringliches Wildlife-Abenteuer<\/strong> \u2013 Sp\u00fcren Sie die <strong>Adrenalin und Verbundenheit mit der Natur<\/strong> wie nie zuvor.<\/li>\n<li>\ud83c\udfc6 <strong>Exklusive und begrenzte Aktivit\u00e4t<\/strong> - A <strong>seltene Gelegenheit<\/strong> erh\u00e4ltlich bei <strong>nur wenige Wildparks weltweit<\/strong>.<\/li>\n<li>\ud83e\uddb4 <strong>Erfahren Sie mehr \u00fcber Tiger<\/strong> - Gewinnen <strong>Einblicke in ihr Verhalten, ihren Schutz und ihren nat\u00fcrlichen Lebensraum<\/strong>.<\/li>\n<\/ul>\n<hr \/>\n<h3><strong>\u2705 Was ist enthalten<\/strong><\/h3>\n<p>\u2714 <strong>Gef\u00fchrtes Tiger Walk-Erlebnis<\/strong> mit professionellen Betreuern<br \/>\n\u2714 <strong>Sicherheitseinweisung und Schulung<\/strong> vor der Aktivit\u00e4t<br \/>\n\u2714 <strong>Fotom\u00f6glichkeiten<\/strong> w\u00e4hrend und nach dem Spaziergang<br \/>\n\u2714 <strong>Exklusive Interaktion<\/strong> mit einem echten Tiger<br \/>\n\u2714 <strong>Schutzausr\u00fcstung bei Bedarf<\/strong><\/p>\n<hr \/>\n<h3><strong>\u274c Einschl\u00fcsse \/ Ausschl\u00fcsse<\/strong><\/h3>\n<h4>\u2714 <strong>Enthalten:<\/strong><\/h4>\n<ul>\n<li>Von Experten betreut <strong>Waldspaziergang mit Tiger<\/strong><\/li>\n<li>Professionelle Trainer sorgen f\u00fcr <strong>Sicherheit und Engagement<\/strong><\/li>\n<li>Gelegenheit zu <strong>Machen Sie atemberaubende Tierfotos<\/strong><\/li>\n<\/ul>\n<h4>\u2716 <strong>Nicht im Preis enthalten:<\/strong><\/h4>\n<ul>\n<li>Pers\u00f6nliche Ausgaben, Essen und Getr\u00e4nke<\/li>\n<li>Private Fotosessions (k\u00f6nnen separat gebucht werden)<\/li>\n<li>Transport (erh\u00e4ltlich als <strong>optionales Add-on<\/strong>)<\/li>\n<li>Zus\u00e4tzliche Tigerf\u00fctterungserlebnisse<\/li>\n<\/ul>\n<hr \/>\n<h3><strong>\ud83d\udc76 Kinderrichtlinie<\/strong><\/h3>\n<p>\u2714 <strong>Kinder unter 140 cm sind NICHT erlaubt<\/strong> aus Sicherheitsgr\u00fcnden am Waldspaziergang teilzunehmen.<br \/>\n\u2714 Kinder <strong>140 cm und mehr<\/strong> k\u00f6nnen teilnehmen, m\u00fcssen aber <strong>in Begleitung eines zahlenden Erwachsenen (18+).<\/strong><br \/>\n\u2714 Familienfreundliche Aktivit\u00e4ten wie <strong>Tiger- und Krokodilshows<\/strong> Und <strong>Fotoshootings mit Tierbabys<\/strong> F\u00fcr j\u00fcngere Kinder stehen zur Verf\u00fcgung.<\/p>\n<hr \/>\n<h3><strong>\ud83d\udeab R\u00fcckerstattungs- und Stornierungsbedingungen<\/strong><\/h3>\n<p>\u274c <strong>Keine Stornierungen, keine R\u00fcckerstattungen<\/strong> \u2013 Tickets sind <strong>nicht erstattungsf\u00e4hig und nicht \u00fcbertragbar<\/strong>.<br \/>\n\ud83d\udcc5 <strong>Termingebundene Buchung<\/strong> \u2013 Dieses Erlebnis gilt nur f\u00fcr die <strong>ausgew\u00e4hltes Datum<\/strong> und kann nicht verschoben werden.<br \/>\n\u23f3 <strong>Vers\u00e4umte Sitzungen werden nicht nachgeholt<\/strong> \u2013 Bei versp\u00e4teter Ankunft kann Ihr Platz verloren gehen.<\/p>\n<hr \/>\n<h3><strong>\ud83d\udccc Was gibt es noch?<\/strong><\/h3>\n<p>\u2714 <strong>Verbessern Sie Ihr Erlebnis<\/strong> \u2013 Kombinieren Sie die <strong>Waldspaziergang mit Tiger<\/strong> mit Aktivit\u00e4ten wie <strong>Tigerf\u00fctterung, Krokodilf\u00fctterung oder exklusive Fotosessions<\/strong>.<br \/>\n\u2714 <strong>Entdecken Sie andere Attraktionen<\/strong> - Genie\u00dfen <strong>spannende Tiershows, Fototermine mit exotischen Wildtieren und mehr<\/strong>.<br \/>\n\u2714 <strong>Speisen Sie im Royal Bengal Tigers Restaurant<\/strong> \u2013 In der N\u00e4he des Ticketschalters gelegen, bietet es eine <strong>leckeres Fr\u00fchst\u00fccks- und Mittagsbuffet<\/strong>.<\/p>\n<hr \/>\n<h3><strong>\ud83d\udca1 Insider-Tipps<\/strong><\/h3>\n<p>\u2b50 <strong>Tragen Sie bequeme Schuhe<\/strong> \u2013 Sie werden auf unebenem Gel\u00e4nde laufen, also <strong>geschlossene Schuhe werden empfohlen<\/strong>.<br \/>\n\u2b50 <strong>Kommen Sie fr\u00fch<\/strong> \u2013 Buchungen sind <strong>beschr\u00e4nkt<\/strong>, Und <strong>Eine fr\u00fchzeitige Ankunft sorgt f\u00fcr ein reibungsloses Erlebnis<\/strong>.<br \/>\n\u2b50 <strong>Halten Sie Ihre Kamera bereit<\/strong> \u2013 Dies ist ein <strong>seltene Erfahrung<\/strong>, also verpassen Sie nicht die Chance, <strong>halten Sie atemberaubende Momente fest<\/strong>.<br \/>\n\u2b50 <strong>Befolgen Sie die Anweisungen des Trainers<\/strong> - F\u00fcr <strong>Ihre Sicherheit und das Wohlergehen des Tigers<\/strong>, stets <strong>H\u00f6ren Sie den Hundef\u00fchrern aufmerksam zu<\/strong>.<\/p>\n<hr \/>\n<h3><strong>\u2705 Was man tun und lassen sollte<\/strong><\/h3>\n<h4>\u2714 <strong>DOS:<\/strong><\/h4>\n<ul>\n<li>Folgen <strong>alle Sicherheitshinweise<\/strong> von Trainern bereitgestellt.<\/li>\n<li><strong>Bleiben Sie ruhig und gelassen<\/strong> w\u00e4hrend des Spaziergangs.<\/li>\n<li>Tragen <strong>angemessene Kleidung<\/strong> \u2013 <strong>keine Shorts, R\u00f6cke oder tr\u00e4gerlose Tops<\/strong>.<\/li>\n<\/ul>\n<h4>\u274c <strong>Was Sie nicht tun sollten:<\/strong><\/h4>\n<ul>\n<li><strong>Ber\u00fchren oder provozieren Sie den Tiger NICHT<\/strong> sofern keine Anweisung erfolgt.<\/li>\n<li><strong>Keine lauten Ger\u00e4usche<\/strong> \u2013 F\u00fchren Sie ein <strong>ruhige und respektvolle Atmosph\u00e4re<\/strong>.<\/li>\n<li><strong>Kein Blitzlicht<\/strong> \u2013 Es k\u00f6nnte die Tiere erschrecken.<\/li>\n<li><strong>Kein Rennen oder pl\u00f6tzliche Bewegungen<\/strong> - Bleiben <strong>ruhig und stabil<\/strong> w\u00e4hrend des Spaziergangs.<\/li>\n<\/ul>\n<hr \/>\n<h3><strong>\ud83d\udd0d Wissenswertes vor der Reise<\/strong><\/h3>\n<ul>\n<li>\ud83c\udf9f <strong>Voranmeldung erforderlich:<\/strong> <strong>Begrenzte Pl\u00e4tze verf\u00fcgbar<\/strong> jeden Tag.<\/li>\n<li>\ud83c\udfde <strong>Beste Reisezeit:<\/strong> Vormittags f\u00fcr <strong>weniger Menschenansammlungen und k\u00fchlere Temperaturen<\/strong>.<\/li>\n<li>\u23f0 <strong>Feste Zeitfenster:<\/strong> Planen Sie entsprechend <strong>Verpassen Sie keine Sitzung<\/strong>.<\/li>\n<li>\ud83d\udc5a <strong>Kleiderordnung:<\/strong> <strong>Lange Hosen, geschlossene Schuhe und bequeme Kleidung<\/strong> empfohlen.<\/li>\n<\/ul>\n<hr \/>\n<h3><strong>\ud83d\ude96 So erreichen Sie den Tiger Topia Sriracha Zoo<\/strong><\/h3>\n<p>\ud83d\udccd <strong>Standort:<\/strong> <strong>341, Si Racha, Chon Buri, Thailand<\/strong><br \/>\n\ud83d\udccd <strong>Google Maps:<\/strong> <a href=\"https:\/\/maps.app.goo.gl\/CyLT4T9JNGumc9bM8\" target=\"_blank\" rel=\"noopener\">Tiger Topia Sriracha Zoo Standort<\/a><\/p>\n<p>\ud83d\ude97 <strong>Mit dem Taxi:<\/strong> Erh\u00e4ltlich ab <strong>Pattaya City und Hotels in der N\u00e4he<\/strong>.<br \/>\n\ud83d\ude8c <strong>Mit \u00f6ffentlichen Verkehrsmitteln:<\/strong> Nehmen Sie ein <strong>Bus oder Songthaew (Sammeltaxi) zur Sukhumvit Road<\/strong>, dann eine kurze Fahrt zum Zoo.<br \/>\n\ud83d\ude97 <strong>Mit dem Auto:<\/strong> Frei <strong>Parkpl\u00e4tze vor Ort<\/strong> verf\u00fcgbar.<\/p>\n<hr \/>\n<h3><strong>\u2753 H\u00e4ufig gestellte Fragen (FAQs)<\/strong><\/h3>\n<p><strong>1. Ist der Waldspaziergang mit Tiger sicher?<\/strong><br \/>\n\u2714 Ja! Die Aktivit\u00e4t findet in einem <strong>kontrollierte Umgebung mit professionellen Betreuern, die f\u00fcr Sicherheit sorgen<\/strong>.<\/p>\n<p><strong>2. Kann ich Tickets online buchen?<\/strong><br \/>\n\u2714 Nein! <strong>Reservierung<\/strong> ist erforderlich aufgrund <strong>begrenzte Pl\u00e4tze<\/strong>. <strong>Buchen Sie online und profitieren Sie von Rabatten und garantierter Verf\u00fcgbarkeit<\/strong>.<\/p>\n<p><strong>3. Darf ich den Tiger w\u00e4hrend des Spaziergangs ber\u00fchren?<\/strong><br \/>\n\u2714 <strong>Nur mit Erlaubnis des Trainers<\/strong>Direkte Interaktion ist <strong>aus Sicherheitsgr\u00fcnden eingeschr\u00e4nkt<\/strong>.<\/p>\n<p><strong>4. Sind Fotos im Paket enthalten?<\/strong><br \/>\n\u2714 Sie k\u00f6nnen nehmen <strong>allgemeine Fotos<\/strong>. F\u00fcr <strong>exklusive Fotosessions mit Tigern<\/strong>, separat buchen.<\/p>\n<p><strong>5. K\u00f6nnen Kinder teilnehmen?<\/strong><br \/>\n\u2714 <strong>Nur Besucher ab 140 cm<\/strong> sind erlaubt. J\u00fcngere Kinder k\u00f6nnen <strong>andere Zoo-Aktivit\u00e4ten<\/strong>.<\/p>\n<hr \/>\n<h3><strong>\ud83c\udf9f Buchen Sie jetzt Ihre Tickets!<\/strong><\/h3>\n<p>Das sollten Sie nicht verpassen <strong>au\u00dfergew\u00f6hnliches Wildlife-Abenteuer<\/strong>! <strong>Buchen Sie jetzt Ihre Forest Walk With Tiger-Tickets<\/strong> und erleben Sie eine <strong>unvergesslicher Moment<\/strong> bei <a href=\"https:\/\/tigertopiasrirachazoo.com\/de\/\"><strong>Tiger Topia Sriracha Zoo<\/strong><\/a>!<\/p>","protected":false},"excerpt":{"rendered":"<table class=\"short-description\">\n<tbody class=\"tabel364\">\n<tr class=\"short-description-tr32r\">\n<th class=\"short-description-th\"><span class=\"description-h23\"><strong class=\"description-strong67\">F\u00fcr Buchungen am selben Tag m\u00fcssen Buchungen 1 Stunde im Voraus erfolgen.<\/strong><\/span><\/th>\n<\/tr>\n<\/tbody>\n<\/table>","protected":false},"featured_media":3589,"template":"","meta":{"ocean_post_layout":"","ocean_both_sidebars_style":"","ocean_both_sidebars_content_width":0,"ocean_both_sidebars_sidebars_width":0,"ocean_sidebar":"0","ocean_second_sidebar":"0","ocean_disable_margins":"enable","ocean_add_body_class":"","ocean_shortcode_before_top_bar":"","ocean_shortcode_after_top_bar":"","ocean_shortcode_before_header":"","ocean_shortcode_after_header":"","ocean_has_shortcode":"","ocean_shortcode_after_title":"","ocean_shortcode_before_footer_widgets":"","ocean_shortcode_after_footer_widgets":"","ocean_shortcode_before_footer_bottom":"","ocean_shortcode_after_footer_bottom":"","ocean_display_top_bar":"default","ocean_display_header":"default","ocean_header_style":"","ocean_center_header_left_menu":"0","ocean_custom_header_template":"0","ocean_custom_logo":0,"ocean_custom_retina_logo":0,"ocean_custom_logo_max_width":0,"ocean_custom_logo_tablet_max_width":0,"ocean_custom_logo_mobile_max_width":0,"ocean_custom_logo_max_height":0,"ocean_custom_logo_tablet_max_height":0,"ocean_custom_logo_mobile_max_height":0,"ocean_header_custom_menu":"0","ocean_menu_typo_font_family":"0","ocean_menu_typo_font_subset":"","ocean_menu_typo_font_size":0,"ocean_menu_typo_font_size_tablet":0,"ocean_menu_typo_font_size_mobile":0,"ocean_menu_typo_font_size_unit":"px","ocean_menu_typo_font_weight":"","ocean_menu_typo_font_weight_tablet":"","ocean_menu_typo_font_weight_mobile":"","ocean_menu_typo_transform":"","ocean_menu_typo_transform_tablet":"","ocean_menu_typo_transform_mobile":"","ocean_menu_typo_line_height":0,"ocean_menu_typo_line_height_tablet":0,"ocean_menu_typo_line_height_mobile":0,"ocean_menu_typo_line_height_unit":"","ocean_menu_typo_spacing":0,"ocean_menu_typo_spacing_tablet":0,"ocean_menu_typo_spacing_mobile":0,"ocean_menu_typo_spacing_unit":"","ocean_menu_link_color":"","ocean_menu_link_color_hover":"","ocean_menu_link_color_active":"","ocean_menu_link_background":"","ocean_menu_link_hover_background":"","ocean_menu_link_active_background":"","ocean_menu_social_links_bg":"","ocean_menu_social_hover_links_bg":"","ocean_menu_social_links_color":"","ocean_menu_social_hover_links_color":"","ocean_disable_title":"default","ocean_disable_heading":"default","ocean_post_title":"","ocean_post_subheading":"","ocean_post_title_style":"","ocean_post_title_background_color":"","ocean_post_title_background":0,"ocean_post_title_bg_image_position":"","ocean_post_title_bg_image_attachment":"","ocean_post_title_bg_image_repeat":"","ocean_post_title_bg_image_size":"","ocean_post_title_height":0,"ocean_post_title_bg_overlay":0.5,"ocean_post_title_bg_overlay_color":"","ocean_disable_breadcrumbs":"default","ocean_breadcrumbs_color":"","ocean_breadcrumbs_separator_color":"","ocean_breadcrumbs_links_color":"","ocean_breadcrumbs_links_hover_color":"","ocean_display_footer_widgets":"default","ocean_display_footer_bottom":"default","ocean_custom_footer_template":"0"},"product_brand":[],"product_cat":[20],"product_tag":[491,500,497,486,489,502,498,493,499,490,496,470,488,501,495,492,487,494],"class_list":{"0":"post-3596","1":"product","2":"type-product","3":"status-publish","4":"has-post-thumbnail","6":"product_cat-tickets","7":"product_tag-best-wildlife-experience-thailand","8":"product_tag-best-zoo-experience-pattaya","9":"product_tag-ethical-tiger-experience","10":"product_tag-forest-walk-with-tiger","11":"product_tag-forest-walk-with-tigers-pattaya","12":"product_tag-must-do-wildlife-activities-thailand","13":"product_tag-thrilling-tiger-walk","14":"product_tag-tiger-adventure-pattaya","15":"product_tag-tiger-conservation-experience","16":"product_tag-tiger-encounter-thailand","17":"product_tag-tiger-interaction-thailand","18":"product_tag-tiger-topia-sriracha-zoo-tickets","19":"product_tag-tiger-walk-experience","20":"product_tag-unique-animal-encounters-thailand","21":"product_tag-up-close-tiger-experience","22":"product_tag-walk-with-big-cats","23":"product_tag-walk-with-tigers-thailand","24":"product_tag-wildlife-safari-with-tigers","26":"entry","27":"has-media","28":"tm-has-options","30":"first","31":"instock","32":"virtual","33":"taxable","34":"purchasable","35":"product-type-simple","36":"has-product-nav","37":"col","38":"span_1_of_3","39":"owp-content-center","40":"owp-thumbs-layout-horizontal","41":"owp-btn-normal","42":"owp-tabs-layout-horizontal"},"yoast_head":"<!-- This site is optimized with the Yoast SEO plugin v27.5 - https:\/\/yoast.com\/product\/yoast-seo-wordpress\/ -->\n<title>Book Walk With Tigers | Forest Walk Experience At Tiger Topia Zoo<\/title>\n<meta name=\"description\" content=\"Experience A Thrilling Forest Walk With Tigers At Tiger Topia Sriracha Zoo! Walk Safely Beside Majestic Tigers For A Once-In-A-Lifetime Adventure.\" \/>\n<meta name=\"robots\" content=\"index, follow, max-snippet:-1, max-image-preview:large, max-video-preview:-1\" \/>\n<link rel=\"canonical\" href=\"https:\/\/tigertopiasrirachazoo.com\/de\/tickets\/waldspaziergang-mit-tiger\/\" \/>\n<meta property=\"og:locale\" content=\"de_DE\" \/>\n<meta property=\"og:type\" content=\"article\" \/>\n<meta property=\"og:title\" content=\"Book Walk With Tigers | Forest Walk Experience At Tiger Topia Zoo\" \/>\n<meta property=\"og:description\" content=\"Experience A Thrilling Forest Walk With Tigers At Tiger Topia Sriracha Zoo! Walk Safely Beside Majestic Tigers For A Once-In-A-Lifetime Adventure.\" \/>\n<meta property=\"og:url\" content=\"https:\/\/tigertopiasrirachazoo.com\/de\/tickets\/waldspaziergang-mit-tiger\/\" \/>\n<meta property=\"og:site_name\" content=\"Tiger Topia Sriracha Zoo\" \/>\n<meta property=\"article:modified_time\" content=\"2025-10-29T10:11:10+00:00\" \/>\n<meta property=\"og:image\" content=\"https:\/\/tigertopiasrirachazoo.com\/wp-content\/uploads\/2025\/02\/Tiger-Topia-Sriracha-Zoo-Tickets-1.png\" \/>\n\t<meta property=\"og:image:width\" content=\"1356\" \/>\n\t<meta property=\"og:image:height\" content=\"904\" \/>\n\t<meta property=\"og:image:type\" content=\"image\/png\" \/>\n<meta name=\"twitter:card\" content=\"summary_large_image\" \/>\n<meta name=\"twitter:label1\" content=\"Gesch\u00e4tzte Lesezeit\" \/>\n\t<meta name=\"twitter:data1\" content=\"4\u00a0Minuten\" \/>\n<script type=\"application\/ld+json\" class=\"yoast-schema-graph\">{\"@context\":\"https:\\\/\\\/schema.org\",\"@graph\":[{\"@type\":\"WebPage\",\"@id\":\"https:\\\/\\\/tigertopiasrirachazoo.com\\\/tickets\\\/forest-walk-with-tiger\\\/\",\"url\":\"https:\\\/\\\/tigertopiasrirachazoo.com\\\/tickets\\\/forest-walk-with-tiger\\\/\",\"name\":\"Book Walk With Tigers | Forest Walk Experience At Tiger Topia Zoo\",\"isPartOf\":{\"@id\":\"https:\\\/\\\/tigertopiasrirachazoo.com\\\/#website\"},\"primaryImageOfPage\":{\"@id\":\"https:\\\/\\\/tigertopiasrirachazoo.com\\\/tickets\\\/forest-walk-with-tiger\\\/#primaryimage\"},\"image\":{\"@id\":\"https:\\\/\\\/tigertopiasrirachazoo.com\\\/tickets\\\/forest-walk-with-tiger\\\/#primaryimage\"},\"thumbnailUrl\":\"https:\\\/\\\/tigertopiasrirachazoo.com\\\/wp-content\\\/uploads\\\/2025\\\/02\\\/Tiger-Topia-Sriracha-Zoo-Tickets-1.png\",\"datePublished\":\"2025-02-01T15:27:24+00:00\",\"dateModified\":\"2025-10-29T10:11:10+00:00\",\"description\":\"Experience A Thrilling Forest Walk With Tigers At Tiger Topia Sriracha Zoo! Walk Safely Beside Majestic Tigers For A Once-In-A-Lifetime Adventure.\",\"breadcrumb\":{\"@id\":\"https:\\\/\\\/tigertopiasrirachazoo.com\\\/tickets\\\/forest-walk-with-tiger\\\/#breadcrumb\"},\"inLanguage\":\"de\",\"potentialAction\":[{\"@type\":\"ReadAction\",\"target\":[\"https:\\\/\\\/tigertopiasrirachazoo.com\\\/tickets\\\/forest-walk-with-tiger\\\/\"]}]},{\"@type\":\"ImageObject\",\"inLanguage\":\"de\",\"@id\":\"https:\\\/\\\/tigertopiasrirachazoo.com\\\/tickets\\\/forest-walk-with-tiger\\\/#primaryimage\",\"url\":\"https:\\\/\\\/tigertopiasrirachazoo.com\\\/wp-content\\\/uploads\\\/2025\\\/02\\\/Tiger-Topia-Sriracha-Zoo-Tickets-1.png\",\"contentUrl\":\"https:\\\/\\\/tigertopiasrirachazoo.com\\\/wp-content\\\/uploads\\\/2025\\\/02\\\/Tiger-Topia-Sriracha-Zoo-Tickets-1.png\",\"width\":1356,\"height\":904,\"caption\":\"Tiger Topia Sriracha Zoo Tickets\"},{\"@type\":\"BreadcrumbList\",\"@id\":\"https:\\\/\\\/tigertopiasrirachazoo.com\\\/tickets\\\/forest-walk-with-tiger\\\/#breadcrumb\",\"itemListElement\":[{\"@type\":\"ListItem\",\"position\":1,\"name\":\"Home\",\"item\":\"https:\\\/\\\/tigertopiasrirachazoo.com\\\/\"},{\"@type\":\"ListItem\",\"position\":2,\"name\":\"Tickets\",\"item\":\"https:\\\/\\\/tigertopiasrirachazoo.com\\\/tickets\\\/\"},{\"@type\":\"ListItem\",\"position\":3,\"name\":\"Forest Walk With TIGER\"}]},{\"@type\":\"WebSite\",\"@id\":\"https:\\\/\\\/tigertopiasrirachazoo.com\\\/#website\",\"url\":\"https:\\\/\\\/tigertopiasrirachazoo.com\\\/\",\"name\":\"Tiger Topia Sriracha Zoo\",\"description\":\"\",\"publisher\":{\"@id\":\"https:\\\/\\\/tigertopiasrirachazoo.com\\\/#organization\"},\"potentialAction\":[{\"@type\":\"SearchAction\",\"target\":{\"@type\":\"EntryPoint\",\"urlTemplate\":\"https:\\\/\\\/tigertopiasrirachazoo.com\\\/?s={search_term_string}\"},\"query-input\":{\"@type\":\"PropertyValueSpecification\",\"valueRequired\":true,\"valueName\":\"search_term_string\"}}],\"inLanguage\":\"de\"},{\"@type\":\"Organization\",\"@id\":\"https:\\\/\\\/tigertopiasrirachazoo.com\\\/#organization\",\"name\":\"Tiger Topia Sriracha Zoo\",\"url\":\"https:\\\/\\\/tigertopiasrirachazoo.com\\\/\",\"logo\":{\"@type\":\"ImageObject\",\"inLanguage\":\"de\",\"@id\":\"https:\\\/\\\/tigertopiasrirachazoo.com\\\/#\\\/schema\\\/logo\\\/image\\\/\",\"url\":\"https:\\\/\\\/tigertopiasrirachazoo.com\\\/wp-content\\\/uploads\\\/2024\\\/08\\\/Tiger-Topia-Sriracha-Zoo.png\",\"contentUrl\":\"https:\\\/\\\/tigertopiasrirachazoo.com\\\/wp-content\\\/uploads\\\/2024\\\/08\\\/Tiger-Topia-Sriracha-Zoo.png\",\"width\":350,\"height\":100,\"caption\":\"Tiger Topia Sriracha Zoo\"},\"image\":{\"@id\":\"https:\\\/\\\/tigertopiasrirachazoo.com\\\/#\\\/schema\\\/logo\\\/image\\\/\"}}]}<\/script>\n<!-- \/ Yoast SEO plugin. -->","yoast_head_json":{"title":"Spaziergang mit Tigern buchen | Waldspaziergang im Tiger Topia Zoo","description":"Erleben Sie einen aufregenden Waldspaziergang mit Tigern im Tiger Topia Sriracha Zoo! Gehen Sie sicher neben majest\u00e4tischen Tigern und erleben Sie ein einmaliges Abenteuer.","robots":{"index":"index","follow":"follow","max-snippet":"max-snippet:-1","max-image-preview":"max-image-preview:large","max-video-preview":"max-video-preview:-1"},"canonical":"https:\/\/tigertopiasrirachazoo.com\/de\/tickets\/waldspaziergang-mit-tiger\/","og_locale":"de_DE","og_type":"article","og_title":"Book Walk With Tigers | Forest Walk Experience At Tiger Topia Zoo","og_description":"Experience A Thrilling Forest Walk With Tigers At Tiger Topia Sriracha Zoo! Walk Safely Beside Majestic Tigers For A Once-In-A-Lifetime Adventure.","og_url":"https:\/\/tigertopiasrirachazoo.com\/de\/tickets\/waldspaziergang-mit-tiger\/","og_site_name":"Tiger Topia Sriracha Zoo","article_modified_time":"2025-10-29T10:11:10+00:00","og_image":[{"width":1356,"height":904,"url":"https:\/\/tigertopiasrirachazoo.com\/wp-content\/uploads\/2025\/02\/Tiger-Topia-Sriracha-Zoo-Tickets-1.png","type":"image\/png"}],"twitter_card":"summary_large_image","twitter_misc":{"Gesch\u00e4tzte Lesezeit":"4\u00a0Minuten"},"schema":{"@context":"https:\/\/schema.org","@graph":[{"@type":"WebPage","@id":"https:\/\/tigertopiasrirachazoo.com\/tickets\/forest-walk-with-tiger\/","url":"https:\/\/tigertopiasrirachazoo.com\/tickets\/forest-walk-with-tiger\/","name":"Spaziergang mit Tigern buchen | Waldspaziergang im Tiger Topia Zoo","isPartOf":{"@id":"https:\/\/tigertopiasrirachazoo.com\/#website"},"primaryImageOfPage":{"@id":"https:\/\/tigertopiasrirachazoo.com\/tickets\/forest-walk-with-tiger\/#primaryimage"},"image":{"@id":"https:\/\/tigertopiasrirachazoo.com\/tickets\/forest-walk-with-tiger\/#primaryimage"},"thumbnailUrl":"https:\/\/tigertopiasrirachazoo.com\/wp-content\/uploads\/2025\/02\/Tiger-Topia-Sriracha-Zoo-Tickets-1.png","datePublished":"2025-02-01T15:27:24+00:00","dateModified":"2025-10-29T10:11:10+00:00","description":"Erleben Sie einen aufregenden Waldspaziergang mit Tigern im Tiger Topia Sriracha Zoo! Gehen Sie sicher neben majest\u00e4tischen Tigern und erleben Sie ein einmaliges Abenteuer.","breadcrumb":{"@id":"https:\/\/tigertopiasrirachazoo.com\/tickets\/forest-walk-with-tiger\/#breadcrumb"},"inLanguage":"de","potentialAction":[{"@type":"ReadAction","target":["https:\/\/tigertopiasrirachazoo.com\/tickets\/forest-walk-with-tiger\/"]}]},{"@type":"ImageObject","inLanguage":"de","@id":"https:\/\/tigertopiasrirachazoo.com\/tickets\/forest-walk-with-tiger\/#primaryimage","url":"https:\/\/tigertopiasrirachazoo.com\/wp-content\/uploads\/2025\/02\/Tiger-Topia-Sriracha-Zoo-Tickets-1.png","contentUrl":"https:\/\/tigertopiasrirachazoo.com\/wp-content\/uploads\/2025\/02\/Tiger-Topia-Sriracha-Zoo-Tickets-1.png","width":1356,"height":904,"caption":"Tiger Topia Sriracha Zoo Tickets"},{"@type":"BreadcrumbList","@id":"https:\/\/tigertopiasrirachazoo.com\/tickets\/forest-walk-with-tiger\/#breadcrumb","itemListElement":[{"@type":"ListItem","position":1,"name":"Home","item":"https:\/\/tigertopiasrirachazoo.com\/"},{"@type":"ListItem","position":2,"name":"Tickets","item":"https:\/\/tigertopiasrirachazoo.com\/tickets\/"},{"@type":"ListItem","position":3,"name":"Forest Walk With TIGER"}]},{"@type":"WebSite","@id":"https:\/\/tigertopiasrirachazoo.com\/#website","url":"https:\/\/tigertopiasrirachazoo.com\/","name":"Tiger Topia Sriracha Zoo","description":"","publisher":{"@id":"https:\/\/tigertopiasrirachazoo.com\/#organization"},"potentialAction":[{"@type":"SearchAction","target":{"@type":"EntryPoint","urlTemplate":"https:\/\/tigertopiasrirachazoo.com\/?s={search_term_string}"},"query-input":{"@type":"PropertyValueSpecification","valueRequired":true,"valueName":"search_term_string"}}],"inLanguage":"de"},{"@type":"Organization","@id":"https:\/\/tigertopiasrirachazoo.com\/#organization","name":"Tiger Topia Sriracha Zoo","url":"https:\/\/tigertopiasrirachazoo.com\/","logo":{"@type":"ImageObject","inLanguage":"de","@id":"https:\/\/tigertopiasrirachazoo.com\/#\/schema\/logo\/image\/","url":"https:\/\/tigertopiasrirachazoo.com\/wp-content\/uploads\/2024\/08\/Tiger-Topia-Sriracha-Zoo.png","contentUrl":"https:\/\/tigertopiasrirachazoo.com\/wp-content\/uploads\/2024\/08\/Tiger-Topia-Sriracha-Zoo.png","width":350,"height":100,"caption":"Tiger Topia Sriracha Zoo"},"image":{"@id":"https:\/\/tigertopiasrirachazoo.com\/#\/schema\/logo\/image\/"}}]}},"jetpack_sharing_enabled":true,"_links":{"self":[{"href":"https:\/\/tigertopiasrirachazoo.com\/de\/wp-json\/wp\/v2\/product\/3596","targetHints":{"allow":["GET"]}}],"collection":[{"href":"https:\/\/tigertopiasrirachazoo.com\/de\/wp-json\/wp\/v2\/product"}],"about":[{"href":"https:\/\/tigertopiasrirachazoo.com\/de\/wp-json\/wp\/v2\/types\/product"}],"wp:featuredmedia":[{"embeddable":true,"href":"https:\/\/tigertopiasrirachazoo.com\/de\/wp-json\/wp\/v2\/media\/3589"}],"wp:attachment":[{"href":"https:\/\/tigertopiasrirachazoo.com\/de\/wp-json\/wp\/v2\/media?parent=3596"}],"wp:term":[{"taxonomy":"product_brand","embeddable":true,"href":"https:\/\/tigertopiasrirachazoo.com\/de\/wp-json\/wp\/v2\/product_brand?post=3596"},{"taxonomy":"product_cat","embeddable":true,"href":"https:\/\/tigertopiasrirachazoo.com\/de\/wp-json\/wp\/v2\/product_cat?post=3596"},{"taxonomy":"product_tag","embeddable":true,"href":"https:\/\/tigertopiasrirachazoo.com\/de\/wp-json\/wp\/v2\/product_tag?post=3596"}],"curies":[{"name":"wp","href":"https:\/\/api.w.org\/{rel}","templated":true}]}}