{"id":3597,"date":"2025-02-01T21:12:36","date_gmt":"2025-02-01T15:42:36","guid":{"rendered":"https:\/\/tigertopiasrirachazoo.com\/?post_type=product&#038;p=3597"},"modified":"2025-10-29T15:40:55","modified_gmt":"2025-10-29T10:10:55","slug":"tigerfutterung-auf-tour","status":"publish","type":"product","link":"https:\/\/tigertopiasrirachazoo.com\/de\/tickets\/tigerfutterung-auf-tour\/","title":{"rendered":"TIGER f\u00fcttern auf Tour"},"content":{"rendered":"<h2><strong>\ud83d\udc05 Tigerf\u00fctterung auf Tour \u2013 Tiger Topia Sriracha Zoo<\/strong><\/h2>\n<h3><strong>\ud83d\udcd6 \u00dcber Feeding Tiger On Tour<\/strong><\/h3>\n<p>Treten Sie ein in eine <strong>unvergessliches Wildlife-Abenteuer<\/strong> mit dem <strong>Tigerf\u00fctterung auf Tour<\/strong> Erfahrung bei <a href=\"https:\/\/tigertopiasrirachazoo.com\/de\/\"><strong>Tiger Topia Sriracha Zoo<\/strong><\/a>. Das <strong>spannende Aktivit\u00e4t<\/strong> erm\u00f6glicht es Ihnen, <strong>echte Tiger aus n\u00e4chster N\u00e4he f\u00fcttern<\/strong> in einem sicheren <strong>K\u00e4fig-LKW<\/strong>. Mit <strong>3-5 Tiger, die frei in der Gegend herumstreifen<\/strong>, werden Sie Zeuge ihrer <strong>Rohe Kraft, Agilit\u00e4t und Spannung<\/strong> w\u00e4hrend sie eifrig Futter aus Ihren H\u00e4nden durch einen sicherheitskontrollierten F\u00fctterungsbereich nehmen. <strong>einmaliges Erlebnis<\/strong> bietet eine <strong>lehrreiche und aufregende Begegnung<\/strong>und bietet Besuchern die seltene Gelegenheit, die <strong>wahre Natur dieser majest\u00e4tischen Raubtiere<\/strong>.<\/p>\n<hr \/>\n<h3><strong>\ud83d\udd52 Zeitplan<\/strong><\/h3>\n<p>\u2714 <strong>\u00d6ffnungszeiten:<\/strong> T\u00e4glich von <strong>9:00 \u2013 15:30 Uhr<\/strong><br \/>\n\u2714 <strong>Letzter Eintrag:<\/strong> <strong>15:00 Uhr<\/strong><br \/>\n\u2714 <strong>Dauer:<\/strong> <strong>5 \u2013 10 Minuten<\/strong><\/p>\n<p>\ud83d\udcc5 <strong>Begrenzte Pl\u00e4tze verf\u00fcgbar<\/strong> \u2013 Eine Voranmeldung wird empfohlen!<\/p>\n<hr \/>\n<h3><strong>\ud83c\udf1f Highlights<\/strong><\/h3>\n<ul>\n<li>\ud83d\udc05 <strong>F\u00fcttern Sie echte Tiger aus n\u00e4chster N\u00e4he<\/strong> \u2013 Erleben Sie die <strong>Nervenkitzel der Handf\u00fctterung von Tigern<\/strong> von einem <strong>speziell entwickelter K\u00e4fig-LKW<\/strong>.<\/li>\n<li>\ud83d\ude9b <strong>Einzigartige K\u00e4fig-Truck-Fahrt<\/strong> \u2013 Sicherer Transport in die <strong>Tigergebiet<\/strong>, Wo <strong>3-5 Tiger laufen frei herum<\/strong> rund um das Fahrzeug.<\/li>\n<li>\ud83d\udcf8 <strong>Unvergessliche Wildlife-Momente<\/strong> \u2013 Machen Sie atemberaubende Fotos und Videos von <strong>Tiger fressen direkt aus deiner Hand<\/strong>.<\/li>\n<li>\ud83c\udfc6 <strong>Exklusives und seltenes Erlebnis<\/strong> - Einer der <strong>aufregendsten Begegnungen mit Wildtieren in Thailand<\/strong>, bietet <strong>seltene Tigerinteraktionen<\/strong>.<\/li>\n<li>\ud83d\udc68\u200d\ud83c\udfeb <strong>Erfahren Sie mehr \u00fcber Tiger<\/strong> \u2013 Erhalten Sie Einblicke in ihre <strong>Fressverhalten, Ern\u00e4hrung und Artenschutzbem\u00fchungen<\/strong> von erfahrenen Trainern.<\/li>\n<li>\ud83c\udf0d <strong>Ethisches und sicheres Abenteuer<\/strong> \u2013 Durchgef\u00fchrt unter <strong>strenge Sicherheitsprotokolle<\/strong>, wodurch sichergestellt wird, dass sowohl <strong>Wohlbefinden von Besuchern und Tieren<\/strong>.<\/li>\n<\/ul>\n<hr \/>\n<h3><strong>\u2705 Was ist enthalten<\/strong><\/h3>\n<p>\u2714 <strong>Gef\u00fchrtes F\u00fctterungserlebnis<\/strong> mit erfahrenen Betreuern<br \/>\n\u2714 <strong>Fahrt im LKW im K\u00e4fig<\/strong> innerhalb der <strong>Tigergehege<\/strong><br \/>\n\u2714 <strong>Sicherheitseinweisung und Anweisungen<\/strong> vor der Aktivit\u00e4t<br \/>\n\u2714 <strong>Futtervorr\u00e4te f\u00fcr die Tiger<\/strong><br \/>\n\u2714 <strong>Exklusive Interaktion aus n\u00e4chster N\u00e4he<\/strong> mit 3-5 Tigern<\/p>\n<hr \/>\n<h3><strong>\u274c Einschl\u00fcsse \/ Ausschl\u00fcsse<\/strong><\/h3>\n<h4>\u2714 <strong>Enthalten:<\/strong><\/h4>\n<ul>\n<li>Sicher <strong>Tigerf\u00fctterung auf Tour<\/strong> Erfahrung<\/li>\n<li>Experte <strong>Betreuung durch professionelle Hundef\u00fchrer<\/strong><\/li>\n<li><strong>LKW-Fahrt im Schutzk\u00e4fig<\/strong> f\u00fcr die Sicherheit der Besucher<\/li>\n<li><strong>Futter f\u00fcr die Tiger<\/strong><\/li>\n<\/ul>\n<h4>\u2716 <strong>Nicht im Preis enthalten:<\/strong><\/h4>\n<ul>\n<li>Pers\u00f6nliche Ausgaben, Essen und Getr\u00e4nke<\/li>\n<li>Private Tiger-Fotosessions (erh\u00e4ltlich als <strong>hinzuf\u00fcgen Auf<\/strong>)<\/li>\n<li>Transport (optional) <strong>Hoteltransfers verf\u00fcgbar<\/strong>)<\/li>\n<li>Zus\u00e4tzliche Tierbegegnungen (separat buchbar)<\/li>\n<\/ul>\n<hr \/>\n<h3><strong>\ud83d\udc76 Kinderrichtlinie<\/strong><\/h3>\n<p>\u2714 <strong>Kinder unter 140 cm sind NICHT erlaubt<\/strong> aus Sicherheitsgr\u00fcnden nicht teilnehmen.<br \/>\n\u2714 Kinder <strong>140 cm und mehr<\/strong> muss sein <strong>in Begleitung eines zahlenden Erwachsenen (18+).<\/strong><br \/>\n\u2714 Familien mit j\u00fcngeren Kindern k\u00f6nnen alternative Aktivit\u00e4ten genie\u00dfen wie das <strong>Tiger-Show, Krokodil-Show oder Tigerbaby-Fotosessions<\/strong>.<\/p>\n<hr \/>\n<h3><strong>\ud83d\udeab R\u00fcckerstattungs- und Stornierungsbedingungen<\/strong><\/h3>\n<p>\u274c <strong>Keine Stornierungen, keine R\u00fcckerstattungen<\/strong> \u2013 Tickets sind <strong>nicht erstattungsf\u00e4hig und nicht \u00fcbertragbar<\/strong>.<br \/>\n\ud83d\udcc5 <strong>Termingebundene Buchung<\/strong> \u2013 Dieses Erlebnis gilt nur f\u00fcr die <strong>ausgew\u00e4hltes Datum<\/strong> und kann nicht verschoben werden.<br \/>\n\u23f3 <strong>Vers\u00e4umte Sitzungen werden nicht nachgeholt<\/strong> \u2013 Bei versp\u00e4teter Ankunft kann es sein, dass Sie Ihren Zeitrahmen verpassen.<\/p>\n<hr \/>\n<h3><strong>\ud83d\udccc Was gibt es noch?<\/strong><\/h3>\n<p>\u2714 <strong>Kombinieren Sie dieses Erlebnis mit anderen Aktivit\u00e4ten<\/strong> \u2013 Kombinieren Sie Ihre <strong>Tigerf\u00fctterungstour<\/strong> mit weiteren spannenden Attraktionen wie dem <strong>Waldspaziergang mit Tigern, Krokodilf\u00fctterung oder exklusive Fotosessions<\/strong>.<br \/>\n\u2714 <strong>Genie\u00dfen Sie das beste Wildlife-Erlebnis<\/strong> \u2013 Erleben Sie hautnah <strong>Tiger, L\u00f6wen, wei\u00dfe L\u00f6wen und Krokodile<\/strong> bei <strong>Tiger Topia Sriracha Zoo<\/strong>.<br \/>\n\u2714 <strong>Speisen Sie im Royal Bengal Tigers Restaurant<\/strong> \u2013 In der N\u00e4he des Ticketschalters gelegen, bietet es eine <strong>leckeres Fr\u00fchst\u00fccks- und Mittagsbuffet<\/strong>.<\/p>\n<hr \/>\n<h3><strong>\ud83d\udca1 Insider-Tipps<\/strong><\/h3>\n<p>\u2b50 <strong>Kommen Sie fr\u00fch<\/strong> \u2013 Begrenzte Pl\u00e4tze verf\u00fcgbar, daher sorgt fr\u00fchzeitiges Erscheinen f\u00fcr <strong>nahtloses Erlebnis<\/strong>.<br \/>\n\u2b50 <strong>Halten Sie den Moment fest<\/strong> \u2013 Halten Sie Ihre Kamera bereit f\u00fcr <strong>unglaubliche Action-Aufnahmen von Tigern beim Fressen<\/strong>.<br \/>\n\u2b50 <strong>Bleiben Sie ruhig und befolgen Sie die Anweisungen<\/strong> \u2013 <strong>H\u00f6ren Sie den Trainern aufmerksam zu<\/strong> f\u00fcr ein sicheres und angenehmes Erlebnis.<br \/>\n\u2b50 <strong>Kombinieren Sie es mit einer Fotosession<\/strong> - Erhalten <strong>exklusive Tiger-Fotom\u00f6glichkeiten<\/strong> f\u00fcr ein umfassendes Naturerlebnis.<\/p>\n<hr \/>\n<h3><strong>\u2705 Was man tun und lassen sollte<\/strong><\/h3>\n<h4>\u2714 <strong>DOS:<\/strong><\/h4>\n<ul>\n<li>Folgen <strong>alle Sicherheitshinweise<\/strong> werden von den Trainern zur Verf\u00fcgung gestellt.<\/li>\n<li>Behalten Sie Ihre <strong>H\u00e4nde im Fahrzeug<\/strong> zu jeder Zeit.<\/li>\n<li>Genie\u00dfen Sie und <strong>beobachte die Tiger in aller Ruhe<\/strong>.<\/li>\n<\/ul>\n<h4>\u274c <strong>Was Sie nicht tun sollten:<\/strong><\/h4>\n<ul>\n<li><strong>Versuchen Sie NICHT, die Tiger zu ber\u00fchren oder zu \u00e4rgern<\/strong>.<\/li>\n<li><strong>Keine lauten Ger\u00e4usche<\/strong> \u2013 Es k\u00f6nnte die Tiere erschrecken.<\/li>\n<li><strong>Keine Speisen, Getr\u00e4nke oder gro\u00dfe Taschen<\/strong> im Fahrzeug erlaubt.<\/li>\n<\/ul>\n<hr \/>\n<h3><strong>\ud83d\udd0d Wissenswertes vor der Reise<\/strong><\/h3>\n<ul>\n<li>\ud83c\udf9f <strong>Voranmeldung erforderlich:<\/strong> <strong>Begrenzte Pl\u00e4tze verf\u00fcgbar<\/strong> jeden Tag.<\/li>\n<li>\ud83c\udfde <strong>Beste Reisezeit:<\/strong> Vormittags f\u00fcr <strong>weniger Menschenmassen und mehr Wildtieraktivit\u00e4ten<\/strong>.<\/li>\n<li>\u23f0 <strong>Feste Zeitfenster:<\/strong> Sorgen Sie f\u00fcr eine p\u00fcnktliche Ankunft <strong>Verpassen Sie keine Erfahrung<\/strong>.<\/li>\n<li>\ud83d\udc5a <strong>Kleiderordnung:<\/strong> <strong>Geschlossene Schuhe und bequeme Kleidung<\/strong> empfohlen.<\/li>\n<\/ul>\n<hr \/>\n<h3><strong>\ud83d\ude96 So erreichen Sie den Tiger Topia Sriracha Zoo<\/strong><\/h3>\n<p>\ud83d\udccd <strong>Standort:<\/strong> <strong>341, Si Racha, Chon Buri, Thailand<\/strong><br \/>\n\ud83d\udccd <strong>Google Maps:<\/strong> <a href=\"https:\/\/maps.app.goo.gl\/CyLT4T9JNGumc9bM8\" target=\"_blank\" rel=\"noopener\">Tiger Topia Sriracha Zoo Standort<\/a><\/p>\n<p>\ud83d\ude97 <strong>Mit dem Taxi:<\/strong> Direkte Taxis verf\u00fcgbar von <strong>Pattaya und Umgebung<\/strong>.<br \/>\n\ud83d\ude8c <strong>Mit \u00f6ffentlichen Verkehrsmitteln:<\/strong> Nehmen Sie ein <strong>Bus oder Songthaew (Sammeltaxi) zur Sukhumvit Road<\/strong>, dann eine kurze Fahrt zum Zoo.<br \/>\n\ud83d\ude97 <strong>Mit dem Auto:<\/strong> Frei <strong>Parkpl\u00e4tze vor Ort<\/strong> verf\u00fcgbar.<\/p>\n<hr \/>\n<h3><strong>\u2753 H\u00e4ufig gestellte Fragen (FAQs)<\/strong><\/h3>\n<p><strong>1. Ist das Erlebnis \u201eFeeding Tiger On Tour\u201c sicher?<\/strong><br \/>\n\u2714 Ja! Die Aktivit\u00e4t findet in einem <strong>sicherer LKW mit K\u00e4fig<\/strong>, wodurch die Sicherheit der Besucher gew\u00e4hrleistet und gleichzeitig ein spannendes Erlebnis geboten wird.<\/p>\n<p><strong>2. Kann ich Tickets online buchen?<\/strong><br \/>\n\u2714 Nein! <strong>Eine fr\u00fchzeitige Buchung wird dringend empfohlen<\/strong> wegen <strong>beschr\u00e4nkte Verf\u00fcgbarkeit<\/strong>. Buchen Sie online f\u00fcr <strong>Rabatte &amp; garantierter Eintritt<\/strong>.<\/p>\n<p><strong>3. Darf ich die Tiger w\u00e4hrend der F\u00fctterungstour ber\u00fchren?<\/strong><br \/>\n\u274c Nein, <strong>direkter Kontakt ist nicht erlaubt<\/strong>. Sie werden sie durch einen Sicherheitsbereich im K\u00e4figtransporter f\u00fcttern.<\/p>\n<p><strong>4. Sind Fotos im Paket enthalten?<\/strong><br \/>\n\u2714 Sie k\u00f6nnen Ihre eigenen <strong>Fotos und Videos<\/strong>. F\u00fcr <strong>exklusive Fotosessions mit Tigern<\/strong>, separat buchen.<\/p>\n<p><strong>5. K\u00f6nnen Kinder an dieser Aktivit\u00e4t teilnehmen?<\/strong><br \/>\n\u2714 <strong>Nur Besucher ab 140 cm<\/strong> sind erlaubt. Familien mit j\u00fcngeren Kindern k\u00f6nnen andere Attraktionen genie\u00dfen, wie die <strong>Tiger-Show oder Tigerbaby-Fotosessions<\/strong>.<\/p>\n<hr \/>\n<p><strong>\ud83c\udf9f Buchen Sie jetzt Ihre Tickets!<\/strong><\/p>\n<p>Das sollten Sie nicht verpassen <strong>einzigartiges Wildlife-Abenteuer<\/strong>! <strong>Buchen Sie noch heute Ihre Feeding Tiger On Tour-Tickets<\/strong> und Erfahrung <strong>der Nervenkitzel der Tigerf\u00fctterung aus n\u00e4chster N\u00e4he <a href=\"https:\/\/tigertopiasrirachazoo.com\/de\/\">Tiger Topia Sriracha Zoo<\/a>!<\/strong><\/p>","protected":false},"excerpt":{"rendered":"<table class=\"short-description\">\n<tbody class=\"tabel364\">\n<tr class=\"short-description-tr32r\">\n<th class=\"short-description-th\"><span class=\"description-h23\"><strong class=\"description-strong67\">F\u00fcr Buchungen am selben Tag m\u00fcssen Buchungen 1 Stunde im Voraus erfolgen.<\/strong><\/span><\/th>\n<\/tr>\n<\/tbody>\n<\/table>","protected":false},"featured_media":3587,"template":"","meta":{"ocean_post_layout":"","ocean_both_sidebars_style":"","ocean_both_sidebars_content_width":0,"ocean_both_sidebars_sidebars_width":0,"ocean_sidebar":"0","ocean_second_sidebar":"0","ocean_disable_margins":"enable","ocean_add_body_class":"","ocean_shortcode_before_top_bar":"","ocean_shortcode_after_top_bar":"","ocean_shortcode_before_header":"","ocean_shortcode_after_header":"","ocean_has_shortcode":"","ocean_shortcode_after_title":"","ocean_shortcode_before_footer_widgets":"","ocean_shortcode_after_footer_widgets":"","ocean_shortcode_before_footer_bottom":"","ocean_shortcode_after_footer_bottom":"","ocean_display_top_bar":"default","ocean_display_header":"default","ocean_header_style":"","ocean_center_header_left_menu":"0","ocean_custom_header_template":"0","ocean_custom_logo":0,"ocean_custom_retina_logo":0,"ocean_custom_logo_max_width":0,"ocean_custom_logo_tablet_max_width":0,"ocean_custom_logo_mobile_max_width":0,"ocean_custom_logo_max_height":0,"ocean_custom_logo_tablet_max_height":0,"ocean_custom_logo_mobile_max_height":0,"ocean_header_custom_menu":"0","ocean_menu_typo_font_family":"0","ocean_menu_typo_font_subset":"","ocean_menu_typo_font_size":0,"ocean_menu_typo_font_size_tablet":0,"ocean_menu_typo_font_size_mobile":0,"ocean_menu_typo_font_size_unit":"px","ocean_menu_typo_font_weight":"","ocean_menu_typo_font_weight_tablet":"","ocean_menu_typo_font_weight_mobile":"","ocean_menu_typo_transform":"","ocean_menu_typo_transform_tablet":"","ocean_menu_typo_transform_mobile":"","ocean_menu_typo_line_height":0,"ocean_menu_typo_line_height_tablet":0,"ocean_menu_typo_line_height_mobile":0,"ocean_menu_typo_line_height_unit":"","ocean_menu_typo_spacing":0,"ocean_menu_typo_spacing_tablet":0,"ocean_menu_typo_spacing_mobile":0,"ocean_menu_typo_spacing_unit":"","ocean_menu_link_color":"","ocean_menu_link_color_hover":"","ocean_menu_link_color_active":"","ocean_menu_link_background":"","ocean_menu_link_hover_background":"","ocean_menu_link_active_background":"","ocean_menu_social_links_bg":"","ocean_menu_social_hover_links_bg":"","ocean_menu_social_links_color":"","ocean_menu_social_hover_links_color":"","ocean_disable_title":"default","ocean_disable_heading":"default","ocean_post_title":"","ocean_post_subheading":"","ocean_post_title_style":"","ocean_post_title_background_color":"","ocean_post_title_background":0,"ocean_post_title_bg_image_position":"","ocean_post_title_bg_image_attachment":"","ocean_post_title_bg_image_repeat":"","ocean_post_title_bg_image_size":"","ocean_post_title_height":0,"ocean_post_title_bg_overlay":0.5,"ocean_post_title_bg_overlay_color":"","ocean_disable_breadcrumbs":"default","ocean_breadcrumbs_color":"","ocean_breadcrumbs_separator_color":"","ocean_breadcrumbs_links_color":"","ocean_breadcrumbs_links_hover_color":"","ocean_display_footer_widgets":"default","ocean_display_footer_bottom":"default","ocean_custom_footer_template":"0"},"product_brand":[],"product_cat":[20],"product_tag":[513,507,497,515,505,503,514,510,512,511,490,504,516,506,470,509,483,508],"class_list":{"0":"post-3597","1":"product","2":"type-product","3":"status-publish","4":"has-post-thumbnail","6":"product_cat-tickets","7":"product_tag-best-animal-encounters-thailand","8":"product_tag-best-tiger-experience-pattaya","9":"product_tag-ethical-tiger-experience","10":"product_tag-exclusive-tiger-feeding-thailand","11":"product_tag-feed-tigers-up-close","12":"product_tag-feeding-tiger-on-tour","13":"product_tag-must-do-tiger-activity-pattaya","14":"product_tag-safe-tiger-interaction","15":"product_tag-thrilling-wildlife-experience","16":"product_tag-tiger-cage-truck-tour","17":"product_tag-tiger-encounter-thailand","18":"product_tag-tiger-feeding-experience","19":"product_tag-tiger-feeding-near-pattaya","20":"product_tag-tiger-feeding-tour-thailand","21":"product_tag-tiger-topia-sriracha-zoo-tickets","22":"product_tag-up-close-tiger-feeding","23":"product_tag-wildlife-adventure-sriracha","24":"product_tag-wildlife-feeding-adventure","26":"entry","27":"has-media","28":"tm-has-options","30":"first","31":"instock","32":"virtual","33":"taxable","34":"purchasable","35":"product-type-simple","36":"has-product-nav","37":"col","38":"span_1_of_3","39":"owp-content-center","40":"owp-thumbs-layout-horizontal","41":"owp-btn-normal","42":"owp-tabs-layout-horizontal"},"yoast_head":"<!-- This site is optimized with the Yoast SEO plugin v27.5 - https:\/\/yoast.com\/product\/yoast-seo-wordpress\/ -->\n<title>Feed Tigers Up Close | Book Tiger Feeding Tour At Tiger Topia Zoo<\/title>\n<meta name=\"description\" content=\"Experience The Thrill Of Feeding Tigers From A Caged Truck At Tiger Topia Sriracha Zoo! Safe, Exciting, And A Once-In-A-Lifetime Adventure. Book Now!\" \/>\n<meta name=\"robots\" content=\"index, follow, max-snippet:-1, max-image-preview:large, max-video-preview:-1\" \/>\n<link rel=\"canonical\" href=\"https:\/\/tigertopiasrirachazoo.com\/de\/tickets\/tigerfutterung-auf-tour\/\" \/>\n<meta property=\"og:locale\" content=\"de_DE\" \/>\n<meta property=\"og:type\" content=\"article\" \/>\n<meta property=\"og:title\" content=\"Feed Tigers Up Close | Book Tiger Feeding Tour At Tiger Topia Zoo\" \/>\n<meta property=\"og:description\" content=\"Experience The Thrill Of Feeding Tigers From A Caged Truck At Tiger Topia Sriracha Zoo! Safe, Exciting, And A Once-In-A-Lifetime Adventure. Book Now!\" \/>\n<meta property=\"og:url\" content=\"https:\/\/tigertopiasrirachazoo.com\/de\/tickets\/tigerfutterung-auf-tour\/\" \/>\n<meta property=\"og:site_name\" content=\"Tiger Topia Sriracha Zoo\" \/>\n<meta property=\"article:modified_time\" content=\"2025-10-29T10:10:55+00:00\" \/>\n<meta property=\"og:image\" content=\"https:\/\/tigertopiasrirachazoo.com\/wp-content\/uploads\/2025\/02\/Tiger-Topia-Sriracha-Zoo-Ticket-Price-1.png\" \/>\n\t<meta property=\"og:image:width\" content=\"1356\" \/>\n\t<meta property=\"og:image:height\" content=\"904\" \/>\n\t<meta property=\"og:image:type\" content=\"image\/png\" \/>\n<meta name=\"twitter:card\" content=\"summary_large_image\" \/>\n<meta name=\"twitter:label1\" content=\"Gesch\u00e4tzte Lesezeit\" \/>\n\t<meta name=\"twitter:data1\" content=\"5\u00a0Minuten\" \/>\n<script type=\"application\/ld+json\" class=\"yoast-schema-graph\">{\"@context\":\"https:\\\/\\\/schema.org\",\"@graph\":[{\"@type\":\"WebPage\",\"@id\":\"https:\\\/\\\/tigertopiasrirachazoo.com\\\/tickets\\\/feeding-tiger-on-tour\\\/\",\"url\":\"https:\\\/\\\/tigertopiasrirachazoo.com\\\/tickets\\\/feeding-tiger-on-tour\\\/\",\"name\":\"Feed Tigers Up Close | Book Tiger Feeding Tour At Tiger Topia Zoo\",\"isPartOf\":{\"@id\":\"https:\\\/\\\/tigertopiasrirachazoo.com\\\/#website\"},\"primaryImageOfPage\":{\"@id\":\"https:\\\/\\\/tigertopiasrirachazoo.com\\\/tickets\\\/feeding-tiger-on-tour\\\/#primaryimage\"},\"image\":{\"@id\":\"https:\\\/\\\/tigertopiasrirachazoo.com\\\/tickets\\\/feeding-tiger-on-tour\\\/#primaryimage\"},\"thumbnailUrl\":\"https:\\\/\\\/tigertopiasrirachazoo.com\\\/wp-content\\\/uploads\\\/2025\\\/02\\\/Tiger-Topia-Sriracha-Zoo-Ticket-Price-1.png\",\"datePublished\":\"2025-02-01T15:42:36+00:00\",\"dateModified\":\"2025-10-29T10:10:55+00:00\",\"description\":\"Experience The Thrill Of Feeding Tigers From A Caged Truck At Tiger Topia Sriracha Zoo! Safe, Exciting, And A Once-In-A-Lifetime Adventure. Book Now!\",\"breadcrumb\":{\"@id\":\"https:\\\/\\\/tigertopiasrirachazoo.com\\\/tickets\\\/feeding-tiger-on-tour\\\/#breadcrumb\"},\"inLanguage\":\"de\",\"potentialAction\":[{\"@type\":\"ReadAction\",\"target\":[\"https:\\\/\\\/tigertopiasrirachazoo.com\\\/tickets\\\/feeding-tiger-on-tour\\\/\"]}]},{\"@type\":\"ImageObject\",\"inLanguage\":\"de\",\"@id\":\"https:\\\/\\\/tigertopiasrirachazoo.com\\\/tickets\\\/feeding-tiger-on-tour\\\/#primaryimage\",\"url\":\"https:\\\/\\\/tigertopiasrirachazoo.com\\\/wp-content\\\/uploads\\\/2025\\\/02\\\/Tiger-Topia-Sriracha-Zoo-Ticket-Price-1.png\",\"contentUrl\":\"https:\\\/\\\/tigertopiasrirachazoo.com\\\/wp-content\\\/uploads\\\/2025\\\/02\\\/Tiger-Topia-Sriracha-Zoo-Ticket-Price-1.png\",\"width\":1356,\"height\":904,\"caption\":\"Tiger Topia Sriracha Zoo Ticket Price\"},{\"@type\":\"BreadcrumbList\",\"@id\":\"https:\\\/\\\/tigertopiasrirachazoo.com\\\/tickets\\\/feeding-tiger-on-tour\\\/#breadcrumb\",\"itemListElement\":[{\"@type\":\"ListItem\",\"position\":1,\"name\":\"Home\",\"item\":\"https:\\\/\\\/tigertopiasrirachazoo.com\\\/\"},{\"@type\":\"ListItem\",\"position\":2,\"name\":\"Tickets\",\"item\":\"https:\\\/\\\/tigertopiasrirachazoo.com\\\/tickets\\\/\"},{\"@type\":\"ListItem\",\"position\":3,\"name\":\"Feeding TIGER On Tour\"}]},{\"@type\":\"WebSite\",\"@id\":\"https:\\\/\\\/tigertopiasrirachazoo.com\\\/#website\",\"url\":\"https:\\\/\\\/tigertopiasrirachazoo.com\\\/\",\"name\":\"Tiger Topia Sriracha Zoo\",\"description\":\"\",\"publisher\":{\"@id\":\"https:\\\/\\\/tigertopiasrirachazoo.com\\\/#organization\"},\"potentialAction\":[{\"@type\":\"SearchAction\",\"target\":{\"@type\":\"EntryPoint\",\"urlTemplate\":\"https:\\\/\\\/tigertopiasrirachazoo.com\\\/?s={search_term_string}\"},\"query-input\":{\"@type\":\"PropertyValueSpecification\",\"valueRequired\":true,\"valueName\":\"search_term_string\"}}],\"inLanguage\":\"de\"},{\"@type\":\"Organization\",\"@id\":\"https:\\\/\\\/tigertopiasrirachazoo.com\\\/#organization\",\"name\":\"Tiger Topia Sriracha Zoo\",\"url\":\"https:\\\/\\\/tigertopiasrirachazoo.com\\\/\",\"logo\":{\"@type\":\"ImageObject\",\"inLanguage\":\"de\",\"@id\":\"https:\\\/\\\/tigertopiasrirachazoo.com\\\/#\\\/schema\\\/logo\\\/image\\\/\",\"url\":\"https:\\\/\\\/tigertopiasrirachazoo.com\\\/wp-content\\\/uploads\\\/2024\\\/08\\\/Tiger-Topia-Sriracha-Zoo.png\",\"contentUrl\":\"https:\\\/\\\/tigertopiasrirachazoo.com\\\/wp-content\\\/uploads\\\/2024\\\/08\\\/Tiger-Topia-Sriracha-Zoo.png\",\"width\":350,\"height\":100,\"caption\":\"Tiger Topia Sriracha Zoo\"},\"image\":{\"@id\":\"https:\\\/\\\/tigertopiasrirachazoo.com\\\/#\\\/schema\\\/logo\\\/image\\\/\"}}]}<\/script>\n<!-- \/ Yoast SEO plugin. -->","yoast_head_json":{"title":"Tiger aus n\u00e4chster N\u00e4he f\u00fcttern | Tigerf\u00fctterungstour im Tiger Topia Zoo buchen","description":"Erleben Sie den Nervenkitzel, Tiger aus einem K\u00e4figwagen im Tiger Topia Sriracha Zoo zu f\u00fcttern! Sicher, aufregend und ein einmaliges Abenteuer. Jetzt buchen!","robots":{"index":"index","follow":"follow","max-snippet":"max-snippet:-1","max-image-preview":"max-image-preview:large","max-video-preview":"max-video-preview:-1"},"canonical":"https:\/\/tigertopiasrirachazoo.com\/de\/tickets\/tigerfutterung-auf-tour\/","og_locale":"de_DE","og_type":"article","og_title":"Feed Tigers Up Close | Book Tiger Feeding Tour At Tiger Topia Zoo","og_description":"Experience The Thrill Of Feeding Tigers From A Caged Truck At Tiger Topia Sriracha Zoo! Safe, Exciting, And A Once-In-A-Lifetime Adventure. Book Now!","og_url":"https:\/\/tigertopiasrirachazoo.com\/de\/tickets\/tigerfutterung-auf-tour\/","og_site_name":"Tiger Topia Sriracha Zoo","article_modified_time":"2025-10-29T10:10:55+00:00","og_image":[{"width":1356,"height":904,"url":"https:\/\/tigertopiasrirachazoo.com\/wp-content\/uploads\/2025\/02\/Tiger-Topia-Sriracha-Zoo-Ticket-Price-1.png","type":"image\/png"}],"twitter_card":"summary_large_image","twitter_misc":{"Gesch\u00e4tzte Lesezeit":"5\u00a0Minuten"},"schema":{"@context":"https:\/\/schema.org","@graph":[{"@type":"WebPage","@id":"https:\/\/tigertopiasrirachazoo.com\/tickets\/feeding-tiger-on-tour\/","url":"https:\/\/tigertopiasrirachazoo.com\/tickets\/feeding-tiger-on-tour\/","name":"Tiger aus n\u00e4chster N\u00e4he f\u00fcttern | Tigerf\u00fctterungstour im Tiger Topia Zoo buchen","isPartOf":{"@id":"https:\/\/tigertopiasrirachazoo.com\/#website"},"primaryImageOfPage":{"@id":"https:\/\/tigertopiasrirachazoo.com\/tickets\/feeding-tiger-on-tour\/#primaryimage"},"image":{"@id":"https:\/\/tigertopiasrirachazoo.com\/tickets\/feeding-tiger-on-tour\/#primaryimage"},"thumbnailUrl":"https:\/\/tigertopiasrirachazoo.com\/wp-content\/uploads\/2025\/02\/Tiger-Topia-Sriracha-Zoo-Ticket-Price-1.png","datePublished":"2025-02-01T15:42:36+00:00","dateModified":"2025-10-29T10:10:55+00:00","description":"Erleben Sie den Nervenkitzel, Tiger aus einem K\u00e4figwagen im Tiger Topia Sriracha Zoo zu f\u00fcttern! Sicher, aufregend und ein einmaliges Abenteuer. Jetzt buchen!","breadcrumb":{"@id":"https:\/\/tigertopiasrirachazoo.com\/tickets\/feeding-tiger-on-tour\/#breadcrumb"},"inLanguage":"de","potentialAction":[{"@type":"ReadAction","target":["https:\/\/tigertopiasrirachazoo.com\/tickets\/feeding-tiger-on-tour\/"]}]},{"@type":"ImageObject","inLanguage":"de","@id":"https:\/\/tigertopiasrirachazoo.com\/tickets\/feeding-tiger-on-tour\/#primaryimage","url":"https:\/\/tigertopiasrirachazoo.com\/wp-content\/uploads\/2025\/02\/Tiger-Topia-Sriracha-Zoo-Ticket-Price-1.png","contentUrl":"https:\/\/tigertopiasrirachazoo.com\/wp-content\/uploads\/2025\/02\/Tiger-Topia-Sriracha-Zoo-Ticket-Price-1.png","width":1356,"height":904,"caption":"Tiger Topia Sriracha Zoo Ticket Price"},{"@type":"BreadcrumbList","@id":"https:\/\/tigertopiasrirachazoo.com\/tickets\/feeding-tiger-on-tour\/#breadcrumb","itemListElement":[{"@type":"ListItem","position":1,"name":"Home","item":"https:\/\/tigertopiasrirachazoo.com\/"},{"@type":"ListItem","position":2,"name":"Tickets","item":"https:\/\/tigertopiasrirachazoo.com\/tickets\/"},{"@type":"ListItem","position":3,"name":"Feeding TIGER On Tour"}]},{"@type":"WebSite","@id":"https:\/\/tigertopiasrirachazoo.com\/#website","url":"https:\/\/tigertopiasrirachazoo.com\/","name":"Tiger Topia Sriracha Zoo","description":"","publisher":{"@id":"https:\/\/tigertopiasrirachazoo.com\/#organization"},"potentialAction":[{"@type":"SearchAction","target":{"@type":"EntryPoint","urlTemplate":"https:\/\/tigertopiasrirachazoo.com\/?s={search_term_string}"},"query-input":{"@type":"PropertyValueSpecification","valueRequired":true,"valueName":"search_term_string"}}],"inLanguage":"de"},{"@type":"Organization","@id":"https:\/\/tigertopiasrirachazoo.com\/#organization","name":"Tiger Topia Sriracha Zoo","url":"https:\/\/tigertopiasrirachazoo.com\/","logo":{"@type":"ImageObject","inLanguage":"de","@id":"https:\/\/tigertopiasrirachazoo.com\/#\/schema\/logo\/image\/","url":"https:\/\/tigertopiasrirachazoo.com\/wp-content\/uploads\/2024\/08\/Tiger-Topia-Sriracha-Zoo.png","contentUrl":"https:\/\/tigertopiasrirachazoo.com\/wp-content\/uploads\/2024\/08\/Tiger-Topia-Sriracha-Zoo.png","width":350,"height":100,"caption":"Tiger Topia Sriracha Zoo"},"image":{"@id":"https:\/\/tigertopiasrirachazoo.com\/#\/schema\/logo\/image\/"}}]}},"jetpack_sharing_enabled":true,"_links":{"self":[{"href":"https:\/\/tigertopiasrirachazoo.com\/de\/wp-json\/wp\/v2\/product\/3597","targetHints":{"allow":["GET"]}}],"collection":[{"href":"https:\/\/tigertopiasrirachazoo.com\/de\/wp-json\/wp\/v2\/product"}],"about":[{"href":"https:\/\/tigertopiasrirachazoo.com\/de\/wp-json\/wp\/v2\/types\/product"}],"wp:featuredmedia":[{"embeddable":true,"href":"https:\/\/tigertopiasrirachazoo.com\/de\/wp-json\/wp\/v2\/media\/3587"}],"wp:attachment":[{"href":"https:\/\/tigertopiasrirachazoo.com\/de\/wp-json\/wp\/v2\/media?parent=3597"}],"wp:term":[{"taxonomy":"product_brand","embeddable":true,"href":"https:\/\/tigertopiasrirachazoo.com\/de\/wp-json\/wp\/v2\/product_brand?post=3597"},{"taxonomy":"product_cat","embeddable":true,"href":"https:\/\/tigertopiasrirachazoo.com\/de\/wp-json\/wp\/v2\/product_cat?post=3597"},{"taxonomy":"product_tag","embeddable":true,"href":"https:\/\/tigertopiasrirachazoo.com\/de\/wp-json\/wp\/v2\/product_tag?post=3597"}],"curies":[{"name":"wp","href":"https:\/\/api.w.org\/{rel}","templated":true}]}}