{"id":3598,"date":"2025-02-01T21:20:52","date_gmt":"2025-02-01T15:50:52","guid":{"rendered":"https:\/\/tigertopiasrirachazoo.com\/?post_type=product&#038;p=3598"},"modified":"2025-10-11T15:55:10","modified_gmt":"2025-10-11T10:25:10","slug":"foto-mit-grosen-tigern","status":"publish","type":"product","link":"https:\/\/tigertopiasrirachazoo.com\/de\/tickets\/foto-mit-grosen-tigern\/","title":{"rendered":"Foto mit GROSSEN TIGERN"},"content":{"rendered":"<h1><strong>\ud83d\udcf8 Foto mit gro\u00dfen Tigern \u2013 Tiger Topia Sriracha Zoo<\/strong><\/h1>\n<h2><strong>\ud83d\udcd6 \u00dcber Foto mit gro\u00dfen Tigern<\/strong><\/h2>\n<p>Erfassen Sie <strong>unvergesslicher Moment<\/strong> mit einem der <strong>m\u00e4chtigsten Raubtiere der Welt<\/strong> bei <a href=\"https:\/\/tigertopiasrirachazoo.com\/de\/\"><strong>Tiger Topia Sriracha Zoo<\/strong><\/a>! Der <strong>Foto mit gro\u00dfen Tigern<\/strong> Erfahrung erm\u00f6glicht es Ihnen, <strong>Sitzen Sie neben einem ausgewachsenen Tiger und posieren Sie mit ihm<\/strong>, wodurch eine <strong>unglaubliches Andenken<\/strong> von Ihrem Besuch. Durchgef\u00fchrt unter <strong>strenge Sicherheitsma\u00dfnahmen<\/strong>, diese Aktivit\u00e4t ist <strong>unter Aufsicht erfahrener Hundef\u00fchrer<\/strong>, wodurch sichergestellt wird, dass sowohl <strong>Ihre Sicherheit und das Wohlergehen des Tigers<\/strong>Wenn Sie schon einmal davon getr\u00e4umt haben, <strong>ganz nah dran an einem majest\u00e4tischen Tiger<\/strong>, das ist Ihre Chance, es zu verwirklichen!<\/p>\n<hr \/>\n<h2><strong>\ud83d\udd52 Zeitplan<\/strong><\/h2>\n<p>\u2714 <strong>\u00d6ffnungszeiten:<\/strong> T\u00e4glich von <strong>9:00 \u2013 15:30 Uhr<\/strong><br \/>\n\u2714 <strong>Letzter Eintrag:<\/strong> <strong>15:00 Uhr<\/strong><br \/>\n\u2714 <strong>Dauer:<\/strong> <strong>5 \u2013 10 Minuten<\/strong><\/p>\n<p>\ud83d\udcc5 <strong>Begrenzte Pl\u00e4tze verf\u00fcgbar \u2013 eine Vorausbuchung wird empfohlen!<\/strong><\/p>\n<hr \/>\n<h2><strong>\ud83c\udf1f Highlights<\/strong><\/h2>\n<ul>\n<li>\ud83d\udc05 <strong>Interaktion aus n\u00e4chster N\u00e4he<\/strong> \u2013 Setzen Sie sich neben einen <strong>ausgewachsener Tiger<\/strong> in einer sicheren, kontrollierten Umgebung.<\/li>\n<li>\ud83d\udcf8 <strong>Unglaubliche Fotogelegenheit<\/strong> \u2013 Erfassen Sie ein <strong>ein einmaliges Bild<\/strong> mit dieser majest\u00e4tischen Gro\u00dfkatze.<\/li>\n<li>\ud83d\udc68\u200d\ud83c\udfeb <strong>Von Fachleuten betreut<\/strong> \u2013 Geschulte Hundef\u00fchrer sorgen f\u00fcr eine <strong>sicheres und komfortables Erlebnis<\/strong>.<\/li>\n<li>\ud83c\udfc6 <strong>Einzigartig &amp; Exklusiv<\/strong> - A <strong>seltene Gelegenheit<\/strong> nur verf\u00fcgbar bei <strong>ausgew\u00e4hlte Zoos weltweit<\/strong>.<\/li>\n<li>\ud83c\udfad <strong>Perfekt f\u00fcr Familien und Abenteuerlustige<\/strong> - A <strong>Pflichtaktivit\u00e4t<\/strong> f\u00fcr Tierliebhaber, die Pattaya besuchen.<\/li>\n<li>\ud83c\udf0d <strong>Ethischer und verantwortungsvoller Umgang<\/strong> \u2013 Durchgef\u00fchrt mit <strong>gr\u00f6\u00dfte Sorge f\u00fcr das Wohl des Tigers<\/strong>.<\/li>\n<\/ul>\n<hr \/>\n<h2><strong>\u2705 Was ist enthalten<\/strong><\/h2>\n<p>\u2714 <strong>Exklusive Fotosession<\/strong> mit einem <strong>Gro\u00dfer Tiger<\/strong><br \/>\n\u2714 <strong>Betreuung durch erfahrene Hundef\u00fchrer<\/strong> f\u00fcr eine <strong>sicheres Erlebnis<\/strong><br \/>\n\u2714 <strong>Eine einmalige Begegnung aus n\u00e4chster N\u00e4he<\/strong><br \/>\n\u2714 <strong>M\u00f6glichkeit, Fotos in professioneller Qualit\u00e4t aufzunehmen<\/strong><\/p>\n<hr \/>\n<h2><strong>\u274c Einschl\u00fcsse \/ Ausschl\u00fcsse<\/strong><\/h2>\n<h3>\u2714 <strong>Enthalten:<\/strong><\/h3>\n<ul>\n<li><strong>Gef\u00fchrte Fotosession<\/strong> mit einem ausgewachsenen Tiger<\/li>\n<li><strong>Professionelle Betreuung<\/strong> zur Sicherheit<\/li>\n<li><strong>Allgemeine Fotozonen<\/strong> zum Festhalten zus\u00e4tzlicher Momente<\/li>\n<\/ul>\n<h3>\u2716 <strong>Nicht im Preis enthalten:<\/strong><\/h3>\n<ul>\n<li>Gedruckte Fotos (gegen Aufpreis erh\u00e4ltlich)<\/li>\n<li>Zus\u00e4tzliche Tigerinteraktionen oder F\u00fctterungen (k\u00f6nnen separat gebucht werden)<\/li>\n<li>Transport zum\/vom Zoo (als optionales Add-on erh\u00e4ltlich)<\/li>\n<\/ul>\n<hr \/>\n<h2><strong>\ud83d\udc76 Kinderrichtlinie<\/strong><\/h2>\n<p>\u2714 <strong>Kinder unter 140 cm sind NICHT erlaubt<\/strong> um an dieser Aktivit\u00e4t teilzunehmen.<br \/>\n\u2714 Kinder <strong>140 cm und mehr<\/strong> k\u00f6nnen teilnehmen, m\u00fcssen aber <strong>in Begleitung eines zahlenden Erwachsenen (18+).<\/strong><br \/>\n\u2714 Familien mit j\u00fcngeren Kindern k\u00f6nnen genie\u00dfen <strong>andere Aktivit\u00e4ten wie Tigerbabyfotos oder die Tigershow<\/strong>.<\/p>\n<hr \/>\n<h2><strong>\ud83d\udeab R\u00fcckerstattungs- und Stornierungsbedingungen<\/strong><\/h2>\n<p>\u274c <strong>Keine Stornierungen, keine R\u00fcckerstattungen<\/strong> \u2013 Tickets sind <strong>nicht erstattungsf\u00e4hig und nicht \u00fcbertragbar<\/strong>.<br \/>\n\ud83d\udcc5 <strong>Termingebundene Buchung<\/strong> \u2013 Gilt nur f\u00fcr die <strong>ausgew\u00e4hltes Datum<\/strong> und kann nicht verschoben werden.<br \/>\n\u23f3 <strong>Vers\u00e4umte Sitzungen werden nicht nachgeholt<\/strong> \u2013 Bei versp\u00e4teter Ankunft kann es sein, dass Sie Ihren Zeitrahmen verpassen.<\/p>\n<hr \/>\n<h2><strong>\ud83d\udccc Was gibt es noch?<\/strong><\/h2>\n<p>\u2714 <strong>Kombinieren Sie es mit anderen Aktivit\u00e4ten<\/strong> \u2013 Koppeln Sie Ihr <strong>Foto mit gro\u00dfen Tigern<\/strong> mit einem <strong>Tigerf\u00fctterung, Waldspaziergang mit Tigern oder Krokodilshow<\/strong>.<br \/>\n\u2714 <strong>Entdecken Sie den Zoo<\/strong> \u2013 Genie\u00dfen Sie die <strong>Tiger-Show, Krokodil-Show und exklusive Interaktionen mit Tigerbabys<\/strong>.<br \/>\n\u2714 <strong>Speisen Sie im Royal Bengal Tigers Restaurant<\/strong> \u2013 Angebot eines <strong>leckeres Fr\u00fchst\u00fccks- und Mittagsbuffet<\/strong> in der N\u00e4he des Ticketschalters.<\/p>\n<hr \/>\n<h2><strong>\ud83d\udca1 Insider-Tipps<\/strong><\/h2>\n<p>\u2b50 <strong>Kommen Sie fr\u00fch<\/strong> \u2013 Begrenzte Pl\u00e4tze verf\u00fcgbar, daher sorgt eine fr\u00fchzeitige Buchung f\u00fcr einen reibungslosen Ablauf.<br \/>\n\u2b50 <strong>Bequeme Kleidung<\/strong> - Vermeiden <strong>grelle Farben oder baumelnde Accessoires<\/strong> das k\u00f6nnte die Tiger erschrecken.<br \/>\n\u2b50 <strong>Machen Sie atemberaubende Fotos<\/strong> \u2013 Bringen Sie Ihre <strong>eigene Kamera oder Telefon<\/strong>oder kaufen <strong>hochwertig ausgedruckte Fotos vor Ort<\/strong>.<br \/>\n\u2b50 <strong>Respektiere die Tiere<\/strong> \u2013 Befolgen Sie alle Anweisungen der Hundef\u00fchrer, um eine <strong>sicheres und angenehmes Erlebnis<\/strong>.<\/p>\n<hr \/>\n<h2><strong>\u2705 Was man tun und lassen sollte<\/strong><\/h2>\n<h3>\u2714 <strong>DOS:<\/strong><\/h3>\n<ul>\n<li>Folgen <strong>alle Sicherheitshinweise<\/strong> von Trainern bereitgestellt.<\/li>\n<li>Pflegen Sie eine <strong>ruhiges und ruhiges Auftreten<\/strong> um die Tiger herum.<\/li>\n<li>Tragen <strong>bequeme Kleidung<\/strong> \u2013 keine losen Schals oder baumelnder Schmuck.<\/li>\n<\/ul>\n<h3>\u274c <strong>Was Sie nicht tun sollten:<\/strong><\/h3>\n<ul>\n<li><strong>Versuchen Sie NICHT, den Tiger zu ber\u00fchren oder zu provozieren<\/strong> sofern keine Anweisung erfolgt.<\/li>\n<li><strong>Keine lauten Ger\u00e4usche oder pl\u00f6tzlichen Bewegungen<\/strong> das k\u00f6nnte den Tiger erschrecken.<\/li>\n<li><strong>Kein Blitzlicht<\/strong>, da es f\u00fcr das Tier zu Stress f\u00fchren kann.<\/li>\n<li><strong>Keine Speisen und Getr\u00e4nke von au\u00dferhalb<\/strong> im Fotobereich.<\/li>\n<\/ul>\n<hr \/>\n<h2><strong>\ud83d\udd0d Wissenswertes vor der Reise<\/strong><\/h2>\n<ul>\n<li>\ud83c\udf9f <strong>Voranmeldung erforderlich:<\/strong> <strong>Begrenzte Pl\u00e4tze verf\u00fcgbar<\/strong> jeden Tag.<\/li>\n<li>\ud83c\udfde <strong>Beste Reisezeit:<\/strong> Vormittags f\u00fcr <strong>bessere Beleuchtung und kleinere Menschenmengen<\/strong>.<\/li>\n<li>\u23f0 <strong>Feste Zeitfenster:<\/strong> Kommen Sie p\u00fcnktlich zum <strong>Verpassen Sie keine Sitzung<\/strong>.<\/li>\n<li>\ud83d\udc5a <strong>Kleiderordnung:<\/strong> <strong>Geschlossene Schuhe und Kleidung in neutralen Farben empfohlen<\/strong>.<\/li>\n<\/ul>\n<hr \/>\n<h2><strong>\ud83d\ude96 So erreichen Sie den Tiger Topia Sriracha Zoo<\/strong><\/h2>\n<p>\ud83d\udccd <strong>Standort:<\/strong> <strong>341, Si Racha, Chon Buri, Thailand<\/strong><br \/>\n\ud83d\udccd <strong>Google Maps:<\/strong> <a href=\"https:\/\/maps.app.goo.gl\/CyLT4T9JNGumc9bM8\" target=\"_blank\" rel=\"noopener\">Tiger Topia Sriracha Zoo Standort<\/a><\/p>\n<p>\ud83d\ude97 <strong>Mit dem Taxi:<\/strong> Direkte Taxis verf\u00fcgbar von <strong>Pattaya und Umgebung<\/strong>.<br \/>\n\ud83d\ude8c <strong>Mit \u00f6ffentlichen Verkehrsmitteln:<\/strong> Nehmen Sie ein <strong>Bus oder Songthaew (Sammeltaxi) zur Sukhumvit Road<\/strong>, dann eine kurze Fahrt zum Zoo.<br \/>\n\ud83d\ude97 <strong>Mit dem Auto:<\/strong> Frei <strong>Parkpl\u00e4tze vor Ort<\/strong> verf\u00fcgbar.<\/p>\n<hr \/>\n<h2><strong>\u2753 H\u00e4ufig gestellte Fragen (FAQs)<\/strong><\/h2>\n<p><strong>1. Ist das Foto-Erlebnis mit gro\u00dfen Tigern sicher?<\/strong><br \/>\n\u2714 Ja! Die Aktivit\u00e4t ist <strong>Durchf\u00fchrung unter fachkundiger Aufsicht<\/strong>, Gew\u00e4hrleistung einer <strong>sichere und kontrollierte Umgebung<\/strong>.<\/p>\n<p><strong>2. Kann ich Tickets online buchen?<\/strong><br \/>\n\u2714 Nein! <strong>Eine fr\u00fchzeitige Buchung wird dringend empfohlen<\/strong> wegen <strong>begrenzte Pl\u00e4tze<\/strong>. Buchen Sie online f\u00fcr <strong>Rabatte &amp; garantierter Eintritt<\/strong>.<\/p>\n<p><strong>3. Darf ich den Tiger w\u00e4hrend der Fotosession ber\u00fchren?<\/strong><br \/>\n\u2714 <strong>Nur mit Erlaubnis des Trainers<\/strong>Direkte Interaktion ist <strong>Aus Sicherheitsgr\u00fcnden sorgf\u00e4ltig kontrolliert<\/strong>.<\/p>\n<p><strong>4. Sind ausgedruckte Fotos im Paket enthalten?<\/strong><br \/>\n\u274c Nein, aber Sie k\u00f6nnen <strong>Kaufen Sie hochwertige gedruckte Fotos<\/strong> am Veranstaltungsort.<\/p>\n<p><strong>5. K\u00f6nnen Kinder an dieser Aktivit\u00e4t teilnehmen?<\/strong><br \/>\n\u2714 <strong>Nur Besucher ab 140 cm<\/strong> sind erlaubt. Familien mit j\u00fcngeren Kindern k\u00f6nnen andere Attraktionen genie\u00dfen wie <strong>Fotos von Tigerbabys und die Tigershow<\/strong>.<\/p>\n<hr \/>\n<h3><strong>\ud83c\udf9f Buchen Sie jetzt Ihre Tickets!<\/strong><\/h3>\n<p>Das sollten Sie nicht verpassen <strong>au\u00dfergew\u00f6hnliches Wildlife-Abenteuer<\/strong>! <strong>Buchen Sie noch heute Ihre Tickets f\u00fcr \u201eFoto mit Big Tigers\u201c<\/strong> und erfassen Sie ein <strong>atemberaubender Moment mit einem echten Tiger bei <a href=\"https:\/\/tigertopiasrirachazoo.com\/de\/\">Tiger Topia Sriracha Zoo<\/a>!<\/strong><\/p>","protected":false},"excerpt":{"rendered":"<table class=\"short-description\">\n<tbody class=\"tabel364\">\n<tr class=\"short-description-tr32r\">\n<th class=\"short-description-th\"><span class=\"description-h23\"><strong class=\"description-strong67\">F\u00fcr Buchungen am selben Tag m\u00fcssen Buchungen 1 Stunde im Voraus erfolgen.<\/strong><\/span><\/th>\n<\/tr>\n<\/tbody>\n<\/table>","protected":false},"featured_media":3592,"template":"","meta":{"ocean_post_layout":"","ocean_both_sidebars_style":"","ocean_both_sidebars_content_width":0,"ocean_both_sidebars_sidebars_width":0,"ocean_sidebar":"0","ocean_second_sidebar":"0","ocean_disable_margins":"enable","ocean_add_body_class":"","ocean_shortcode_before_top_bar":"","ocean_shortcode_after_top_bar":"","ocean_shortcode_before_header":"","ocean_shortcode_after_header":"","ocean_has_shortcode":"","ocean_shortcode_after_title":"","ocean_shortcode_before_footer_widgets":"","ocean_shortcode_after_footer_widgets":"","ocean_shortcode_before_footer_bottom":"","ocean_shortcode_after_footer_bottom":"","ocean_display_top_bar":"default","ocean_display_header":"default","ocean_header_style":"","ocean_center_header_left_menu":"0","ocean_custom_header_template":"0","ocean_custom_logo":0,"ocean_custom_retina_logo":0,"ocean_custom_logo_max_width":0,"ocean_custom_logo_tablet_max_width":0,"ocean_custom_logo_mobile_max_width":0,"ocean_custom_logo_max_height":0,"ocean_custom_logo_tablet_max_height":0,"ocean_custom_logo_mobile_max_height":0,"ocean_header_custom_menu":"0","ocean_menu_typo_font_family":"0","ocean_menu_typo_font_subset":"","ocean_menu_typo_font_size":0,"ocean_menu_typo_font_size_tablet":0,"ocean_menu_typo_font_size_mobile":0,"ocean_menu_typo_font_size_unit":"px","ocean_menu_typo_font_weight":"","ocean_menu_typo_font_weight_tablet":"","ocean_menu_typo_font_weight_mobile":"","ocean_menu_typo_transform":"","ocean_menu_typo_transform_tablet":"","ocean_menu_typo_transform_mobile":"","ocean_menu_typo_line_height":0,"ocean_menu_typo_line_height_tablet":0,"ocean_menu_typo_line_height_mobile":0,"ocean_menu_typo_line_height_unit":"","ocean_menu_typo_spacing":0,"ocean_menu_typo_spacing_tablet":0,"ocean_menu_typo_spacing_mobile":0,"ocean_menu_typo_spacing_unit":"","ocean_menu_link_color":"","ocean_menu_link_color_hover":"","ocean_menu_link_color_active":"","ocean_menu_link_background":"","ocean_menu_link_hover_background":"","ocean_menu_link_active_background":"","ocean_menu_social_links_bg":"","ocean_menu_social_hover_links_bg":"","ocean_menu_social_links_color":"","ocean_menu_social_hover_links_color":"","ocean_disable_title":"default","ocean_disable_heading":"default","ocean_post_title":"","ocean_post_subheading":"","ocean_post_title_style":"","ocean_post_title_background_color":"","ocean_post_title_background":0,"ocean_post_title_bg_image_position":"","ocean_post_title_bg_image_attachment":"","ocean_post_title_bg_image_repeat":"","ocean_post_title_bg_image_size":"","ocean_post_title_height":0,"ocean_post_title_bg_overlay":0.5,"ocean_post_title_bg_overlay_color":"","ocean_disable_breadcrumbs":"default","ocean_breadcrumbs_color":"","ocean_breadcrumbs_separator_color":"","ocean_breadcrumbs_links_color":"","ocean_breadcrumbs_links_hover_color":"","ocean_display_footer_widgets":"default","ocean_display_footer_bottom":"default","ocean_custom_footer_template":"0"},"product_brand":[],"product_cat":[20],"product_tag":[528,521,519,531,529,517,522,524,527,493,496,518,520,470,523,530,525,526],"class_list":{"0":"post-3598","1":"product","2":"type-product","3":"status-publish","4":"has-post-thumbnail","6":"product_cat-tickets","7":"product_tag-best-animal-photo-experience","8":"product_tag-best-tiger-photo-thailand","9":"product_tag-big-tiger-encounter","10":"product_tag-bucket-list-tiger-experience","11":"product_tag-must-do-tiger-activity-thailand","12":"product_tag-photo-with-big-tigers","13":"product_tag-pose-with-a-tiger","14":"product_tag-safe-tiger-encounter","15":"product_tag-thrilling-tiger-photo-session","16":"product_tag-tiger-adventure-pattaya","17":"product_tag-tiger-interaction-thailand","18":"product_tag-tiger-photo-experience","19":"product_tag-tiger-photography-session","20":"product_tag-tiger-topia-sriracha-zoo-tickets","21":"product_tag-ultimate-tiger-experience","22":"product_tag-unique-wildlife-encounters","23":"product_tag-up-close-tiger-photography","24":"product_tag-wildlife-photography-with-tigers","26":"entry","27":"has-media","28":"tm-has-options","30":"first","31":"instock","32":"virtual","33":"taxable","34":"purchasable","35":"product-type-simple","36":"has-product-nav","37":"col","38":"span_1_of_3","39":"owp-content-center","40":"owp-thumbs-layout-horizontal","41":"owp-btn-normal","42":"owp-tabs-layout-horizontal"},"yoast_head":"<!-- This site is optimized with the Yoast SEO plugin v27.5 - https:\/\/yoast.com\/product\/yoast-seo-wordpress\/ -->\n<title>Photo With Big Tigers | Ultimate Tiger Encounter At Tiger Topia<\/title>\n<meta name=\"description\" content=\"Capture A Once-In-A-Lifetime Photo With A Big Tiger At Tiger Topia Sriracha Zoo! Safe, Supervised, And Perfect For Thrill-Seekers. Book Now!\" \/>\n<meta name=\"robots\" content=\"index, follow, max-snippet:-1, max-image-preview:large, max-video-preview:-1\" \/>\n<link rel=\"canonical\" href=\"https:\/\/tigertopiasrirachazoo.com\/de\/tickets\/foto-mit-grosen-tigern\/\" \/>\n<meta property=\"og:locale\" content=\"de_DE\" \/>\n<meta property=\"og:type\" content=\"article\" \/>\n<meta property=\"og:title\" content=\"Photo With Big Tigers | Ultimate Tiger Encounter At Tiger Topia\" \/>\n<meta property=\"og:description\" content=\"Capture A Once-In-A-Lifetime Photo With A Big Tiger At Tiger Topia Sriracha Zoo! Safe, Supervised, And Perfect For Thrill-Seekers. Book Now!\" \/>\n<meta property=\"og:url\" content=\"https:\/\/tigertopiasrirachazoo.com\/de\/tickets\/foto-mit-grosen-tigern\/\" \/>\n<meta property=\"og:site_name\" content=\"Tiger Topia Sriracha Zoo\" \/>\n<meta property=\"article:modified_time\" content=\"2025-10-11T10:25:10+00:00\" \/>\n<meta property=\"og:image\" content=\"https:\/\/tigertopiasrirachazoo.com\/wp-content\/uploads\/2025\/02\/Tiger-Topia-Ticket-1.png\" \/>\n\t<meta property=\"og:image:width\" content=\"1356\" \/>\n\t<meta property=\"og:image:height\" content=\"904\" \/>\n\t<meta property=\"og:image:type\" content=\"image\/png\" \/>\n<meta name=\"twitter:card\" content=\"summary_large_image\" \/>\n<meta name=\"twitter:label1\" content=\"Gesch\u00e4tzte Lesezeit\" \/>\n\t<meta name=\"twitter:data1\" content=\"4\u00a0Minuten\" \/>\n<script type=\"application\/ld+json\" class=\"yoast-schema-graph\">{\"@context\":\"https:\\\/\\\/schema.org\",\"@graph\":[{\"@type\":\"WebPage\",\"@id\":\"https:\\\/\\\/tigertopiasrirachazoo.com\\\/tickets\\\/photo-with-big-tigers\\\/\",\"url\":\"https:\\\/\\\/tigertopiasrirachazoo.com\\\/tickets\\\/photo-with-big-tigers\\\/\",\"name\":\"Photo With Big Tigers | Ultimate Tiger Encounter At Tiger Topia\",\"isPartOf\":{\"@id\":\"https:\\\/\\\/tigertopiasrirachazoo.com\\\/#website\"},\"primaryImageOfPage\":{\"@id\":\"https:\\\/\\\/tigertopiasrirachazoo.com\\\/tickets\\\/photo-with-big-tigers\\\/#primaryimage\"},\"image\":{\"@id\":\"https:\\\/\\\/tigertopiasrirachazoo.com\\\/tickets\\\/photo-with-big-tigers\\\/#primaryimage\"},\"thumbnailUrl\":\"https:\\\/\\\/tigertopiasrirachazoo.com\\\/wp-content\\\/uploads\\\/2025\\\/02\\\/Tiger-Topia-Ticket-1.png\",\"datePublished\":\"2025-02-01T15:50:52+00:00\",\"dateModified\":\"2025-10-11T10:25:10+00:00\",\"description\":\"Capture A Once-In-A-Lifetime Photo With A Big Tiger At Tiger Topia Sriracha Zoo! Safe, Supervised, And Perfect For Thrill-Seekers. Book Now!\",\"breadcrumb\":{\"@id\":\"https:\\\/\\\/tigertopiasrirachazoo.com\\\/tickets\\\/photo-with-big-tigers\\\/#breadcrumb\"},\"inLanguage\":\"de\",\"potentialAction\":[{\"@type\":\"ReadAction\",\"target\":[\"https:\\\/\\\/tigertopiasrirachazoo.com\\\/tickets\\\/photo-with-big-tigers\\\/\"]}]},{\"@type\":\"ImageObject\",\"inLanguage\":\"de\",\"@id\":\"https:\\\/\\\/tigertopiasrirachazoo.com\\\/tickets\\\/photo-with-big-tigers\\\/#primaryimage\",\"url\":\"https:\\\/\\\/tigertopiasrirachazoo.com\\\/wp-content\\\/uploads\\\/2025\\\/02\\\/Tiger-Topia-Ticket-1.png\",\"contentUrl\":\"https:\\\/\\\/tigertopiasrirachazoo.com\\\/wp-content\\\/uploads\\\/2025\\\/02\\\/Tiger-Topia-Ticket-1.png\",\"width\":1356,\"height\":904,\"caption\":\"Tiger Topia Ticket\"},{\"@type\":\"BreadcrumbList\",\"@id\":\"https:\\\/\\\/tigertopiasrirachazoo.com\\\/tickets\\\/photo-with-big-tigers\\\/#breadcrumb\",\"itemListElement\":[{\"@type\":\"ListItem\",\"position\":1,\"name\":\"Home\",\"item\":\"https:\\\/\\\/tigertopiasrirachazoo.com\\\/\"},{\"@type\":\"ListItem\",\"position\":2,\"name\":\"Tickets\",\"item\":\"https:\\\/\\\/tigertopiasrirachazoo.com\\\/tickets\\\/\"},{\"@type\":\"ListItem\",\"position\":3,\"name\":\"Photo with BIG TIGERS\"}]},{\"@type\":\"WebSite\",\"@id\":\"https:\\\/\\\/tigertopiasrirachazoo.com\\\/#website\",\"url\":\"https:\\\/\\\/tigertopiasrirachazoo.com\\\/\",\"name\":\"Tiger Topia Sriracha Zoo\",\"description\":\"\",\"publisher\":{\"@id\":\"https:\\\/\\\/tigertopiasrirachazoo.com\\\/#organization\"},\"potentialAction\":[{\"@type\":\"SearchAction\",\"target\":{\"@type\":\"EntryPoint\",\"urlTemplate\":\"https:\\\/\\\/tigertopiasrirachazoo.com\\\/?s={search_term_string}\"},\"query-input\":{\"@type\":\"PropertyValueSpecification\",\"valueRequired\":true,\"valueName\":\"search_term_string\"}}],\"inLanguage\":\"de\"},{\"@type\":\"Organization\",\"@id\":\"https:\\\/\\\/tigertopiasrirachazoo.com\\\/#organization\",\"name\":\"Tiger Topia Sriracha Zoo\",\"url\":\"https:\\\/\\\/tigertopiasrirachazoo.com\\\/\",\"logo\":{\"@type\":\"ImageObject\",\"inLanguage\":\"de\",\"@id\":\"https:\\\/\\\/tigertopiasrirachazoo.com\\\/#\\\/schema\\\/logo\\\/image\\\/\",\"url\":\"https:\\\/\\\/tigertopiasrirachazoo.com\\\/wp-content\\\/uploads\\\/2024\\\/08\\\/Tiger-Topia-Sriracha-Zoo.png\",\"contentUrl\":\"https:\\\/\\\/tigertopiasrirachazoo.com\\\/wp-content\\\/uploads\\\/2024\\\/08\\\/Tiger-Topia-Sriracha-Zoo.png\",\"width\":350,\"height\":100,\"caption\":\"Tiger Topia Sriracha Zoo\"},\"image\":{\"@id\":\"https:\\\/\\\/tigertopiasrirachazoo.com\\\/#\\\/schema\\\/logo\\\/image\\\/\"}}]}<\/script>\n<!-- \/ Yoast SEO plugin. -->","yoast_head_json":{"title":"Foto mit gro\u00dfen Tigern | Ultimative Tigerbegegnung bei Tiger Topia","description":"Machen Sie ein einmaliges Foto mit einem gro\u00dfen Tiger im Tiger Topia Sriracha Zoo! Sicher, beaufsichtigt und perfekt f\u00fcr Nervenkitzel-Suchende. Jetzt buchen!","robots":{"index":"index","follow":"follow","max-snippet":"max-snippet:-1","max-image-preview":"max-image-preview:large","max-video-preview":"max-video-preview:-1"},"canonical":"https:\/\/tigertopiasrirachazoo.com\/de\/tickets\/foto-mit-grosen-tigern\/","og_locale":"de_DE","og_type":"article","og_title":"Photo With Big Tigers | Ultimate Tiger Encounter At Tiger Topia","og_description":"Capture A Once-In-A-Lifetime Photo With A Big Tiger At Tiger Topia Sriracha Zoo! Safe, Supervised, And Perfect For Thrill-Seekers. Book Now!","og_url":"https:\/\/tigertopiasrirachazoo.com\/de\/tickets\/foto-mit-grosen-tigern\/","og_site_name":"Tiger Topia Sriracha Zoo","article_modified_time":"2025-10-11T10:25:10+00:00","og_image":[{"width":1356,"height":904,"url":"https:\/\/tigertopiasrirachazoo.com\/wp-content\/uploads\/2025\/02\/Tiger-Topia-Ticket-1.png","type":"image\/png"}],"twitter_card":"summary_large_image","twitter_misc":{"Gesch\u00e4tzte Lesezeit":"4\u00a0Minuten"},"schema":{"@context":"https:\/\/schema.org","@graph":[{"@type":"WebPage","@id":"https:\/\/tigertopiasrirachazoo.com\/tickets\/photo-with-big-tigers\/","url":"https:\/\/tigertopiasrirachazoo.com\/tickets\/photo-with-big-tigers\/","name":"Foto mit gro\u00dfen Tigern | Ultimative Tigerbegegnung bei Tiger Topia","isPartOf":{"@id":"https:\/\/tigertopiasrirachazoo.com\/#website"},"primaryImageOfPage":{"@id":"https:\/\/tigertopiasrirachazoo.com\/tickets\/photo-with-big-tigers\/#primaryimage"},"image":{"@id":"https:\/\/tigertopiasrirachazoo.com\/tickets\/photo-with-big-tigers\/#primaryimage"},"thumbnailUrl":"https:\/\/tigertopiasrirachazoo.com\/wp-content\/uploads\/2025\/02\/Tiger-Topia-Ticket-1.png","datePublished":"2025-02-01T15:50:52+00:00","dateModified":"2025-10-11T10:25:10+00:00","description":"Machen Sie ein einmaliges Foto mit einem gro\u00dfen Tiger im Tiger Topia Sriracha Zoo! Sicher, beaufsichtigt und perfekt f\u00fcr Nervenkitzel-Suchende. Jetzt buchen!","breadcrumb":{"@id":"https:\/\/tigertopiasrirachazoo.com\/tickets\/photo-with-big-tigers\/#breadcrumb"},"inLanguage":"de","potentialAction":[{"@type":"ReadAction","target":["https:\/\/tigertopiasrirachazoo.com\/tickets\/photo-with-big-tigers\/"]}]},{"@type":"ImageObject","inLanguage":"de","@id":"https:\/\/tigertopiasrirachazoo.com\/tickets\/photo-with-big-tigers\/#primaryimage","url":"https:\/\/tigertopiasrirachazoo.com\/wp-content\/uploads\/2025\/02\/Tiger-Topia-Ticket-1.png","contentUrl":"https:\/\/tigertopiasrirachazoo.com\/wp-content\/uploads\/2025\/02\/Tiger-Topia-Ticket-1.png","width":1356,"height":904,"caption":"Tiger Topia Ticket"},{"@type":"BreadcrumbList","@id":"https:\/\/tigertopiasrirachazoo.com\/tickets\/photo-with-big-tigers\/#breadcrumb","itemListElement":[{"@type":"ListItem","position":1,"name":"Home","item":"https:\/\/tigertopiasrirachazoo.com\/"},{"@type":"ListItem","position":2,"name":"Tickets","item":"https:\/\/tigertopiasrirachazoo.com\/tickets\/"},{"@type":"ListItem","position":3,"name":"Photo with BIG TIGERS"}]},{"@type":"WebSite","@id":"https:\/\/tigertopiasrirachazoo.com\/#website","url":"https:\/\/tigertopiasrirachazoo.com\/","name":"Tiger Topia Sriracha Zoo","description":"","publisher":{"@id":"https:\/\/tigertopiasrirachazoo.com\/#organization"},"potentialAction":[{"@type":"SearchAction","target":{"@type":"EntryPoint","urlTemplate":"https:\/\/tigertopiasrirachazoo.com\/?s={search_term_string}"},"query-input":{"@type":"PropertyValueSpecification","valueRequired":true,"valueName":"search_term_string"}}],"inLanguage":"de"},{"@type":"Organization","@id":"https:\/\/tigertopiasrirachazoo.com\/#organization","name":"Tiger Topia Sriracha Zoo","url":"https:\/\/tigertopiasrirachazoo.com\/","logo":{"@type":"ImageObject","inLanguage":"de","@id":"https:\/\/tigertopiasrirachazoo.com\/#\/schema\/logo\/image\/","url":"https:\/\/tigertopiasrirachazoo.com\/wp-content\/uploads\/2024\/08\/Tiger-Topia-Sriracha-Zoo.png","contentUrl":"https:\/\/tigertopiasrirachazoo.com\/wp-content\/uploads\/2024\/08\/Tiger-Topia-Sriracha-Zoo.png","width":350,"height":100,"caption":"Tiger Topia Sriracha Zoo"},"image":{"@id":"https:\/\/tigertopiasrirachazoo.com\/#\/schema\/logo\/image\/"}}]}},"jetpack_sharing_enabled":true,"_links":{"self":[{"href":"https:\/\/tigertopiasrirachazoo.com\/de\/wp-json\/wp\/v2\/product\/3598","targetHints":{"allow":["GET"]}}],"collection":[{"href":"https:\/\/tigertopiasrirachazoo.com\/de\/wp-json\/wp\/v2\/product"}],"about":[{"href":"https:\/\/tigertopiasrirachazoo.com\/de\/wp-json\/wp\/v2\/types\/product"}],"wp:featuredmedia":[{"embeddable":true,"href":"https:\/\/tigertopiasrirachazoo.com\/de\/wp-json\/wp\/v2\/media\/3592"}],"wp:attachment":[{"href":"https:\/\/tigertopiasrirachazoo.com\/de\/wp-json\/wp\/v2\/media?parent=3598"}],"wp:term":[{"taxonomy":"product_brand","embeddable":true,"href":"https:\/\/tigertopiasrirachazoo.com\/de\/wp-json\/wp\/v2\/product_brand?post=3598"},{"taxonomy":"product_cat","embeddable":true,"href":"https:\/\/tigertopiasrirachazoo.com\/de\/wp-json\/wp\/v2\/product_cat?post=3598"},{"taxonomy":"product_tag","embeddable":true,"href":"https:\/\/tigertopiasrirachazoo.com\/de\/wp-json\/wp\/v2\/product_tag?post=3598"}],"curies":[{"name":"wp","href":"https:\/\/api.w.org\/{rel}","templated":true}]}}