{"id":3601,"date":"2025-02-01T21:39:23","date_gmt":"2025-02-01T16:09:23","guid":{"rendered":"https:\/\/tigertopiasrirachazoo.com\/?post_type=product&#038;p=3601"},"modified":"2025-09-23T13:56:32","modified_gmt":"2025-09-23T08:26:32","slug":"photo-with-white-lion","status":"publish","type":"product","link":"https:\/\/tigertopiasrirachazoo.com\/de\/tickets\/photo-with-white-lion\/","title":{"rendered":"Foto mit WEISSEM L\u00d6WE"},"content":{"rendered":"<h1><strong>\ud83d\udcf8 Photo with White Lion \u2013 Tiger Topia Sriracha Zoo<\/strong><\/h1>\n<h2><strong>\ud83d\udcd6 About Photo with White Lion<\/strong><\/h2>\n<p>Erleben Sie ein <strong>once-in-a-lifetime wildlife encounter<\/strong> mit dem <strong>rare and majestic White Lion<\/strong> bei <a href=\"https:\/\/tigertopiasrirachazoo.com\/de\/\"><strong>Tiger Topia Sriracha Zoo<\/strong><\/a>! This exclusive activity allows you to <strong>pose beside one of the world\u2019s most elusive big cats<\/strong>, die Erfassung eines <strong>unvergesslicher Moment<\/strong> with these <strong>rare and breathtaking creatures<\/strong>Durchgef\u00fchrt in einem <strong>sichere und kontrollierte Umgebung<\/strong>, the session is <strong>unter Aufsicht professioneller Hundef\u00fchrer<\/strong>, Gew\u00e4hrleistung einer <strong>secure and ethical experience<\/strong> for both visitors and the lion. Don\u2019t miss this chance to be <strong>face-to-face with the King of the Jungle in its rarest form!<\/strong><\/p>\n<hr \/>\n<h2><strong>\ud83d\udd52 Zeitplan<\/strong><\/h2>\n<p>\u2714 <strong>\u00d6ffnungszeiten:<\/strong> T\u00e4glich von <strong>9:00 \u2013 15:30 Uhr<\/strong><br \/>\n\u2714 <strong>Letzter Eintrag:<\/strong> <strong>15:00 Uhr<\/strong><br \/>\n\u2714 <strong>Dauer:<\/strong> <strong>5 \u2013 10 Minuten<\/strong><\/p>\n<p>\ud83d\udcc5 <strong>Begrenzte Pl\u00e4tze verf\u00fcgbar \u2013 eine fr\u00fchzeitige Buchung wird dringend empfohlen!<\/strong><\/p>\n<hr \/>\n<h2><strong>\ud83c\udf1f Highlights<\/strong><\/h2>\n<ul>\n<li>\ud83e\udd81 <strong>Pose Beside A Rare White Lion<\/strong> \u2013 Erfassen Sie ein <strong>stunning photo with this majestic, rare big cat<\/strong>.<\/li>\n<li>\ud83d\udcf8 <strong>Once-In-A-Lifetime Experience<\/strong> - A <strong>unique wildlife encounter<\/strong> with an <strong>endangered White Lion<\/strong>.<\/li>\n<li>\ud83d\udc68\u200d\ud83c\udfeb <strong>Supervised By Expert Handlers<\/strong> \u2013 Gew\u00e4hrleistung einer <strong>safe and responsible interaction<\/strong> with the lion.<\/li>\n<li>\ud83c\udfc6 <strong>Exklusive und seltene Gelegenheit<\/strong> \u2013 Very few places in the world offer this <strong>one-of-a-kind experience<\/strong>.<\/li>\n<li>\ud83c\udfad <strong>Perfect For Adventure Seekers &amp; Wildlife Lovers<\/strong> \u2013 An ideal experience for <strong>photographers, thrill-seekers, and animal enthusiasts<\/strong>.<\/li>\n<li>\ud83c\udf0d <strong>Ethische und sichere Interaktion<\/strong> \u2013 Durchgef\u00fchrt unter <strong>strenge Tierschutzrichtlinien<\/strong>.<\/li>\n<\/ul>\n<hr \/>\n<h2><strong>\u2705 Was ist enthalten<\/strong><\/h2>\n<p>\u2714 <strong>Gef\u00fchrte Fotosession<\/strong> mit einem <strong>majestic White Lion<\/strong><br \/>\n\u2714 <strong>Supervision by professional handlers<\/strong> ensuring <strong>safety<\/strong><br \/>\n\u2714 <strong>M\u00f6glichkeit, pers\u00f6nliche Fotos und Videos aufzunehmen<\/strong><br \/>\n\u2714 <strong>A rare, up-close encounter with an endangered big cat<\/strong><\/p>\n<hr \/>\n<h2><strong>\u274c Einschl\u00fcsse \/ Ausschl\u00fcsse<\/strong><\/h2>\n<h3>\u2714 <strong>Enthalten:<\/strong><\/h3>\n<ul>\n<li>Einzelunterricht <strong>photo session with a White Lion<\/strong><\/li>\n<li><strong>Professionelle Betreuung<\/strong> f\u00fcr eine <strong>secure experience<\/strong><\/li>\n<li><strong>Zugang zu ausgewiesenen Fotozonen<\/strong><\/li>\n<\/ul>\n<h3>\u2716 <strong>Nicht im Preis enthalten:<\/strong><\/h3>\n<ul>\n<li>Gedruckte Fotos (separat erh\u00e4ltlich)<\/li>\n<li>Zus\u00e4tzliche Tierinteraktionen (k\u00f6nnen als Add-Ons gebucht werden)<\/li>\n<li>Transport zum\/vom Zoo (optional <strong>Hoteltransfers verf\u00fcgbar<\/strong>)<\/li>\n<\/ul>\n<hr \/>\n<h2><strong>\ud83d\udc76 Kinderrichtlinie<\/strong><\/h2>\n<p>\u2714 <strong>Kinder unter 140 cm sind NICHT erlaubt<\/strong> um an dieser Aktivit\u00e4t teilzunehmen.<br \/>\n\u2714 Kinder <strong>140 cm und mehr<\/strong> k\u00f6nnen teilnehmen, m\u00fcssen aber <strong>in Begleitung eines zahlenden Erwachsenen (18+).<\/strong><br \/>\n\u2714 Familien mit j\u00fcngeren Kindern k\u00f6nnen andere <strong>interaktive Tiererlebnisse<\/strong> im Zoo.<\/p>\n<hr \/>\n<h2><strong>\ud83d\udeab R\u00fcckerstattungs- und Stornierungsbedingungen<\/strong><\/h2>\n<p>\u274c <strong>Keine Stornierungen, keine R\u00fcckerstattungen<\/strong> \u2013 Tickets sind <strong>nicht erstattungsf\u00e4hig und nicht \u00fcbertragbar<\/strong>.<br \/>\n\ud83d\udcc5 <strong>Termingebundene Buchung<\/strong> \u2013 Gilt nur f\u00fcr die <strong>ausgew\u00e4hltes Datum<\/strong> und kann nicht verschoben werden.<br \/>\n\u23f3 <strong>Vers\u00e4umte Sitzungen werden nicht nachgeholt<\/strong> \u2013 Bei versp\u00e4teter Ankunft kann es sein, dass Sie Ihren Zeitrahmen verpassen.<\/p>\n<hr \/>\n<h2><strong>\ud83d\udccc Was gibt es noch?<\/strong><\/h2>\n<p>\u2714 <strong>Kombinieren Sie es mit anderen Wildlife-Erlebnissen<\/strong> \u2013 Koppeln Sie Ihr <strong>White Lion Photo Session<\/strong> mit einem <strong>Tigerf\u00fctterung, Krokodilshow oder Waldspaziergang mit Tigern<\/strong>.<br \/>\n\u2714 <strong>Entdecken Sie den Zoo<\/strong> - Entdecken <strong>Big Tigers, Lions, Baby Tigers, and interactive feeding sessions<\/strong>.<br \/>\n\u2714 <strong>Speisen Sie im Royal Bengal Tigers Restaurant<\/strong> \u2013 In der N\u00e4he des Ticketschalters gelegen, bietet es eine <strong>leckeres Fr\u00fchst\u00fccks- und Mittagsbuffet<\/strong>.<\/p>\n<hr \/>\n<h2><strong>\ud83d\udca1 Insider-Tipps<\/strong><\/h2>\n<p>\u2b50 <strong>Kommen Sie fr\u00fch<\/strong> \u2013 Begrenzte Pl\u00e4tze verf\u00fcgbar, daher sorgt eine fr\u00fchzeitige Buchung f\u00fcr <strong>nahtloses Erlebnis<\/strong>.<br \/>\n\u2b50 <strong>Bequeme Kleidung<\/strong> - Vermeiden <strong>grelle Farben, lose Schals oder baumelnde Accessoires<\/strong> das k\u00f6nnte den L\u00f6wen ablenken.<br \/>\n\u2b50 <strong>Machen Sie den perfekten Schnappschuss<\/strong> \u2013 Bringen Sie Ihre <strong>eigene Kamera oder Telefon<\/strong>oder kaufen <strong>professionell ausgedruckte Fotos am Veranstaltungsort<\/strong>.<br \/>\n\u2b50 <strong>Bleiben Sie ruhig und zuversichtlich<\/strong> \u2013 Befolgen Sie alle Anweisungen der Hundef\u00fchrer, um sicherzustellen, <strong>ein reibungsloses und sicheres Erlebnis<\/strong>.<\/p>\n<hr \/>\n<h2><strong>\u2705 Was man tun und lassen sollte<\/strong><\/h2>\n<h3>\u2714 <strong>DOS:<\/strong><\/h3>\n<ul>\n<li>Folgen <strong>alle Sicherheitshinweise<\/strong> werden von den Trainern zur Verf\u00fcgung gestellt.<\/li>\n<li>Pflegen <strong>ein ruhiges und ruhiges Auftreten<\/strong> in der N\u00e4he des L\u00f6wen.<\/li>\n<li>Tragen <strong>bequeme Kleidung<\/strong> \u2013 Vermeiden Sie losen Schmuck oder Gegenst\u00e4nde, die den L\u00f6wen ablenken k\u00f6nnten.<\/li>\n<\/ul>\n<h3>\u274c <strong>Was Sie nicht tun sollten:<\/strong><\/h3>\n<ul>\n<li><strong>Versuchen Sie NICHT, den L\u00f6wen zu ber\u00fchren oder zu provozieren<\/strong> sofern keine Anweisung erfolgt.<\/li>\n<li><strong>Keine lauten Ger\u00e4usche oder pl\u00f6tzlichen Bewegungen<\/strong> das k\u00f6nnte das Tier erschrecken.<\/li>\n<li><strong>Kein Blitzlicht<\/strong>, da es den L\u00f6wen st\u00f6ren kann.<\/li>\n<li><strong>Keine Speisen und Getr\u00e4nke von au\u00dferhalb<\/strong> im Fotobereich.<\/li>\n<\/ul>\n<hr \/>\n<h2><strong>\ud83d\udd0d Wissenswertes vor der Reise<\/strong><\/h2>\n<ul>\n<li>\ud83c\udf9f <strong>Voranmeldung erforderlich:<\/strong> <strong>Begrenzte Pl\u00e4tze verf\u00fcgbar<\/strong> jeden Tag.<\/li>\n<li>\ud83c\udfde <strong>Beste Reisezeit:<\/strong> Vormittags f\u00fcr <strong>bessere Beleuchtung und weniger Menschenmassen<\/strong>.<\/li>\n<li>\u23f0 <strong>Feste Zeitfenster:<\/strong> Kommen Sie p\u00fcnktlich zum <strong>Verpassen Sie keine Sitzung<\/strong>.<\/li>\n<li>\ud83d\udc5a <strong>Kleiderordnung:<\/strong> <strong>Es wird empfohlen, Kleidung in neutralen Farben und geschlossene Schuhe zu tragen.<\/strong>.<\/li>\n<\/ul>\n<hr \/>\n<h2><strong>\ud83d\ude96 So erreichen Sie den Tiger Topia Sriracha Zoo<\/strong><\/h2>\n<p>\ud83d\udccd <strong>Standort:<\/strong> <strong>341, Si Racha, Chon Buri, Thailand<\/strong><br \/>\n\ud83d\udccd <strong>Google Maps:<\/strong> <a href=\"https:\/\/maps.app.goo.gl\/CyLT4T9JNGumc9bM8\" target=\"_blank\" rel=\"noopener\">Tiger Topia Sriracha Zoo Standort<\/a><\/p>\n<p>\ud83d\ude97 <strong>Mit dem Taxi:<\/strong> Direkte Taxis verf\u00fcgbar von <strong>Pattaya und Umgebung<\/strong>.<br \/>\n\ud83d\ude8c <strong>Mit \u00f6ffentlichen Verkehrsmitteln:<\/strong> Nehmen Sie ein <strong>Bus oder Songthaew (Sammeltaxi) zur Sukhumvit Road<\/strong>, dann eine kurze Fahrt zum Zoo.<br \/>\n\ud83d\ude97 <strong>Mit dem Auto:<\/strong> Frei <strong>Parkpl\u00e4tze vor Ort<\/strong> verf\u00fcgbar.<\/p>\n<hr \/>\n<h2><strong>\u2753 H\u00e4ufig gestellte Fragen (FAQs)<\/strong><\/h2>\n<p><strong>1. Is the Photo with White Lion experience safe?<\/strong><br \/>\n\u2714 Ja! Die Aktivit\u00e4t ist <strong>Durchf\u00fchrung unter fachkundiger Aufsicht<\/strong>, Gew\u00e4hrleistung einer <strong>sichere und kontrollierte Umgebung<\/strong>.<\/p>\n<p><strong>2. Kann ich Tickets online buchen?<\/strong><br \/>\n\u2714 Nein! <strong>Eine fr\u00fchzeitige Buchung wird dringend empfohlen<\/strong> wegen <strong>beschr\u00e4nkte Verf\u00fcgbarkeit<\/strong>. Buchen Sie online f\u00fcr <strong>Rabatte &amp; garantierter Eintritt<\/strong>.<\/p>\n<p><strong>3. Can I touch the White Lion during the photo session?<\/strong><br \/>\n\u2714 <strong>Nur mit Erlaubnis des Trainers<\/strong>Direkte Interaktion ist <strong>Aus Sicherheitsgr\u00fcnden sorgf\u00e4ltig kontrolliert<\/strong>.<\/p>\n<p><strong>4. Sind ausgedruckte Fotos im Paket enthalten?<\/strong><br \/>\n\u274c Nein, aber Sie k\u00f6nnen <strong>Kaufen Sie hochwertige gedruckte Fotos<\/strong> am Veranstaltungsort.<\/p>\n<p><strong>5. K\u00f6nnen Kinder an dieser Aktivit\u00e4t teilnehmen?<\/strong><br \/>\n\u2714 <strong>Nur Besucher ab 140 cm<\/strong> sind erlaubt. Familien mit j\u00fcngeren Kindern k\u00f6nnen genie\u00dfen <strong>andere Attraktionen wie Tigerbabyfotos und die Tigershow<\/strong>.<\/p>\n<hr \/>\n<h3><strong>\ud83c\udf9f Buchen Sie jetzt Ihre Tickets!<\/strong><\/h3>\n<p>Das sollten Sie nicht verpassen <strong>unglaubliches Raubkatzen-Erlebnis<\/strong>! <strong>Book your Photo with White Lion tickets today<\/strong> und erfassen Sie ein <strong>iconic moment with this rare and majestic creature at <a href=\"https:\/\/tigertopiasrirachazoo.com\/de\/\">Tiger Topia Sriracha Zoo<\/a>!<\/strong><\/p>","protected":false},"excerpt":{"rendered":"<table class=\"short-description\">\n<tbody class=\"tabel364\">\n<tr class=\"short-description-tr32r\">\n<th class=\"short-description-th\"><span class=\"description-h23\"><strong class=\"description-strong67\">F\u00fcr Buchungen am selben Tag m\u00fcssen Buchungen 1 Stunde im Voraus erfolgen.<\/strong><\/span><\/th>\n<\/tr>\n<\/tbody>\n<\/table>","protected":false},"featured_media":3580,"template":"","meta":{"ocean_post_layout":"","ocean_both_sidebars_style":"","ocean_both_sidebars_content_width":0,"ocean_both_sidebars_sidebars_width":0,"ocean_sidebar":"0","ocean_second_sidebar":"0","ocean_disable_margins":"enable","ocean_add_body_class":"","ocean_shortcode_before_top_bar":"","ocean_shortcode_after_top_bar":"","ocean_shortcode_before_header":"","ocean_shortcode_after_header":"","ocean_has_shortcode":"","ocean_shortcode_after_title":"","ocean_shortcode_before_footer_widgets":"","ocean_shortcode_after_footer_widgets":"","ocean_shortcode_before_footer_bottom":"","ocean_shortcode_after_footer_bottom":"","ocean_display_top_bar":"default","ocean_display_header":"default","ocean_header_style":"","ocean_center_header_left_menu":"0","ocean_custom_header_template":"0","ocean_custom_logo":0,"ocean_custom_retina_logo":0,"ocean_custom_logo_max_width":0,"ocean_custom_logo_tablet_max_width":0,"ocean_custom_logo_mobile_max_width":0,"ocean_custom_logo_max_height":0,"ocean_custom_logo_tablet_max_height":0,"ocean_custom_logo_mobile_max_height":0,"ocean_header_custom_menu":"0","ocean_menu_typo_font_family":"0","ocean_menu_typo_font_subset":"","ocean_menu_typo_font_size":0,"ocean_menu_typo_font_size_tablet":0,"ocean_menu_typo_font_size_mobile":0,"ocean_menu_typo_font_size_unit":"px","ocean_menu_typo_font_weight":"","ocean_menu_typo_font_weight_tablet":"","ocean_menu_typo_font_weight_mobile":"","ocean_menu_typo_transform":"","ocean_menu_typo_transform_tablet":"","ocean_menu_typo_transform_mobile":"","ocean_menu_typo_line_height":0,"ocean_menu_typo_line_height_tablet":0,"ocean_menu_typo_line_height_mobile":0,"ocean_menu_typo_line_height_unit":"","ocean_menu_typo_spacing":0,"ocean_menu_typo_spacing_tablet":0,"ocean_menu_typo_spacing_mobile":0,"ocean_menu_typo_spacing_unit":"","ocean_menu_link_color":"","ocean_menu_link_color_hover":"","ocean_menu_link_color_active":"","ocean_menu_link_background":"","ocean_menu_link_hover_background":"","ocean_menu_link_active_background":"","ocean_menu_social_links_bg":"","ocean_menu_social_hover_links_bg":"","ocean_menu_social_links_color":"","ocean_menu_social_hover_links_color":"","ocean_disable_title":"default","ocean_disable_heading":"default","ocean_post_title":"","ocean_post_subheading":"","ocean_post_title_style":"","ocean_post_title_background_color":"","ocean_post_title_background":0,"ocean_post_title_bg_image_position":"","ocean_post_title_bg_image_attachment":"","ocean_post_title_bg_image_repeat":"","ocean_post_title_bg_image_size":"","ocean_post_title_height":0,"ocean_post_title_bg_overlay":0.5,"ocean_post_title_bg_overlay_color":"","ocean_disable_breadcrumbs":"default","ocean_breadcrumbs_color":"","ocean_breadcrumbs_separator_color":"","ocean_breadcrumbs_links_color":"","ocean_breadcrumbs_links_hover_color":"","ocean_display_footer_widgets":"default","ocean_display_footer_bottom":"default","ocean_custom_footer_template":"0"},"product_brand":[],"product_cat":[20],"product_tag":[555,545,554,563,559,557,546,549,551,552,560,470,562,556,561,550,553,558],"class_list":{"0":"post-3601","1":"product","2":"type-product","3":"status-publish","4":"has-post-thumbnail","6":"product_cat-tickets","7":"product_tag-best-white-lion-experience","8":"product_tag-best-zoo-photo-experience-thailand","9":"product_tag-big-cat-photo-session","10":"product_tag-bucket-list-animal-encounter","11":"product_tag-exclusive-white-lion-encounter","12":"product_tag-majestic-white-lion-thailand","13":"product_tag-must-do-wildlife-activity-thailand","14":"product_tag-photo-with-white-lion","15":"product_tag-pose-with-a-white-lion","16":"product_tag-rare-white-lion-encounter","17":"product_tag-thrilling-white-lion-photo-session","18":"product_tag-tiger-topia-sriracha-zoo-tickets","19":"product_tag-unique-big-cat-experience","20":"product_tag-up-close-white-lion-interaction","21":"product_tag-white-lion-adventure-thailand","22":"product_tag-white-lion-photo-experience","23":"product_tag-white-lion-photography","24":"product_tag-wildlife-photography-with-white-lions","26":"entry","27":"has-media","28":"tm-has-options","30":"first","31":"instock","32":"virtual","33":"taxable","34":"purchasable","35":"product-type-simple","36":"has-product-nav","37":"col","38":"span_1_of_3","39":"owp-content-center","40":"owp-thumbs-layout-horizontal","41":"owp-btn-normal","42":"owp-tabs-layout-horizontal"},"yoast_head":"<!-- This site is optimized with the Yoast SEO plugin v27.4 - https:\/\/yoast.com\/product\/yoast-seo-wordpress\/ -->\n<title>Book Photo With White Lion | Rare Lion Encounter At Tiger Topia<\/title>\n<meta name=\"description\" content=\"Pose With A Majestic White Lion At Tiger Topia Sriracha Zoo! A Safe, Supervised, And Exclusive Big Cat Photo Experience. Book Your Spot Today!\" \/>\n<meta name=\"robots\" content=\"index, follow, max-snippet:-1, max-image-preview:large, max-video-preview:-1\" \/>\n<link rel=\"canonical\" href=\"https:\/\/tigertopiasrirachazoo.com\/de\/tickets\/photo-with-white-lion\/\" \/>\n<meta property=\"og:locale\" content=\"de_DE\" \/>\n<meta property=\"og:type\" content=\"article\" \/>\n<meta property=\"og:title\" content=\"Book Photo With White Lion | Rare Lion Encounter At Tiger Topia\" \/>\n<meta property=\"og:description\" content=\"Pose With A Majestic White Lion At Tiger Topia Sriracha Zoo! A Safe, Supervised, And Exclusive Big Cat Photo Experience. Book Your Spot Today!\" \/>\n<meta property=\"og:url\" content=\"https:\/\/tigertopiasrirachazoo.com\/de\/tickets\/photo-with-white-lion\/\" \/>\n<meta property=\"og:site_name\" content=\"Tiger Topia Sriracha Zoo\" \/>\n<meta property=\"article:modified_time\" content=\"2025-09-23T08:26:32+00:00\" \/>\n<meta property=\"og:image\" content=\"https:\/\/tigertopiasrirachazoo.com\/wp-content\/uploads\/2025\/02\/Sri-Racha-Zoo-Tickets.png\" \/>\n\t<meta property=\"og:image:width\" content=\"1356\" \/>\n\t<meta property=\"og:image:height\" content=\"904\" \/>\n\t<meta property=\"og:image:type\" content=\"image\/png\" \/>\n<meta name=\"twitter:card\" content=\"summary_large_image\" \/>\n<meta name=\"twitter:label1\" content=\"Gesch\u00e4tzte Lesezeit\" \/>\n\t<meta name=\"twitter:data1\" content=\"5\u00a0Minuten\" \/>\n<script type=\"application\/ld+json\" class=\"yoast-schema-graph\">{\"@context\":\"https:\\\/\\\/schema.org\",\"@graph\":[{\"@type\":\"WebPage\",\"@id\":\"https:\\\/\\\/tigertopiasrirachazoo.com\\\/tickets\\\/photo-with-white-lion\\\/\",\"url\":\"https:\\\/\\\/tigertopiasrirachazoo.com\\\/tickets\\\/photo-with-white-lion\\\/\",\"name\":\"Book Photo With White Lion | Rare Lion Encounter At Tiger Topia\",\"isPartOf\":{\"@id\":\"https:\\\/\\\/tigertopiasrirachazoo.com\\\/#website\"},\"primaryImageOfPage\":{\"@id\":\"https:\\\/\\\/tigertopiasrirachazoo.com\\\/tickets\\\/photo-with-white-lion\\\/#primaryimage\"},\"image\":{\"@id\":\"https:\\\/\\\/tigertopiasrirachazoo.com\\\/tickets\\\/photo-with-white-lion\\\/#primaryimage\"},\"thumbnailUrl\":\"https:\\\/\\\/tigertopiasrirachazoo.com\\\/wp-content\\\/uploads\\\/2025\\\/02\\\/Sri-Racha-Zoo-Tickets.png\",\"datePublished\":\"2025-02-01T16:09:23+00:00\",\"dateModified\":\"2025-09-23T08:26:32+00:00\",\"description\":\"Pose With A Majestic White Lion At Tiger Topia Sriracha Zoo! A Safe, Supervised, And Exclusive Big Cat Photo Experience. Book Your Spot Today!\",\"breadcrumb\":{\"@id\":\"https:\\\/\\\/tigertopiasrirachazoo.com\\\/tickets\\\/photo-with-white-lion\\\/#breadcrumb\"},\"inLanguage\":\"de\",\"potentialAction\":[{\"@type\":\"ReadAction\",\"target\":[\"https:\\\/\\\/tigertopiasrirachazoo.com\\\/tickets\\\/photo-with-white-lion\\\/\"]}]},{\"@type\":\"ImageObject\",\"inLanguage\":\"de\",\"@id\":\"https:\\\/\\\/tigertopiasrirachazoo.com\\\/tickets\\\/photo-with-white-lion\\\/#primaryimage\",\"url\":\"https:\\\/\\\/tigertopiasrirachazoo.com\\\/wp-content\\\/uploads\\\/2025\\\/02\\\/Sri-Racha-Zoo-Tickets.png\",\"contentUrl\":\"https:\\\/\\\/tigertopiasrirachazoo.com\\\/wp-content\\\/uploads\\\/2025\\\/02\\\/Sri-Racha-Zoo-Tickets.png\",\"width\":1356,\"height\":904,\"caption\":\"Sri Racha Zoo Tickets\"},{\"@type\":\"BreadcrumbList\",\"@id\":\"https:\\\/\\\/tigertopiasrirachazoo.com\\\/tickets\\\/photo-with-white-lion\\\/#breadcrumb\",\"itemListElement\":[{\"@type\":\"ListItem\",\"position\":1,\"name\":\"Home\",\"item\":\"https:\\\/\\\/tigertopiasrirachazoo.com\\\/\"},{\"@type\":\"ListItem\",\"position\":2,\"name\":\"Tickets\",\"item\":\"https:\\\/\\\/tigertopiasrirachazoo.com\\\/tickets\\\/\"},{\"@type\":\"ListItem\",\"position\":3,\"name\":\"Photo with WHITE LION\"}]},{\"@type\":\"WebSite\",\"@id\":\"https:\\\/\\\/tigertopiasrirachazoo.com\\\/#website\",\"url\":\"https:\\\/\\\/tigertopiasrirachazoo.com\\\/\",\"name\":\"Tiger Topia Sriracha Zoo\",\"description\":\"\",\"publisher\":{\"@id\":\"https:\\\/\\\/tigertopiasrirachazoo.com\\\/#organization\"},\"potentialAction\":[{\"@type\":\"SearchAction\",\"target\":{\"@type\":\"EntryPoint\",\"urlTemplate\":\"https:\\\/\\\/tigertopiasrirachazoo.com\\\/?s={search_term_string}\"},\"query-input\":{\"@type\":\"PropertyValueSpecification\",\"valueRequired\":true,\"valueName\":\"search_term_string\"}}],\"inLanguage\":\"de\"},{\"@type\":\"Organization\",\"@id\":\"https:\\\/\\\/tigertopiasrirachazoo.com\\\/#organization\",\"name\":\"Tiger Topia Sriracha Zoo\",\"url\":\"https:\\\/\\\/tigertopiasrirachazoo.com\\\/\",\"logo\":{\"@type\":\"ImageObject\",\"inLanguage\":\"de\",\"@id\":\"https:\\\/\\\/tigertopiasrirachazoo.com\\\/#\\\/schema\\\/logo\\\/image\\\/\",\"url\":\"https:\\\/\\\/tigertopiasrirachazoo.com\\\/wp-content\\\/uploads\\\/2024\\\/08\\\/Tiger-Topia-Sriracha-Zoo.png\",\"contentUrl\":\"https:\\\/\\\/tigertopiasrirachazoo.com\\\/wp-content\\\/uploads\\\/2024\\\/08\\\/Tiger-Topia-Sriracha-Zoo.png\",\"width\":350,\"height\":100,\"caption\":\"Tiger Topia Sriracha Zoo\"},\"image\":{\"@id\":\"https:\\\/\\\/tigertopiasrirachazoo.com\\\/#\\\/schema\\\/logo\\\/image\\\/\"}}]}<\/script>\n<!-- \/ Yoast SEO plugin. -->","yoast_head_json":{"title":"Book Photo With White Lion | Rare Lion Encounter At Tiger Topia","description":"Pose With A Majestic White Lion At Tiger Topia Sriracha Zoo! A Safe, Supervised, And Exclusive Big Cat Photo Experience. Book Your Spot Today!","robots":{"index":"index","follow":"follow","max-snippet":"max-snippet:-1","max-image-preview":"max-image-preview:large","max-video-preview":"max-video-preview:-1"},"canonical":"https:\/\/tigertopiasrirachazoo.com\/de\/tickets\/photo-with-white-lion\/","og_locale":"de_DE","og_type":"article","og_title":"Book Photo With White Lion | Rare Lion Encounter At Tiger Topia","og_description":"Pose With A Majestic White Lion At Tiger Topia Sriracha Zoo! A Safe, Supervised, And Exclusive Big Cat Photo Experience. Book Your Spot Today!","og_url":"https:\/\/tigertopiasrirachazoo.com\/de\/tickets\/photo-with-white-lion\/","og_site_name":"Tiger Topia Sriracha Zoo","article_modified_time":"2025-09-23T08:26:32+00:00","og_image":[{"width":1356,"height":904,"url":"https:\/\/tigertopiasrirachazoo.com\/wp-content\/uploads\/2025\/02\/Sri-Racha-Zoo-Tickets.png","type":"image\/png"}],"twitter_card":"summary_large_image","twitter_misc":{"Gesch\u00e4tzte Lesezeit":"5\u00a0Minuten"},"schema":{"@context":"https:\/\/schema.org","@graph":[{"@type":"WebPage","@id":"https:\/\/tigertopiasrirachazoo.com\/tickets\/photo-with-white-lion\/","url":"https:\/\/tigertopiasrirachazoo.com\/tickets\/photo-with-white-lion\/","name":"Book Photo With White Lion | Rare Lion Encounter At Tiger Topia","isPartOf":{"@id":"https:\/\/tigertopiasrirachazoo.com\/#website"},"primaryImageOfPage":{"@id":"https:\/\/tigertopiasrirachazoo.com\/tickets\/photo-with-white-lion\/#primaryimage"},"image":{"@id":"https:\/\/tigertopiasrirachazoo.com\/tickets\/photo-with-white-lion\/#primaryimage"},"thumbnailUrl":"https:\/\/tigertopiasrirachazoo.com\/wp-content\/uploads\/2025\/02\/Sri-Racha-Zoo-Tickets.png","datePublished":"2025-02-01T16:09:23+00:00","dateModified":"2025-09-23T08:26:32+00:00","description":"Pose With A Majestic White Lion At Tiger Topia Sriracha Zoo! A Safe, Supervised, And Exclusive Big Cat Photo Experience. Book Your Spot Today!","breadcrumb":{"@id":"https:\/\/tigertopiasrirachazoo.com\/tickets\/photo-with-white-lion\/#breadcrumb"},"inLanguage":"de","potentialAction":[{"@type":"ReadAction","target":["https:\/\/tigertopiasrirachazoo.com\/tickets\/photo-with-white-lion\/"]}]},{"@type":"ImageObject","inLanguage":"de","@id":"https:\/\/tigertopiasrirachazoo.com\/tickets\/photo-with-white-lion\/#primaryimage","url":"https:\/\/tigertopiasrirachazoo.com\/wp-content\/uploads\/2025\/02\/Sri-Racha-Zoo-Tickets.png","contentUrl":"https:\/\/tigertopiasrirachazoo.com\/wp-content\/uploads\/2025\/02\/Sri-Racha-Zoo-Tickets.png","width":1356,"height":904,"caption":"Sri Racha Zoo Tickets"},{"@type":"BreadcrumbList","@id":"https:\/\/tigertopiasrirachazoo.com\/tickets\/photo-with-white-lion\/#breadcrumb","itemListElement":[{"@type":"ListItem","position":1,"name":"Home","item":"https:\/\/tigertopiasrirachazoo.com\/"},{"@type":"ListItem","position":2,"name":"Tickets","item":"https:\/\/tigertopiasrirachazoo.com\/tickets\/"},{"@type":"ListItem","position":3,"name":"Photo with WHITE LION"}]},{"@type":"WebSite","@id":"https:\/\/tigertopiasrirachazoo.com\/#website","url":"https:\/\/tigertopiasrirachazoo.com\/","name":"Tiger Topia Sriracha Zoo","description":"","publisher":{"@id":"https:\/\/tigertopiasrirachazoo.com\/#organization"},"potentialAction":[{"@type":"SearchAction","target":{"@type":"EntryPoint","urlTemplate":"https:\/\/tigertopiasrirachazoo.com\/?s={search_term_string}"},"query-input":{"@type":"PropertyValueSpecification","valueRequired":true,"valueName":"search_term_string"}}],"inLanguage":"de"},{"@type":"Organization","@id":"https:\/\/tigertopiasrirachazoo.com\/#organization","name":"Tiger Topia Sriracha Zoo","url":"https:\/\/tigertopiasrirachazoo.com\/","logo":{"@type":"ImageObject","inLanguage":"de","@id":"https:\/\/tigertopiasrirachazoo.com\/#\/schema\/logo\/image\/","url":"https:\/\/tigertopiasrirachazoo.com\/wp-content\/uploads\/2024\/08\/Tiger-Topia-Sriracha-Zoo.png","contentUrl":"https:\/\/tigertopiasrirachazoo.com\/wp-content\/uploads\/2024\/08\/Tiger-Topia-Sriracha-Zoo.png","width":350,"height":100,"caption":"Tiger Topia Sriracha Zoo"},"image":{"@id":"https:\/\/tigertopiasrirachazoo.com\/#\/schema\/logo\/image\/"}}]}},"jetpack_sharing_enabled":true,"_links":{"self":[{"href":"https:\/\/tigertopiasrirachazoo.com\/de\/wp-json\/wp\/v2\/product\/3601","targetHints":{"allow":["GET"]}}],"collection":[{"href":"https:\/\/tigertopiasrirachazoo.com\/de\/wp-json\/wp\/v2\/product"}],"about":[{"href":"https:\/\/tigertopiasrirachazoo.com\/de\/wp-json\/wp\/v2\/types\/product"}],"wp:featuredmedia":[{"embeddable":true,"href":"https:\/\/tigertopiasrirachazoo.com\/de\/wp-json\/wp\/v2\/media\/3580"}],"wp:attachment":[{"href":"https:\/\/tigertopiasrirachazoo.com\/de\/wp-json\/wp\/v2\/media?parent=3601"}],"wp:term":[{"taxonomy":"product_brand","embeddable":true,"href":"https:\/\/tigertopiasrirachazoo.com\/de\/wp-json\/wp\/v2\/product_brand?post=3601"},{"taxonomy":"product_cat","embeddable":true,"href":"https:\/\/tigertopiasrirachazoo.com\/de\/wp-json\/wp\/v2\/product_cat?post=3601"},{"taxonomy":"product_tag","embeddable":true,"href":"https:\/\/tigertopiasrirachazoo.com\/de\/wp-json\/wp\/v2\/product_tag?post=3601"}],"curies":[{"name":"wp","href":"https:\/\/api.w.org\/{rel}","templated":true}]}}