{"id":3603,"date":"2025-02-01T21:50:30","date_gmt":"2025-02-01T16:20:30","guid":{"rendered":"https:\/\/tigertopiasrirachazoo.com\/?post_type=product&#038;p=3603"},"modified":"2025-10-11T15:54:44","modified_gmt":"2025-10-11T10:24:44","slug":"foto-mit-babykrokodilen","status":"publish","type":"product","link":"https:\/\/tigertopiasrirachazoo.com\/de\/tickets\/foto-mit-babykrokodilen\/","title":{"rendered":"Foto mit BABY-KROKODILEN"},"content":{"rendered":"<h1><strong>\ud83d\udcf8 Foto mit Babykrokodilen \u2013 Tiger Topia Sriracha Zoo<\/strong><\/h1>\n<h2><strong>\ud83d\udcd6 \u00dcber Foto mit Babykrokodilen<\/strong><\/h2>\n<p>Machen Sie sich bereit f\u00fcr eine <strong>unterhaltsames und einzigartiges Wildlife-Erlebnis<\/strong> mit dem <strong>Foto mit Babykrokodilen<\/strong> Aktivit\u00e4t bei <a href=\"https:\/\/tigertopiasrirachazoo.com\/de\"><strong>Tiger Topia Sriracha Zoo<\/strong><\/a>! Das <strong>spannende und interaktive Begegnung<\/strong> erm\u00f6glicht es Ihnen, <strong>Halten und posieren Sie mit einem Babykrokodil<\/strong>, die Erfassung eines <strong>unvergesslicher Moment<\/strong> w\u00e4hrend Sie etwas \u00fcber diese faszinierenden Reptilien lernen. <strong>sichere und beaufsichtigte Umgebung<\/strong>, diese Erfahrung gew\u00e4hrleistet eine <strong>sichere und ethische Interaktion<\/strong>und ist somit perfekt f\u00fcr <strong>Familien, Tierliebhaber und Abenteuerlustige<\/strong>.<\/p>\n<hr \/>\n<h2><strong>\ud83d\udd52 Zeitplan<\/strong><\/h2>\n<p>\u2714 <strong>\u00d6ffnungszeiten:<\/strong> T\u00e4glich von <strong>9:00 \u2013 15:30 Uhr<\/strong><br \/>\n\u2714 <strong>Letzter Eintrag:<\/strong> <strong>15:00 Uhr<\/strong><br \/>\n\u2714 <strong>Dauer:<\/strong> <strong>5 \u2013 10 Minuten<\/strong><\/p>\n<p>\ud83d\udcc5 <strong>Begrenzte Pl\u00e4tze verf\u00fcgbar \u2013 eine fr\u00fchzeitige Buchung wird dringend empfohlen!<\/strong><\/p>\n<hr \/>\n<h2><strong>\ud83c\udf1f Highlights<\/strong><\/h2>\n<ul>\n<li>\ud83d\udc0a <strong>Halten und posieren Sie mit einem Babykrokodil<\/strong> - A <strong>einmalige Begegnung mit Wildtieren<\/strong>.<\/li>\n<li>\ud83d\udcf8 <strong>Machen Sie bezaubernde Fotos<\/strong> - Erhalten <strong>hautnah und pers\u00f6nlich<\/strong> mit einem jungen Krokodil.<\/li>\n<li>\ud83d\udc68\u200d\ud83c\udfeb <strong>Beaufsichtigt von professionellen Hundef\u00fchrern<\/strong> \u2013 Gew\u00e4hrleistung einer <strong>sichere und lehrreiche Erfahrung<\/strong>.<\/li>\n<li>\ud83c\udfc6 <strong>Perfekt f\u00fcr Familien und Naturliebhaber<\/strong> - A <strong>kinderfreundlich<\/strong> Und <strong>spannend<\/strong> Aktivit\u00e4t f\u00fcr alle Altersgruppen.<\/li>\n<li>\ud83c\udf0d <strong>Ethische und sichere Interaktion<\/strong> \u2013 Durchgef\u00fchrt unter <strong>strenge Tierschutzrichtlinien<\/strong>.<\/li>\n<\/ul>\n<hr \/>\n<h2><strong>\u2705 Was ist enthalten<\/strong><\/h2>\n<p>\u2714 <strong>Gef\u00fchrte Fotosession<\/strong> mit einem <strong>Baby-Krokodil<\/strong><br \/>\n\u2714 <strong>Betreuung durch erfahrene Hundef\u00fchrer<\/strong> f\u00fcr eine <strong>sicheres Erlebnis<\/strong><br \/>\n\u2714 <strong>M\u00f6glichkeit, pers\u00f6nliche Fotos und Videos aufzunehmen<\/strong><br \/>\n\u2714 <strong>Eine lehrreiche Interaktion mit diesen faszinierenden Reptilien<\/strong><\/p>\n<hr \/>\n<h2><strong>\u274c Einschl\u00fcsse \/ Ausschl\u00fcsse<\/strong><\/h2>\n<h3>\u2714 <strong>Enthalten:<\/strong><\/h3>\n<ul>\n<li>Einzelunterricht <strong>Fotosession mit einem Babykrokodil<\/strong><\/li>\n<li><strong>Professionelle Betreuung<\/strong> f\u00fcr ein sicheres Erlebnis<\/li>\n<li><strong>Zugang zu ausgewiesenen Fotozonen<\/strong><\/li>\n<\/ul>\n<h3>\u2716 <strong>Nicht im Preis enthalten:<\/strong><\/h3>\n<ul>\n<li>Gedruckte Fotos (separat erh\u00e4ltlich)<\/li>\n<li>Zus\u00e4tzliche Tierinteraktionen (k\u00f6nnen als Add-Ons gebucht werden)<\/li>\n<li>Transport zum\/vom Zoo (optional <strong>Hoteltransfers verf\u00fcgbar<\/strong>)<\/li>\n<\/ul>\n<hr \/>\n<h2><strong>\ud83d\udc76 Kinderrichtlinie<\/strong><\/h2>\n<p>\u2714 <strong>Kinder jeden Alters sind willkommen<\/strong> teilnehmen.<br \/>\n\u2714 Kinder <strong>unter 140 cm m\u00fcssen von einem zahlenden Erwachsenen (18+) begleitet werden.<\/strong><br \/>\n\u2714 Familien mit kleinen Kindern werden ermutigt, zu genie\u00dfen <strong>andere Interaktionen mit Tierbabys<\/strong> im Zoo.<\/p>\n<hr \/>\n<h2><strong>\ud83d\udeab R\u00fcckerstattungs- und Stornierungsbedingungen<\/strong><\/h2>\n<p>\u274c <strong>Keine Stornierungen, keine R\u00fcckerstattungen<\/strong> \u2013 Tickets sind <strong>nicht erstattungsf\u00e4hig und nicht \u00fcbertragbar<\/strong>.<br \/>\n\ud83d\udcc5 <strong>Termingebundene Buchung<\/strong> \u2013 Gilt nur f\u00fcr die <strong>ausgew\u00e4hltes Datum<\/strong> und kann nicht verschoben werden.<br \/>\n\u23f3 <strong>Vers\u00e4umte Sitzungen werden nicht nachgeholt<\/strong> \u2013 Bei versp\u00e4teter Ankunft kann es sein, dass Sie Ihren Zeitrahmen verpassen.<\/p>\n<hr \/>\n<h2><strong>\ud83d\udccc Was gibt es noch?<\/strong><\/h2>\n<p>\u2714 <strong>Kombinieren Sie es mit anderen Wildlife-Erlebnissen<\/strong> \u2013 Kombinieren Sie Ihre <strong>Baby-Krokodil-Fotosession<\/strong> mit Erlebnissen wie <strong>Krokodilf\u00fctterung, Tigerf\u00fctterung oder ein Waldspaziergang mit Tigern<\/strong>.<br \/>\n\u2714 <strong>Entdecken Sie andere Attraktionen<\/strong> - Entdecken <strong>Gro\u00dfe Tiger, L\u00f6wen, wei\u00dfe L\u00f6wen und interaktive F\u00fctterungen<\/strong>.<br \/>\n\u2714 <strong>Speisen Sie im Royal Bengal Tigers Restaurant<\/strong> \u2013 In der N\u00e4he des Ticketschalters gelegen, bietet es eine <strong>leckeres Fr\u00fchst\u00fccks- und Mittagsbuffet<\/strong>.<\/p>\n<hr \/>\n<h2><strong>\ud83d\udca1 Insider-Tipps<\/strong><\/h2>\n<p>\u2b50 <strong>Kommen Sie fr\u00fch<\/strong> \u2013 Begrenzte Pl\u00e4tze verf\u00fcgbar, daher sorgt eine fr\u00fchzeitige Buchung f\u00fcr <strong>nahtloses Erlebnis<\/strong>.<br \/>\n\u2b50 <strong>Bequeme Kleidung<\/strong> - Vermeiden <strong>grelle Farben oder baumelnde Accessoires<\/strong> das k\u00f6nnte das Krokodilbaby erschrecken.<br \/>\n\u2b50 <strong>Machen Sie den perfekten Schnappschuss<\/strong> \u2013 Bringen Sie Ihre <strong>eigene Kamera oder Telefon<\/strong>oder kaufen <strong>professionell gedruckte Fotos<\/strong>.<br \/>\n\u2b50 <strong>Seien Sie sanft und ruhig<\/strong> \u2013 Babykrokodile sind empfindlich, folgen Sie also immer den <strong>Anleitung des Trainers<\/strong>.<\/p>\n<hr \/>\n<h2><strong>\u2705 Was man tun und lassen sollte<\/strong><\/h2>\n<h3>\u2714 <strong>DOS:<\/strong><\/h3>\n<ul>\n<li>Folgen <strong>alle Sicherheitshinweise<\/strong> von Trainern bereitgestellt.<\/li>\n<li><strong>Gehen Sie behutsam mit dem Krokodilbaby um<\/strong> und mit Sorgfalt.<\/li>\n<li>Tragen <strong>bequeme Kleidung<\/strong> \u2013 vermeiden Sie starkes Parf\u00fcm oder Lotionen.<\/li>\n<\/ul>\n<h3>\u274c <strong>Was Sie nicht tun sollten:<\/strong><\/h3>\n<ul>\n<li><strong>Erschrecken, stupsen oder \u00e4rgern Sie das Krokodilbaby NICHT<\/strong>.<\/li>\n<li><strong>Keine lauten Ger\u00e4usche<\/strong> \u2013 Pflegen Sie eine <strong>ruhige Umgebung<\/strong>.<\/li>\n<li><strong>Kein Blitzlicht<\/strong>, da es das Krokodil beunruhigen k\u00f6nnte.<\/li>\n<li><strong>Keine Speisen und Getr\u00e4nke von au\u00dferhalb<\/strong> im Fotobereich.<\/li>\n<\/ul>\n<hr \/>\n<h2><strong>\ud83d\udd0d Wissenswertes vor der Reise<\/strong><\/h2>\n<ul>\n<li>\ud83c\udf9f <strong>Voranmeldung erforderlich:<\/strong> <strong>Begrenzte Pl\u00e4tze verf\u00fcgbar<\/strong> jeden Tag.<\/li>\n<li>\ud83c\udfde <strong>Beste Reisezeit:<\/strong> Vormittags f\u00fcr <strong>bessere Beleuchtung &amp; entspannte Babykrokodile<\/strong>.<\/li>\n<li>\u23f0 <strong>Feste Zeitfenster:<\/strong> Kommen Sie p\u00fcnktlich zum <strong>Verpassen Sie keine Sitzung<\/strong>.<\/li>\n<li>\ud83d\udc5a <strong>Kleiderordnung:<\/strong> <strong>Bequeme Kleidung, vermeiden Sie starke D\u00fcfte<\/strong>.<\/li>\n<\/ul>\n<hr \/>\n<h2><strong>\ud83d\ude96 So erreichen Sie den Tiger Topia Sriracha Zoo<\/strong><\/h2>\n<p>\ud83d\udccd <strong>Standort:<\/strong> <strong>341, Si Racha, Chon Buri, Thailand<\/strong><br \/>\n\ud83d\udccd <strong>Google Maps:<\/strong> <a href=\"https:\/\/maps.app.goo.gl\/CyLT4T9JNGumc9bM8\" target=\"_blank\" rel=\"noopener\">Tiger Topia Sriracha Zoo Standort<\/a><\/p>\n<p>\ud83d\ude97 <strong>Mit dem Taxi:<\/strong> Direkte Taxis verf\u00fcgbar von <strong>Pattaya und Umgebung<\/strong>.<br \/>\n\ud83d\ude8c <strong>Mit \u00f6ffentlichen Verkehrsmitteln:<\/strong> Nehmen Sie ein <strong>Bus oder Songthaew (Sammeltaxi) zur Sukhumvit Road<\/strong>, dann eine kurze Fahrt zum Zoo.<br \/>\n\ud83d\ude97 <strong>Mit dem Auto:<\/strong> Frei <strong>Parkpl\u00e4tze vor Ort<\/strong> verf\u00fcgbar.<\/p>\n<hr \/>\n<h2><strong>\u2753 H\u00e4ufig gestellte Fragen (FAQs)<\/strong><\/h2>\n<p><strong>1. Ist das Foto-Erlebnis mit den Babykrokodilen sicher?<\/strong><br \/>\n\u2714 Ja! Die Aktivit\u00e4t ist <strong>Durchf\u00fchrung unter fachkundiger Aufsicht<\/strong>, Gew\u00e4hrleistung einer <strong>sichere und kontrollierte Umgebung<\/strong>.<\/p>\n<p><strong>2. Kann ich Tickets online buchen?<\/strong><br \/>\n\u2714 Nein! <strong>Eine fr\u00fchzeitige Buchung wird dringend empfohlen<\/strong> wegen <strong>beschr\u00e4nkte Verf\u00fcgbarkeit<\/strong>. Buchen Sie online f\u00fcr <strong>Rabatte &amp; garantierter Eintritt<\/strong>.<\/p>\n<p><strong>3. Darf ich das Krokodilbaby ber\u00fchren und halten?<\/strong><br \/>\n\u2714 <strong>Ja, unter Aufsicht<\/strong>, du kannst <strong>halten, streicheln und interagieren<\/strong> mit dem Babykrokodil f\u00fcr Fotos.<\/p>\n<p><strong>4. Sind ausgedruckte Fotos im Paket enthalten?<\/strong><br \/>\n\u274c Nein, aber Sie k\u00f6nnen <strong>Kaufen Sie hochwertige gedruckte Fotos<\/strong> am Veranstaltungsort.<\/p>\n<p><strong>5. K\u00f6nnen Kinder an dieser Aktivit\u00e4t teilnehmen?<\/strong><br \/>\n\u2714 <strong>Ja!<\/strong> Kinder jeden Alters k\u00f6nnen teilnehmen, aber diejenigen unter <strong>140 cm m\u00fcssen von einem Erwachsenen begleitet werden<\/strong>.<\/p>\n<hr \/>\n<h3><strong>\ud83c\udf9f Buchen Sie jetzt Ihre Tickets!<\/strong><\/h3>\n<p>Das sollten Sie nicht verpassen <strong>bezauberndes Wildlife-Erlebnis<\/strong>! <strong>Buchen Sie noch heute Ihre Tickets f\u00fcr das Foto mit den Babykrokodilen<\/strong> und erfassen Sie ein <strong>einmaliger Moment bei <a href=\"https:\/\/tigertopiasrirachazoo.com\/de\">Tiger Topia Sriracha Zoo<\/a>!<\/strong><\/p>","protected":false},"excerpt":{"rendered":"<table class=\"short-description\">\n<tbody class=\"tabel364\">\n<tr class=\"short-description-tr32r\">\n<th class=\"short-description-th\"><span class=\"description-h23\"><strong class=\"description-strong67\">F\u00fcr Buchungen am selben Tag m\u00fcssen Buchungen 1 Stunde im Voraus erfolgen.<\/strong><\/span><\/th>\n<\/tr>\n<\/tbody>\n<\/table>","protected":false},"featured_media":3581,"template":"","meta":{"ocean_post_layout":"","ocean_both_sidebars_style":"","ocean_both_sidebars_content_width":0,"ocean_both_sidebars_sidebars_width":0,"ocean_sidebar":"0","ocean_second_sidebar":"0","ocean_disable_margins":"enable","ocean_add_body_class":"","ocean_shortcode_before_top_bar":"","ocean_shortcode_after_top_bar":"","ocean_shortcode_before_header":"","ocean_shortcode_after_header":"","ocean_has_shortcode":"","ocean_shortcode_after_title":"","ocean_shortcode_before_footer_widgets":"","ocean_shortcode_after_footer_widgets":"","ocean_shortcode_before_footer_bottom":"","ocean_shortcode_after_footer_bottom":"","ocean_display_top_bar":"default","ocean_display_header":"default","ocean_header_style":"","ocean_center_header_left_menu":"0","ocean_custom_header_template":"0","ocean_custom_logo":0,"ocean_custom_retina_logo":0,"ocean_custom_logo_max_width":0,"ocean_custom_logo_tablet_max_width":0,"ocean_custom_logo_mobile_max_width":0,"ocean_custom_logo_max_height":0,"ocean_custom_logo_tablet_max_height":0,"ocean_custom_logo_mobile_max_height":0,"ocean_header_custom_menu":"0","ocean_menu_typo_font_family":"0","ocean_menu_typo_font_subset":"","ocean_menu_typo_font_size":0,"ocean_menu_typo_font_size_tablet":0,"ocean_menu_typo_font_size_mobile":0,"ocean_menu_typo_font_size_unit":"px","ocean_menu_typo_font_weight":"","ocean_menu_typo_font_weight_tablet":"","ocean_menu_typo_font_weight_mobile":"","ocean_menu_typo_transform":"","ocean_menu_typo_transform_tablet":"","ocean_menu_typo_transform_mobile":"","ocean_menu_typo_line_height":0,"ocean_menu_typo_line_height_tablet":0,"ocean_menu_typo_line_height_mobile":0,"ocean_menu_typo_line_height_unit":"","ocean_menu_typo_spacing":0,"ocean_menu_typo_spacing_tablet":0,"ocean_menu_typo_spacing_mobile":0,"ocean_menu_typo_spacing_unit":"","ocean_menu_link_color":"","ocean_menu_link_color_hover":"","ocean_menu_link_color_active":"","ocean_menu_link_background":"","ocean_menu_link_hover_background":"","ocean_menu_link_active_background":"","ocean_menu_social_links_bg":"","ocean_menu_social_hover_links_bg":"","ocean_menu_social_links_color":"","ocean_menu_social_hover_links_color":"","ocean_disable_title":"default","ocean_disable_heading":"default","ocean_post_title":"","ocean_post_subheading":"","ocean_post_title_style":"","ocean_post_title_background_color":"","ocean_post_title_background":0,"ocean_post_title_bg_image_position":"","ocean_post_title_bg_image_attachment":"","ocean_post_title_bg_image_repeat":"","ocean_post_title_bg_image_size":"","ocean_post_title_height":0,"ocean_post_title_bg_overlay":0.5,"ocean_post_title_bg_overlay_color":"","ocean_disable_breadcrumbs":"default","ocean_breadcrumbs_color":"","ocean_breadcrumbs_separator_color":"","ocean_breadcrumbs_links_color":"","ocean_breadcrumbs_links_hover_color":"","ocean_display_footer_widgets":"default","ocean_display_footer_bottom":"default","ocean_custom_footer_template":"0"},"product_brand":[],"product_cat":[20],"product_tag":[588,583,580,585,590,593,584,582,592,591,581,576,579,574,470,589,586,587],"class_list":{"0":"post-3603","1":"product","2":"type-product","3":"status-publish","4":"has-post-thumbnail","6":"product_cat-tickets","7":"product_tag-adorable-crocodile-photo-opportunity","8":"product_tag-baby-crocodile-encounter-thailand","9":"product_tag-baby-crocodile-photo-experience","10":"product_tag-best-baby-crocodile-experience","11":"product_tag-best-zoo-photo-session-thailand","12":"product_tag-bucket-list-wildlife-experience","13":"product_tag-crocodile-photography-thailand","14":"product_tag-cute-crocodile-photo-session","15":"product_tag-exotic-reptile-photography","16":"product_tag-family-friendly-animal-encounters","17":"product_tag-hold-a-baby-crocodile","18":"product_tag-must-do-crocodile-activity-thailand","19":"product_tag-photo-with-baby-crocodiles","20":"product_tag-safe-crocodile-photo-session","21":"product_tag-tiger-topia-sriracha-zoo-tickets","22":"product_tag-unique-wildlife-experience","23":"product_tag-up-close-crocodile-interaction","24":"product_tag-wildlife-photography-with-baby-crocodiles","26":"entry","27":"has-media","28":"tm-has-options","30":"first","31":"instock","32":"virtual","33":"taxable","34":"purchasable","35":"product-type-simple","36":"has-product-nav","37":"col","38":"span_1_of_3","39":"owp-content-center","40":"owp-thumbs-layout-horizontal","41":"owp-btn-normal","42":"owp-tabs-layout-horizontal"},"yoast_head":"<!-- This site is optimized with the Yoast SEO plugin v27.3 - https:\/\/yoast.com\/product\/yoast-seo-wordpress\/ -->\n<title>Book Photo With Baby Crocodiles | Unique Wildlife Experience<\/title>\n<meta name=\"description\" content=\"Hold And Pose With Adorable Baby Crocodiles At Tiger Topia Sriracha Zoo! Safe, Supervised, And A Must-Try Wildlife Encounter. Book Your Spot Now!\" \/>\n<meta name=\"robots\" content=\"index, follow, max-snippet:-1, max-image-preview:large, max-video-preview:-1\" \/>\n<link rel=\"canonical\" href=\"https:\/\/tigertopiasrirachazoo.com\/de\/tickets\/foto-mit-babykrokodilen\/\" \/>\n<meta property=\"og:locale\" content=\"de_DE\" \/>\n<meta property=\"og:type\" content=\"article\" \/>\n<meta property=\"og:title\" content=\"Book Photo With Baby Crocodiles | Unique Wildlife Experience\" \/>\n<meta property=\"og:description\" content=\"Hold And Pose With Adorable Baby Crocodiles At Tiger Topia Sriracha Zoo! Safe, Supervised, And A Must-Try Wildlife Encounter. Book Your Spot Now!\" \/>\n<meta property=\"og:url\" content=\"https:\/\/tigertopiasrirachazoo.com\/de\/tickets\/foto-mit-babykrokodilen\/\" \/>\n<meta property=\"og:site_name\" content=\"Tiger Topia Sriracha Zoo\" \/>\n<meta property=\"article:modified_time\" content=\"2025-10-11T10:24:44+00:00\" \/>\n<meta property=\"og:image\" content=\"https:\/\/tigertopiasrirachazoo.com\/wp-content\/uploads\/2025\/02\/Sri-Racha-Zoo-1.png\" \/>\n\t<meta property=\"og:image:width\" content=\"1356\" \/>\n\t<meta property=\"og:image:height\" content=\"904\" \/>\n\t<meta property=\"og:image:type\" content=\"image\/png\" \/>\n<meta name=\"twitter:card\" content=\"summary_large_image\" \/>\n<meta name=\"twitter:label1\" content=\"Gesch\u00e4tzte Lesezeit\" \/>\n\t<meta name=\"twitter:data1\" content=\"4\u00a0Minuten\" \/>\n<script type=\"application\/ld+json\" class=\"yoast-schema-graph\">{\"@context\":\"https:\\\/\\\/schema.org\",\"@graph\":[{\"@type\":\"WebPage\",\"@id\":\"https:\\\/\\\/tigertopiasrirachazoo.com\\\/ru\\\/\u0431\u0438\u043b\u0435\u0442\u044b\\\/photo-with-baby-crocodiles\\\/\",\"url\":\"https:\\\/\\\/tigertopiasrirachazoo.com\\\/ru\\\/\u0431\u0438\u043b\u0435\u0442\u044b\\\/photo-with-baby-crocodiles\\\/\",\"name\":\"Book Photo With Baby Crocodiles | Unique Wildlife Experience\",\"isPartOf\":{\"@id\":\"https:\\\/\\\/tigertopiasrirachazoo.com\\\/#website\"},\"primaryImageOfPage\":{\"@id\":\"https:\\\/\\\/tigertopiasrirachazoo.com\\\/ru\\\/\u0431\u0438\u043b\u0435\u0442\u044b\\\/photo-with-baby-crocodiles\\\/#primaryimage\"},\"image\":{\"@id\":\"https:\\\/\\\/tigertopiasrirachazoo.com\\\/ru\\\/\u0431\u0438\u043b\u0435\u0442\u044b\\\/photo-with-baby-crocodiles\\\/#primaryimage\"},\"thumbnailUrl\":\"https:\\\/\\\/tigertopiasrirachazoo.com\\\/wp-content\\\/uploads\\\/2025\\\/02\\\/Sri-Racha-Zoo-1.png\",\"datePublished\":\"2025-02-01T16:20:30+00:00\",\"dateModified\":\"2025-10-11T10:24:44+00:00\",\"description\":\"Hold And Pose With Adorable Baby Crocodiles At Tiger Topia Sriracha Zoo! Safe, Supervised, And A Must-Try Wildlife Encounter. Book Your Spot Now!\",\"breadcrumb\":{\"@id\":\"https:\\\/\\\/tigertopiasrirachazoo.com\\\/ru\\\/\u0431\u0438\u043b\u0435\u0442\u044b\\\/photo-with-baby-crocodiles\\\/#breadcrumb\"},\"inLanguage\":\"de\",\"potentialAction\":[{\"@type\":\"ReadAction\",\"target\":[\"https:\\\/\\\/tigertopiasrirachazoo.com\\\/ru\\\/\u0431\u0438\u043b\u0435\u0442\u044b\\\/photo-with-baby-crocodiles\\\/\"]}]},{\"@type\":\"ImageObject\",\"inLanguage\":\"de\",\"@id\":\"https:\\\/\\\/tigertopiasrirachazoo.com\\\/ru\\\/\u0431\u0438\u043b\u0435\u0442\u044b\\\/photo-with-baby-crocodiles\\\/#primaryimage\",\"url\":\"https:\\\/\\\/tigertopiasrirachazoo.com\\\/wp-content\\\/uploads\\\/2025\\\/02\\\/Sri-Racha-Zoo-1.png\",\"contentUrl\":\"https:\\\/\\\/tigertopiasrirachazoo.com\\\/wp-content\\\/uploads\\\/2025\\\/02\\\/Sri-Racha-Zoo-1.png\",\"width\":1356,\"height\":904,\"caption\":\"Sri Racha Zoo\"},{\"@type\":\"BreadcrumbList\",\"@id\":\"https:\\\/\\\/tigertopiasrirachazoo.com\\\/ru\\\/\u0431\u0438\u043b\u0435\u0442\u044b\\\/photo-with-baby-crocodiles\\\/#breadcrumb\",\"itemListElement\":[{\"@type\":\"ListItem\",\"position\":1,\"name\":\"Home\",\"item\":\"https:\\\/\\\/tigertopiasrirachazoo.com\\\/\"},{\"@type\":\"ListItem\",\"position\":2,\"name\":\"Tickets\",\"item\":\"https:\\\/\\\/tigertopiasrirachazoo.com\\\/tickets\\\/\"},{\"@type\":\"ListItem\",\"position\":3,\"name\":\"Photo with BABY CROCODILES\"}]},{\"@type\":\"WebSite\",\"@id\":\"https:\\\/\\\/tigertopiasrirachazoo.com\\\/#website\",\"url\":\"https:\\\/\\\/tigertopiasrirachazoo.com\\\/\",\"name\":\"Tiger Topia Sriracha Zoo\",\"description\":\"\",\"publisher\":{\"@id\":\"https:\\\/\\\/tigertopiasrirachazoo.com\\\/#organization\"},\"potentialAction\":[{\"@type\":\"SearchAction\",\"target\":{\"@type\":\"EntryPoint\",\"urlTemplate\":\"https:\\\/\\\/tigertopiasrirachazoo.com\\\/?s={search_term_string}\"},\"query-input\":{\"@type\":\"PropertyValueSpecification\",\"valueRequired\":true,\"valueName\":\"search_term_string\"}}],\"inLanguage\":\"de\"},{\"@type\":\"Organization\",\"@id\":\"https:\\\/\\\/tigertopiasrirachazoo.com\\\/#organization\",\"name\":\"Tiger Topia Sriracha Zoo\",\"url\":\"https:\\\/\\\/tigertopiasrirachazoo.com\\\/\",\"logo\":{\"@type\":\"ImageObject\",\"inLanguage\":\"de\",\"@id\":\"https:\\\/\\\/tigertopiasrirachazoo.com\\\/#\\\/schema\\\/logo\\\/image\\\/\",\"url\":\"https:\\\/\\\/tigertopiasrirachazoo.com\\\/wp-content\\\/uploads\\\/2024\\\/08\\\/Tiger-Topia-Sriracha-Zoo.png\",\"contentUrl\":\"https:\\\/\\\/tigertopiasrirachazoo.com\\\/wp-content\\\/uploads\\\/2024\\\/08\\\/Tiger-Topia-Sriracha-Zoo.png\",\"width\":350,\"height\":100,\"caption\":\"Tiger Topia Sriracha Zoo\"},\"image\":{\"@id\":\"https:\\\/\\\/tigertopiasrirachazoo.com\\\/#\\\/schema\\\/logo\\\/image\\\/\"}}]}<\/script>\n<!-- \/ Yoast SEO plugin. -->","yoast_head_json":{"title":"Buchen Sie ein Foto mit Babykrokodilen | Einzigartiges Wildlife-Erlebnis","description":"Halten und posieren Sie mit entz\u00fcckenden Babykrokodilen im Tiger Topia Sriracha Zoo! Sicher, beaufsichtigt und ein Erlebnis mit Wildtieren, das Sie nicht verpassen sollten. Buchen Sie jetzt Ihren Platz!","robots":{"index":"index","follow":"follow","max-snippet":"max-snippet:-1","max-image-preview":"max-image-preview:large","max-video-preview":"max-video-preview:-1"},"canonical":"https:\/\/tigertopiasrirachazoo.com\/de\/tickets\/foto-mit-babykrokodilen\/","og_locale":"de_DE","og_type":"article","og_title":"Book Photo With Baby Crocodiles | Unique Wildlife Experience","og_description":"Hold And Pose With Adorable Baby Crocodiles At Tiger Topia Sriracha Zoo! Safe, Supervised, And A Must-Try Wildlife Encounter. Book Your Spot Now!","og_url":"https:\/\/tigertopiasrirachazoo.com\/de\/tickets\/foto-mit-babykrokodilen\/","og_site_name":"Tiger Topia Sriracha Zoo","article_modified_time":"2025-10-11T10:24:44+00:00","og_image":[{"width":1356,"height":904,"url":"https:\/\/tigertopiasrirachazoo.com\/wp-content\/uploads\/2025\/02\/Sri-Racha-Zoo-1.png","type":"image\/png"}],"twitter_card":"summary_large_image","twitter_misc":{"Gesch\u00e4tzte Lesezeit":"4\u00a0Minuten"},"schema":{"@context":"https:\/\/schema.org","@graph":[{"@type":"WebPage","@id":"https:\/\/tigertopiasrirachazoo.com\/ru\/\u0431\u0438\u043b\u0435\u0442\u044b\/photo-with-baby-crocodiles\/","url":"https:\/\/tigertopiasrirachazoo.com\/ru\/\u0431\u0438\u043b\u0435\u0442\u044b\/photo-with-baby-crocodiles\/","name":"Buchen Sie ein Foto mit Babykrokodilen | Einzigartiges Wildlife-Erlebnis","isPartOf":{"@id":"https:\/\/tigertopiasrirachazoo.com\/#website"},"primaryImageOfPage":{"@id":"https:\/\/tigertopiasrirachazoo.com\/ru\/\u0431\u0438\u043b\u0435\u0442\u044b\/photo-with-baby-crocodiles\/#primaryimage"},"image":{"@id":"https:\/\/tigertopiasrirachazoo.com\/ru\/\u0431\u0438\u043b\u0435\u0442\u044b\/photo-with-baby-crocodiles\/#primaryimage"},"thumbnailUrl":"https:\/\/tigertopiasrirachazoo.com\/wp-content\/uploads\/2025\/02\/Sri-Racha-Zoo-1.png","datePublished":"2025-02-01T16:20:30+00:00","dateModified":"2025-10-11T10:24:44+00:00","description":"Halten und posieren Sie mit entz\u00fcckenden Babykrokodilen im Tiger Topia Sriracha Zoo! Sicher, beaufsichtigt und ein Erlebnis mit Wildtieren, das Sie nicht verpassen sollten. Buchen Sie jetzt Ihren Platz!","breadcrumb":{"@id":"https:\/\/tigertopiasrirachazoo.com\/ru\/\u0431\u0438\u043b\u0435\u0442\u044b\/photo-with-baby-crocodiles\/#breadcrumb"},"inLanguage":"de","potentialAction":[{"@type":"ReadAction","target":["https:\/\/tigertopiasrirachazoo.com\/ru\/\u0431\u0438\u043b\u0435\u0442\u044b\/photo-with-baby-crocodiles\/"]}]},{"@type":"ImageObject","inLanguage":"de","@id":"https:\/\/tigertopiasrirachazoo.com\/ru\/\u0431\u0438\u043b\u0435\u0442\u044b\/photo-with-baby-crocodiles\/#primaryimage","url":"https:\/\/tigertopiasrirachazoo.com\/wp-content\/uploads\/2025\/02\/Sri-Racha-Zoo-1.png","contentUrl":"https:\/\/tigertopiasrirachazoo.com\/wp-content\/uploads\/2025\/02\/Sri-Racha-Zoo-1.png","width":1356,"height":904,"caption":"Sri Racha Zoo"},{"@type":"BreadcrumbList","@id":"https:\/\/tigertopiasrirachazoo.com\/ru\/\u0431\u0438\u043b\u0435\u0442\u044b\/photo-with-baby-crocodiles\/#breadcrumb","itemListElement":[{"@type":"ListItem","position":1,"name":"Home","item":"https:\/\/tigertopiasrirachazoo.com\/"},{"@type":"ListItem","position":2,"name":"Tickets","item":"https:\/\/tigertopiasrirachazoo.com\/tickets\/"},{"@type":"ListItem","position":3,"name":"Photo with BABY CROCODILES"}]},{"@type":"WebSite","@id":"https:\/\/tigertopiasrirachazoo.com\/#website","url":"https:\/\/tigertopiasrirachazoo.com\/","name":"Tiger Topia Sriracha Zoo","description":"","publisher":{"@id":"https:\/\/tigertopiasrirachazoo.com\/#organization"},"potentialAction":[{"@type":"SearchAction","target":{"@type":"EntryPoint","urlTemplate":"https:\/\/tigertopiasrirachazoo.com\/?s={search_term_string}"},"query-input":{"@type":"PropertyValueSpecification","valueRequired":true,"valueName":"search_term_string"}}],"inLanguage":"de"},{"@type":"Organization","@id":"https:\/\/tigertopiasrirachazoo.com\/#organization","name":"Tiger Topia Sriracha Zoo","url":"https:\/\/tigertopiasrirachazoo.com\/","logo":{"@type":"ImageObject","inLanguage":"de","@id":"https:\/\/tigertopiasrirachazoo.com\/#\/schema\/logo\/image\/","url":"https:\/\/tigertopiasrirachazoo.com\/wp-content\/uploads\/2024\/08\/Tiger-Topia-Sriracha-Zoo.png","contentUrl":"https:\/\/tigertopiasrirachazoo.com\/wp-content\/uploads\/2024\/08\/Tiger-Topia-Sriracha-Zoo.png","width":350,"height":100,"caption":"Tiger Topia Sriracha Zoo"},"image":{"@id":"https:\/\/tigertopiasrirachazoo.com\/#\/schema\/logo\/image\/"}}]}},"jetpack_sharing_enabled":true,"_links":{"self":[{"href":"https:\/\/tigertopiasrirachazoo.com\/de\/wp-json\/wp\/v2\/product\/3603","targetHints":{"allow":["GET"]}}],"collection":[{"href":"https:\/\/tigertopiasrirachazoo.com\/de\/wp-json\/wp\/v2\/product"}],"about":[{"href":"https:\/\/tigertopiasrirachazoo.com\/de\/wp-json\/wp\/v2\/types\/product"}],"wp:featuredmedia":[{"embeddable":true,"href":"https:\/\/tigertopiasrirachazoo.com\/de\/wp-json\/wp\/v2\/media\/3581"}],"wp:attachment":[{"href":"https:\/\/tigertopiasrirachazoo.com\/de\/wp-json\/wp\/v2\/media?parent=3603"}],"wp:term":[{"taxonomy":"product_brand","embeddable":true,"href":"https:\/\/tigertopiasrirachazoo.com\/de\/wp-json\/wp\/v2\/product_brand?post=3603"},{"taxonomy":"product_cat","embeddable":true,"href":"https:\/\/tigertopiasrirachazoo.com\/de\/wp-json\/wp\/v2\/product_cat?post=3603"},{"taxonomy":"product_tag","embeddable":true,"href":"https:\/\/tigertopiasrirachazoo.com\/de\/wp-json\/wp\/v2\/product_tag?post=3603"}],"curies":[{"name":"wp","href":"https:\/\/api.w.org\/{rel}","templated":true}]}}