{"id":3596,"date":"2025-02-01T20:57:24","date_gmt":"2025-02-01T15:27:24","guid":{"rendered":"https:\/\/tigertopiasrirachazoo.com\/?post_type=product&#038;p=3596"},"modified":"2025-10-29T15:41:10","modified_gmt":"2025-10-29T10:11:10","slug":"paseo-por-el-bosque-con-tigre","status":"publish","type":"product","link":"https:\/\/tigertopiasrirachazoo.com\/es\/entradas\/paseo-por-el-bosque-con-tigre\/","title":{"rendered":"Paseo por el bosque con TIGER"},"content":{"rendered":"<h2><strong>\ud83d\udc05 Paseo por el bosque con tigres \u2013 Zool\u00f3gico Tiger Topia Sriracha<\/strong><\/h2>\n<h3><strong>\ud83d\udcd6 Acerca de Paseo por el bosque con tigre<\/strong><\/h3>\n<p>Entra en el <strong>El lado salvaje de la aventura<\/strong> con el <strong>Paseo por el bosque con tigre<\/strong> en <a href=\"https:\/\/tigertopiasrirachazoo.com\/es\/\"><strong>Zool\u00f3gico Tigre Topia Sriracha<\/strong><\/a>Esta experiencia \u00fanica en la vida le permite <strong>Camina junto a un majestuoso tigre<\/strong> bajo supervisi\u00f3n profesional. A diferencia de cualquier otro encuentro con la vida silvestre, esta actividad le brinda una <strong>Interacci\u00f3n cercana, personal y emocionante.<\/strong> con uno de los depredadores m\u00e1s poderosos de la naturaleza en un <strong>ambiente controlado y seguro<\/strong>. Conozca m\u00e1s sobre el <strong>El comportamiento de los tigres, los esfuerzos de conservaci\u00f3n y sus instintos naturales<\/strong>, haciendo de esta experiencia algo tanto <strong>Educativo y estimulante<\/strong>.<\/p>\n<hr \/>\n<h3><strong>\ud83d\udd52 Horarios<\/strong><\/h3>\n<p>\u2714 <strong>Horario de atenci\u00f3n:<\/strong> Diariamente desde <strong>9:00 a. m. a 3:30 p. m.<\/strong><br \/>\n\u2714 <strong>\u00daltima entrada:<\/strong> <strong>3:00 p.m.<\/strong><br \/>\n\u2714 <strong>Duraci\u00f3n:<\/strong> <strong>15 \u2013 20 minutos<\/strong><\/p>\n<p>\ud83d\udcc5 <strong>Espacios limitados disponibles<\/strong> \u2013 \u00a1Es muy recomendable reservar con antelaci\u00f3n!<\/p>\n<hr \/>\n<h3><strong>\ud83c\udf1f Lo m\u00e1s destacado<\/strong><\/h3>\n<ul>\n<li>\ud83d\udc05 <strong>Camina con un tigre de verdad<\/strong> \u2013 Experimente la emoci\u00f3n de <strong>Caminando al lado de un tigre<\/strong> en un entorno controlado.<\/li>\n<li>\ud83d\udc68\u200d\ud83c\udfeb <strong>Guiados por expertos<\/strong> \u2013 Te acompa\u00f1an entrenadores profesionales, asegur\u00e1ndose <strong>Seguridad y una experiencia educativa<\/strong>.<\/li>\n<li>\ud83d\udcf8 <strong>Fotos inolvidables<\/strong> \u2013 Captura im\u00e1genes impresionantes de tus <strong>Experiencia \u00fanica de paseo con tigre<\/strong>.<\/li>\n<li>\ud83c\udf3f <strong>Aventura inmersiva en la vida salvaje<\/strong> \u2013 Siente la <strong>Adrenalina y conexi\u00f3n con la naturaleza.<\/strong> Como nunca antes.<\/li>\n<li>\ud83c\udfc6 <strong>Actividad exclusiva y limitada<\/strong> - A <strong>oportunidad rara<\/strong> disponible en <strong>S\u00f3lo hay unos pocos parques de vida silvestre en todo el mundo<\/strong>.<\/li>\n<li>\ud83e\uddb4 <strong>Aprenda sobre los tigres<\/strong> - Ganar <strong>conocimientos sobre su comportamiento, conservaci\u00f3n y h\u00e1bitat natural<\/strong>.<\/li>\n<\/ul>\n<hr \/>\n<h3><strong>\u2705 Qu\u00e9 incluye<\/strong><\/h3>\n<p>\u2714 <strong>Experiencia guiada de paseo con tigres<\/strong> con manipuladores profesionales<br \/>\n\u2714 <strong>Sesi\u00f3n informativa y de formaci\u00f3n sobre seguridad<\/strong> antes de la actividad<br \/>\n\u2714 <strong>Oportunidades para tomar fotograf\u00edas<\/strong> Durante y despu\u00e9s de la caminata<br \/>\n\u2714 <strong>Interacci\u00f3n exclusiva<\/strong> con un tigre real<br \/>\n\u2714 <strong>Equipo de protecci\u00f3n si es necesario<\/strong><\/p>\n<hr \/>\n<h3><strong>\u274c Inclusiones \/ Exclusiones<\/strong><\/h3>\n<h4>\u2714 <strong>Incluido:<\/strong><\/h4>\n<ul>\n<li>Supervisado por expertos <strong>Paseo por el bosque con tigre<\/strong><\/li>\n<li>Entrenadores profesionales que garantizan <strong>Seguridad y compromiso<\/strong><\/li>\n<li>Oportunidad de <strong>Captura impresionantes fotograf\u00edas de la vida salvaje<\/strong><\/li>\n<\/ul>\n<h4>\u2716 <strong>No incluido:<\/strong><\/h4>\n<ul>\n<li>Gastos personales, comida y bebidas.<\/li>\n<li>Sesiones fotogr\u00e1ficas privadas (se pueden reservar por separado)<\/li>\n<li>Transporte (disponible como <strong>complemento opcional<\/strong>)<\/li>\n<li>Experiencias adicionales de alimentaci\u00f3n de tigres<\/li>\n<\/ul>\n<hr \/>\n<h3><strong>\ud83d\udc76 Pol\u00edtica de menores<\/strong><\/h3>\n<p>\u2714 <strong>NO se permiten ni\u00f1os menores de 140 cm.<\/strong> participar en la Caminata por el Bosque por razones de seguridad.<br \/>\n\u2714 Ni\u00f1os <strong>140 cm y m\u00e1s<\/strong> Puede participar pero debe ser <strong>acompa\u00f1ado por un adulto que pague (18+).<\/strong><br \/>\n\u2714 Actividades para toda la familia como <strong>Espect\u00e1culos de tigres y cocodrilos<\/strong> y <strong>Sesiones de fotos con animales beb\u00e9s<\/strong> Est\u00e1n disponibles para ni\u00f1os m\u00e1s peque\u00f1os.<\/p>\n<hr \/>\n<h3><strong>\ud83d\udeab Pol\u00edtica de reembolso y cancelaci\u00f3n<\/strong><\/h3>\n<p>\u274c <strong>Sin cancelaciones, sin reembolsos<\/strong> \u2013 Las entradas son <strong>No reembolsable y no transferible<\/strong>.<br \/>\n\ud83d\udcc5 <strong>Reserva con fecha espec\u00edfica<\/strong> \u2013 Esta experiencia es v\u00e1lida \u00fanicamente para el <strong>fecha seleccionada<\/strong> y no se puede reprogramar.<br \/>\n\u23f3 <strong>Las sesiones perdidas no ser\u00e1n reprogramadas<\/strong> \u2013 Las llegadas tard\u00edas pueden provocar la p\u00e9rdida de su plaza.<\/p>\n<hr \/>\n<h3><strong>\ud83d\udccc \u00bfQu\u00e9 hay m\u00e1s?<\/strong><\/h3>\n<p>\u2714 <strong>Mejora tu experiencia<\/strong> \u2013 Combine el <strong>Paseo por el bosque con tigre<\/strong> con actividades como <strong>Alimentaci\u00f3n de tigres, alimentaci\u00f3n de cocodrilos o sesiones fotogr\u00e1ficas exclusivas<\/strong>.<br \/>\n\u2714 <strong>Explorar otras atracciones<\/strong> - Disfrutar <strong>Emocionantes espect\u00e1culos con animales, oportunidades de tomar fotograf\u00edas con fauna ex\u00f3tica y mucho m\u00e1s.<\/strong>.<br \/>\n\u2714 <strong>Cene en el restaurante Royal Bengal Tigers<\/strong> \u2013 Ubicado cerca del mostrador de venta de billetes, ofrece una <strong>Delicioso desayuno buffet y almuerzo.<\/strong>.<\/p>\n<hr \/>\n<h3><strong>\ud83d\udca1 Consejos de expertos<\/strong><\/h3>\n<p>\u2b50 <strong>Use zapatos c\u00f3modos<\/strong> Caminar\u00e1s sobre terreno irregular, por lo que <strong>Se recomiendan zapatos cerrados.<\/strong>.<br \/>\n\u2b50 <strong>Llegar temprano<\/strong> \u2013 Las reservas son <strong>limitado<\/strong>, y <strong>La llegada anticipada garantiza una experiencia m\u00e1s fluida.<\/strong>.<br \/>\n\u2b50 <strong>Mantenga su c\u00e1mara lista<\/strong> \u2013 Esto es un <strong>Experiencia rara<\/strong>, as\u00ed que no pierdas la oportunidad de <strong>Captura momentos impresionantes<\/strong>.<br \/>\n\u2b50 <strong>Siga las instrucciones del entrenador<\/strong> - Para <strong>Tu seguridad y el bienestar del tigre<\/strong>, siempre <strong>Escuche atentamente a los manipuladores<\/strong>.<\/p>\n<hr \/>\n<h3><strong>\u2705 Qu\u00e9 hacer y qu\u00e9 no hacer<\/strong><\/h3>\n<h4>\u2714 <strong>Qu\u00e9 hacer:<\/strong><\/h4>\n<ul>\n<li>Seguir <strong>Todas las pautas de seguridad<\/strong> proporcionado por los entrenadores.<\/li>\n<li><strong>Mant\u00e9n la calma y la compostura<\/strong> Durante el paseo.<\/li>\n<li>Tener puesto <strong>vestimenta apropiada<\/strong> \u2013 <strong>No se permiten pantalones cortos, faldas ni blusas sin tirantes.<\/strong>.<\/li>\n<\/ul>\n<h4>\u274c <strong>No hacer:<\/strong><\/h4>\n<ul>\n<li><strong>NO toques ni provoques al tigre<\/strong> a menos que se le indique.<\/li>\n<li><strong>Sin ruidos fuertes<\/strong> \u2013 Mantener una <strong>Ambiente tranquilo y respetuoso.<\/strong>.<\/li>\n<li><strong>Fotograf\u00eda sin flash<\/strong> \u2013 Puede asustar a los animales.<\/li>\n<li><strong>No correr ni hacer movimientos bruscos<\/strong> - Permanecer <strong>calma y constante<\/strong> Durante el paseo.<\/li>\n<\/ul>\n<hr \/>\n<h3><strong>\ud83d\udd0d Lo que debes saber antes de ir<\/strong><\/h3>\n<ul>\n<li>\ud83c\udf9f <strong>Se requiere reserva previa:<\/strong> <strong>Espacios limitados disponibles<\/strong> Cada d\u00eda.<\/li>\n<li>\ud83c\udfde <strong>Mejor \u00e9poca para visitar:<\/strong> Ma\u00f1anas para <strong>Menos multitudes y temperaturas m\u00e1s frescas<\/strong>.<\/li>\n<li>\u23f0 <strong>Franjas horarias fijas:<\/strong> Planifique en consecuencia <strong>Evita perder tu sesi\u00f3n<\/strong>.<\/li>\n<li>\ud83d\udc5a <strong>C\u00f3digo de vestimenta:<\/strong> <strong>Pantalones largos, zapatos cubiertos y ropa c\u00f3moda.<\/strong> recomendado.<\/li>\n<\/ul>\n<hr \/>\n<h3><strong>\ud83d\ude96 C\u00f3mo llegar al zool\u00f3gico Tiger Topia Sriracha<\/strong><\/h3>\n<p>\ud83d\udccd <strong>Ubicaci\u00f3n:<\/strong> <strong>341, Si Racha, Chon Buri, Tailandia<\/strong><br \/>\n\ud83d\udccd <strong>Mapas de Google:<\/strong> <a href=\"https:\/\/maps.app.goo.gl\/CyLT4T9JNGumc9bM8\" target=\"_blank\" rel=\"noopener\">Ubicaci\u00f3n del zool\u00f3gico Tiger Topia Sriracha<\/a><\/p>\n<p>\ud83d\ude97 <strong>En taxi:<\/strong> Disponible desde <strong>Ciudad de Pattaya y hoteles cercanos<\/strong>.<br \/>\n\ud83d\ude8c <strong>En transporte p\u00fablico:<\/strong> Tomar una <strong>Autob\u00fas o Songthaew (taxi compartido) hasta Sukhumvit Road<\/strong>, luego un corto paseo hasta el zool\u00f3gico.<br \/>\n\ud83d\ude97 <strong>En coche:<\/strong> Gratis <strong>Estacionamiento en el lugar<\/strong> disponible.<\/p>\n<hr \/>\n<h3><strong>\u2753 Preguntas frecuentes (FAQ)<\/strong><\/h3>\n<p><strong>1. \u00bfEs seguro el paseo por el bosque con Tiger?<\/strong><br \/>\n\u2714 \u00a1S\u00ed! La actividad se realiza en un <strong>Entorno controlado con manipuladores profesionales que garantizan la seguridad.<\/strong>.<\/p>\n<p><strong>2. \u00bfPuedo reservar entradas online?<\/strong><br \/>\n\u2714 \u00a1S\u00ed! <strong>Reserva anticipada<\/strong> es requerido debido a <strong>ranuras limitadas<\/strong>. <strong>Reserva online para obtener descuentos y disponibilidad garantizada<\/strong>.<\/p>\n<p><strong>3. \u00bfPuedo tocar al tigre durante el paseo?<\/strong><br \/>\n\u2714 <strong>S\u00f3lo si lo permite el entrenador<\/strong>La interacci\u00f3n directa es <strong>limitado por razones de seguridad<\/strong>.<\/p>\n<p><strong>4. \u00bfLas fotos est\u00e1n incluidas en el paquete?<\/strong><br \/>\n\u2714 Puedes tomar <strong>fotos generales<\/strong>. Para <strong>Sesiones fotogr\u00e1ficas exclusivas con tigres<\/strong>, reservar por separado.<\/p>\n<p><strong>5. \u00bfPueden participar los ni\u00f1os?<\/strong><br \/>\n\u2714 <strong>S\u00f3lo visitantes de 140 cm o m\u00e1s<\/strong> Se permiten ni\u00f1os m\u00e1s peque\u00f1os. <strong>Otras actividades del zool\u00f3gico<\/strong>.<\/p>\n<hr \/>\n<h3><strong>\ud83c\udf9f \u00a1Reserva tus entradas ahora!<\/strong><\/h3>\n<p>No te pierdas esto <strong>Extraordinaria aventura de vida salvaje<\/strong>! <strong>Reserva ahora tus entradas para Forest Walk With Tiger<\/strong> y experimentar una <strong>momento inolvidable<\/strong> en <a href=\"https:\/\/tigertopiasrirachazoo.com\/es\/\"><strong>Zool\u00f3gico Tigre Topia Sriracha<\/strong><\/a>!<\/p>","protected":false},"excerpt":{"rendered":"<table class=\"short-description\">\n<tbody class=\"tabel364\">\n<tr class=\"short-description-tr32r\">\n<th class=\"short-description-th\"><span class=\"description-h23\"><strong class=\"description-strong67\">Las reservas deben hacerse con 1 hora de anticipaci\u00f3n para reservar el mismo d\u00eda.<\/strong><\/span><\/th>\n<\/tr>\n<\/tbody>\n<\/table>","protected":false},"featured_media":3589,"template":"","meta":{"ocean_post_layout":"","ocean_both_sidebars_style":"","ocean_both_sidebars_content_width":0,"ocean_both_sidebars_sidebars_width":0,"ocean_sidebar":"0","ocean_second_sidebar":"0","ocean_disable_margins":"enable","ocean_add_body_class":"","ocean_shortcode_before_top_bar":"","ocean_shortcode_after_top_bar":"","ocean_shortcode_before_header":"","ocean_shortcode_after_header":"","ocean_has_shortcode":"","ocean_shortcode_after_title":"","ocean_shortcode_before_footer_widgets":"","ocean_shortcode_after_footer_widgets":"","ocean_shortcode_before_footer_bottom":"","ocean_shortcode_after_footer_bottom":"","ocean_display_top_bar":"default","ocean_display_header":"default","ocean_header_style":"","ocean_center_header_left_menu":"0","ocean_custom_header_template":"0","ocean_custom_logo":0,"ocean_custom_retina_logo":0,"ocean_custom_logo_max_width":0,"ocean_custom_logo_tablet_max_width":0,"ocean_custom_logo_mobile_max_width":0,"ocean_custom_logo_max_height":0,"ocean_custom_logo_tablet_max_height":0,"ocean_custom_logo_mobile_max_height":0,"ocean_header_custom_menu":"0","ocean_menu_typo_font_family":"0","ocean_menu_typo_font_subset":"","ocean_menu_typo_font_size":0,"ocean_menu_typo_font_size_tablet":0,"ocean_menu_typo_font_size_mobile":0,"ocean_menu_typo_font_size_unit":"px","ocean_menu_typo_font_weight":"","ocean_menu_typo_font_weight_tablet":"","ocean_menu_typo_font_weight_mobile":"","ocean_menu_typo_transform":"","ocean_menu_typo_transform_tablet":"","ocean_menu_typo_transform_mobile":"","ocean_menu_typo_line_height":0,"ocean_menu_typo_line_height_tablet":0,"ocean_menu_typo_line_height_mobile":0,"ocean_menu_typo_line_height_unit":"","ocean_menu_typo_spacing":0,"ocean_menu_typo_spacing_tablet":0,"ocean_menu_typo_spacing_mobile":0,"ocean_menu_typo_spacing_unit":"","ocean_menu_link_color":"","ocean_menu_link_color_hover":"","ocean_menu_link_color_active":"","ocean_menu_link_background":"","ocean_menu_link_hover_background":"","ocean_menu_link_active_background":"","ocean_menu_social_links_bg":"","ocean_menu_social_hover_links_bg":"","ocean_menu_social_links_color":"","ocean_menu_social_hover_links_color":"","ocean_disable_title":"default","ocean_disable_heading":"default","ocean_post_title":"","ocean_post_subheading":"","ocean_post_title_style":"","ocean_post_title_background_color":"","ocean_post_title_background":0,"ocean_post_title_bg_image_position":"","ocean_post_title_bg_image_attachment":"","ocean_post_title_bg_image_repeat":"","ocean_post_title_bg_image_size":"","ocean_post_title_height":0,"ocean_post_title_bg_overlay":0.5,"ocean_post_title_bg_overlay_color":"","ocean_disable_breadcrumbs":"default","ocean_breadcrumbs_color":"","ocean_breadcrumbs_separator_color":"","ocean_breadcrumbs_links_color":"","ocean_breadcrumbs_links_hover_color":"","ocean_display_footer_widgets":"default","ocean_display_footer_bottom":"default","ocean_custom_footer_template":"0"},"product_brand":[],"product_cat":[20],"product_tag":[491,500,497,486,489,502,498,493,499,490,496,470,488,501,495,492,487,494],"class_list":{"0":"post-3596","1":"product","2":"type-product","3":"status-publish","4":"has-post-thumbnail","6":"product_cat-tickets","7":"product_tag-best-wildlife-experience-thailand","8":"product_tag-best-zoo-experience-pattaya","9":"product_tag-ethical-tiger-experience","10":"product_tag-forest-walk-with-tiger","11":"product_tag-forest-walk-with-tigers-pattaya","12":"product_tag-must-do-wildlife-activities-thailand","13":"product_tag-thrilling-tiger-walk","14":"product_tag-tiger-adventure-pattaya","15":"product_tag-tiger-conservation-experience","16":"product_tag-tiger-encounter-thailand","17":"product_tag-tiger-interaction-thailand","18":"product_tag-tiger-topia-sriracha-zoo-tickets","19":"product_tag-tiger-walk-experience","20":"product_tag-unique-animal-encounters-thailand","21":"product_tag-up-close-tiger-experience","22":"product_tag-walk-with-big-cats","23":"product_tag-walk-with-tigers-thailand","24":"product_tag-wildlife-safari-with-tigers","26":"entry","27":"has-media","28":"tm-has-options","30":"first","31":"instock","32":"virtual","33":"taxable","34":"purchasable","35":"product-type-simple","36":"has-product-nav","37":"col","38":"span_1_of_3","39":"owp-content-center","40":"owp-thumbs-layout-horizontal","41":"owp-btn-normal","42":"owp-tabs-layout-horizontal"},"yoast_head":"<!-- This site is optimized with the Yoast SEO plugin v27.5 - https:\/\/yoast.com\/product\/yoast-seo-wordpress\/ -->\n<title>Book Walk With Tigers | Forest Walk Experience At Tiger Topia Zoo<\/title>\n<meta name=\"description\" content=\"Experience A Thrilling Forest Walk With Tigers At Tiger Topia Sriracha Zoo! Walk Safely Beside Majestic Tigers For A Once-In-A-Lifetime Adventure.\" \/>\n<meta name=\"robots\" content=\"index, follow, max-snippet:-1, max-image-preview:large, max-video-preview:-1\" \/>\n<link rel=\"canonical\" href=\"https:\/\/tigertopiasrirachazoo.com\/es\/entradas\/paseo-por-el-bosque-con-tigre\/\" \/>\n<meta property=\"og:locale\" content=\"es_ES\" \/>\n<meta property=\"og:type\" content=\"article\" \/>\n<meta property=\"og:title\" content=\"Book Walk With Tigers | Forest Walk Experience At Tiger Topia Zoo\" \/>\n<meta property=\"og:description\" content=\"Experience A Thrilling Forest Walk With Tigers At Tiger Topia Sriracha Zoo! Walk Safely Beside Majestic Tigers For A Once-In-A-Lifetime Adventure.\" \/>\n<meta property=\"og:url\" content=\"https:\/\/tigertopiasrirachazoo.com\/es\/entradas\/paseo-por-el-bosque-con-tigre\/\" \/>\n<meta property=\"og:site_name\" content=\"Tiger Topia Sriracha Zoo\" \/>\n<meta property=\"article:modified_time\" content=\"2025-10-29T10:11:10+00:00\" \/>\n<meta property=\"og:image\" content=\"https:\/\/tigertopiasrirachazoo.com\/wp-content\/uploads\/2025\/02\/Tiger-Topia-Sriracha-Zoo-Tickets-1.png\" \/>\n\t<meta property=\"og:image:width\" content=\"1356\" \/>\n\t<meta property=\"og:image:height\" content=\"904\" \/>\n\t<meta property=\"og:image:type\" content=\"image\/png\" \/>\n<meta name=\"twitter:card\" content=\"summary_large_image\" \/>\n<meta name=\"twitter:label1\" content=\"Tiempo de lectura\" \/>\n\t<meta name=\"twitter:data1\" content=\"4 minutos\" \/>\n<script type=\"application\/ld+json\" class=\"yoast-schema-graph\">{\"@context\":\"https:\\\/\\\/schema.org\",\"@graph\":[{\"@type\":\"WebPage\",\"@id\":\"https:\\\/\\\/tigertopiasrirachazoo.com\\\/tickets\\\/forest-walk-with-tiger\\\/\",\"url\":\"https:\\\/\\\/tigertopiasrirachazoo.com\\\/tickets\\\/forest-walk-with-tiger\\\/\",\"name\":\"Book Walk With Tigers | Forest Walk Experience At Tiger Topia Zoo\",\"isPartOf\":{\"@id\":\"https:\\\/\\\/tigertopiasrirachazoo.com\\\/#website\"},\"primaryImageOfPage\":{\"@id\":\"https:\\\/\\\/tigertopiasrirachazoo.com\\\/tickets\\\/forest-walk-with-tiger\\\/#primaryimage\"},\"image\":{\"@id\":\"https:\\\/\\\/tigertopiasrirachazoo.com\\\/tickets\\\/forest-walk-with-tiger\\\/#primaryimage\"},\"thumbnailUrl\":\"https:\\\/\\\/tigertopiasrirachazoo.com\\\/wp-content\\\/uploads\\\/2025\\\/02\\\/Tiger-Topia-Sriracha-Zoo-Tickets-1.png\",\"datePublished\":\"2025-02-01T15:27:24+00:00\",\"dateModified\":\"2025-10-29T10:11:10+00:00\",\"description\":\"Experience A Thrilling Forest Walk With Tigers At Tiger Topia Sriracha Zoo! Walk Safely Beside Majestic Tigers For A Once-In-A-Lifetime Adventure.\",\"breadcrumb\":{\"@id\":\"https:\\\/\\\/tigertopiasrirachazoo.com\\\/tickets\\\/forest-walk-with-tiger\\\/#breadcrumb\"},\"inLanguage\":\"es\",\"potentialAction\":[{\"@type\":\"ReadAction\",\"target\":[\"https:\\\/\\\/tigertopiasrirachazoo.com\\\/tickets\\\/forest-walk-with-tiger\\\/\"]}]},{\"@type\":\"ImageObject\",\"inLanguage\":\"es\",\"@id\":\"https:\\\/\\\/tigertopiasrirachazoo.com\\\/tickets\\\/forest-walk-with-tiger\\\/#primaryimage\",\"url\":\"https:\\\/\\\/tigertopiasrirachazoo.com\\\/wp-content\\\/uploads\\\/2025\\\/02\\\/Tiger-Topia-Sriracha-Zoo-Tickets-1.png\",\"contentUrl\":\"https:\\\/\\\/tigertopiasrirachazoo.com\\\/wp-content\\\/uploads\\\/2025\\\/02\\\/Tiger-Topia-Sriracha-Zoo-Tickets-1.png\",\"width\":1356,\"height\":904,\"caption\":\"Tiger Topia Sriracha Zoo Tickets\"},{\"@type\":\"BreadcrumbList\",\"@id\":\"https:\\\/\\\/tigertopiasrirachazoo.com\\\/tickets\\\/forest-walk-with-tiger\\\/#breadcrumb\",\"itemListElement\":[{\"@type\":\"ListItem\",\"position\":1,\"name\":\"Home\",\"item\":\"https:\\\/\\\/tigertopiasrirachazoo.com\\\/\"},{\"@type\":\"ListItem\",\"position\":2,\"name\":\"Tickets\",\"item\":\"https:\\\/\\\/tigertopiasrirachazoo.com\\\/tickets\\\/\"},{\"@type\":\"ListItem\",\"position\":3,\"name\":\"Forest Walk With TIGER\"}]},{\"@type\":\"WebSite\",\"@id\":\"https:\\\/\\\/tigertopiasrirachazoo.com\\\/#website\",\"url\":\"https:\\\/\\\/tigertopiasrirachazoo.com\\\/\",\"name\":\"Tiger Topia Sriracha Zoo\",\"description\":\"\",\"publisher\":{\"@id\":\"https:\\\/\\\/tigertopiasrirachazoo.com\\\/#organization\"},\"potentialAction\":[{\"@type\":\"SearchAction\",\"target\":{\"@type\":\"EntryPoint\",\"urlTemplate\":\"https:\\\/\\\/tigertopiasrirachazoo.com\\\/?s={search_term_string}\"},\"query-input\":{\"@type\":\"PropertyValueSpecification\",\"valueRequired\":true,\"valueName\":\"search_term_string\"}}],\"inLanguage\":\"es\"},{\"@type\":\"Organization\",\"@id\":\"https:\\\/\\\/tigertopiasrirachazoo.com\\\/#organization\",\"name\":\"Tiger Topia Sriracha Zoo\",\"url\":\"https:\\\/\\\/tigertopiasrirachazoo.com\\\/\",\"logo\":{\"@type\":\"ImageObject\",\"inLanguage\":\"es\",\"@id\":\"https:\\\/\\\/tigertopiasrirachazoo.com\\\/#\\\/schema\\\/logo\\\/image\\\/\",\"url\":\"https:\\\/\\\/tigertopiasrirachazoo.com\\\/wp-content\\\/uploads\\\/2024\\\/08\\\/Tiger-Topia-Sriracha-Zoo.png\",\"contentUrl\":\"https:\\\/\\\/tigertopiasrirachazoo.com\\\/wp-content\\\/uploads\\\/2024\\\/08\\\/Tiger-Topia-Sriracha-Zoo.png\",\"width\":350,\"height\":100,\"caption\":\"Tiger Topia Sriracha Zoo\"},\"image\":{\"@id\":\"https:\\\/\\\/tigertopiasrirachazoo.com\\\/#\\\/schema\\\/logo\\\/image\\\/\"}}]}<\/script>\n<!-- \/ Yoast SEO plugin. -->","yoast_head_json":{"title":"Reservar Paseo con tigres | Experiencia de paseo por el bosque en el zool\u00f3gico Tiger Topia","description":"\u00a1Disfrute de una emocionante caminata por el bosque con tigres en el zool\u00f3gico Tiger Topia Sriracha! Camine con seguridad junto a majestuosos tigres para vivir una aventura \u00fanica en la vida.","robots":{"index":"index","follow":"follow","max-snippet":"max-snippet:-1","max-image-preview":"max-image-preview:large","max-video-preview":"max-video-preview:-1"},"canonical":"https:\/\/tigertopiasrirachazoo.com\/es\/entradas\/paseo-por-el-bosque-con-tigre\/","og_locale":"es_ES","og_type":"article","og_title":"Book Walk With Tigers | Forest Walk Experience At Tiger Topia Zoo","og_description":"Experience A Thrilling Forest Walk With Tigers At Tiger Topia Sriracha Zoo! Walk Safely Beside Majestic Tigers For A Once-In-A-Lifetime Adventure.","og_url":"https:\/\/tigertopiasrirachazoo.com\/es\/entradas\/paseo-por-el-bosque-con-tigre\/","og_site_name":"Tiger Topia Sriracha Zoo","article_modified_time":"2025-10-29T10:11:10+00:00","og_image":[{"width":1356,"height":904,"url":"https:\/\/tigertopiasrirachazoo.com\/wp-content\/uploads\/2025\/02\/Tiger-Topia-Sriracha-Zoo-Tickets-1.png","type":"image\/png"}],"twitter_card":"summary_large_image","twitter_misc":{"Tiempo de lectura":"4 minutos"},"schema":{"@context":"https:\/\/schema.org","@graph":[{"@type":"WebPage","@id":"https:\/\/tigertopiasrirachazoo.com\/tickets\/forest-walk-with-tiger\/","url":"https:\/\/tigertopiasrirachazoo.com\/tickets\/forest-walk-with-tiger\/","name":"Reservar Paseo con tigres | Experiencia de paseo por el bosque en el zool\u00f3gico Tiger Topia","isPartOf":{"@id":"https:\/\/tigertopiasrirachazoo.com\/#website"},"primaryImageOfPage":{"@id":"https:\/\/tigertopiasrirachazoo.com\/tickets\/forest-walk-with-tiger\/#primaryimage"},"image":{"@id":"https:\/\/tigertopiasrirachazoo.com\/tickets\/forest-walk-with-tiger\/#primaryimage"},"thumbnailUrl":"https:\/\/tigertopiasrirachazoo.com\/wp-content\/uploads\/2025\/02\/Tiger-Topia-Sriracha-Zoo-Tickets-1.png","datePublished":"2025-02-01T15:27:24+00:00","dateModified":"2025-10-29T10:11:10+00:00","description":"\u00a1Disfrute de una emocionante caminata por el bosque con tigres en el zool\u00f3gico Tiger Topia Sriracha! Camine con seguridad junto a majestuosos tigres para vivir una aventura \u00fanica en la vida.","breadcrumb":{"@id":"https:\/\/tigertopiasrirachazoo.com\/tickets\/forest-walk-with-tiger\/#breadcrumb"},"inLanguage":"es","potentialAction":[{"@type":"ReadAction","target":["https:\/\/tigertopiasrirachazoo.com\/tickets\/forest-walk-with-tiger\/"]}]},{"@type":"ImageObject","inLanguage":"es","@id":"https:\/\/tigertopiasrirachazoo.com\/tickets\/forest-walk-with-tiger\/#primaryimage","url":"https:\/\/tigertopiasrirachazoo.com\/wp-content\/uploads\/2025\/02\/Tiger-Topia-Sriracha-Zoo-Tickets-1.png","contentUrl":"https:\/\/tigertopiasrirachazoo.com\/wp-content\/uploads\/2025\/02\/Tiger-Topia-Sriracha-Zoo-Tickets-1.png","width":1356,"height":904,"caption":"Tiger Topia Sriracha Zoo Tickets"},{"@type":"BreadcrumbList","@id":"https:\/\/tigertopiasrirachazoo.com\/tickets\/forest-walk-with-tiger\/#breadcrumb","itemListElement":[{"@type":"ListItem","position":1,"name":"Home","item":"https:\/\/tigertopiasrirachazoo.com\/"},{"@type":"ListItem","position":2,"name":"Tickets","item":"https:\/\/tigertopiasrirachazoo.com\/tickets\/"},{"@type":"ListItem","position":3,"name":"Forest Walk With TIGER"}]},{"@type":"WebSite","@id":"https:\/\/tigertopiasrirachazoo.com\/#website","url":"https:\/\/tigertopiasrirachazoo.com\/","name":"Zool\u00f3gico Tigre Topia Sriracha","description":"","publisher":{"@id":"https:\/\/tigertopiasrirachazoo.com\/#organization"},"potentialAction":[{"@type":"SearchAction","target":{"@type":"EntryPoint","urlTemplate":"https:\/\/tigertopiasrirachazoo.com\/?s={search_term_string}"},"query-input":{"@type":"PropertyValueSpecification","valueRequired":true,"valueName":"search_term_string"}}],"inLanguage":"es"},{"@type":"Organization","@id":"https:\/\/tigertopiasrirachazoo.com\/#organization","name":"Zool\u00f3gico Tigre Topia Sriracha","url":"https:\/\/tigertopiasrirachazoo.com\/","logo":{"@type":"ImageObject","inLanguage":"es","@id":"https:\/\/tigertopiasrirachazoo.com\/#\/schema\/logo\/image\/","url":"https:\/\/tigertopiasrirachazoo.com\/wp-content\/uploads\/2024\/08\/Tiger-Topia-Sriracha-Zoo.png","contentUrl":"https:\/\/tigertopiasrirachazoo.com\/wp-content\/uploads\/2024\/08\/Tiger-Topia-Sriracha-Zoo.png","width":350,"height":100,"caption":"Tiger Topia Sriracha Zoo"},"image":{"@id":"https:\/\/tigertopiasrirachazoo.com\/#\/schema\/logo\/image\/"}}]}},"jetpack_sharing_enabled":true,"_links":{"self":[{"href":"https:\/\/tigertopiasrirachazoo.com\/es\/wp-json\/wp\/v2\/product\/3596","targetHints":{"allow":["GET"]}}],"collection":[{"href":"https:\/\/tigertopiasrirachazoo.com\/es\/wp-json\/wp\/v2\/product"}],"about":[{"href":"https:\/\/tigertopiasrirachazoo.com\/es\/wp-json\/wp\/v2\/types\/product"}],"wp:featuredmedia":[{"embeddable":true,"href":"https:\/\/tigertopiasrirachazoo.com\/es\/wp-json\/wp\/v2\/media\/3589"}],"wp:attachment":[{"href":"https:\/\/tigertopiasrirachazoo.com\/es\/wp-json\/wp\/v2\/media?parent=3596"}],"wp:term":[{"taxonomy":"product_brand","embeddable":true,"href":"https:\/\/tigertopiasrirachazoo.com\/es\/wp-json\/wp\/v2\/product_brand?post=3596"},{"taxonomy":"product_cat","embeddable":true,"href":"https:\/\/tigertopiasrirachazoo.com\/es\/wp-json\/wp\/v2\/product_cat?post=3596"},{"taxonomy":"product_tag","embeddable":true,"href":"https:\/\/tigertopiasrirachazoo.com\/es\/wp-json\/wp\/v2\/product_tag?post=3596"}],"curies":[{"name":"wp","href":"https:\/\/api.w.org\/{rel}","templated":true}]}}