{"id":3604,"date":"2025-02-01T21:57:09","date_gmt":"2025-02-01T16:27:09","guid":{"rendered":"https:\/\/tigertopiasrirachazoo.com\/?post_type=product&#038;p=3604"},"modified":"2025-12-10T08:50:03","modified_gmt":"2025-12-10T03:20:03","slug":"dispara-alimenta-a-los-tigres","status":"publish","type":"product","link":"https:\/\/tigertopiasrirachazoo.com\/es\/entradas\/dispara-alimenta-a-los-tigres\/","title":{"rendered":"Dispara y alimenta a los TIGRES"},"content":{"rendered":"<h1><strong>\ud83c\udfaf Dispara y alimenta a los tigres \u2013 Zool\u00f3gico Tiger Topia Sriracha<\/strong><\/h1>\n<h2><strong>\ud83d\udcd6 Acerca de Shoot &amp; Feed Tigers<\/strong><\/h2>\n<p>Entra en un <strong>emocionante aventura de vida salvaje<\/strong> con el <strong>Dispara y alimenta a los tigres<\/strong> experiencia en <a href=\"https:\/\/tigertopiasrirachazoo.com\/es\"><strong>Zool\u00f3gico Tigre Topia Sriracha<\/strong><\/a>\u00a1Esta actividad \u00fanica te permite! <strong>Alimenta a tigres poderosos de forma segura desde la distancia<\/strong> utilizando un mecanismo de alimentaci\u00f3n especializado, lo que le brinda la <strong>La emoci\u00f3n de interactuar con estos magn\u00edficos depredadores<\/strong> en un entorno controlado y seguro. Observa c\u00f3mo el <strong>Los tigres muestran sus instintos naturales y agilidad.<\/strong>, haciendo de esto un <strong>Una experiencia inolvidable para los amantes de los animales, los amantes de las emociones fuertes y los fot\u00f3grafos.<\/strong>.<\/p>\n<p>Realizado bajo <strong>Estricta supervisi\u00f3n por parte de entrenadores expertos<\/strong>, esta actividad asegura <strong>tanto la seguridad de los visitantes como el bienestar animal<\/strong>, ofreciendo una <strong>Una visi\u00f3n educativa y emocionante<\/strong> En el mundo de estos <strong>majestuosos grandes felinos<\/strong>.<\/p>\n<hr \/>\n<h2><strong>\ud83d\udd52 Horarios<\/strong><\/h2>\n<p>\u2714 <strong>Horario de atenci\u00f3n:<\/strong> Diariamente desde <strong>9:00 a. m. a 3:30 p. m.<\/strong><br \/>\n\u2714 <strong>\u00daltima entrada:<\/strong> <strong>3:00 p.m.<\/strong><br \/>\n\u2714 <strong>Duraci\u00f3n:<\/strong> <strong>5 \u2013 10 minutos<\/strong><\/p>\n<p>\ud83d\udcc5 <strong>Cupos limitados disponibles: \u00a1se recomienda reservar con anticipaci\u00f3n!<\/strong><\/p>\n<hr \/>\n<h2><strong>\ud83c\udf1f Lo m\u00e1s destacado<\/strong><\/h2>\n<ul>\n<li>\ud83d\udc05 <strong>Alimenta a los tigres desde una distancia segura<\/strong> \u2013 Utilice un <strong>herramienta de alimentaci\u00f3n especializada<\/strong> Para proporcionar comida a los tigres.<\/li>\n<li>\ud83c\udfaf <strong>Experimente su poder puro de cerca<\/strong> - Observar <strong>Su velocidad, fuerza e instintos naturales de caza.<\/strong>.<\/li>\n<li>\ud83d\udc68\u200d\ud83c\udfeb <strong>Supervisado por manipuladores profesionales<\/strong> \u2013 Garantizar una <strong>Experiencia segura y controlada<\/strong>.<\/li>\n<li>\ud83d\udcf8 <strong>Un encuentro inolvidable con la vida salvaje<\/strong> - A <strong>Actividad imprescindible<\/strong> Para los que aman <strong>grandes felinos<\/strong> y la vida silvestre.<\/li>\n<li>\ud83c\udfc6 <strong>Oportunidad exclusiva y \u00fanica<\/strong> \u2013 Disponible a solo un <strong>Algunos parques naturales selectos en todo el mundo<\/strong>.<\/li>\n<li>\ud83c\udf0d <strong>Interacci\u00f3n \u00e9tica y responsable<\/strong> \u2013 Realizado con <strong>bienestar y seguridad animal<\/strong> como m\u00e1xima prioridad.<\/li>\n<\/ul>\n<hr \/>\n<h2><strong>\u2705 Qu\u00e9 incluye<\/strong><\/h2>\n<p>\u2714 <strong>Experiencia de alimentaci\u00f3n guiada<\/strong> usando <strong>Equipo de alimentaci\u00f3n y tiro seguro<\/strong><br \/>\n\u2714 <strong>Supervisi\u00f3n por parte de manipuladores expertos<\/strong> asegurando una <strong>sesi\u00f3n segura<\/strong><br \/>\n\u2714 <strong>Oportunidad de tomar fotograf\u00edas y v\u00eddeos.<\/strong> de la experiencia de alimentaci\u00f3n<br \/>\n\u2714 <strong>Una interacci\u00f3n emocionante y \u00fanica con tigres reales.<\/strong><\/p>\n<hr \/>\n<h2><strong>\u274c Inclusiones \/ Exclusiones<\/strong><\/h2>\n<h3>\u2714 <strong>Incluido:<\/strong><\/h3>\n<ul>\n<li>Uno a uno <strong>Sesi\u00f3n de alimentaci\u00f3n del tigre<\/strong><\/li>\n<li><strong>Orientaci\u00f3n profesional<\/strong> Para un <strong>Experiencia sin estr\u00e9s<\/strong><\/li>\n<li><strong>Acceso a zonas de alimentaci\u00f3n designadas<\/strong><\/li>\n<\/ul>\n<h3>\u2716 <strong>No incluido:<\/strong><\/h3>\n<ul>\n<li>Fotograf\u00edas impresas (disponibles para comprar por separado)<\/li>\n<li>Interacciones adicionales con animales (se pueden reservar como complementos)<\/li>\n<li>Transporte desde\/hacia el zool\u00f3gico (opcional) <strong>Traslados al hotel disponibles.<\/strong>)<\/li>\n<\/ul>\n<hr \/>\n<h2><strong>\ud83d\udc76 Pol\u00edtica de menores<\/strong><\/h2>\n<p>\u2714 <strong>NO se permiten ni\u00f1os menores de 140 cm.<\/strong> para participar en esta actividad.<br \/>\n\u2714 Ni\u00f1os <strong>140 cm y m\u00e1s<\/strong> Puede participar pero debe ser <strong>acompa\u00f1ado por un adulto que pague (18+).<\/strong><br \/>\n\u2714 Las familias con ni\u00f1os m\u00e1s peque\u00f1os pueden explorar otras <strong>Experiencias interactivas con la vida salvaje<\/strong> En el zool\u00f3gico.<\/p>\n<hr \/>\n<h2><strong>\ud83d\udeab Pol\u00edtica de reembolso y cancelaci\u00f3n<\/strong><\/h2>\n<p>\u274c <strong>Sin cancelaciones, sin reembolsos<\/strong> \u2013 Las entradas son <strong>No reembolsable y no transferible<\/strong>.<br \/>\n\ud83d\udcc5 <strong>Reserva con fecha espec\u00edfica<\/strong> \u2013 V\u00e1lido \u00fanicamente para el <strong>fecha seleccionada<\/strong> y no se puede reprogramar.<br \/>\n\u23f3 <strong>Las sesiones perdidas no ser\u00e1n reprogramadas<\/strong> \u2013 Las llegadas tard\u00edas pueden provocar la p\u00e9rdida de su turno.<\/p>\n<hr \/>\n<h2><strong>\ud83d\udccc \u00bfQu\u00e9 hay m\u00e1s?<\/strong><\/h2>\n<p>\u2714 <strong>Comb\u00ednalo con otras experiencias de vida silvestre<\/strong> \u2013 Combina tu <strong>Dispara y alimenta a los tigres<\/strong> sesi\u00f3n con <strong>Sesiones de fotos con tigres, alimentaci\u00f3n de cocodrilos o paseo por el bosque con tigres<\/strong>.<br \/>\n\u2714 <strong>Explora el zool\u00f3gico<\/strong> - Encontrar <strong>Grandes tigres, leones blancos, tigres beb\u00e9s y experiencias de alimentaci\u00f3n interactivas<\/strong>.<br \/>\n\u2714 <strong>Cene en el restaurante Royal Bengal Tigers<\/strong> \u2013 Ubicado cerca del mostrador de venta de billetes, ofrece una <strong>Delicioso desayuno buffet y almuerzo.<\/strong>.<\/p>\n<hr \/>\n<h2><strong>\ud83d\udca1 Consejos de expertos<\/strong><\/h2>\n<p>\u2b50 <strong>Llegar temprano<\/strong> \u2013 Hay plazas limitadas disponibles, por lo que reservar con antelaci\u00f3n garantiza una <strong>Experiencia perfecta<\/strong>.<br \/>\n\u2b50 <strong>V\u00edstete c\u00f3modamente<\/strong> - Evitar <strong>Colores brillantes o accesorios colgantes.<\/strong> que puede distraer a los tigres.<br \/>\n\u2b50 <strong>Captura la fotograf\u00eda perfecta<\/strong> \u2013 Ten tu <strong>C\u00e1mara lista para tomar fotograf\u00edas y v\u00eddeos llenos de acci\u00f3n<\/strong>.<br \/>\n\u2b50 <strong>Mant\u00e9n la calma y la confianza<\/strong> \u2013 Siga todas las instrucciones dadas por los manipuladores para garantizar <strong>Una experiencia fluida y segura<\/strong>.<\/p>\n<hr \/>\n<h2><strong>\u2705 Qu\u00e9 hacer y qu\u00e9 no hacer<\/strong><\/h2>\n<h3>\u2714 <strong>Qu\u00e9 hacer:<\/strong><\/h3>\n<ul>\n<li>Seguir <strong>Todas las instrucciones de seguridad<\/strong> proporcionado por los entrenadores.<\/li>\n<li>Mantener <strong>un comportamiento tranquilo y sereno<\/strong> cerca de los tigres.<\/li>\n<li>Tener puesto <strong>ropa comoda<\/strong> \u2013 Evite joyas sueltas o art\u00edculos que puedan distraer a los tigres.<\/li>\n<\/ul>\n<h3>\u274c <strong>No hacer:<\/strong><\/h3>\n<ul>\n<li><strong>NO intente tocar ni provocar a los tigres.<\/strong> a menos que se le indique.<\/li>\n<li><strong>Sin ruidos fuertes ni movimientos bruscos.<\/strong> que puedan asustar a los animales.<\/li>\n<li><strong>Fotograf\u00eda sin flash<\/strong>, ya que puede molestar a los tigres.<\/li>\n<li><strong>No se permiten alimentos ni bebidas del exterior.<\/strong> en el \u00e1rea de alimentaci\u00f3n.<\/li>\n<\/ul>\n<hr \/>\n<h2><strong>\ud83d\udd0d Lo que debes saber antes de ir<\/strong><\/h2>\n<ul>\n<li>\ud83c\udf9f <strong>Se requiere reserva previa:<\/strong> <strong>Espacios limitados disponibles<\/strong> Cada d\u00eda.<\/li>\n<li>\ud83c\udfde <strong>Mejor \u00e9poca para visitar:<\/strong> Ma\u00f1anas para <strong>Mejor iluminaci\u00f3n y menos multitudes<\/strong>.<\/li>\n<li>\u23f0 <strong>Franjas horarias fijas:<\/strong> Llegar a tiempo a <strong>Evita perder tu sesi\u00f3n<\/strong>.<\/li>\n<li>\ud83d\udc5a <strong>C\u00f3digo de vestimenta:<\/strong> <strong>Se recomienda ropa de colores neutros y zapatos cerrados.<\/strong>.<\/li>\n<\/ul>\n<hr \/>\n<h2><strong>\ud83d\ude96 C\u00f3mo llegar al zool\u00f3gico Tiger Topia Sriracha<\/strong><\/h2>\n<p>\ud83d\udccd <strong>Ubicaci\u00f3n:<\/strong> <strong>341, Si Racha, Chon Buri, Tailandia<\/strong><br \/>\n\ud83d\udccd <strong>Mapas de Google:<\/strong> <a href=\"https:\/\/maps.app.goo.gl\/CyLT4T9JNGumc9bM8\" target=\"_blank\" rel=\"noopener\">Ubicaci\u00f3n del zool\u00f3gico Tiger Topia Sriracha<\/a><\/p>\n<p>\ud83d\ude97 <strong>En taxi:<\/strong> Taxis directos disponibles desde <strong>Pattaya y zonas cercanas<\/strong>.<br \/>\n\ud83d\ude8c <strong>En transporte p\u00fablico:<\/strong> Tomar una <strong>Autob\u00fas o Songthaew (taxi compartido) hasta Sukhumvit Road<\/strong>, luego un corto paseo hasta el zool\u00f3gico.<br \/>\n\ud83d\ude97 <strong>En coche:<\/strong> Gratis <strong>Estacionamiento en el lugar<\/strong> disponible.<\/p>\n<hr \/>\n<h2><strong>\u2753 Preguntas frecuentes (FAQ)<\/strong><\/h2>\n<p><strong>1. \u00bfEs segura la experiencia Shoot &amp; Feed Tigers?<\/strong><br \/>\n\u2714 \u00a1S\u00ed! La actividad es <strong>realizado bajo supervisi\u00f3n de expertos<\/strong>, asegurando una <strong>entorno seguro y controlado<\/strong>.<\/p>\n<p><strong>2. \u00bfPuedo reservar entradas online?<\/strong><br \/>\n\u2714 \u00a1S\u00ed! <strong>Se recomienda encarecidamente reservar con antelaci\u00f3n.<\/strong> debido a <strong>Disponibilidad limitada<\/strong>Reserva online para <strong>descuentos y entrada garantizada<\/strong>.<\/p>\n<p><strong>3. \u00bfPuedo tocar a los tigres durante la sesi\u00f3n de alimentaci\u00f3n?<\/strong><br \/>\n\u274c No, <strong>No se permite el contacto directo<\/strong>Los alimentar\u00e1s desde un <strong>distancia segura y controlada<\/strong> utilizando una herramienta especializada.<\/p>\n<p><strong>4. \u00bfLas fotos impresas est\u00e1n incluidas en el paquete?<\/strong><br \/>\n\u274c No, pero puedes <strong>Compre fotograf\u00edas impresas de alta calidad<\/strong> en el lugar.<\/p>\n<p><strong>5. \u00bfPueden los ni\u00f1os participar en esta actividad?<\/strong><br \/>\n\u2714 <strong>S\u00f3lo visitantes de 140 cm o m\u00e1s<\/strong> Se permiten. Las familias con ni\u00f1os m\u00e1s peque\u00f1os pueden disfrutar <strong>Otras atracciones como las fotos de los tigres beb\u00e9s y el espect\u00e1culo de tigres<\/strong>.<\/p>\n<hr \/>\n<h3><strong>\ud83c\udf9f \u00a1Reserva tus entradas ahora!<\/strong><\/h3>\n<p>No te pierdas esto <strong>Incre\u00edble experiencia con grandes felinos<\/strong>! <strong>Reserva hoy tus entradas para Shoot &amp; Feed Tigers<\/strong> y ser testigo de la <strong>poder y agilidad de estos asombrosos depredadores en <a href=\"https:\/\/tigertopiasrirachazoo.com\/es\">Zool\u00f3gico Tigre Topia Sriracha<\/a>!<\/strong><\/p>","protected":false},"excerpt":{"rendered":"<table class=\"short-description\">\n<tbody class=\"tabel364\">\n<tr class=\"short-description-tr32r\">\n<th class=\"short-description-th\"><span class=\"description-h23\"><strong class=\"description-strong67\">Las reservas deben hacerse con 1 hora de anticipaci\u00f3n para reservar el mismo d\u00eda.<\/strong><\/span><\/th>\n<\/tr>\n<\/tbody>\n<\/table>","protected":false},"featured_media":3585,"template":"","meta":{"ocean_post_layout":"","ocean_both_sidebars_style":"","ocean_both_sidebars_content_width":0,"ocean_both_sidebars_sidebars_width":0,"ocean_sidebar":"0","ocean_second_sidebar":"0","ocean_disable_margins":"enable","ocean_add_body_class":"","ocean_shortcode_before_top_bar":"","ocean_shortcode_after_top_bar":"","ocean_shortcode_before_header":"","ocean_shortcode_after_header":"","ocean_has_shortcode":"","ocean_shortcode_after_title":"","ocean_shortcode_before_footer_widgets":"","ocean_shortcode_after_footer_widgets":"","ocean_shortcode_before_footer_bottom":"","ocean_shortcode_after_footer_bottom":"","ocean_display_top_bar":"default","ocean_display_header":"default","ocean_header_style":"","ocean_center_header_left_menu":"0","ocean_custom_header_template":"0","ocean_custom_logo":0,"ocean_custom_retina_logo":0,"ocean_custom_logo_max_width":0,"ocean_custom_logo_tablet_max_width":0,"ocean_custom_logo_mobile_max_width":0,"ocean_custom_logo_max_height":0,"ocean_custom_logo_tablet_max_height":0,"ocean_custom_logo_mobile_max_height":0,"ocean_header_custom_menu":"0","ocean_menu_typo_font_family":"0","ocean_menu_typo_font_subset":"","ocean_menu_typo_font_size":0,"ocean_menu_typo_font_size_tablet":0,"ocean_menu_typo_font_size_mobile":0,"ocean_menu_typo_font_size_unit":"px","ocean_menu_typo_font_weight":"","ocean_menu_typo_font_weight_tablet":"","ocean_menu_typo_font_weight_mobile":"","ocean_menu_typo_transform":"","ocean_menu_typo_transform_tablet":"","ocean_menu_typo_transform_mobile":"","ocean_menu_typo_line_height":0,"ocean_menu_typo_line_height_tablet":0,"ocean_menu_typo_line_height_mobile":0,"ocean_menu_typo_line_height_unit":"","ocean_menu_typo_spacing":0,"ocean_menu_typo_spacing_tablet":0,"ocean_menu_typo_spacing_mobile":0,"ocean_menu_typo_spacing_unit":"","ocean_menu_link_color":"","ocean_menu_link_color_hover":"","ocean_menu_link_color_active":"","ocean_menu_link_background":"","ocean_menu_link_hover_background":"","ocean_menu_link_active_background":"","ocean_menu_social_links_bg":"","ocean_menu_social_hover_links_bg":"","ocean_menu_social_links_color":"","ocean_menu_social_hover_links_color":"","ocean_disable_title":"default","ocean_disable_heading":"default","ocean_post_title":"","ocean_post_subheading":"","ocean_post_title_style":"","ocean_post_title_background_color":"","ocean_post_title_background":0,"ocean_post_title_bg_image_position":"","ocean_post_title_bg_image_attachment":"","ocean_post_title_bg_image_repeat":"","ocean_post_title_bg_image_size":"","ocean_post_title_height":0,"ocean_post_title_bg_overlay":0.5,"ocean_post_title_bg_overlay_color":"","ocean_disable_breadcrumbs":"default","ocean_breadcrumbs_color":"","ocean_breadcrumbs_separator_color":"","ocean_breadcrumbs_links_color":"","ocean_breadcrumbs_links_hover_color":"","ocean_display_footer_widgets":"default","ocean_display_footer_bottom":"default","ocean_custom_footer_template":"0"},"product_brand":[],"product_cat":[20],"product_tag":[602,597,601,497,515,595,514,510,594,598,504,596,599,470,600,562,509,508],"class_list":{"0":"post-3604","1":"product","2":"type-product","3":"status-publish","4":"has-post-thumbnail","6":"product_cat-tickets","7":"product_tag-best-animal-feeding-thailand","8":"product_tag-best-tiger-encounter-thailand","9":"product_tag-bucket-list-tiger-encounter","10":"product_tag-ethical-tiger-experience","11":"product_tag-exclusive-tiger-feeding-thailand","12":"product_tag-feed-tigers-thailand","13":"product_tag-must-do-tiger-activity-pattaya","14":"product_tag-safe-tiger-interaction","15":"product_tag-shoot-feed-tigers","16":"product_tag-thrilling-big-cat-feeding","17":"product_tag-tiger-feeding-experience","18":"product_tag-tiger-feeding-tour","19":"product_tag-tiger-safari-thailand","20":"product_tag-tiger-topia-sriracha-zoo-tickets","21":"product_tag-ultimate-wildlife-experience","22":"product_tag-unique-big-cat-experience","23":"product_tag-up-close-tiger-feeding","24":"product_tag-wildlife-feeding-adventure","26":"entry","27":"has-media","28":"tm-has-options","30":"first","31":"instock","32":"virtual","33":"taxable","34":"purchasable","35":"product-type-simple","36":"has-product-nav","37":"col","38":"span_1_of_3","39":"owp-content-center","40":"owp-thumbs-layout-horizontal","41":"owp-btn-normal","42":"owp-tabs-layout-horizontal"},"yoast_head":"<!-- This site is optimized with the Yoast SEO plugin v27.3 - https:\/\/yoast.com\/product\/yoast-seo-wordpress\/ -->\n<title>Book Shoot &amp; Feed Tigers | Thrilling Tiger Encounter At Tiger Topia<\/title>\n<meta name=\"description\" content=\"Experience The Thrill Of Feeding Tigers Safely At Tiger Topia Sriracha Zoo! Supervised, Safe, And A Once-In-A-Lifetime Adventure. Book Now!\" \/>\n<meta name=\"robots\" content=\"index, follow, max-snippet:-1, max-image-preview:large, max-video-preview:-1\" \/>\n<link rel=\"canonical\" href=\"https:\/\/tigertopiasrirachazoo.com\/es\/entradas\/dispara-alimenta-a-los-tigres\/\" \/>\n<meta property=\"og:locale\" content=\"es_ES\" \/>\n<meta property=\"og:type\" content=\"article\" \/>\n<meta property=\"og:title\" content=\"Book Shoot &amp; Feed Tigers | Thrilling Tiger Encounter At Tiger Topia\" \/>\n<meta property=\"og:description\" content=\"Experience The Thrill Of Feeding Tigers Safely At Tiger Topia Sriracha Zoo! Supervised, Safe, And A Once-In-A-Lifetime Adventure. Book Now!\" \/>\n<meta property=\"og:url\" content=\"https:\/\/tigertopiasrirachazoo.com\/es\/entradas\/dispara-alimenta-a-los-tigres\/\" \/>\n<meta property=\"og:site_name\" content=\"Tiger Topia Sriracha Zoo\" \/>\n<meta property=\"article:modified_time\" content=\"2025-12-10T03:20:03+00:00\" \/>\n<meta property=\"og:image\" content=\"https:\/\/tigertopiasrirachazoo.com\/wp-content\/uploads\/2025\/02\/Sriracha-Zoo-1.png\" \/>\n\t<meta property=\"og:image:width\" content=\"1356\" \/>\n\t<meta property=\"og:image:height\" content=\"904\" \/>\n\t<meta property=\"og:image:type\" content=\"image\/png\" \/>\n<meta name=\"twitter:card\" content=\"summary_large_image\" \/>\n<meta name=\"twitter:label1\" content=\"Tiempo de lectura\" \/>\n\t<meta name=\"twitter:data1\" content=\"5 minutos\" \/>\n<script type=\"application\/ld+json\" class=\"yoast-schema-graph\">{\"@context\":\"https:\\\/\\\/schema.org\",\"@graph\":[{\"@type\":\"WebPage\",\"@id\":\"https:\\\/\\\/tigertopiasrirachazoo.com\\\/tickets\\\/shoot-feed-tigers\\\/\",\"url\":\"https:\\\/\\\/tigertopiasrirachazoo.com\\\/tickets\\\/shoot-feed-tigers\\\/\",\"name\":\"Book Shoot & Feed Tigers | Thrilling Tiger Encounter At Tiger Topia\",\"isPartOf\":{\"@id\":\"https:\\\/\\\/tigertopiasrirachazoo.com\\\/#website\"},\"primaryImageOfPage\":{\"@id\":\"https:\\\/\\\/tigertopiasrirachazoo.com\\\/tickets\\\/shoot-feed-tigers\\\/#primaryimage\"},\"image\":{\"@id\":\"https:\\\/\\\/tigertopiasrirachazoo.com\\\/tickets\\\/shoot-feed-tigers\\\/#primaryimage\"},\"thumbnailUrl\":\"https:\\\/\\\/tigertopiasrirachazoo.com\\\/wp-content\\\/uploads\\\/2025\\\/02\\\/Sriracha-Zoo-1.png\",\"datePublished\":\"2025-02-01T16:27:09+00:00\",\"dateModified\":\"2025-12-10T03:20:03+00:00\",\"description\":\"Experience The Thrill Of Feeding Tigers Safely At Tiger Topia Sriracha Zoo! Supervised, Safe, And A Once-In-A-Lifetime Adventure. Book Now!\",\"breadcrumb\":{\"@id\":\"https:\\\/\\\/tigertopiasrirachazoo.com\\\/tickets\\\/shoot-feed-tigers\\\/#breadcrumb\"},\"inLanguage\":\"es\",\"potentialAction\":[{\"@type\":\"ReadAction\",\"target\":[\"https:\\\/\\\/tigertopiasrirachazoo.com\\\/tickets\\\/shoot-feed-tigers\\\/\"]}]},{\"@type\":\"ImageObject\",\"inLanguage\":\"es\",\"@id\":\"https:\\\/\\\/tigertopiasrirachazoo.com\\\/tickets\\\/shoot-feed-tigers\\\/#primaryimage\",\"url\":\"https:\\\/\\\/tigertopiasrirachazoo.com\\\/wp-content\\\/uploads\\\/2025\\\/02\\\/Sriracha-Zoo-1.png\",\"contentUrl\":\"https:\\\/\\\/tigertopiasrirachazoo.com\\\/wp-content\\\/uploads\\\/2025\\\/02\\\/Sriracha-Zoo-1.png\",\"width\":1356,\"height\":904,\"caption\":\"Sriracha Zoo\"},{\"@type\":\"BreadcrumbList\",\"@id\":\"https:\\\/\\\/tigertopiasrirachazoo.com\\\/tickets\\\/shoot-feed-tigers\\\/#breadcrumb\",\"itemListElement\":[{\"@type\":\"ListItem\",\"position\":1,\"name\":\"Home\",\"item\":\"https:\\\/\\\/tigertopiasrirachazoo.com\\\/\"},{\"@type\":\"ListItem\",\"position\":2,\"name\":\"Tickets\",\"item\":\"https:\\\/\\\/tigertopiasrirachazoo.com\\\/tickets\\\/\"},{\"@type\":\"ListItem\",\"position\":3,\"name\":\"Shoot &#038; Feed TIGERS\"}]},{\"@type\":\"WebSite\",\"@id\":\"https:\\\/\\\/tigertopiasrirachazoo.com\\\/#website\",\"url\":\"https:\\\/\\\/tigertopiasrirachazoo.com\\\/\",\"name\":\"Tiger Topia Sriracha Zoo\",\"description\":\"\",\"publisher\":{\"@id\":\"https:\\\/\\\/tigertopiasrirachazoo.com\\\/#organization\"},\"potentialAction\":[{\"@type\":\"SearchAction\",\"target\":{\"@type\":\"EntryPoint\",\"urlTemplate\":\"https:\\\/\\\/tigertopiasrirachazoo.com\\\/?s={search_term_string}\"},\"query-input\":{\"@type\":\"PropertyValueSpecification\",\"valueRequired\":true,\"valueName\":\"search_term_string\"}}],\"inLanguage\":\"es\"},{\"@type\":\"Organization\",\"@id\":\"https:\\\/\\\/tigertopiasrirachazoo.com\\\/#organization\",\"name\":\"Tiger Topia Sriracha Zoo\",\"url\":\"https:\\\/\\\/tigertopiasrirachazoo.com\\\/\",\"logo\":{\"@type\":\"ImageObject\",\"inLanguage\":\"es\",\"@id\":\"https:\\\/\\\/tigertopiasrirachazoo.com\\\/#\\\/schema\\\/logo\\\/image\\\/\",\"url\":\"https:\\\/\\\/tigertopiasrirachazoo.com\\\/wp-content\\\/uploads\\\/2024\\\/08\\\/Tiger-Topia-Sriracha-Zoo.png\",\"contentUrl\":\"https:\\\/\\\/tigertopiasrirachazoo.com\\\/wp-content\\\/uploads\\\/2024\\\/08\\\/Tiger-Topia-Sriracha-Zoo.png\",\"width\":350,\"height\":100,\"caption\":\"Tiger Topia Sriracha Zoo\"},\"image\":{\"@id\":\"https:\\\/\\\/tigertopiasrirachazoo.com\\\/#\\\/schema\\\/logo\\\/image\\\/\"}}]}<\/script>\n<!-- \/ Yoast SEO plugin. -->","yoast_head_json":{"title":"Reserva un libro y alimenta a los tigres | Emocionante encuentro con tigres en Tiger Topia","description":"\u00a1Viva la emoci\u00f3n de alimentar a los tigres de forma segura en el zool\u00f3gico Tiger Topia Sriracha! Una aventura supervisada, segura y \u00fanica. \u00a1Reserve ahora!","robots":{"index":"index","follow":"follow","max-snippet":"max-snippet:-1","max-image-preview":"max-image-preview:large","max-video-preview":"max-video-preview:-1"},"canonical":"https:\/\/tigertopiasrirachazoo.com\/es\/entradas\/dispara-alimenta-a-los-tigres\/","og_locale":"es_ES","og_type":"article","og_title":"Book Shoot & Feed Tigers | Thrilling Tiger Encounter At Tiger Topia","og_description":"Experience The Thrill Of Feeding Tigers Safely At Tiger Topia Sriracha Zoo! Supervised, Safe, And A Once-In-A-Lifetime Adventure. Book Now!","og_url":"https:\/\/tigertopiasrirachazoo.com\/es\/entradas\/dispara-alimenta-a-los-tigres\/","og_site_name":"Tiger Topia Sriracha Zoo","article_modified_time":"2025-12-10T03:20:03+00:00","og_image":[{"width":1356,"height":904,"url":"https:\/\/tigertopiasrirachazoo.com\/wp-content\/uploads\/2025\/02\/Sriracha-Zoo-1.png","type":"image\/png"}],"twitter_card":"summary_large_image","twitter_misc":{"Tiempo de lectura":"5 minutos"},"schema":{"@context":"https:\/\/schema.org","@graph":[{"@type":"WebPage","@id":"https:\/\/tigertopiasrirachazoo.com\/tickets\/shoot-feed-tigers\/","url":"https:\/\/tigertopiasrirachazoo.com\/tickets\/shoot-feed-tigers\/","name":"Reserva un libro y alimenta a los tigres | Emocionante encuentro con tigres en Tiger Topia","isPartOf":{"@id":"https:\/\/tigertopiasrirachazoo.com\/#website"},"primaryImageOfPage":{"@id":"https:\/\/tigertopiasrirachazoo.com\/tickets\/shoot-feed-tigers\/#primaryimage"},"image":{"@id":"https:\/\/tigertopiasrirachazoo.com\/tickets\/shoot-feed-tigers\/#primaryimage"},"thumbnailUrl":"https:\/\/tigertopiasrirachazoo.com\/wp-content\/uploads\/2025\/02\/Sriracha-Zoo-1.png","datePublished":"2025-02-01T16:27:09+00:00","dateModified":"2025-12-10T03:20:03+00:00","description":"\u00a1Viva la emoci\u00f3n de alimentar a los tigres de forma segura en el zool\u00f3gico Tiger Topia Sriracha! Una aventura supervisada, segura y \u00fanica. \u00a1Reserve ahora!","breadcrumb":{"@id":"https:\/\/tigertopiasrirachazoo.com\/tickets\/shoot-feed-tigers\/#breadcrumb"},"inLanguage":"es","potentialAction":[{"@type":"ReadAction","target":["https:\/\/tigertopiasrirachazoo.com\/tickets\/shoot-feed-tigers\/"]}]},{"@type":"ImageObject","inLanguage":"es","@id":"https:\/\/tigertopiasrirachazoo.com\/tickets\/shoot-feed-tigers\/#primaryimage","url":"https:\/\/tigertopiasrirachazoo.com\/wp-content\/uploads\/2025\/02\/Sriracha-Zoo-1.png","contentUrl":"https:\/\/tigertopiasrirachazoo.com\/wp-content\/uploads\/2025\/02\/Sriracha-Zoo-1.png","width":1356,"height":904,"caption":"Sriracha Zoo"},{"@type":"BreadcrumbList","@id":"https:\/\/tigertopiasrirachazoo.com\/tickets\/shoot-feed-tigers\/#breadcrumb","itemListElement":[{"@type":"ListItem","position":1,"name":"Home","item":"https:\/\/tigertopiasrirachazoo.com\/"},{"@type":"ListItem","position":2,"name":"Tickets","item":"https:\/\/tigertopiasrirachazoo.com\/tickets\/"},{"@type":"ListItem","position":3,"name":"Shoot &#038; Feed TIGERS"}]},{"@type":"WebSite","@id":"https:\/\/tigertopiasrirachazoo.com\/#website","url":"https:\/\/tigertopiasrirachazoo.com\/","name":"Zool\u00f3gico Tigre Topia Sriracha","description":"","publisher":{"@id":"https:\/\/tigertopiasrirachazoo.com\/#organization"},"potentialAction":[{"@type":"SearchAction","target":{"@type":"EntryPoint","urlTemplate":"https:\/\/tigertopiasrirachazoo.com\/?s={search_term_string}"},"query-input":{"@type":"PropertyValueSpecification","valueRequired":true,"valueName":"search_term_string"}}],"inLanguage":"es"},{"@type":"Organization","@id":"https:\/\/tigertopiasrirachazoo.com\/#organization","name":"Zool\u00f3gico Tigre Topia Sriracha","url":"https:\/\/tigertopiasrirachazoo.com\/","logo":{"@type":"ImageObject","inLanguage":"es","@id":"https:\/\/tigertopiasrirachazoo.com\/#\/schema\/logo\/image\/","url":"https:\/\/tigertopiasrirachazoo.com\/wp-content\/uploads\/2024\/08\/Tiger-Topia-Sriracha-Zoo.png","contentUrl":"https:\/\/tigertopiasrirachazoo.com\/wp-content\/uploads\/2024\/08\/Tiger-Topia-Sriracha-Zoo.png","width":350,"height":100,"caption":"Tiger Topia Sriracha Zoo"},"image":{"@id":"https:\/\/tigertopiasrirachazoo.com\/#\/schema\/logo\/image\/"}}]}},"jetpack_sharing_enabled":true,"_links":{"self":[{"href":"https:\/\/tigertopiasrirachazoo.com\/es\/wp-json\/wp\/v2\/product\/3604","targetHints":{"allow":["GET"]}}],"collection":[{"href":"https:\/\/tigertopiasrirachazoo.com\/es\/wp-json\/wp\/v2\/product"}],"about":[{"href":"https:\/\/tigertopiasrirachazoo.com\/es\/wp-json\/wp\/v2\/types\/product"}],"wp:featuredmedia":[{"embeddable":true,"href":"https:\/\/tigertopiasrirachazoo.com\/es\/wp-json\/wp\/v2\/media\/3585"}],"wp:attachment":[{"href":"https:\/\/tigertopiasrirachazoo.com\/es\/wp-json\/wp\/v2\/media?parent=3604"}],"wp:term":[{"taxonomy":"product_brand","embeddable":true,"href":"https:\/\/tigertopiasrirachazoo.com\/es\/wp-json\/wp\/v2\/product_brand?post=3604"},{"taxonomy":"product_cat","embeddable":true,"href":"https:\/\/tigertopiasrirachazoo.com\/es\/wp-json\/wp\/v2\/product_cat?post=3604"},{"taxonomy":"product_tag","embeddable":true,"href":"https:\/\/tigertopiasrirachazoo.com\/es\/wp-json\/wp\/v2\/product_tag?post=3604"}],"curies":[{"name":"wp","href":"https:\/\/api.w.org\/{rel}","templated":true}]}}