{"id":4188,"date":"2026-01-07T15:25:26","date_gmt":"2026-01-07T09:55:26","guid":{"rendered":"https:\/\/tigertopiasrirachazoo.com\/?post_type=product&#038;p=4188"},"modified":"2026-01-16T15:09:52","modified_gmt":"2026-01-16T09:39:52","slug":"photo-with-medium-tigers","status":"publish","type":"product","link":"https:\/\/tigertopiasrirachazoo.com\/es\/entradas\/photo-with-medium-tigers\/","title":{"rendered":"Photo with MEDIUM TIGERS"},"content":{"rendered":"<h1><strong>\ud83d\udcf8 Photo with Medium Tigers \u2013 Tiger Topia Sriracha Zoo<\/strong><\/h1>\n<h2><strong>\ud83d\udcd6 About Photo with Medium Tigers<\/strong><\/h2>\n<p data-start=\"177\" data-end=\"477\">Create a once-in-a-lifetime memory with one of nature\u2019s most magnificent predators at <a href=\"https:\/\/tigertopiasrirachazoo.com\/es\/\"><strong data-start=\"263\" data-end=\"291\">Zool\u00f3gico Tigre Topia Sriracha<\/strong><\/a>. The <strong data-start=\"297\" data-end=\"325\">Photo with Medium Tigers<\/strong> experience offers a rare opportunity to sit beside and pose with a beautiful medium-sized tiger, capturing breathtaking photos you\u2019ll treasure forever.<\/p>\n<p data-start=\"479\" data-end=\"845\">This activity is conducted under <strong data-start=\"512\" data-end=\"539\">strict safety standards<\/strong> and is always supervised by <strong data-start=\"568\" data-end=\"601\">trained professional handlers<\/strong>, ensuring a secure and respectful environment for both guests and the tigers. Whether you\u2019re an animal lover or an adventure seeker, this unforgettable encounter brings you closer to the power, grace, and majesty of these incredible creatures.<\/p>\n<hr \/>\n<h2><strong>\ud83d\udd52 Horarios<\/strong><\/h2>\n<p>\u2714 <strong>Horario de atenci\u00f3n:<\/strong> Daily from 0<strong>9:00 AM \u2013 03:30 PM<\/strong><br \/>\n\u2714 <strong>\u00daltima entrada:<\/strong> 0<strong>3:00 p.m.<\/strong><br \/>\n\u2714 <strong>Duraci\u00f3n:<\/strong> <strong>5 \u2013 10 minutos<\/strong><\/p>\n<p>\ud83d\udcc5 <strong>Cupos limitados disponibles: \u00a1se recomienda reservar con anticipaci\u00f3n!<\/strong><\/p>\n<hr \/>\n<h2><strong>\ud83c\udf1f Lo m\u00e1s destacado<\/strong><\/h2>\n<ul>\n<li>\ud83d\udc05 <strong data-start=\"125\" data-end=\"149\">Interacci\u00f3n de cerca<\/strong> \u2013 Sit beside a medium-sized tiger in a safe, controlled environment.<\/li>\n<li>\ud83d\udcf8 <strong data-start=\"224\" data-end=\"256\">Incre\u00edble oportunidad para tomar fotograf\u00edas<\/strong> \u2013 Capture a once-in-a-lifetime picture with this majestic big cat.<\/li>\n<li>\ud83d\udc68\u200d\ud83c\udfeb <strong data-start=\"332\" data-end=\"363\">Supervised by Professionals<\/strong> \u2013 Trained handlers ensure a secure, comfortable, and well-managed experience.<\/li>\n<li>\ud83c\udfc6 <strong data-start=\"447\" data-end=\"469\">\u00danico y exclusivo<\/strong> \u2013 A rare wildlife encounter available at only a few select zoos.<\/li>\n<li>\ud83d\udc68\u200d\ud83d\udc69\u200d\ud83d\udc67\u200d\ud83d\udc66 <strong data-start=\"549\" data-end=\"593\">Perfect for Families &amp; Adventure Seekers<\/strong> \u2013 A must-do activity for animal lovers visiting Pattaya.<\/li>\n<li>\ud83c\udf0d <strong data-start=\"656\" data-end=\"693\">Interacci\u00f3n \u00e9tica y responsable<\/strong> \u2013 Conducted with the highest care and respect for the tiger\u2019s well-being.<\/li>\n<\/ul>\n<hr \/>\n<h2><strong>\u2705 Qu\u00e9 incluye<\/strong><\/h2>\n<p>\u2714 <strong>Sesi\u00f3n de fotos exclusiva<\/strong> con un <strong>Medium Tiger<\/strong><br \/>\n\u2714 <strong>Supervisi\u00f3n por parte de manipuladores expertos<\/strong> Para un <strong>Experiencia segura<\/strong><br \/>\n\u2714 <strong>Un encuentro cercano y \u00fanico en la vida<\/strong><br \/>\n\u2714 <strong>Oportunidad de capturar fotograf\u00edas de calidad profesional.<\/strong><\/p>\n<hr \/>\n<h2><strong>\u274c Inclusiones \/ Exclusiones<\/strong><\/h2>\n<h3>\u2714 <strong>Incluido:<\/strong><\/h3>\n<ul>\n<li><strong>Sesi\u00f3n de fotos guiada<\/strong> con un tigre adulto<\/li>\n<li><strong>Supervisi\u00f3n profesional<\/strong> Por seguridad<\/li>\n<li><strong>Zonas generales de fotograf\u00eda<\/strong> para capturar momentos adicionales<\/li>\n<\/ul>\n<h3>\u2716 <strong>No incluido:<\/strong><\/h3>\n<ul>\n<li>Fotograf\u00edas impresas (disponibles con un coste adicional)<\/li>\n<li>Interacciones adicionales con tigres o alimentaci\u00f3n (se pueden reservar por separado)<\/li>\n<li>Transporte desde\/hacia el zool\u00f3gico (disponible como complemento opcional)<\/li>\n<\/ul>\n<hr \/>\n<h2><strong>\ud83d\udc76 Pol\u00edtica de menores<\/strong><\/h2>\n<p>\u2714 <strong>NO se permiten ni\u00f1os menores de 140 cm.<\/strong> para participar en esta actividad.<br \/>\n\u2714 Ni\u00f1os <strong>140 cm y m\u00e1s<\/strong> Puede participar pero debe ser <strong>acompa\u00f1ado por un adulto que pague (18+).<\/strong><br \/>\n\u2714 Las familias con ni\u00f1os m\u00e1s peque\u00f1os pueden disfrutar <strong>Otras actividades como las fotos del tigre beb\u00e9 o el espect\u00e1culo del tigre<\/strong>.<\/p>\n<hr \/>\n<h2><strong>\ud83d\udeab Pol\u00edtica de reembolso y cancelaci\u00f3n<\/strong><\/h2>\n<p>\u274c <strong>Sin cancelaciones, sin reembolsos<\/strong> \u2013 Las entradas son <strong>No reembolsable y no transferible<\/strong>.<br \/>\n\ud83d\udcc5 <strong>Reserva con fecha espec\u00edfica<\/strong> \u2013 V\u00e1lido \u00fanicamente para el <strong>fecha seleccionada<\/strong> y no se puede reprogramar.<br \/>\n\u23f3 <strong>Las sesiones perdidas no ser\u00e1n reprogramadas<\/strong> \u2013 Las llegadas tard\u00edas pueden provocar la p\u00e9rdida de su turno.<\/p>\n<hr \/>\n<h2><strong>\ud83d\udccc \u00bfQu\u00e9 hay m\u00e1s?<\/strong><\/h2>\n<p>\u2714 <strong>Combinar con otras actividades<\/strong> \u2013 Empareja tu <strong>Foto con grandes tigres<\/strong> con un <strong>Experiencia de alimentaci\u00f3n de tigres, paseo por el bosque con tigres o espect\u00e1culo de cocodrilos<\/strong>.<br \/>\n\u2714 <strong>Explora el zool\u00f3gico<\/strong> \u2013 Disfruta el <strong>Espect\u00e1culo de tigres, espect\u00e1culo de cocodrilos e interacciones exclusivas con tigres beb\u00e9s<\/strong>.<br \/>\n\u2714 <strong>Cene en el restaurante Royal Bengal Tigers<\/strong> \u2013 Ofreciendo una <strong>Delicioso desayuno buffet y almuerzo.<\/strong> cerca del mostrador de venta de billetes.<\/p>\n<hr \/>\n<h2><strong>\ud83d\udca1 Consejos de expertos<\/strong><\/h2>\n<p>\u2b50 <strong>Llegar temprano<\/strong> \u2013 Hay plazas limitadas disponibles, por lo que reservar con antelaci\u00f3n garantiza una experiencia fluida.<br \/>\n\u2b50 <strong>V\u00edstete c\u00f3modamente<\/strong> - Evitar <strong>Colores brillantes o accesorios colgantes.<\/strong> que puede asustar a los tigres.<br \/>\n\u2b50 <strong>Captura fotos impresionantes<\/strong> \u2013 Trae tu <strong>propia c\u00e1mara o tel\u00e9fono<\/strong>, o comprar <strong>Fotograf\u00edas impresas de alta calidad en el lugar.<\/strong>.<br \/>\n\u2b50 <strong>Respetar a los animales<\/strong> \u2013 Siga todas las instrucciones de los manipuladores para garantizar una <strong>Experiencia segura y placentera<\/strong>.<\/p>\n<hr \/>\n<h2><strong>\u2705 Qu\u00e9 hacer y qu\u00e9 no hacer<\/strong><\/h2>\n<h3>\u2714 <strong>Qu\u00e9 hacer:<\/strong><\/h3>\n<ul>\n<li>Seguir <strong>Todas las instrucciones de seguridad<\/strong> proporcionado por los entrenadores.<\/li>\n<li>Mantener una <strong>comportamiento tranquilo y silencioso<\/strong> alrededor de los tigres.<\/li>\n<li>Tener puesto <strong>ropa comoda<\/strong> \u2013 No se permiten bufandas sueltas ni joyas colgantes.<\/li>\n<\/ul>\n<h3>\u274c <strong>No hacer:<\/strong><\/h3>\n<ul>\n<li><strong>NO intente tocar o provocar al tigre.<\/strong> a menos que se le indique.<\/li>\n<li><strong>Sin ruidos fuertes ni movimientos bruscos.<\/strong> que puede asustar al tigre.<\/li>\n<li><strong>Fotograf\u00eda sin flash<\/strong>, ya que puede angustiar al animal.<\/li>\n<li><strong>No se permiten alimentos ni bebidas del exterior.<\/strong> en el \u00e1rea de fotos.<\/li>\n<\/ul>\n<hr \/>\n<h2><strong>\ud83d\udd0d Lo que debes saber antes de ir<\/strong><\/h2>\n<ul>\n<li>\ud83c\udf9f <strong>Se requiere reserva previa:<\/strong> <strong>Espacios limitados disponibles<\/strong> Cada d\u00eda.<\/li>\n<li>\ud83c\udfde <strong>Mejor \u00e9poca para visitar:<\/strong> Ma\u00f1anas para <strong>Mejor iluminaci\u00f3n y menos multitudes<\/strong>.<\/li>\n<li>\u23f0 <strong>Franjas horarias fijas:<\/strong> Llegar a tiempo a <strong>Evita perder tu sesi\u00f3n<\/strong>.<\/li>\n<li>\ud83d\udc5a <strong>C\u00f3digo de vestimenta:<\/strong> <strong>Se recomiendan zapatos cerrados y ropa de colores neutros.<\/strong>.<\/li>\n<\/ul>\n<hr \/>\n<h2><strong>\ud83d\ude96 C\u00f3mo llegar al zool\u00f3gico Tiger Topia Sriracha<\/strong><\/h2>\n<p>\ud83d\udccd <strong>Ubicaci\u00f3n:<\/strong> <strong>341, Si Racha, Chon Buri, Tailandia<\/strong><br \/>\n\ud83d\udccd <strong>Mapas de Google:<\/strong> <a href=\"https:\/\/maps.app.goo.gl\/CyLT4T9JNGumc9bM8\" target=\"_blank\" rel=\"noopener\">Ubicaci\u00f3n del zool\u00f3gico Tiger Topia Sriracha<\/a><\/p>\n<p>\ud83d\ude97 <strong>En taxi:<\/strong> Taxis directos disponibles desde <strong>Pattaya y zonas cercanas<\/strong>.<br \/>\n\ud83d\ude8c <strong>En transporte p\u00fablico:<\/strong> Tomar una <strong>Autob\u00fas o Songthaew (taxi compartido) hasta Sukhumvit Road<\/strong>, luego un corto paseo hasta el zool\u00f3gico.<br \/>\n\ud83d\ude97 <strong>En coche:<\/strong> Gratis <strong>Estacionamiento en el lugar<\/strong> disponible.<\/p>\n<hr \/>\n<h2><strong>\u2753 Preguntas frecuentes (FAQ)<\/strong><\/h2>\n<p><strong>1. Is the Photo with Medium Tigers experience safe?<\/strong><br \/>\n\u2714 \u00a1S\u00ed! La actividad es <strong>realizado bajo supervisi\u00f3n de expertos<\/strong>, asegurando una <strong>entorno seguro y controlado<\/strong>.<\/p>\n<p><strong>2. \u00bfPuedo reservar entradas online?<\/strong><br \/>\n\u2714 \u00a1S\u00ed! <strong>Se recomienda encarecidamente reservar con antelaci\u00f3n.<\/strong> debido a <strong>ranuras limitadas<\/strong>Reserva online para <strong>descuentos y entrada garantizada<\/strong>.<\/p>\n<p><strong>3. \u00bfPuedo tocar al tigre durante la sesi\u00f3n de fotos?<\/strong><br \/>\n\u2714 <strong>S\u00f3lo si lo permite el entrenador<\/strong>La interacci\u00f3n directa es <strong>Cuidadosamente controlado por seguridad<\/strong>.<\/p>\n<p><strong>4. \u00bfLas fotos impresas est\u00e1n incluidas en el paquete?<\/strong><br \/>\n\u274c No, pero puedes <strong>Compre fotograf\u00edas impresas de alta calidad<\/strong> en el lugar.<\/p>\n<p><strong>5. \u00bfPueden los ni\u00f1os participar en esta actividad?<\/strong><br \/>\n\u2714 <strong>S\u00f3lo visitantes de 140 cm o m\u00e1s<\/strong> Se permiten. Las familias con ni\u00f1os m\u00e1s peque\u00f1os pueden disfrutar de otras atracciones como <strong>Fotos de tigres beb\u00e9s y el espect\u00e1culo de tigres<\/strong>.<\/p>\n<hr \/>\n<h3><strong>\ud83c\udf9f \u00a1Reserva tus entradas ahora!<\/strong><\/h3>\n<p>No te pierdas esto <strong>Extraordinaria aventura de vida salvaje<\/strong>! <strong>Reserva hoy tus entradas para Photo with Big Tigers<\/strong> y capturar un <strong>momento impresionante con un tigre real en <a href=\"https:\/\/tigertopiasrirachazoo.com\/es\/\">Zool\u00f3gico Tigre Topia Sriracha<\/a>!<\/strong><\/p>","protected":false},"excerpt":{"rendered":"<table class=\"short-description\">\n<tbody class=\"tabel364\">\n<tr class=\"short-description-tr32r\">\n<th class=\"short-description-th\"><span class=\"description-h23\"><strong class=\"description-strong67\">Las reservas deben hacerse con 1 hora de anticipaci\u00f3n para reservar el mismo d\u00eda.<\/strong><\/span><\/th>\n<\/tr>\n<\/tbody>\n<\/table>","protected":false},"featured_media":3536,"template":"","meta":{"ocean_post_layout":"","ocean_both_sidebars_style":"","ocean_both_sidebars_content_width":0,"ocean_both_sidebars_sidebars_width":0,"ocean_sidebar":"0","ocean_second_sidebar":"0","ocean_disable_margins":"enable","ocean_add_body_class":"","ocean_shortcode_before_top_bar":"","ocean_shortcode_after_top_bar":"","ocean_shortcode_before_header":"","ocean_shortcode_after_header":"","ocean_has_shortcode":"","ocean_shortcode_after_title":"","ocean_shortcode_before_footer_widgets":"","ocean_shortcode_after_footer_widgets":"","ocean_shortcode_before_footer_bottom":"","ocean_shortcode_after_footer_bottom":"","ocean_display_top_bar":"default","ocean_display_header":"default","ocean_header_style":"","ocean_center_header_left_menu":"0","ocean_custom_header_template":"0","ocean_custom_logo":0,"ocean_custom_retina_logo":0,"ocean_custom_logo_max_width":0,"ocean_custom_logo_tablet_max_width":0,"ocean_custom_logo_mobile_max_width":0,"ocean_custom_logo_max_height":0,"ocean_custom_logo_tablet_max_height":0,"ocean_custom_logo_mobile_max_height":0,"ocean_header_custom_menu":"0","ocean_menu_typo_font_family":"0","ocean_menu_typo_font_subset":"","ocean_menu_typo_font_size":0,"ocean_menu_typo_font_size_tablet":0,"ocean_menu_typo_font_size_mobile":0,"ocean_menu_typo_font_size_unit":"px","ocean_menu_typo_font_weight":"","ocean_menu_typo_font_weight_tablet":"","ocean_menu_typo_font_weight_mobile":"","ocean_menu_typo_transform":"","ocean_menu_typo_transform_tablet":"","ocean_menu_typo_transform_mobile":"","ocean_menu_typo_line_height":0,"ocean_menu_typo_line_height_tablet":0,"ocean_menu_typo_line_height_mobile":0,"ocean_menu_typo_line_height_unit":"","ocean_menu_typo_spacing":0,"ocean_menu_typo_spacing_tablet":0,"ocean_menu_typo_spacing_mobile":0,"ocean_menu_typo_spacing_unit":"","ocean_menu_link_color":"","ocean_menu_link_color_hover":"","ocean_menu_link_color_active":"","ocean_menu_link_background":"","ocean_menu_link_hover_background":"","ocean_menu_link_active_background":"","ocean_menu_social_links_bg":"","ocean_menu_social_hover_links_bg":"","ocean_menu_social_links_color":"","ocean_menu_social_hover_links_color":"","ocean_disable_title":"default","ocean_disable_heading":"default","ocean_post_title":"","ocean_post_subheading":"","ocean_post_title_style":"","ocean_post_title_background_color":"","ocean_post_title_background":0,"ocean_post_title_bg_image_position":"","ocean_post_title_bg_image_attachment":"","ocean_post_title_bg_image_repeat":"","ocean_post_title_bg_image_size":"","ocean_post_title_height":0,"ocean_post_title_bg_overlay":0.5,"ocean_post_title_bg_overlay_color":"","ocean_disable_breadcrumbs":"default","ocean_breadcrumbs_color":"","ocean_breadcrumbs_separator_color":"","ocean_breadcrumbs_links_color":"","ocean_breadcrumbs_links_hover_color":"","ocean_display_footer_widgets":"default","ocean_display_footer_bottom":"default","ocean_custom_footer_template":"0"},"product_brand":[],"product_cat":[20],"product_tag":[528,521,519,531,529,517,522,524,527,493,496,518,520,470,523,530,525,526],"class_list":{"0":"post-4188","1":"product","2":"type-product","3":"status-publish","4":"has-post-thumbnail","6":"product_cat-tickets","7":"product_tag-best-animal-photo-experience","8":"product_tag-best-tiger-photo-thailand","9":"product_tag-big-tiger-encounter","10":"product_tag-bucket-list-tiger-experience","11":"product_tag-must-do-tiger-activity-thailand","12":"product_tag-photo-with-big-tigers","13":"product_tag-pose-with-a-tiger","14":"product_tag-safe-tiger-encounter","15":"product_tag-thrilling-tiger-photo-session","16":"product_tag-tiger-adventure-pattaya","17":"product_tag-tiger-interaction-thailand","18":"product_tag-tiger-photo-experience","19":"product_tag-tiger-photography-session","20":"product_tag-tiger-topia-sriracha-zoo-tickets","21":"product_tag-ultimate-tiger-experience","22":"product_tag-unique-wildlife-encounters","23":"product_tag-up-close-tiger-photography","24":"product_tag-wildlife-photography-with-tigers","26":"entry","27":"has-media","28":"tm-has-options","30":"first","31":"outofstock","32":"virtual","33":"taxable","34":"purchasable","35":"product-type-simple","36":"has-product-nav","37":"col","38":"span_1_of_3","39":"owp-content-center","40":"owp-thumbs-layout-horizontal","41":"owp-btn-normal","42":"owp-tabs-layout-horizontal"},"yoast_head":"<!-- This site is optimized with the Yoast SEO plugin v27.5 - https:\/\/yoast.com\/product\/yoast-seo-wordpress\/ -->\n<title>Photo With Medium Tigers | Ultimate Tiger Encounter At Tiger Topia<\/title>\n<meta name=\"description\" content=\"Get up close with a medium-sized tiger at Tiger Topia Sriracha Zoo. Safe, supervised photo experience and unforgettable memories. Book today!\" \/>\n<meta name=\"robots\" content=\"index, follow, max-snippet:-1, max-image-preview:large, max-video-preview:-1\" \/>\n<link rel=\"canonical\" href=\"https:\/\/tigertopiasrirachazoo.com\/es\/entradas\/photo-with-medium-tigers\/\" \/>\n<meta property=\"og:locale\" content=\"es_ES\" \/>\n<meta property=\"og:type\" content=\"article\" \/>\n<meta property=\"og:title\" content=\"Photo With Medium Tigers | Ultimate Tiger Encounter At Tiger Topia\" \/>\n<meta property=\"og:description\" content=\"Get up close with a medium-sized tiger at Tiger Topia Sriracha Zoo. Safe, supervised photo experience and unforgettable memories. Book today!\" \/>\n<meta property=\"og:url\" content=\"https:\/\/tigertopiasrirachazoo.com\/es\/entradas\/photo-with-medium-tigers\/\" \/>\n<meta property=\"og:site_name\" content=\"Tiger Topia Sriracha Zoo\" \/>\n<meta property=\"article:modified_time\" content=\"2026-01-16T09:39:52+00:00\" \/>\n<meta property=\"og:image\" content=\"https:\/\/tigertopiasrirachazoo.com\/wp-content\/uploads\/2025\/02\/Photo-With-Tigers.png\" \/>\n\t<meta property=\"og:image:width\" content=\"341\" \/>\n\t<meta property=\"og:image:height\" content=\"268\" \/>\n\t<meta property=\"og:image:type\" content=\"image\/png\" \/>\n<meta name=\"twitter:card\" content=\"summary_large_image\" \/>\n<meta name=\"twitter:label1\" content=\"Tiempo de lectura\" \/>\n\t<meta name=\"twitter:data1\" content=\"4 minutos\" \/>\n<script type=\"application\/ld+json\" class=\"yoast-schema-graph\">{\"@context\":\"https:\\\/\\\/schema.org\",\"@graph\":[{\"@type\":\"WebPage\",\"@id\":\"https:\\\/\\\/tigertopiasrirachazoo.com\\\/tickets\\\/photo-with-medium-tigers\\\/\",\"url\":\"https:\\\/\\\/tigertopiasrirachazoo.com\\\/tickets\\\/photo-with-medium-tigers\\\/\",\"name\":\"Photo With Medium Tigers | Ultimate Tiger Encounter At Tiger Topia\",\"isPartOf\":{\"@id\":\"https:\\\/\\\/tigertopiasrirachazoo.com\\\/#website\"},\"primaryImageOfPage\":{\"@id\":\"https:\\\/\\\/tigertopiasrirachazoo.com\\\/tickets\\\/photo-with-medium-tigers\\\/#primaryimage\"},\"image\":{\"@id\":\"https:\\\/\\\/tigertopiasrirachazoo.com\\\/tickets\\\/photo-with-medium-tigers\\\/#primaryimage\"},\"thumbnailUrl\":\"https:\\\/\\\/tigertopiasrirachazoo.com\\\/wp-content\\\/uploads\\\/2025\\\/02\\\/Photo-With-Tigers.png\",\"datePublished\":\"2026-01-07T09:55:26+00:00\",\"dateModified\":\"2026-01-16T09:39:52+00:00\",\"description\":\"Get up close with a medium-sized tiger at Tiger Topia Sriracha Zoo. Safe, supervised photo experience and unforgettable memories. Book today!\",\"breadcrumb\":{\"@id\":\"https:\\\/\\\/tigertopiasrirachazoo.com\\\/tickets\\\/photo-with-medium-tigers\\\/#breadcrumb\"},\"inLanguage\":\"es\",\"potentialAction\":[{\"@type\":\"ReadAction\",\"target\":[\"https:\\\/\\\/tigertopiasrirachazoo.com\\\/tickets\\\/photo-with-medium-tigers\\\/\"]}]},{\"@type\":\"ImageObject\",\"inLanguage\":\"es\",\"@id\":\"https:\\\/\\\/tigertopiasrirachazoo.com\\\/tickets\\\/photo-with-medium-tigers\\\/#primaryimage\",\"url\":\"https:\\\/\\\/tigertopiasrirachazoo.com\\\/wp-content\\\/uploads\\\/2025\\\/02\\\/Photo-With-Tigers.png\",\"contentUrl\":\"https:\\\/\\\/tigertopiasrirachazoo.com\\\/wp-content\\\/uploads\\\/2025\\\/02\\\/Photo-With-Tigers.png\",\"width\":341,\"height\":268,\"caption\":\"Photo With Tigers\"},{\"@type\":\"BreadcrumbList\",\"@id\":\"https:\\\/\\\/tigertopiasrirachazoo.com\\\/tickets\\\/photo-with-medium-tigers\\\/#breadcrumb\",\"itemListElement\":[{\"@type\":\"ListItem\",\"position\":1,\"name\":\"Home\",\"item\":\"https:\\\/\\\/tigertopiasrirachazoo.com\\\/\"},{\"@type\":\"ListItem\",\"position\":2,\"name\":\"Tickets\",\"item\":\"https:\\\/\\\/tigertopiasrirachazoo.com\\\/tickets\\\/\"},{\"@type\":\"ListItem\",\"position\":3,\"name\":\"Photo with MEDIUM TIGERS\"}]},{\"@type\":\"WebSite\",\"@id\":\"https:\\\/\\\/tigertopiasrirachazoo.com\\\/#website\",\"url\":\"https:\\\/\\\/tigertopiasrirachazoo.com\\\/\",\"name\":\"Tiger Topia Sriracha Zoo\",\"description\":\"\",\"publisher\":{\"@id\":\"https:\\\/\\\/tigertopiasrirachazoo.com\\\/#organization\"},\"potentialAction\":[{\"@type\":\"SearchAction\",\"target\":{\"@type\":\"EntryPoint\",\"urlTemplate\":\"https:\\\/\\\/tigertopiasrirachazoo.com\\\/?s={search_term_string}\"},\"query-input\":{\"@type\":\"PropertyValueSpecification\",\"valueRequired\":true,\"valueName\":\"search_term_string\"}}],\"inLanguage\":\"es\"},{\"@type\":\"Organization\",\"@id\":\"https:\\\/\\\/tigertopiasrirachazoo.com\\\/#organization\",\"name\":\"Tiger Topia Sriracha Zoo\",\"url\":\"https:\\\/\\\/tigertopiasrirachazoo.com\\\/\",\"logo\":{\"@type\":\"ImageObject\",\"inLanguage\":\"es\",\"@id\":\"https:\\\/\\\/tigertopiasrirachazoo.com\\\/#\\\/schema\\\/logo\\\/image\\\/\",\"url\":\"https:\\\/\\\/tigertopiasrirachazoo.com\\\/wp-content\\\/uploads\\\/2024\\\/08\\\/Tiger-Topia-Sriracha-Zoo.png\",\"contentUrl\":\"https:\\\/\\\/tigertopiasrirachazoo.com\\\/wp-content\\\/uploads\\\/2024\\\/08\\\/Tiger-Topia-Sriracha-Zoo.png\",\"width\":350,\"height\":100,\"caption\":\"Tiger Topia Sriracha Zoo\"},\"image\":{\"@id\":\"https:\\\/\\\/tigertopiasrirachazoo.com\\\/#\\\/schema\\\/logo\\\/image\\\/\"}}]}<\/script>\n<!-- \/ Yoast SEO plugin. -->","yoast_head_json":{"title":"Photo With Medium Tigers | Ultimate Tiger Encounter At Tiger Topia","description":"Get up close with a medium-sized tiger at Tiger Topia Sriracha Zoo. Safe, supervised photo experience and unforgettable memories. Book today!","robots":{"index":"index","follow":"follow","max-snippet":"max-snippet:-1","max-image-preview":"max-image-preview:large","max-video-preview":"max-video-preview:-1"},"canonical":"https:\/\/tigertopiasrirachazoo.com\/es\/entradas\/photo-with-medium-tigers\/","og_locale":"es_ES","og_type":"article","og_title":"Photo With Medium Tigers | Ultimate Tiger Encounter At Tiger Topia","og_description":"Get up close with a medium-sized tiger at Tiger Topia Sriracha Zoo. Safe, supervised photo experience and unforgettable memories. Book today!","og_url":"https:\/\/tigertopiasrirachazoo.com\/es\/entradas\/photo-with-medium-tigers\/","og_site_name":"Tiger Topia Sriracha Zoo","article_modified_time":"2026-01-16T09:39:52+00:00","og_image":[{"width":341,"height":268,"url":"https:\/\/tigertopiasrirachazoo.com\/wp-content\/uploads\/2025\/02\/Photo-With-Tigers.png","type":"image\/png"}],"twitter_card":"summary_large_image","twitter_misc":{"Tiempo de lectura":"4 minutos"},"schema":{"@context":"https:\/\/schema.org","@graph":[{"@type":"WebPage","@id":"https:\/\/tigertopiasrirachazoo.com\/tickets\/photo-with-medium-tigers\/","url":"https:\/\/tigertopiasrirachazoo.com\/tickets\/photo-with-medium-tigers\/","name":"Photo With Medium Tigers | Ultimate Tiger Encounter At Tiger Topia","isPartOf":{"@id":"https:\/\/tigertopiasrirachazoo.com\/#website"},"primaryImageOfPage":{"@id":"https:\/\/tigertopiasrirachazoo.com\/tickets\/photo-with-medium-tigers\/#primaryimage"},"image":{"@id":"https:\/\/tigertopiasrirachazoo.com\/tickets\/photo-with-medium-tigers\/#primaryimage"},"thumbnailUrl":"https:\/\/tigertopiasrirachazoo.com\/wp-content\/uploads\/2025\/02\/Photo-With-Tigers.png","datePublished":"2026-01-07T09:55:26+00:00","dateModified":"2026-01-16T09:39:52+00:00","description":"Get up close with a medium-sized tiger at Tiger Topia Sriracha Zoo. Safe, supervised photo experience and unforgettable memories. Book today!","breadcrumb":{"@id":"https:\/\/tigertopiasrirachazoo.com\/tickets\/photo-with-medium-tigers\/#breadcrumb"},"inLanguage":"es","potentialAction":[{"@type":"ReadAction","target":["https:\/\/tigertopiasrirachazoo.com\/tickets\/photo-with-medium-tigers\/"]}]},{"@type":"ImageObject","inLanguage":"es","@id":"https:\/\/tigertopiasrirachazoo.com\/tickets\/photo-with-medium-tigers\/#primaryimage","url":"https:\/\/tigertopiasrirachazoo.com\/wp-content\/uploads\/2025\/02\/Photo-With-Tigers.png","contentUrl":"https:\/\/tigertopiasrirachazoo.com\/wp-content\/uploads\/2025\/02\/Photo-With-Tigers.png","width":341,"height":268,"caption":"Photo With Tigers"},{"@type":"BreadcrumbList","@id":"https:\/\/tigertopiasrirachazoo.com\/tickets\/photo-with-medium-tigers\/#breadcrumb","itemListElement":[{"@type":"ListItem","position":1,"name":"Home","item":"https:\/\/tigertopiasrirachazoo.com\/"},{"@type":"ListItem","position":2,"name":"Tickets","item":"https:\/\/tigertopiasrirachazoo.com\/tickets\/"},{"@type":"ListItem","position":3,"name":"Photo with MEDIUM TIGERS"}]},{"@type":"WebSite","@id":"https:\/\/tigertopiasrirachazoo.com\/#website","url":"https:\/\/tigertopiasrirachazoo.com\/","name":"Zool\u00f3gico Tigre Topia Sriracha","description":"","publisher":{"@id":"https:\/\/tigertopiasrirachazoo.com\/#organization"},"potentialAction":[{"@type":"SearchAction","target":{"@type":"EntryPoint","urlTemplate":"https:\/\/tigertopiasrirachazoo.com\/?s={search_term_string}"},"query-input":{"@type":"PropertyValueSpecification","valueRequired":true,"valueName":"search_term_string"}}],"inLanguage":"es"},{"@type":"Organization","@id":"https:\/\/tigertopiasrirachazoo.com\/#organization","name":"Zool\u00f3gico Tigre Topia Sriracha","url":"https:\/\/tigertopiasrirachazoo.com\/","logo":{"@type":"ImageObject","inLanguage":"es","@id":"https:\/\/tigertopiasrirachazoo.com\/#\/schema\/logo\/image\/","url":"https:\/\/tigertopiasrirachazoo.com\/wp-content\/uploads\/2024\/08\/Tiger-Topia-Sriracha-Zoo.png","contentUrl":"https:\/\/tigertopiasrirachazoo.com\/wp-content\/uploads\/2024\/08\/Tiger-Topia-Sriracha-Zoo.png","width":350,"height":100,"caption":"Tiger Topia Sriracha Zoo"},"image":{"@id":"https:\/\/tigertopiasrirachazoo.com\/#\/schema\/logo\/image\/"}}]}},"jetpack_sharing_enabled":true,"_links":{"self":[{"href":"https:\/\/tigertopiasrirachazoo.com\/es\/wp-json\/wp\/v2\/product\/4188","targetHints":{"allow":["GET"]}}],"collection":[{"href":"https:\/\/tigertopiasrirachazoo.com\/es\/wp-json\/wp\/v2\/product"}],"about":[{"href":"https:\/\/tigertopiasrirachazoo.com\/es\/wp-json\/wp\/v2\/types\/product"}],"wp:featuredmedia":[{"embeddable":true,"href":"https:\/\/tigertopiasrirachazoo.com\/es\/wp-json\/wp\/v2\/media\/3536"}],"wp:attachment":[{"href":"https:\/\/tigertopiasrirachazoo.com\/es\/wp-json\/wp\/v2\/media?parent=4188"}],"wp:term":[{"taxonomy":"product_brand","embeddable":true,"href":"https:\/\/tigertopiasrirachazoo.com\/es\/wp-json\/wp\/v2\/product_brand?post=4188"},{"taxonomy":"product_cat","embeddable":true,"href":"https:\/\/tigertopiasrirachazoo.com\/es\/wp-json\/wp\/v2\/product_cat?post=4188"},{"taxonomy":"product_tag","embeddable":true,"href":"https:\/\/tigertopiasrirachazoo.com\/es\/wp-json\/wp\/v2\/product_tag?post=4188"}],"curies":[{"name":"wp","href":"https:\/\/api.w.org\/{rel}","templated":true}]}}