{"id":4188,"date":"2026-01-07T15:25:26","date_gmt":"2026-01-07T09:55:26","guid":{"rendered":"https:\/\/tigertopiasrirachazoo.com\/?post_type=product&#038;p=4188"},"modified":"2026-01-16T15:09:52","modified_gmt":"2026-01-16T09:39:52","slug":"photo-with-medium-tigers","status":"publish","type":"product","link":"https:\/\/tigertopiasrirachazoo.com\/fr\/billets\/photo-with-medium-tigers\/","title":{"rendered":"Photo with MEDIUM TIGERS"},"content":{"rendered":"<h1><strong>\ud83d\udcf8 Photo with Medium Tigers \u2013 Tiger Topia Sriracha Zoo<\/strong><\/h1>\n<h2><strong>\ud83d\udcd6 About Photo with Medium Tigers<\/strong><\/h2>\n<p data-start=\"177\" data-end=\"477\">Create a once-in-a-lifetime memory with one of nature\u2019s most magnificent predators at <a href=\"https:\/\/tigertopiasrirachazoo.com\/fr\/\"><strong data-start=\"263\" data-end=\"291\">Zoo de Tiger Topia Sriracha<\/strong><\/a>. The <strong data-start=\"297\" data-end=\"325\">Photo with Medium Tigers<\/strong> experience offers a rare opportunity to sit beside and pose with a beautiful medium-sized tiger, capturing breathtaking photos you\u2019ll treasure forever.<\/p>\n<p data-start=\"479\" data-end=\"845\">This activity is conducted under <strong data-start=\"512\" data-end=\"539\">strict safety standards<\/strong> and is always supervised by <strong data-start=\"568\" data-end=\"601\">trained professional handlers<\/strong>, ensuring a secure and respectful environment for both guests and the tigers. Whether you\u2019re an animal lover or an adventure seeker, this unforgettable encounter brings you closer to the power, grace, and majesty of these incredible creatures.<\/p>\n<hr \/>\n<h2><strong>\ud83d\udd52 Horaires<\/strong><\/h2>\n<p>\u2714 <strong>Horaires d&#039;ouverture:<\/strong> Daily from 0<strong>9:00 AM \u2013 03:30 PM<\/strong><br \/>\n\u2714 <strong>Derni\u00e8re entr\u00e9e:<\/strong> 0<strong>15h00<\/strong><br \/>\n\u2714 <strong>Dur\u00e9e:<\/strong> <strong>5 \u00e0 10 minutes<\/strong><\/p>\n<p>\ud83d\udcc5 <strong>Places limit\u00e9es disponibles \u2013 Il est recommand\u00e9 de r\u00e9server \u00e0 l\u2019avance !<\/strong><\/p>\n<hr \/>\n<h2><strong>\ud83c\udf1f Faits saillants<\/strong><\/h2>\n<ul>\n<li>\ud83d\udc05 <strong data-start=\"125\" data-end=\"149\">Interaction rapproch\u00e9e<\/strong> \u2013 Sit beside a medium-sized tiger in a safe, controlled environment.<\/li>\n<li>\ud83d\udcf8 <strong data-start=\"224\" data-end=\"256\">Incredible Photo Opportunity<\/strong> \u2013 Capture a once-in-a-lifetime picture with this majestic big cat.<\/li>\n<li>\ud83d\udc68\u200d\ud83c\udfeb <strong data-start=\"332\" data-end=\"363\">Supervised by Professionals<\/strong> \u2013 Trained handlers ensure a secure, comfortable, and well-managed experience.<\/li>\n<li>\ud83c\udfc6 <strong data-start=\"447\" data-end=\"469\">Unique &amp; Exclusive<\/strong> \u2013 A rare wildlife encounter available at only a few select zoos.<\/li>\n<li>\ud83d\udc68\u200d\ud83d\udc69\u200d\ud83d\udc67\u200d\ud83d\udc66 <strong data-start=\"549\" data-end=\"593\">Perfect for Families &amp; Adventure Seekers<\/strong> \u2013 A must-do activity for animal lovers visiting Pattaya.<\/li>\n<li>\ud83c\udf0d <strong data-start=\"656\" data-end=\"693\">Interaction \u00e9thique et responsable<\/strong> \u2013 Conducted with the highest care and respect for the tiger\u2019s well-being.<\/li>\n<\/ul>\n<hr \/>\n<h2><strong>\u2705 Ce qui est inclus<\/strong><\/h2>\n<p>\u2714 <strong>Exclusive photo session<\/strong> avec un <strong>Medium Tiger<\/strong><br \/>\n\u2714 <strong>Encadrement par des ma\u00eetres-chiens experts<\/strong> pour un <strong>safe experience<\/strong><br \/>\n\u2714 <strong>Une rencontre intime unique dans une vie<\/strong><br \/>\n\u2714 <strong>Opportunity to capture professional-quality photos<\/strong><\/p>\n<hr \/>\n<h2><strong>\u274c Inclusions \/ Exclusions<\/strong><\/h2>\n<h3>\u2714 <strong>Compris:<\/strong><\/h3>\n<ul>\n<li><strong>S\u00e9ance photo guid\u00e9e<\/strong> with a fully grown tiger<\/li>\n<li><strong>Supervision professionnelle<\/strong> for safety<\/li>\n<li><strong>General photo zones<\/strong> for capturing additional moments<\/li>\n<\/ul>\n<h3>\u2716 <strong>Non inclus :<\/strong><\/h3>\n<ul>\n<li>Photos imprim\u00e9es (disponibles moyennant un co\u00fbt suppl\u00e9mentaire)<\/li>\n<li>Additional tiger interactions or feeding (can be booked separately)<\/li>\n<li>Transportation to\/from the zoo (available as an optional add-on)<\/li>\n<\/ul>\n<hr \/>\n<h2><strong>\ud83d\udc76 Politique relative aux enfants<\/strong><\/h2>\n<p>\u2714 <strong>Les enfants de moins de 140 cm ne sont PAS autoris\u00e9s<\/strong> de participer \u00e0 cette activit\u00e9.<br \/>\n\u2714 Enfants <strong>140 cm et plus<\/strong> peuvent participer mais doivent \u00eatre <strong>accompagn\u00e9 d&#039;un adulte payant (18+).<\/strong><br \/>\n\u2714 Les familles avec de jeunes enfants peuvent profiter <strong>other activities like Baby Tiger Photos or the Tiger Show<\/strong>.<\/p>\n<hr \/>\n<h2><strong>\ud83d\udeab Politique de remboursement et d&#039;annulation<\/strong><\/h2>\n<p>\u274c <strong>Aucune annulation, aucun remboursement<\/strong> \u2013 Les billets sont <strong>non remboursable et non transf\u00e9rable<\/strong>.<br \/>\n\ud83d\udcc5 <strong>R\u00e9servation \u00e0 une date pr\u00e9cise<\/strong> \u2013 Valable uniquement pour le <strong>date s\u00e9lectionn\u00e9e<\/strong> et ne peut pas \u00eatre reprogramm\u00e9.<br \/>\n\u23f3 <strong>Les s\u00e9ances manqu\u00e9es ne seront pas reprogramm\u00e9es<\/strong> \u2013 Les arriv\u00e9es tardives peuvent entra\u00eener le fait de manquer votre cr\u00e9neau horaire.<\/p>\n<hr \/>\n<h2><strong>\ud83d\udccc Quoi de plus ?<\/strong><\/h2>\n<p>\u2714 <strong>Combine With Other Activities<\/strong> \u2013 Associez votre <strong>Photo avec de grands tigres<\/strong> avec un <strong>Tiger Feeding Experience, Forest Walk With Tigers, or Crocodile Show<\/strong>.<br \/>\n\u2714 <strong>Explorez le zoo<\/strong> \u2013 Enjoy the <strong>Tiger Show, Crocodile Show, and exclusive baby tiger interactions<\/strong>.<br \/>\n\u2714 <strong>D\u00eener au restaurant Royal Bengal Tigers<\/strong> \u2013 Offering a <strong>d\u00e9licieux petit-d\u00e9jeuner buffet et d\u00e9jeuner<\/strong> pr\u00e8s du guichet.<\/p>\n<hr \/>\n<h2><strong>\ud83d\udca1 Conseils d&#039;initi\u00e9s<\/strong><\/h2>\n<p>\u2b50 <strong>Arriver t\u00f4t<\/strong> \u2013 Limited slots available, so booking in advance ensures a smooth experience.<br \/>\n\u2b50 <strong>Habillez-vous confortablement<\/strong> - \u00c9viter <strong>couleurs vives ou accessoires suspendus<\/strong> that may startle the tigers.<br \/>\n\u2b50 <strong>Capture Stunning Photos<\/strong> \u2013 Apportez votre <strong>propre appareil photo ou t\u00e9l\u00e9phone<\/strong>, ou acheter <strong>high-quality printed photos at the venue<\/strong>.<br \/>\n\u2b50 <strong>Respect The Animals<\/strong> \u2013 Follow all instructions from handlers to ensure a <strong>safe and enjoyable experience<\/strong>.<\/p>\n<hr \/>\n<h2><strong>\u2705 \u00c0 faire et \u00e0 ne pas faire<\/strong><\/h2>\n<h3>\u2714 <strong>\u00c0 faire :<\/strong><\/h3>\n<ul>\n<li>Suivre <strong>toutes les consignes de s\u00e9curit\u00e9<\/strong> dispens\u00e9s par des formateurs.<\/li>\n<li>Maintain a <strong>calm and quiet demeanor<\/strong> around the tigers.<\/li>\n<li>Porter <strong>v\u00eatements confortables<\/strong> \u2013 no loose scarves or dangling jewelry.<\/li>\n<\/ul>\n<h3>\u274c <strong>\u00c0 ne pas faire :<\/strong><\/h3>\n<ul>\n<li><strong>Do NOT attempt to touch or provoke the tiger<\/strong> sauf indication contraire.<\/li>\n<li><strong>Pas de bruits forts ni de mouvements brusques<\/strong> that may startle the tiger.<\/li>\n<li><strong>Photographie sans flash<\/strong>, as it can distress the animal.<\/li>\n<li><strong>Pas de nourriture ni de boissons de l&#039;ext\u00e9rieur<\/strong> dans la zone photo.<\/li>\n<\/ul>\n<hr \/>\n<h2><strong>\ud83d\udd0d \u00c0 savoir avant de partir<\/strong><\/h2>\n<ul>\n<li>\ud83c\udf9f <strong>R\u00e9servation \u00e0 l&#039;avance requise :<\/strong> <strong>Nombre limit\u00e9 de cr\u00e9neaux disponibles<\/strong> tous les jours.<\/li>\n<li>\ud83c\udfde <strong>Meilleure p\u00e9riode pour visiter :<\/strong> Les matins pour <strong>better lighting &amp; smaller crowds<\/strong>.<\/li>\n<li>\u23f0 <strong>Cr\u00e9neaux horaires fixes :<\/strong> Arriver \u00e0 l&#039;heure \u00e0 <strong>\u00e9vitez de manquer votre s\u00e9ance<\/strong>.<\/li>\n<li>\ud83d\udc5a <strong>Code vestimentaire :<\/strong> <strong>Closed-toe shoes &amp; neutral-colored clothing recommended<\/strong>.<\/li>\n<\/ul>\n<hr \/>\n<h2><strong>\ud83d\ude96 Comment se rendre au zoo Tiger Topia Sriracha<\/strong><\/h2>\n<p>\ud83d\udccd <strong>Emplacement:<\/strong> <strong>341, Si Racha, Chonburi, Tha\u00eflande<\/strong><br \/>\n\ud83d\udccd <strong>Google Maps:<\/strong> <a href=\"https:\/\/maps.app.goo.gl\/CyLT4T9JNGumc9bM8\" target=\"_blank\" rel=\"noopener\">Emplacement du zoo Tiger Topia Sriracha<\/a><\/p>\n<p>\ud83d\ude97 <strong>En taxi :<\/strong> Taxis directs disponibles \u00e0 partir de <strong>Pattaya et ses environs<\/strong>.<br \/>\n\ud83d\ude8c <strong>En transports en commun :<\/strong> Prendre un <strong>bus ou Songthaew (taxi partag\u00e9) jusqu&#039;\u00e0 Sukhumvit Road<\/strong>, puis un petit tour au zoo.<br \/>\n\ud83d\ude97 <strong>En voiture:<\/strong> Gratuit <strong>Parking sur place<\/strong> disponible.<\/p>\n<hr \/>\n<h2><strong>\u2753 Questions fr\u00e9quemment pos\u00e9es (FAQ)<\/strong><\/h2>\n<p><strong>1. Is the Photo with Medium Tigers experience safe?<\/strong><br \/>\n\u2714 Oui ! L&#039;activit\u00e9 est <strong>r\u00e9alis\u00e9e sous la supervision d&#039;experts<\/strong>, assurant une <strong>environnement s\u00e9curis\u00e9 et contr\u00f4l\u00e9<\/strong>.<\/p>\n<p><strong>2. Puis-je r\u00e9server des billets en ligne ?<\/strong><br \/>\n\u2714 Oui ! <strong>Il est fortement recommand\u00e9 de r\u00e9server \u00e0 l&#039;avance.<\/strong> en raison de <strong>limited slots<\/strong>. R\u00e9servez en ligne pour <strong>r\u00e9ductions et entr\u00e9e garantie<\/strong>.<\/p>\n<p><strong>3. Can I touch the tiger during the photo session?<\/strong><br \/>\n\u2714 <strong>Uniquement si autoris\u00e9 par le formateur<\/strong>L&#039;interaction directe est <strong>soigneusement contr\u00f4l\u00e9 pour la s\u00e9curit\u00e9<\/strong>.<\/p>\n<p><strong>4. Des photos imprim\u00e9es sont-elles incluses dans le colis ?<\/strong><br \/>\n\u274c Non, mais tu peux <strong>acheter des photos imprim\u00e9es de haute qualit\u00e9<\/strong> sur place.<\/p>\n<p><strong>5. Les enfants peuvent-ils participer \u00e0 cette activit\u00e9 ?<\/strong><br \/>\n\u2714 <strong>Uniquement les visiteurs mesurant 140 cm et plus<\/strong> are allowed. Families with younger kids can enjoy other attractions like <strong>Baby Tiger Photos &amp; the Tiger Show<\/strong>.<\/p>\n<hr \/>\n<h3><strong>\ud83c\udf9f R\u00e9servez vos billets maintenant !<\/strong><\/h3>\n<p>\u00c0 ne pas manquer <strong>extraordinary wildlife adventure<\/strong>! <strong>Book your Photo with Big Tigers tickets today<\/strong> et capturer un <strong>breathtaking moment with a real tiger at <a href=\"https:\/\/tigertopiasrirachazoo.com\/fr\/\">Zoo de Tiger Topia Sriracha<\/a>!<\/strong><\/p>","protected":false},"excerpt":{"rendered":"<table class=\"short-description\">\n<tbody class=\"tabel364\">\n<tr class=\"short-description-tr32r\">\n<th class=\"short-description-th\"><span class=\"description-h23\"><strong class=\"description-strong67\">Les r\u00e9servations doivent \u00eatre effectu\u00e9es 1 heure \u00e0 l&#039;avance pour une r\u00e9servation le jour m\u00eame.<\/strong><\/span><\/th>\n<\/tr>\n<\/tbody>\n<\/table>","protected":false},"featured_media":3536,"template":"","meta":{"ocean_post_layout":"","ocean_both_sidebars_style":"","ocean_both_sidebars_content_width":0,"ocean_both_sidebars_sidebars_width":0,"ocean_sidebar":"0","ocean_second_sidebar":"0","ocean_disable_margins":"enable","ocean_add_body_class":"","ocean_shortcode_before_top_bar":"","ocean_shortcode_after_top_bar":"","ocean_shortcode_before_header":"","ocean_shortcode_after_header":"","ocean_has_shortcode":"","ocean_shortcode_after_title":"","ocean_shortcode_before_footer_widgets":"","ocean_shortcode_after_footer_widgets":"","ocean_shortcode_before_footer_bottom":"","ocean_shortcode_after_footer_bottom":"","ocean_display_top_bar":"default","ocean_display_header":"default","ocean_header_style":"","ocean_center_header_left_menu":"0","ocean_custom_header_template":"0","ocean_custom_logo":0,"ocean_custom_retina_logo":0,"ocean_custom_logo_max_width":0,"ocean_custom_logo_tablet_max_width":0,"ocean_custom_logo_mobile_max_width":0,"ocean_custom_logo_max_height":0,"ocean_custom_logo_tablet_max_height":0,"ocean_custom_logo_mobile_max_height":0,"ocean_header_custom_menu":"0","ocean_menu_typo_font_family":"0","ocean_menu_typo_font_subset":"","ocean_menu_typo_font_size":0,"ocean_menu_typo_font_size_tablet":0,"ocean_menu_typo_font_size_mobile":0,"ocean_menu_typo_font_size_unit":"px","ocean_menu_typo_font_weight":"","ocean_menu_typo_font_weight_tablet":"","ocean_menu_typo_font_weight_mobile":"","ocean_menu_typo_transform":"","ocean_menu_typo_transform_tablet":"","ocean_menu_typo_transform_mobile":"","ocean_menu_typo_line_height":0,"ocean_menu_typo_line_height_tablet":0,"ocean_menu_typo_line_height_mobile":0,"ocean_menu_typo_line_height_unit":"","ocean_menu_typo_spacing":0,"ocean_menu_typo_spacing_tablet":0,"ocean_menu_typo_spacing_mobile":0,"ocean_menu_typo_spacing_unit":"","ocean_menu_link_color":"","ocean_menu_link_color_hover":"","ocean_menu_link_color_active":"","ocean_menu_link_background":"","ocean_menu_link_hover_background":"","ocean_menu_link_active_background":"","ocean_menu_social_links_bg":"","ocean_menu_social_hover_links_bg":"","ocean_menu_social_links_color":"","ocean_menu_social_hover_links_color":"","ocean_disable_title":"default","ocean_disable_heading":"default","ocean_post_title":"","ocean_post_subheading":"","ocean_post_title_style":"","ocean_post_title_background_color":"","ocean_post_title_background":0,"ocean_post_title_bg_image_position":"","ocean_post_title_bg_image_attachment":"","ocean_post_title_bg_image_repeat":"","ocean_post_title_bg_image_size":"","ocean_post_title_height":0,"ocean_post_title_bg_overlay":0.5,"ocean_post_title_bg_overlay_color":"","ocean_disable_breadcrumbs":"default","ocean_breadcrumbs_color":"","ocean_breadcrumbs_separator_color":"","ocean_breadcrumbs_links_color":"","ocean_breadcrumbs_links_hover_color":"","ocean_display_footer_widgets":"default","ocean_display_footer_bottom":"default","ocean_custom_footer_template":"0"},"product_brand":[],"product_cat":[20],"product_tag":[528,521,519,531,529,517,522,524,527,493,496,518,520,470,523,530,525,526],"class_list":{"0":"post-4188","1":"product","2":"type-product","3":"status-publish","4":"has-post-thumbnail","6":"product_cat-tickets","7":"product_tag-best-animal-photo-experience","8":"product_tag-best-tiger-photo-thailand","9":"product_tag-big-tiger-encounter","10":"product_tag-bucket-list-tiger-experience","11":"product_tag-must-do-tiger-activity-thailand","12":"product_tag-photo-with-big-tigers","13":"product_tag-pose-with-a-tiger","14":"product_tag-safe-tiger-encounter","15":"product_tag-thrilling-tiger-photo-session","16":"product_tag-tiger-adventure-pattaya","17":"product_tag-tiger-interaction-thailand","18":"product_tag-tiger-photo-experience","19":"product_tag-tiger-photography-session","20":"product_tag-tiger-topia-sriracha-zoo-tickets","21":"product_tag-ultimate-tiger-experience","22":"product_tag-unique-wildlife-encounters","23":"product_tag-up-close-tiger-photography","24":"product_tag-wildlife-photography-with-tigers","26":"entry","27":"has-media","28":"tm-has-options","30":"first","31":"outofstock","32":"virtual","33":"taxable","34":"purchasable","35":"product-type-simple","36":"has-product-nav","37":"col","38":"span_1_of_3","39":"owp-content-center","40":"owp-thumbs-layout-horizontal","41":"owp-btn-normal","42":"owp-tabs-layout-horizontal"},"yoast_head":"<!-- This site is optimized with the Yoast SEO plugin v27.5 - https:\/\/yoast.com\/product\/yoast-seo-wordpress\/ -->\n<title>Photo With Medium Tigers | Ultimate Tiger Encounter At Tiger Topia<\/title>\n<meta name=\"description\" content=\"Get up close with a medium-sized tiger at Tiger Topia Sriracha Zoo. Safe, supervised photo experience and unforgettable memories. Book today!\" \/>\n<meta name=\"robots\" content=\"index, follow, max-snippet:-1, max-image-preview:large, max-video-preview:-1\" \/>\n<link rel=\"canonical\" href=\"https:\/\/tigertopiasrirachazoo.com\/fr\/billets\/photo-with-medium-tigers\/\" \/>\n<meta property=\"og:locale\" content=\"fr_FR\" \/>\n<meta property=\"og:type\" content=\"article\" \/>\n<meta property=\"og:title\" content=\"Photo With Medium Tigers | Ultimate Tiger Encounter At Tiger Topia\" \/>\n<meta property=\"og:description\" content=\"Get up close with a medium-sized tiger at Tiger Topia Sriracha Zoo. Safe, supervised photo experience and unforgettable memories. Book today!\" \/>\n<meta property=\"og:url\" content=\"https:\/\/tigertopiasrirachazoo.com\/fr\/billets\/photo-with-medium-tigers\/\" \/>\n<meta property=\"og:site_name\" content=\"Tiger Topia Sriracha Zoo\" \/>\n<meta property=\"article:modified_time\" content=\"2026-01-16T09:39:52+00:00\" \/>\n<meta property=\"og:image\" content=\"https:\/\/tigertopiasrirachazoo.com\/wp-content\/uploads\/2025\/02\/Photo-With-Tigers.png\" \/>\n\t<meta property=\"og:image:width\" content=\"341\" \/>\n\t<meta property=\"og:image:height\" content=\"268\" \/>\n\t<meta property=\"og:image:type\" content=\"image\/png\" \/>\n<meta name=\"twitter:card\" content=\"summary_large_image\" \/>\n<meta name=\"twitter:label1\" content=\"Dur\u00e9e de lecture estim\u00e9e\" \/>\n\t<meta name=\"twitter:data1\" content=\"4 minutes\" \/>\n<script type=\"application\/ld+json\" class=\"yoast-schema-graph\">{\"@context\":\"https:\\\/\\\/schema.org\",\"@graph\":[{\"@type\":\"WebPage\",\"@id\":\"https:\\\/\\\/tigertopiasrirachazoo.com\\\/tickets\\\/photo-with-medium-tigers\\\/\",\"url\":\"https:\\\/\\\/tigertopiasrirachazoo.com\\\/tickets\\\/photo-with-medium-tigers\\\/\",\"name\":\"Photo With Medium Tigers | Ultimate Tiger Encounter At Tiger Topia\",\"isPartOf\":{\"@id\":\"https:\\\/\\\/tigertopiasrirachazoo.com\\\/#website\"},\"primaryImageOfPage\":{\"@id\":\"https:\\\/\\\/tigertopiasrirachazoo.com\\\/tickets\\\/photo-with-medium-tigers\\\/#primaryimage\"},\"image\":{\"@id\":\"https:\\\/\\\/tigertopiasrirachazoo.com\\\/tickets\\\/photo-with-medium-tigers\\\/#primaryimage\"},\"thumbnailUrl\":\"https:\\\/\\\/tigertopiasrirachazoo.com\\\/wp-content\\\/uploads\\\/2025\\\/02\\\/Photo-With-Tigers.png\",\"datePublished\":\"2026-01-07T09:55:26+00:00\",\"dateModified\":\"2026-01-16T09:39:52+00:00\",\"description\":\"Get up close with a medium-sized tiger at Tiger Topia Sriracha Zoo. Safe, supervised photo experience and unforgettable memories. Book today!\",\"breadcrumb\":{\"@id\":\"https:\\\/\\\/tigertopiasrirachazoo.com\\\/tickets\\\/photo-with-medium-tigers\\\/#breadcrumb\"},\"inLanguage\":\"fr-FR\",\"potentialAction\":[{\"@type\":\"ReadAction\",\"target\":[\"https:\\\/\\\/tigertopiasrirachazoo.com\\\/tickets\\\/photo-with-medium-tigers\\\/\"]}]},{\"@type\":\"ImageObject\",\"inLanguage\":\"fr-FR\",\"@id\":\"https:\\\/\\\/tigertopiasrirachazoo.com\\\/tickets\\\/photo-with-medium-tigers\\\/#primaryimage\",\"url\":\"https:\\\/\\\/tigertopiasrirachazoo.com\\\/wp-content\\\/uploads\\\/2025\\\/02\\\/Photo-With-Tigers.png\",\"contentUrl\":\"https:\\\/\\\/tigertopiasrirachazoo.com\\\/wp-content\\\/uploads\\\/2025\\\/02\\\/Photo-With-Tigers.png\",\"width\":341,\"height\":268,\"caption\":\"Photo With Tigers\"},{\"@type\":\"BreadcrumbList\",\"@id\":\"https:\\\/\\\/tigertopiasrirachazoo.com\\\/tickets\\\/photo-with-medium-tigers\\\/#breadcrumb\",\"itemListElement\":[{\"@type\":\"ListItem\",\"position\":1,\"name\":\"Home\",\"item\":\"https:\\\/\\\/tigertopiasrirachazoo.com\\\/\"},{\"@type\":\"ListItem\",\"position\":2,\"name\":\"Tickets\",\"item\":\"https:\\\/\\\/tigertopiasrirachazoo.com\\\/tickets\\\/\"},{\"@type\":\"ListItem\",\"position\":3,\"name\":\"Photo with MEDIUM TIGERS\"}]},{\"@type\":\"WebSite\",\"@id\":\"https:\\\/\\\/tigertopiasrirachazoo.com\\\/#website\",\"url\":\"https:\\\/\\\/tigertopiasrirachazoo.com\\\/\",\"name\":\"Tiger Topia Sriracha Zoo\",\"description\":\"\",\"publisher\":{\"@id\":\"https:\\\/\\\/tigertopiasrirachazoo.com\\\/#organization\"},\"potentialAction\":[{\"@type\":\"SearchAction\",\"target\":{\"@type\":\"EntryPoint\",\"urlTemplate\":\"https:\\\/\\\/tigertopiasrirachazoo.com\\\/?s={search_term_string}\"},\"query-input\":{\"@type\":\"PropertyValueSpecification\",\"valueRequired\":true,\"valueName\":\"search_term_string\"}}],\"inLanguage\":\"fr-FR\"},{\"@type\":\"Organization\",\"@id\":\"https:\\\/\\\/tigertopiasrirachazoo.com\\\/#organization\",\"name\":\"Tiger Topia Sriracha Zoo\",\"url\":\"https:\\\/\\\/tigertopiasrirachazoo.com\\\/\",\"logo\":{\"@type\":\"ImageObject\",\"inLanguage\":\"fr-FR\",\"@id\":\"https:\\\/\\\/tigertopiasrirachazoo.com\\\/#\\\/schema\\\/logo\\\/image\\\/\",\"url\":\"https:\\\/\\\/tigertopiasrirachazoo.com\\\/wp-content\\\/uploads\\\/2024\\\/08\\\/Tiger-Topia-Sriracha-Zoo.png\",\"contentUrl\":\"https:\\\/\\\/tigertopiasrirachazoo.com\\\/wp-content\\\/uploads\\\/2024\\\/08\\\/Tiger-Topia-Sriracha-Zoo.png\",\"width\":350,\"height\":100,\"caption\":\"Tiger Topia Sriracha Zoo\"},\"image\":{\"@id\":\"https:\\\/\\\/tigertopiasrirachazoo.com\\\/#\\\/schema\\\/logo\\\/image\\\/\"}}]}<\/script>\n<!-- \/ Yoast SEO plugin. -->","yoast_head_json":{"title":"Photo With Medium Tigers | Ultimate Tiger Encounter At Tiger Topia","description":"Get up close with a medium-sized tiger at Tiger Topia Sriracha Zoo. Safe, supervised photo experience and unforgettable memories. Book today!","robots":{"index":"index","follow":"follow","max-snippet":"max-snippet:-1","max-image-preview":"max-image-preview:large","max-video-preview":"max-video-preview:-1"},"canonical":"https:\/\/tigertopiasrirachazoo.com\/fr\/billets\/photo-with-medium-tigers\/","og_locale":"fr_FR","og_type":"article","og_title":"Photo With Medium Tigers | Ultimate Tiger Encounter At Tiger Topia","og_description":"Get up close with a medium-sized tiger at Tiger Topia Sriracha Zoo. Safe, supervised photo experience and unforgettable memories. Book today!","og_url":"https:\/\/tigertopiasrirachazoo.com\/fr\/billets\/photo-with-medium-tigers\/","og_site_name":"Tiger Topia Sriracha Zoo","article_modified_time":"2026-01-16T09:39:52+00:00","og_image":[{"width":341,"height":268,"url":"https:\/\/tigertopiasrirachazoo.com\/wp-content\/uploads\/2025\/02\/Photo-With-Tigers.png","type":"image\/png"}],"twitter_card":"summary_large_image","twitter_misc":{"Dur\u00e9e de lecture estim\u00e9e":"4 minutes"},"schema":{"@context":"https:\/\/schema.org","@graph":[{"@type":"WebPage","@id":"https:\/\/tigertopiasrirachazoo.com\/tickets\/photo-with-medium-tigers\/","url":"https:\/\/tigertopiasrirachazoo.com\/tickets\/photo-with-medium-tigers\/","name":"Photo With Medium Tigers | Ultimate Tiger Encounter At Tiger Topia","isPartOf":{"@id":"https:\/\/tigertopiasrirachazoo.com\/#website"},"primaryImageOfPage":{"@id":"https:\/\/tigertopiasrirachazoo.com\/tickets\/photo-with-medium-tigers\/#primaryimage"},"image":{"@id":"https:\/\/tigertopiasrirachazoo.com\/tickets\/photo-with-medium-tigers\/#primaryimage"},"thumbnailUrl":"https:\/\/tigertopiasrirachazoo.com\/wp-content\/uploads\/2025\/02\/Photo-With-Tigers.png","datePublished":"2026-01-07T09:55:26+00:00","dateModified":"2026-01-16T09:39:52+00:00","description":"Get up close with a medium-sized tiger at Tiger Topia Sriracha Zoo. Safe, supervised photo experience and unforgettable memories. Book today!","breadcrumb":{"@id":"https:\/\/tigertopiasrirachazoo.com\/tickets\/photo-with-medium-tigers\/#breadcrumb"},"inLanguage":"fr-FR","potentialAction":[{"@type":"ReadAction","target":["https:\/\/tigertopiasrirachazoo.com\/tickets\/photo-with-medium-tigers\/"]}]},{"@type":"ImageObject","inLanguage":"fr-FR","@id":"https:\/\/tigertopiasrirachazoo.com\/tickets\/photo-with-medium-tigers\/#primaryimage","url":"https:\/\/tigertopiasrirachazoo.com\/wp-content\/uploads\/2025\/02\/Photo-With-Tigers.png","contentUrl":"https:\/\/tigertopiasrirachazoo.com\/wp-content\/uploads\/2025\/02\/Photo-With-Tigers.png","width":341,"height":268,"caption":"Photo With Tigers"},{"@type":"BreadcrumbList","@id":"https:\/\/tigertopiasrirachazoo.com\/tickets\/photo-with-medium-tigers\/#breadcrumb","itemListElement":[{"@type":"ListItem","position":1,"name":"Home","item":"https:\/\/tigertopiasrirachazoo.com\/"},{"@type":"ListItem","position":2,"name":"Tickets","item":"https:\/\/tigertopiasrirachazoo.com\/tickets\/"},{"@type":"ListItem","position":3,"name":"Photo with MEDIUM TIGERS"}]},{"@type":"WebSite","@id":"https:\/\/tigertopiasrirachazoo.com\/#website","url":"https:\/\/tigertopiasrirachazoo.com\/","name":"Zoo de Tiger Topia Sriracha","description":"","publisher":{"@id":"https:\/\/tigertopiasrirachazoo.com\/#organization"},"potentialAction":[{"@type":"SearchAction","target":{"@type":"EntryPoint","urlTemplate":"https:\/\/tigertopiasrirachazoo.com\/?s={search_term_string}"},"query-input":{"@type":"PropertyValueSpecification","valueRequired":true,"valueName":"search_term_string"}}],"inLanguage":"fr-FR"},{"@type":"Organization","@id":"https:\/\/tigertopiasrirachazoo.com\/#organization","name":"Zoo de Tiger Topia Sriracha","url":"https:\/\/tigertopiasrirachazoo.com\/","logo":{"@type":"ImageObject","inLanguage":"fr-FR","@id":"https:\/\/tigertopiasrirachazoo.com\/#\/schema\/logo\/image\/","url":"https:\/\/tigertopiasrirachazoo.com\/wp-content\/uploads\/2024\/08\/Tiger-Topia-Sriracha-Zoo.png","contentUrl":"https:\/\/tigertopiasrirachazoo.com\/wp-content\/uploads\/2024\/08\/Tiger-Topia-Sriracha-Zoo.png","width":350,"height":100,"caption":"Tiger Topia Sriracha Zoo"},"image":{"@id":"https:\/\/tigertopiasrirachazoo.com\/#\/schema\/logo\/image\/"}}]}},"jetpack_sharing_enabled":true,"_links":{"self":[{"href":"https:\/\/tigertopiasrirachazoo.com\/fr\/wp-json\/wp\/v2\/product\/4188","targetHints":{"allow":["GET"]}}],"collection":[{"href":"https:\/\/tigertopiasrirachazoo.com\/fr\/wp-json\/wp\/v2\/product"}],"about":[{"href":"https:\/\/tigertopiasrirachazoo.com\/fr\/wp-json\/wp\/v2\/types\/product"}],"wp:featuredmedia":[{"embeddable":true,"href":"https:\/\/tigertopiasrirachazoo.com\/fr\/wp-json\/wp\/v2\/media\/3536"}],"wp:attachment":[{"href":"https:\/\/tigertopiasrirachazoo.com\/fr\/wp-json\/wp\/v2\/media?parent=4188"}],"wp:term":[{"taxonomy":"product_brand","embeddable":true,"href":"https:\/\/tigertopiasrirachazoo.com\/fr\/wp-json\/wp\/v2\/product_brand?post=4188"},{"taxonomy":"product_cat","embeddable":true,"href":"https:\/\/tigertopiasrirachazoo.com\/fr\/wp-json\/wp\/v2\/product_cat?post=4188"},{"taxonomy":"product_tag","embeddable":true,"href":"https:\/\/tigertopiasrirachazoo.com\/fr\/wp-json\/wp\/v2\/product_tag?post=4188"}],"curies":[{"name":"wp","href":"https:\/\/api.w.org\/{rel}","templated":true}]}}