{"id":3599,"date":"2025-02-01T21:21:14","date_gmt":"2025-02-01T15:51:14","guid":{"rendered":"https:\/\/tigertopiasrirachazoo.com\/?post_type=product&#038;p=3599"},"modified":"2026-01-09T11:48:14","modified_gmt":"2026-01-09T06:18:14","slug":"photo-with-baby-tiger","status":"publish","type":"product","link":"https:\/\/tigertopiasrirachazoo.com\/it\/biglietti\/photo-with-baby-tiger\/","title":{"rendered":"Foto con BABY TIGER"},"content":{"rendered":"<h1><strong>\ud83d\udcf8 Photo with Baby Tiger \u2013 Tiger Topia Sriracha Zoo<\/strong><\/h1>\n<h2><strong>\ud83d\udcd6 About Photo with Baby Tiger<\/strong><\/h2>\n<p>Prova l&#039;esperienza <strong>adorable side of wildlife<\/strong> con il <strong>Photo with Baby Tiger<\/strong> esperienza presso <a href=\"https:\/\/tigertopiasrirachazoo.com\/it\/\"><strong>Tigre Topia Sriracha Zoo<\/strong><\/a>. This once-in-a-lifetime opportunity allows you to <strong>hold, cuddle, and pose with a baby tiger<\/strong>, capturing the <strong>most heartwarming moments<\/strong> of your visit. Conducted under <strong>strict safety guidelines<\/strong>, this activity ensures a <strong>comfortable experience for both visitors and the baby tigers<\/strong>, with professional handlers supervising every session. Whether you\u2019re an animal lover, a family with kids, or a wildlife enthusiast, this <strong>exclusive baby tiger encounter<\/strong> \u00e8 un must!<\/p>\n<hr \/>\n<h2><strong>\ud83d\udd52 Orari<\/strong><\/h2>\n<p>\u2714 <strong>Orari di apertura:<\/strong> Ogni giorno dalle <strong>9:00 \u2013 15:30<\/strong><br \/>\n\u2714 <strong>Ultima voce:<\/strong> <strong>15:00<\/strong><br \/>\n\u2714 <strong>Durata:<\/strong> <strong>5 \u2013 10 minuti<\/strong><br \/>\n\u2714 <strong>Seasonal Availability:<\/strong> <strong>Baby tigers may not be available year-round<\/strong>. It is advised to <strong>check availability before booking<\/strong>.<\/p>\n<p>\ud83d\udcc5 <strong>Posti limitati disponibili: si consiglia la prenotazione anticipata!<\/strong><\/p>\n<hr \/>\n<h2><strong>\ud83c\udf1f Punti salienti<\/strong><\/h2>\n<ul>\n<li>\ud83d\udc2f <strong>Hold &amp; Cuddle A Baby Tiger<\/strong> \u2013 Godetevi un <strong>rare and adorable interaction<\/strong> with a young tiger cub.<\/li>\n<li>\ud83d\udcf8 <strong>Unforgettable Photo Session<\/strong> \u2013 Cattura <strong>high-quality pictures<\/strong> while posing with the tiger cub.<\/li>\n<li>\ud83d\udc68\u200d\ud83c\udfeb <strong>Supervisionato da gestori professionisti<\/strong> \u2013 Ensuring the <strong>safety &amp; well-being of both visitors and the cubs<\/strong>.<\/li>\n<li>\ud83c\udfc6 <strong>Esperienza di fauna selvatica rara<\/strong> \u2013 Available in <strong>only a few zoos worldwide<\/strong>.<\/li>\n<li>\ud83d\udc68\u200d\ud83d\udc69\u200d\ud83d\udc66 <strong>Perfect For Families &amp; Kids<\/strong> - UN <strong>safe and memorable experience<\/strong> for all ages.<\/li>\n<li>\ud83c\udf0d <strong>Interazione etica e responsabile<\/strong> \u2013 Conducted in a <strong>calm, controlled environment<\/strong> with expert supervision.<\/li>\n<\/ul>\n<hr \/>\n<h2><strong>\u2705 Cosa \u00e8 incluso<\/strong><\/h2>\n<p>\u2714 <strong>Up-close interaction &amp; photo session<\/strong> with a baby tiger<br \/>\n\u2714 <strong>Esperienza supervisionata<\/strong> ensuring safety<br \/>\n\u2714 <strong>Soft and comfortable environment<\/strong> for the tiger cub<br \/>\n\u2714 <strong>Memorable wildlife photography session<\/strong><\/p>\n<hr \/>\n<h2><strong>\u274c Inclusioni \/ Esclusioni<\/strong><\/h2>\n<h3>\u2714 <strong>Incluso:<\/strong><\/h3>\n<ul>\n<li>Uno contro uno <strong>interaction with a baby tiger<\/strong><\/li>\n<li>Supervised <strong>photo session<\/strong> with a professional handler<\/li>\n<li>Access to designated <strong>photo zones<\/strong><\/li>\n<\/ul>\n<h3>\u2716 <strong>Non incluso:<\/strong><\/h3>\n<ul>\n<li>Foto stampate (disponibili a un costo aggiuntivo)<\/li>\n<li>Additional animal interactions (can be booked separately)<\/li>\n<li>Transportation (optional <strong>trasferimenti disponibili in hotel<\/strong>)<\/li>\n<\/ul>\n<hr \/>\n<h2><strong>\ud83d\udc76 Politica sui bambini<\/strong><\/h2>\n<p>\u2714 <strong>I bambini di tutte le et\u00e0 sono benvenuti<\/strong> per partecipare.<br \/>\n\u2714 Bambini <strong>i bambini di altezza inferiore a 140 cm devono essere accompagnati da un adulto pagante (18+).<\/strong><br \/>\n\u2714 Le famiglie con bambini piccoli sono incoraggiate a divertirsi <strong>altre interazioni con i cuccioli<\/strong> allo zoo.<\/p>\n<hr \/>\n<h2><strong>\ud83d\udeab Politica di rimborso e cancellazione<\/strong><\/h2>\n<p>\u274c <strong>Nessuna cancellazione, nessun rimborso<\/strong> \u2013 I biglietti sono <strong>non rimborsabile e non trasferibile<\/strong>.<br \/>\n\ud83d\udcc5 <strong>Prenotazione con data specifica<\/strong> \u2013 Valido solo per il <strong>data selezionata<\/strong> e non pu\u00f2 essere riprogrammato.<br \/>\n\u23f3 <strong>Le sessioni perse non verranno riprogrammate<\/strong> \u2013 Late arrivals may result in missing your session.<\/p>\n<hr \/>\n<h2><strong>\ud83d\udccc Cosa c&#039;\u00e8 di pi\u00f9?<\/strong><\/h2>\n<p>\u2714 <strong>Abbina ad altre esperienze con la fauna selvatica<\/strong> \u2013 Combina il tuo <strong>baby tiger photo session<\/strong> con esperienze come <strong>Feeding Tigers, Forest Walk With Tigers, or Crocodile Show<\/strong>.<br \/>\n\u2714 <strong>Esplora altre attrazioni<\/strong> - Scoprire <strong>Grandi tigri, leoni, leoni bianchi e sessioni di alimentazione interattive<\/strong>.<br \/>\n\u2714 <strong>Cena al ristorante Royal Bengal Tigers<\/strong> \u2013 Situato vicino alla biglietteria, offre un <strong>deliziosa colazione a buffet e pranzo<\/strong>.<\/p>\n<hr \/>\n<h2><strong>\ud83d\udca1 Consigli da insider<\/strong><\/h2>\n<p>\u2b50 <strong>Arrivare presto<\/strong> \u2013 Slots fill up quickly, so early arrival ensures a <strong>smooth experience<\/strong>.<br \/>\n\u2b50 <strong>Vestiti in modo comodo<\/strong> - Evitare <strong>colori vivaci o accessori pendenti<\/strong> to keep the baby tiger at ease.<br \/>\n\u2b50 <strong>Cattura lo scatto perfetto<\/strong> \u2013 Porta il tuo <strong>propria macchina fotografica o telefono<\/strong>, oppure optare per <strong>foto stampate professionali<\/strong>.<br \/>\n\u2b50 <strong>Sii gentile e calmo<\/strong> \u2013 Baby tigers are delicate, so always follow the <strong>guida del formatore<\/strong> for a safe session.<\/p>\n<hr \/>\n<h2><strong>\u2705 Cosa fare e cosa non fare<\/strong><\/h2>\n<h3>\u2714 <strong>Cosa fare:<\/strong><\/h3>\n<ul>\n<li>Seguire <strong>tutte le istruzioni di sicurezza<\/strong> forniti dagli istruttori.<\/li>\n<li><strong>Handle the baby tiger gently<\/strong> e con cura.<\/li>\n<li>Indossare <strong>abbigliamento comodo<\/strong> \u2013 evitare profumi o lozioni pesanti.<\/li>\n<\/ul>\n<h3>\u274c <strong>Cosa non fare:<\/strong><\/h3>\n<ul>\n<li><strong>Do NOT startle, poke, or tease the baby tiger<\/strong>.<\/li>\n<li><strong>Nessun rumore forte<\/strong> \u2013 Mantenere un <strong>ambiente calmo<\/strong>.<\/li>\n<li><strong>Vietato fotografare con il flash<\/strong>, as it may stress the cub.<\/li>\n<li><strong>Nessun cibo o bevande dall&#039;esterno<\/strong> nell&#039;area foto.<\/li>\n<\/ul>\n<hr \/>\n<h2><strong>\ud83d\udd0d Da sapere prima di partire<\/strong><\/h2>\n<ul>\n<li>\ud83c\udf9f <strong>Prenotazione anticipata obbligatoria:<\/strong> <strong>Posti limitati disponibili<\/strong> ogni giorno.<\/li>\n<li>\ud83c\udfde <strong>Periodo migliore per la visita:<\/strong> Mattina per <strong>better lighting &amp; relaxed baby tigers<\/strong>.<\/li>\n<li>\u23f0 <strong>Fasce orarie fisse:<\/strong> Arrivare in tempo per <strong>evita di perdere la tua sessione<\/strong>.<\/li>\n<li>\ud83d\udc5a <strong>Codice di abbigliamento:<\/strong> <strong>Abiti comodi, evitare profumi forti<\/strong>.<\/li>\n<\/ul>\n<hr \/>\n<h2><strong>\ud83d\ude96 Come raggiungere lo zoo Tiger Topia Sriracha<\/strong><\/h2>\n<p>\ud83d\udccd <strong>Posizione:<\/strong> <strong>341, Si Racha, Chonburi, Tailandia<\/strong><br \/>\n\ud83d\udccd <strong>Mappe di Google:<\/strong> <a href=\"https:\/\/maps.app.goo.gl\/CyLT4T9JNGumc9bM8\" target=\"_blank\" rel=\"noopener\">Posizione dello zoo di Tiger Topia Sriracha<\/a><\/p>\n<p>\ud83d\ude97 <strong>In taxi:<\/strong> Taxi diretti disponibili da <strong>Pattaya e zone limitrofe<\/strong>.<br \/>\n\ud83d\ude8c <strong>Con i mezzi pubblici:<\/strong> Prendi un <strong>autobus o Songthaew (taxi condiviso) per Sukhumvit Road<\/strong>, poi un breve tragitto fino allo zoo.<br \/>\n\ud83d\ude97 <strong>In auto:<\/strong> Gratuito <strong>parcheggio in loco<\/strong> disponibile.<\/p>\n<hr \/>\n<h2><strong>\u2753 Domande frequenti (FAQ)<\/strong><\/h2>\n<p><strong>1. Is the Photo with Baby Tiger experience safe?<\/strong><br \/>\n\u2714 S\u00ec! L&#039;attivit\u00e0 \u00e8 <strong>condotto sotto la supervisione di esperti<\/strong>, assicurando un <strong>ambiente sicuro e controllato<\/strong>.<\/p>\n<p><strong>2. Posso prenotare i biglietti online?<\/strong><br \/>\n\u2714 S\u00ec! <strong>Si consiglia vivamente la prenotazione anticipata<\/strong> a causa di <strong>disponibilit\u00e0 limitata<\/strong>. Prenota online per <strong>sconti e ingresso garantito<\/strong>.<\/p>\n<p><strong>3. Can I touch and hold the baby tiger?<\/strong><br \/>\n\u2714 <strong>S\u00ec, sotto supervisione<\/strong>, puoi <strong>tenere, accarezzare e interagire<\/strong> with the baby tiger for photos.<\/p>\n<p><strong>4. Le foto stampate sono incluse nel pacchetto?<\/strong><br \/>\n\u274c No, ma puoi <strong>acquistare foto stampate di alta qualit\u00e0<\/strong> presso la sede.<\/p>\n<p><strong>5. I bambini possono partecipare a questa attivit\u00e0?<\/strong><br \/>\n\u2714 <strong>S\u00cc!<\/strong> Possono partecipare bambini di tutte le et\u00e0, ma quelli sotto <strong>140 cm devono essere accompagnati da un adulto<\/strong>.<\/p>\n<hr \/>\n<h3><strong>\ud83c\udf9f Prenota subito i tuoi biglietti!<\/strong><\/h3>\n<p>Non perderti questo <strong>adorabile esperienza con la fauna selvatica<\/strong>! <strong>Book your Photo with Baby Tiger tickets today<\/strong> e catturare un <strong>momento unico nella vita a <a href=\"https:\/\/tigertopiasrirachazoo.com\/it\/\">Tigre Topia Sriracha Zoo<\/a>!<\/strong><\/p>","protected":false},"excerpt":{"rendered":"<table class=\"short-description\">\n<tbody class=\"tabel364\">\n<tr class=\"short-description-tr32r\">\n<th class=\"short-description-th\"><span class=\"description-h23\"><strong class=\"description-strong67\">Per le prenotazioni in giornata, \u00e8 necessario effettuare la prenotazione con 1 ora di anticipo.<\/strong><\/span><\/th>\n<\/tr>\n<\/tbody>\n<\/table>","protected":false},"featured_media":3587,"template":"","meta":{"ocean_post_layout":"","ocean_both_sidebars_style":"","ocean_both_sidebars_content_width":0,"ocean_both_sidebars_sidebars_width":0,"ocean_sidebar":"0","ocean_second_sidebar":"0","ocean_disable_margins":"enable","ocean_add_body_class":"","ocean_shortcode_before_top_bar":"","ocean_shortcode_after_top_bar":"","ocean_shortcode_before_header":"","ocean_shortcode_after_header":"","ocean_has_shortcode":"","ocean_shortcode_after_title":"","ocean_shortcode_before_footer_widgets":"","ocean_shortcode_after_footer_widgets":"","ocean_shortcode_before_footer_bottom":"","ocean_shortcode_after_footer_bottom":"","ocean_display_top_bar":"default","ocean_display_header":"default","ocean_header_style":"","ocean_center_header_left_menu":"0","ocean_custom_header_template":"0","ocean_custom_logo":0,"ocean_custom_retina_logo":0,"ocean_custom_logo_max_width":0,"ocean_custom_logo_tablet_max_width":0,"ocean_custom_logo_mobile_max_width":0,"ocean_custom_logo_max_height":0,"ocean_custom_logo_tablet_max_height":0,"ocean_custom_logo_mobile_max_height":0,"ocean_header_custom_menu":"0","ocean_menu_typo_font_family":"0","ocean_menu_typo_font_subset":"","ocean_menu_typo_font_size":0,"ocean_menu_typo_font_size_tablet":0,"ocean_menu_typo_font_size_mobile":0,"ocean_menu_typo_font_size_unit":"px","ocean_menu_typo_font_weight":"","ocean_menu_typo_font_weight_tablet":"","ocean_menu_typo_font_weight_mobile":"","ocean_menu_typo_transform":"","ocean_menu_typo_transform_tablet":"","ocean_menu_typo_transform_mobile":"","ocean_menu_typo_line_height":0,"ocean_menu_typo_line_height_tablet":0,"ocean_menu_typo_line_height_mobile":0,"ocean_menu_typo_line_height_unit":"","ocean_menu_typo_spacing":0,"ocean_menu_typo_spacing_tablet":0,"ocean_menu_typo_spacing_mobile":0,"ocean_menu_typo_spacing_unit":"","ocean_menu_link_color":"","ocean_menu_link_color_hover":"","ocean_menu_link_color_active":"","ocean_menu_link_background":"","ocean_menu_link_hover_background":"","ocean_menu_link_active_background":"","ocean_menu_social_links_bg":"","ocean_menu_social_hover_links_bg":"","ocean_menu_social_links_color":"","ocean_menu_social_hover_links_color":"","ocean_disable_title":"default","ocean_disable_heading":"default","ocean_post_title":"","ocean_post_subheading":"","ocean_post_title_style":"","ocean_post_title_background_color":"","ocean_post_title_background":0,"ocean_post_title_bg_image_position":"","ocean_post_title_bg_image_attachment":"","ocean_post_title_bg_image_repeat":"","ocean_post_title_bg_image_size":"","ocean_post_title_height":0,"ocean_post_title_bg_overlay":0.5,"ocean_post_title_bg_overlay_color":"","ocean_disable_breadcrumbs":"default","ocean_breadcrumbs_color":"","ocean_breadcrumbs_separator_color":"","ocean_breadcrumbs_links_color":"","ocean_breadcrumbs_links_hover_color":"","ocean_display_footer_widgets":"default","ocean_display_footer_bottom":"default","ocean_custom_footer_template":"0"},"product_brand":[],"product_cat":[20],"product_tag":[528,521,519,531,529,517,522,524,527,493,496,518,520,470,523,530,525,526],"class_list":{"0":"post-3599","1":"product","2":"type-product","3":"status-publish","4":"has-post-thumbnail","6":"product_cat-tickets","7":"product_tag-best-animal-photo-experience","8":"product_tag-best-tiger-photo-thailand","9":"product_tag-big-tiger-encounter","10":"product_tag-bucket-list-tiger-experience","11":"product_tag-must-do-tiger-activity-thailand","12":"product_tag-photo-with-big-tigers","13":"product_tag-pose-with-a-tiger","14":"product_tag-safe-tiger-encounter","15":"product_tag-thrilling-tiger-photo-session","16":"product_tag-tiger-adventure-pattaya","17":"product_tag-tiger-interaction-thailand","18":"product_tag-tiger-photo-experience","19":"product_tag-tiger-photography-session","20":"product_tag-tiger-topia-sriracha-zoo-tickets","21":"product_tag-ultimate-tiger-experience","22":"product_tag-unique-wildlife-encounters","23":"product_tag-up-close-tiger-photography","24":"product_tag-wildlife-photography-with-tigers","26":"entry","27":"has-media","28":"tm-has-options","30":"first","31":"outofstock","32":"virtual","33":"taxable","34":"purchasable","35":"product-type-simple","36":"has-product-nav","37":"col","38":"span_1_of_3","39":"owp-content-center","40":"owp-thumbs-layout-horizontal","41":"owp-btn-normal","42":"owp-tabs-layout-horizontal"},"yoast_head":"<!-- This site is optimized with the Yoast SEO plugin v27.5 - https:\/\/yoast.com\/product\/yoast-seo-wordpress\/ -->\n<title>Photo With Baby Tiger | Adorable Tiger Encounter At Tiger Topia<\/title>\n<meta name=\"description\" content=\"Hold, Cuddle, And Capture A Special Moment With A Baby Tiger At Tiger Topia Sriracha Zoo! Safe, Supervised, And A Once-In-A-Lifetime Experience.\" \/>\n<meta name=\"robots\" content=\"index, follow, max-snippet:-1, max-image-preview:large, max-video-preview:-1\" \/>\n<link rel=\"canonical\" href=\"https:\/\/tigertopiasrirachazoo.com\/it\/biglietti\/photo-with-baby-tiger\/\" \/>\n<meta property=\"og:locale\" content=\"it_IT\" \/>\n<meta property=\"og:type\" content=\"article\" \/>\n<meta property=\"og:title\" content=\"Photo With Baby Tiger | Adorable Tiger Encounter At Tiger Topia\" \/>\n<meta property=\"og:description\" content=\"Hold, Cuddle, And Capture A Special Moment With A Baby Tiger At Tiger Topia Sriracha Zoo! Safe, Supervised, And A Once-In-A-Lifetime Experience.\" \/>\n<meta property=\"og:url\" content=\"https:\/\/tigertopiasrirachazoo.com\/it\/biglietti\/photo-with-baby-tiger\/\" \/>\n<meta property=\"og:site_name\" content=\"Tiger Topia Sriracha Zoo\" \/>\n<meta property=\"article:modified_time\" content=\"2026-01-09T06:18:14+00:00\" \/>\n<meta property=\"og:image\" content=\"https:\/\/tigertopiasrirachazoo.com\/wp-content\/uploads\/2025\/02\/Tiger-Topia-Sriracha-Zoo-Ticket-Price-1.png\" \/>\n\t<meta property=\"og:image:width\" content=\"1356\" \/>\n\t<meta property=\"og:image:height\" content=\"904\" \/>\n\t<meta property=\"og:image:type\" content=\"image\/png\" \/>\n<meta name=\"twitter:card\" content=\"summary_large_image\" \/>\n<meta name=\"twitter:label1\" content=\"Tempo di lettura stimato\" \/>\n\t<meta name=\"twitter:data1\" content=\"4 minuti\" \/>\n<script type=\"application\/ld+json\" class=\"yoast-schema-graph\">{\"@context\":\"https:\\\/\\\/schema.org\",\"@graph\":[{\"@type\":\"WebPage\",\"@id\":\"https:\\\/\\\/tigertopiasrirachazoo.com\\\/tickets\\\/photo-with-baby-tiger\\\/\",\"url\":\"https:\\\/\\\/tigertopiasrirachazoo.com\\\/tickets\\\/photo-with-baby-tiger\\\/\",\"name\":\"Photo With Baby Tiger | Adorable Tiger Encounter At Tiger Topia\",\"isPartOf\":{\"@id\":\"https:\\\/\\\/tigertopiasrirachazoo.com\\\/#website\"},\"primaryImageOfPage\":{\"@id\":\"https:\\\/\\\/tigertopiasrirachazoo.com\\\/tickets\\\/photo-with-baby-tiger\\\/#primaryimage\"},\"image\":{\"@id\":\"https:\\\/\\\/tigertopiasrirachazoo.com\\\/tickets\\\/photo-with-baby-tiger\\\/#primaryimage\"},\"thumbnailUrl\":\"https:\\\/\\\/tigertopiasrirachazoo.com\\\/wp-content\\\/uploads\\\/2025\\\/02\\\/Tiger-Topia-Sriracha-Zoo-Ticket-Price-1.png\",\"datePublished\":\"2025-02-01T15:51:14+00:00\",\"dateModified\":\"2026-01-09T06:18:14+00:00\",\"description\":\"Hold, Cuddle, And Capture A Special Moment With A Baby Tiger At Tiger Topia Sriracha Zoo! Safe, Supervised, And A Once-In-A-Lifetime Experience.\",\"breadcrumb\":{\"@id\":\"https:\\\/\\\/tigertopiasrirachazoo.com\\\/tickets\\\/photo-with-baby-tiger\\\/#breadcrumb\"},\"inLanguage\":\"it-IT\",\"potentialAction\":[{\"@type\":\"ReadAction\",\"target\":[\"https:\\\/\\\/tigertopiasrirachazoo.com\\\/tickets\\\/photo-with-baby-tiger\\\/\"]}]},{\"@type\":\"ImageObject\",\"inLanguage\":\"it-IT\",\"@id\":\"https:\\\/\\\/tigertopiasrirachazoo.com\\\/tickets\\\/photo-with-baby-tiger\\\/#primaryimage\",\"url\":\"https:\\\/\\\/tigertopiasrirachazoo.com\\\/wp-content\\\/uploads\\\/2025\\\/02\\\/Tiger-Topia-Sriracha-Zoo-Ticket-Price-1.png\",\"contentUrl\":\"https:\\\/\\\/tigertopiasrirachazoo.com\\\/wp-content\\\/uploads\\\/2025\\\/02\\\/Tiger-Topia-Sriracha-Zoo-Ticket-Price-1.png\",\"width\":1356,\"height\":904,\"caption\":\"Tiger Topia Sriracha Zoo Ticket Price\"},{\"@type\":\"BreadcrumbList\",\"@id\":\"https:\\\/\\\/tigertopiasrirachazoo.com\\\/tickets\\\/photo-with-baby-tiger\\\/#breadcrumb\",\"itemListElement\":[{\"@type\":\"ListItem\",\"position\":1,\"name\":\"Home\",\"item\":\"https:\\\/\\\/tigertopiasrirachazoo.com\\\/\"},{\"@type\":\"ListItem\",\"position\":2,\"name\":\"Tickets\",\"item\":\"https:\\\/\\\/tigertopiasrirachazoo.com\\\/tickets\\\/\"},{\"@type\":\"ListItem\",\"position\":3,\"name\":\"Photo with BABY TIGER\"}]},{\"@type\":\"WebSite\",\"@id\":\"https:\\\/\\\/tigertopiasrirachazoo.com\\\/#website\",\"url\":\"https:\\\/\\\/tigertopiasrirachazoo.com\\\/\",\"name\":\"Tiger Topia Sriracha Zoo\",\"description\":\"\",\"publisher\":{\"@id\":\"https:\\\/\\\/tigertopiasrirachazoo.com\\\/#organization\"},\"potentialAction\":[{\"@type\":\"SearchAction\",\"target\":{\"@type\":\"EntryPoint\",\"urlTemplate\":\"https:\\\/\\\/tigertopiasrirachazoo.com\\\/?s={search_term_string}\"},\"query-input\":{\"@type\":\"PropertyValueSpecification\",\"valueRequired\":true,\"valueName\":\"search_term_string\"}}],\"inLanguage\":\"it-IT\"},{\"@type\":\"Organization\",\"@id\":\"https:\\\/\\\/tigertopiasrirachazoo.com\\\/#organization\",\"name\":\"Tiger Topia Sriracha Zoo\",\"url\":\"https:\\\/\\\/tigertopiasrirachazoo.com\\\/\",\"logo\":{\"@type\":\"ImageObject\",\"inLanguage\":\"it-IT\",\"@id\":\"https:\\\/\\\/tigertopiasrirachazoo.com\\\/#\\\/schema\\\/logo\\\/image\\\/\",\"url\":\"https:\\\/\\\/tigertopiasrirachazoo.com\\\/wp-content\\\/uploads\\\/2024\\\/08\\\/Tiger-Topia-Sriracha-Zoo.png\",\"contentUrl\":\"https:\\\/\\\/tigertopiasrirachazoo.com\\\/wp-content\\\/uploads\\\/2024\\\/08\\\/Tiger-Topia-Sriracha-Zoo.png\",\"width\":350,\"height\":100,\"caption\":\"Tiger Topia Sriracha Zoo\"},\"image\":{\"@id\":\"https:\\\/\\\/tigertopiasrirachazoo.com\\\/#\\\/schema\\\/logo\\\/image\\\/\"}}]}<\/script>\n<!-- \/ Yoast SEO plugin. -->","yoast_head_json":{"title":"Photo With Baby Tiger | Adorable Tiger Encounter At Tiger Topia","description":"Hold, Cuddle, And Capture A Special Moment With A Baby Tiger At Tiger Topia Sriracha Zoo! Safe, Supervised, And A Once-In-A-Lifetime Experience.","robots":{"index":"index","follow":"follow","max-snippet":"max-snippet:-1","max-image-preview":"max-image-preview:large","max-video-preview":"max-video-preview:-1"},"canonical":"https:\/\/tigertopiasrirachazoo.com\/it\/biglietti\/photo-with-baby-tiger\/","og_locale":"it_IT","og_type":"article","og_title":"Photo With Baby Tiger | Adorable Tiger Encounter At Tiger Topia","og_description":"Hold, Cuddle, And Capture A Special Moment With A Baby Tiger At Tiger Topia Sriracha Zoo! Safe, Supervised, And A Once-In-A-Lifetime Experience.","og_url":"https:\/\/tigertopiasrirachazoo.com\/it\/biglietti\/photo-with-baby-tiger\/","og_site_name":"Tiger Topia Sriracha Zoo","article_modified_time":"2026-01-09T06:18:14+00:00","og_image":[{"width":1356,"height":904,"url":"https:\/\/tigertopiasrirachazoo.com\/wp-content\/uploads\/2025\/02\/Tiger-Topia-Sriracha-Zoo-Ticket-Price-1.png","type":"image\/png"}],"twitter_card":"summary_large_image","twitter_misc":{"Tempo di lettura stimato":"4 minuti"},"schema":{"@context":"https:\/\/schema.org","@graph":[{"@type":"WebPage","@id":"https:\/\/tigertopiasrirachazoo.com\/tickets\/photo-with-baby-tiger\/","url":"https:\/\/tigertopiasrirachazoo.com\/tickets\/photo-with-baby-tiger\/","name":"Photo With Baby Tiger | Adorable Tiger Encounter At Tiger Topia","isPartOf":{"@id":"https:\/\/tigertopiasrirachazoo.com\/#website"},"primaryImageOfPage":{"@id":"https:\/\/tigertopiasrirachazoo.com\/tickets\/photo-with-baby-tiger\/#primaryimage"},"image":{"@id":"https:\/\/tigertopiasrirachazoo.com\/tickets\/photo-with-baby-tiger\/#primaryimage"},"thumbnailUrl":"https:\/\/tigertopiasrirachazoo.com\/wp-content\/uploads\/2025\/02\/Tiger-Topia-Sriracha-Zoo-Ticket-Price-1.png","datePublished":"2025-02-01T15:51:14+00:00","dateModified":"2026-01-09T06:18:14+00:00","description":"Hold, Cuddle, And Capture A Special Moment With A Baby Tiger At Tiger Topia Sriracha Zoo! Safe, Supervised, And A Once-In-A-Lifetime Experience.","breadcrumb":{"@id":"https:\/\/tigertopiasrirachazoo.com\/tickets\/photo-with-baby-tiger\/#breadcrumb"},"inLanguage":"it-IT","potentialAction":[{"@type":"ReadAction","target":["https:\/\/tigertopiasrirachazoo.com\/tickets\/photo-with-baby-tiger\/"]}]},{"@type":"ImageObject","inLanguage":"it-IT","@id":"https:\/\/tigertopiasrirachazoo.com\/tickets\/photo-with-baby-tiger\/#primaryimage","url":"https:\/\/tigertopiasrirachazoo.com\/wp-content\/uploads\/2025\/02\/Tiger-Topia-Sriracha-Zoo-Ticket-Price-1.png","contentUrl":"https:\/\/tigertopiasrirachazoo.com\/wp-content\/uploads\/2025\/02\/Tiger-Topia-Sriracha-Zoo-Ticket-Price-1.png","width":1356,"height":904,"caption":"Tiger Topia Sriracha Zoo Ticket Price"},{"@type":"BreadcrumbList","@id":"https:\/\/tigertopiasrirachazoo.com\/tickets\/photo-with-baby-tiger\/#breadcrumb","itemListElement":[{"@type":"ListItem","position":1,"name":"Home","item":"https:\/\/tigertopiasrirachazoo.com\/"},{"@type":"ListItem","position":2,"name":"Tickets","item":"https:\/\/tigertopiasrirachazoo.com\/tickets\/"},{"@type":"ListItem","position":3,"name":"Photo with BABY TIGER"}]},{"@type":"WebSite","@id":"https:\/\/tigertopiasrirachazoo.com\/#website","url":"https:\/\/tigertopiasrirachazoo.com\/","name":"Tigre Topia Sriracha Zoo","description":"","publisher":{"@id":"https:\/\/tigertopiasrirachazoo.com\/#organization"},"potentialAction":[{"@type":"SearchAction","target":{"@type":"EntryPoint","urlTemplate":"https:\/\/tigertopiasrirachazoo.com\/?s={search_term_string}"},"query-input":{"@type":"PropertyValueSpecification","valueRequired":true,"valueName":"search_term_string"}}],"inLanguage":"it-IT"},{"@type":"Organization","@id":"https:\/\/tigertopiasrirachazoo.com\/#organization","name":"Tigre Topia Sriracha Zoo","url":"https:\/\/tigertopiasrirachazoo.com\/","logo":{"@type":"ImageObject","inLanguage":"it-IT","@id":"https:\/\/tigertopiasrirachazoo.com\/#\/schema\/logo\/image\/","url":"https:\/\/tigertopiasrirachazoo.com\/wp-content\/uploads\/2024\/08\/Tiger-Topia-Sriracha-Zoo.png","contentUrl":"https:\/\/tigertopiasrirachazoo.com\/wp-content\/uploads\/2024\/08\/Tiger-Topia-Sriracha-Zoo.png","width":350,"height":100,"caption":"Tiger Topia Sriracha Zoo"},"image":{"@id":"https:\/\/tigertopiasrirachazoo.com\/#\/schema\/logo\/image\/"}}]}},"jetpack_sharing_enabled":true,"_links":{"self":[{"href":"https:\/\/tigertopiasrirachazoo.com\/it\/wp-json\/wp\/v2\/product\/3599","targetHints":{"allow":["GET"]}}],"collection":[{"href":"https:\/\/tigertopiasrirachazoo.com\/it\/wp-json\/wp\/v2\/product"}],"about":[{"href":"https:\/\/tigertopiasrirachazoo.com\/it\/wp-json\/wp\/v2\/types\/product"}],"wp:featuredmedia":[{"embeddable":true,"href":"https:\/\/tigertopiasrirachazoo.com\/it\/wp-json\/wp\/v2\/media\/3587"}],"wp:attachment":[{"href":"https:\/\/tigertopiasrirachazoo.com\/it\/wp-json\/wp\/v2\/media?parent=3599"}],"wp:term":[{"taxonomy":"product_brand","embeddable":true,"href":"https:\/\/tigertopiasrirachazoo.com\/it\/wp-json\/wp\/v2\/product_brand?post=3599"},{"taxonomy":"product_cat","embeddable":true,"href":"https:\/\/tigertopiasrirachazoo.com\/it\/wp-json\/wp\/v2\/product_cat?post=3599"},{"taxonomy":"product_tag","embeddable":true,"href":"https:\/\/tigertopiasrirachazoo.com\/it\/wp-json\/wp\/v2\/product_tag?post=3599"}],"curies":[{"name":"wp","href":"https:\/\/api.w.org\/{rel}","templated":true}]}}