{"id":3600,"date":"2025-02-01T21:33:24","date_gmt":"2025-02-01T16:03:24","guid":{"rendered":"https:\/\/tigertopiasrirachazoo.com\/?post_type=product&#038;p=3600"},"modified":"2025-09-18T22:22:45","modified_gmt":"2025-09-18T16:52:45","slug":"foto-con-leone","status":"publish","type":"product","link":"https:\/\/tigertopiasrirachazoo.com\/it\/biglietti\/foto-con-leone\/","title":{"rendered":"Foto con LEONE"},"content":{"rendered":"<h1><strong>\ud83d\udcf8 Foto con leone \u2013 Tigre Topia Sriracha Zoo<\/strong><\/h1>\n<h2><strong>\ud83d\udcd6 Informazioni sulla foto con il leone<\/strong><\/h2>\n<p>Prova l&#039;esperienza <strong>incontro definitivo con un grande felino<\/strong> con il <strong>Foto con leone<\/strong> attivit\u00e0 a <a href=\"https:\/\/tigertopiasrirachazoo.com\/it\"><strong>Tigre Topia Sriracha Zoo<\/strong><\/a>! Questa esclusiva opportunit\u00e0 ti consente di <strong>posa accanto al Re della Giungla<\/strong>, catturando un <strong>momento impressionante<\/strong> con uno dei pi\u00f9 belli della natura <strong>predatori potenti e maestosi<\/strong>. Condotto in un <strong>ambiente sicuro e controllato<\/strong>, l&#039;esperienza \u00e8 <strong>supervisionato da operatori professionisti<\/strong>, assicurando entrambi <strong>la tua sicurezza e il benessere del leone<\/strong>Se hai mai sognato di stare accanto a un <strong>leone vero<\/strong>, questa \u00e8 la tua occasione per realizzarlo!<\/p>\n<hr \/>\n<h2><strong>\ud83d\udd52 Orari<\/strong><\/h2>\n<p>\u2714 <strong>Orari di apertura:<\/strong> Ogni giorno dalle <strong>9:00 \u2013 15:30<\/strong><br \/>\n\u2714 <strong>Ultima voce:<\/strong> <strong>15:00<\/strong><br \/>\n\u2714 <strong>Durata:<\/strong> <strong>5 \u2013 10 minuti<\/strong><\/p>\n<p>\ud83d\udcc5 <strong>Posti disponibili limitati: si consiglia vivamente la prenotazione anticipata!<\/strong><\/p>\n<hr \/>\n<h2><strong>\ud83c\udf1f Punti salienti<\/strong><\/h2>\n<ul>\n<li>\ud83e\udd81 <strong>Posa accanto a un maestoso leone<\/strong> \u2013 Avvicinati e cattura un <strong>foto mozzafiato con il Re della Giungla<\/strong>.<\/li>\n<li>\ud83d\udcf8 <strong>Un&#039;esperienza unica nella vita con la fauna selvatica<\/strong> \u2013 Mettiti accanto a un <strong>leone completamente cresciuto<\/strong> per un <strong>ricordo indimenticabile<\/strong>.<\/li>\n<li>\ud83d\udc68\u200d\ud83c\udfeb <strong>Supervisionato da gestori professionisti<\/strong> \u2013 Garantire <strong>la tua sicurezza e il benessere del leone<\/strong> durante tutta la sessione.<\/li>\n<li>\ud83c\udfc6 <strong>Opportunit\u00e0 esclusiva e rara<\/strong> - UN <strong>incontro unico con un grande felino<\/strong> disponibile solo in pochi zoo nel mondo.<\/li>\n<li>\ud83c\udfad <strong>Perfetto per amanti dell&#039;avventura e famiglie<\/strong> \u2013 Un\u2019attivit\u00e0 ideale per <strong>amanti degli animali, fotografi e amanti del brivido<\/strong>.<\/li>\n<li>\ud83c\udf0d <strong>Interazione etica e sicura<\/strong> \u2013 Condotto sotto <strong>linee guida rigorose per la cura degli animali<\/strong>.<\/li>\n<\/ul>\n<hr \/>\n<h2><strong>\u2705 Cosa \u00e8 incluso<\/strong><\/h2>\n<p>\u2714 <strong>Sessione fotografica guidata<\/strong> con un <strong>leone completamente cresciuto<\/strong><br \/>\n\u2714 <strong>Supervisione da parte di operatori esperti<\/strong> assicurando un <strong>esperienza sicura e protetta<\/strong><br \/>\n\u2714 <strong>Possibilit\u00e0 di scattare foto e video personali<\/strong><br \/>\n\u2714 <strong>Un incontro ravvicinato irripetibile<\/strong><\/p>\n<hr \/>\n<h2><strong>\u274c Inclusioni \/ Esclusioni<\/strong><\/h2>\n<h3>\u2714 <strong>Incluso:<\/strong><\/h3>\n<ul>\n<li><strong>Sessione fotografica individuale<\/strong> con un leone completamente cresciuto<\/li>\n<li><strong>Orientamento professionale<\/strong> per un&#039;esperienza senza stress<\/li>\n<li><strong>Accesso alle zone fotografiche designate<\/strong><\/li>\n<\/ul>\n<h3>\u2716 <strong>Non incluso:<\/strong><\/h3>\n<ul>\n<li>Foto stampate (disponibili per l&#039;acquisto separatamente)<\/li>\n<li>Interazioni aggiuntive con gli animali (possono essere prenotate come componenti aggiuntivi)<\/li>\n<li>Trasporto da\/per lo zoo (facoltativo) <strong>trasferimenti disponibili in hotel<\/strong>)<\/li>\n<\/ul>\n<hr \/>\n<h2><strong>\ud83d\udc76 Politica sui bambini<\/strong><\/h2>\n<p>\u2714 <strong>I bambini di altezza inferiore a 140 cm NON sono ammessi<\/strong> per partecipare a questa attivit\u00e0.<br \/>\n\u2714 Bambini <strong>140 cm e oltre<\/strong> pu\u00f2 partecipare ma deve essere <strong>accompagnati da un adulto pagante (18+).<\/strong><br \/>\n\u2714 Le famiglie con bambini pi\u00f9 piccoli possono esplorare altri <strong>Esperienze interattive con gli animali<\/strong> allo zoo.<\/p>\n<hr \/>\n<h2><strong>\ud83d\udeab Politica di rimborso e cancellazione<\/strong><\/h2>\n<p>\u274c <strong>Nessuna cancellazione, nessun rimborso<\/strong> \u2013 I biglietti sono <strong>non rimborsabile e non trasferibile<\/strong>.<br \/>\n\ud83d\udcc5 <strong>Prenotazione con data specifica<\/strong> \u2013 Valido solo per il <strong>data selezionata<\/strong> e non pu\u00f2 essere riprogrammato.<br \/>\n\u23f3 <strong>Le sessioni perse non verranno riprogrammate<\/strong> \u2013 Gli arrivi in ritardo potrebbero comportare la perdita del posto.<\/p>\n<hr \/>\n<h2><strong>\ud83d\udccc Cosa c&#039;\u00e8 di pi\u00f9?<\/strong><\/h2>\n<p>\u2714 <strong>Combina con altre esperienze sulla fauna selvatica<\/strong> \u2013 Abbina il tuo <strong>Sessione fotografica del leone<\/strong> con un <strong>Esperienza di alimentazione delle tigri, spettacolo di coccodrilli o passeggiata nella foresta con le tigri<\/strong>.<br \/>\n\u2714 <strong>Esplora lo zoo<\/strong> - Scoprire <strong>Grandi tigri, leoni bianchi, cuccioli di tigre e sessioni di alimentazione interattive<\/strong>.<br \/>\n\u2714 <strong>Cena al ristorante Royal Bengal Tigers<\/strong> \u2013 Situato vicino alla biglietteria, offre un <strong>deliziosa colazione a buffet e pranzo<\/strong>.<\/p>\n<hr \/>\n<h2><strong>\ud83d\udca1 Consigli da insider<\/strong><\/h2>\n<p>\u2b50 <strong>Arrivare presto<\/strong> \u2013 Posti limitati disponibili, quindi la prenotazione anticipata garantisce un <strong>esperienza senza soluzione di continuit\u00e0<\/strong>.<br \/>\n\u2b50 <strong>Vestiti in modo comodo<\/strong> - Evitare <strong>colori vivaci, sciarpe larghe o accessori pendenti<\/strong> che potrebbe distrarre il leone.<br \/>\n\u2b50 <strong>Cattura lo scatto perfetto<\/strong> \u2013 Porta il tuo <strong>propria macchina fotografica o telefono<\/strong>, o acquisto <strong>foto stampate professionalmente presso la sede<\/strong>.<br \/>\n\u2b50 <strong>Mantieni la calma e la sicurezza<\/strong> \u2013 Seguire tutte le istruzioni fornite dagli addetti per garantire <strong>un&#039;esperienza fluida e sicura<\/strong>.<\/p>\n<hr \/>\n<h2><strong>\u2705 Cosa fare e cosa non fare<\/strong><\/h2>\n<h3>\u2714 <strong>Cosa fare:<\/strong><\/h3>\n<ul>\n<li>Seguire <strong>tutte le istruzioni di sicurezza<\/strong> forniti dagli allenatori.<\/li>\n<li>Mantenere <strong>un atteggiamento calmo e tranquillo<\/strong> vicino al leone.<\/li>\n<li>Indossare <strong>abbigliamento comodo<\/strong> \u2013 evitare gioielli larghi o oggetti che possano distrarre il leone.<\/li>\n<\/ul>\n<h3>\u274c <strong>Cosa non fare:<\/strong><\/h3>\n<ul>\n<li><strong>NON tentare di toccare o provocare il leone<\/strong> a meno che non venga impartito un ordine.<\/li>\n<li><strong>Nessun rumore forte o movimento improvviso<\/strong> che potrebbero spaventare l&#039;animale.<\/li>\n<li><strong>Vietato fotografare con il flash<\/strong>, poich\u00e9 potrebbe disturbare il leone.<\/li>\n<li><strong>Nessun cibo o bevande dall&#039;esterno<\/strong> nell&#039;area foto.<\/li>\n<\/ul>\n<hr \/>\n<h2><strong>\ud83d\udd0d Da sapere prima di partire<\/strong><\/h2>\n<ul>\n<li>\ud83c\udf9f <strong>Prenotazione anticipata obbligatoria:<\/strong> <strong>Posti limitati disponibili<\/strong> ogni giorno.<\/li>\n<li>\ud83c\udfde <strong>Periodo migliore per la visita:<\/strong> Mattina per <strong>migliore illuminazione e meno folla<\/strong>.<\/li>\n<li>\u23f0 <strong>Fasce orarie fisse:<\/strong> Arrivare in tempo per <strong>evita di perdere la tua sessione<\/strong>.<\/li>\n<li>\ud83d\udc5a <strong>Codice di abbigliamento:<\/strong> <strong>Si consigliano abiti di colore neutro e scarpe chiuse<\/strong>.<\/li>\n<\/ul>\n<hr \/>\n<h2><strong>\ud83d\ude96 Come raggiungere lo zoo Tiger Topia Sriracha<\/strong><\/h2>\n<p>\ud83d\udccd <strong>Posizione:<\/strong> <strong>341, Si Racha, Chonburi, Tailandia<\/strong><br \/>\n\ud83d\udccd <strong>Mappe di Google:<\/strong> <a href=\"https:\/\/maps.app.goo.gl\/CyLT4T9JNGumc9bM8\" target=\"_blank\" rel=\"noopener\">Posizione dello zoo di Tiger Topia Sriracha<\/a><\/p>\n<p>\ud83d\ude97 <strong>In taxi:<\/strong> Taxi diretti disponibili da <strong>Pattaya e zone limitrofe<\/strong>.<br \/>\n\ud83d\ude8c <strong>Con i mezzi pubblici:<\/strong> Prendi un <strong>autobus o Songthaew (taxi condiviso) per Sukhumvit Road<\/strong>, poi un breve tragitto fino allo zoo.<br \/>\n\ud83d\ude97 <strong>In auto:<\/strong> Gratuito <strong>parcheggio in loco<\/strong> disponibile.<\/p>\n<hr \/>\n<h2><strong>\u2753 Domande frequenti (FAQ)<\/strong><\/h2>\n<p><strong>1. L&#039;esperienza Foto con Leone \u00e8 sicura?<\/strong><br \/>\n\u2714 S\u00ec! L&#039;attivit\u00e0 \u00e8 <strong>condotto sotto la supervisione di esperti<\/strong>, assicurando un <strong>ambiente sicuro e controllato<\/strong>.<\/p>\n<p><strong>2. Posso prenotare i biglietti online?<\/strong><br \/>\n\u2714 S\u00ec! <strong>Si consiglia vivamente la prenotazione anticipata<\/strong> a causa di <strong>disponibilit\u00e0 limitata<\/strong>. Prenota online per <strong>sconti e ingresso garantito<\/strong>.<\/p>\n<p><strong>3. Posso toccare il leone durante la sessione fotografica?<\/strong><br \/>\n\u2714 <strong>Solo se consentito dall&#039;allenatore<\/strong>L&#039;interazione diretta \u00e8 <strong>attentamente controllato per la sicurezza<\/strong>.<\/p>\n<p><strong>4. Le foto stampate sono incluse nel pacchetto?<\/strong><br \/>\n\u274c No, ma puoi <strong>acquistare foto stampate di alta qualit\u00e0<\/strong> presso la sede.<\/p>\n<p><strong>5. I bambini possono partecipare a questa attivit\u00e0?<\/strong><br \/>\n\u2714 <strong>Solo visitatori di altezza pari o superiore a 140 cm<\/strong> sono consentiti. Le famiglie con bambini pi\u00f9 piccoli possono divertirsi <strong>altre attrazioni come Baby Tiger Photos e lo spettacolo delle tigri<\/strong>.<\/p>\n<hr \/>\n<h3><strong>\ud83c\udf9f Prenota subito i tuoi biglietti!<\/strong><\/h3>\n<p>Non perderti questo <strong>incredibile esperienza con i grandi felini<\/strong>! <strong>Prenota oggi stesso i tuoi biglietti per la Foto con il Leone<\/strong> e catturare un <strong>momento iconico con il Re della Giungla a <a href=\"https:\/\/tigertopiasrirachazoo.com\/it\">Tigre Topia Sriracha Zoo<\/a>!<\/strong><\/p>","protected":false},"excerpt":{"rendered":"<table class=\"short-description\">\n<tbody class=\"tabel364\">\n<tr class=\"short-description-tr32r\">\n<th class=\"short-description-th\"><span class=\"description-h23\"><strong class=\"description-strong67\">Per le prenotazioni in giornata, \u00e8 necessario effettuare la prenotazione con 1 ora di anticipo.<\/strong><\/span><\/th>\n<\/tr>\n<\/tbody>\n<\/table>","protected":false},"featured_media":3580,"template":"","meta":{"ocean_post_layout":"","ocean_both_sidebars_style":"","ocean_both_sidebars_content_width":0,"ocean_both_sidebars_sidebars_width":0,"ocean_sidebar":"0","ocean_second_sidebar":"0","ocean_disable_margins":"enable","ocean_add_body_class":"","ocean_shortcode_before_top_bar":"","ocean_shortcode_after_top_bar":"","ocean_shortcode_before_header":"","ocean_shortcode_after_header":"","ocean_has_shortcode":"","ocean_shortcode_after_title":"","ocean_shortcode_before_footer_widgets":"","ocean_shortcode_after_footer_widgets":"","ocean_shortcode_before_footer_bottom":"","ocean_shortcode_after_footer_bottom":"","ocean_display_top_bar":"default","ocean_display_header":"default","ocean_header_style":"","ocean_center_header_left_menu":"0","ocean_custom_header_template":"0","ocean_custom_logo":0,"ocean_custom_retina_logo":0,"ocean_custom_logo_max_width":0,"ocean_custom_logo_tablet_max_width":0,"ocean_custom_logo_mobile_max_width":0,"ocean_custom_logo_max_height":0,"ocean_custom_logo_tablet_max_height":0,"ocean_custom_logo_mobile_max_height":0,"ocean_header_custom_menu":"0","ocean_menu_typo_font_family":"0","ocean_menu_typo_font_subset":"","ocean_menu_typo_font_size":0,"ocean_menu_typo_font_size_tablet":0,"ocean_menu_typo_font_size_mobile":0,"ocean_menu_typo_font_size_unit":"px","ocean_menu_typo_font_weight":"","ocean_menu_typo_font_weight_tablet":"","ocean_menu_typo_font_weight_mobile":"","ocean_menu_typo_transform":"","ocean_menu_typo_transform_tablet":"","ocean_menu_typo_transform_mobile":"","ocean_menu_typo_line_height":0,"ocean_menu_typo_line_height_tablet":0,"ocean_menu_typo_line_height_mobile":0,"ocean_menu_typo_line_height_unit":"","ocean_menu_typo_spacing":0,"ocean_menu_typo_spacing_tablet":0,"ocean_menu_typo_spacing_mobile":0,"ocean_menu_typo_spacing_unit":"","ocean_menu_link_color":"","ocean_menu_link_color_hover":"","ocean_menu_link_color_active":"","ocean_menu_link_background":"","ocean_menu_link_hover_background":"","ocean_menu_link_active_background":"","ocean_menu_social_links_bg":"","ocean_menu_social_hover_links_bg":"","ocean_menu_social_links_color":"","ocean_menu_social_hover_links_color":"","ocean_disable_title":"default","ocean_disable_heading":"default","ocean_post_title":"","ocean_post_subheading":"","ocean_post_title_style":"","ocean_post_title_background_color":"","ocean_post_title_background":0,"ocean_post_title_bg_image_position":"","ocean_post_title_bg_image_attachment":"","ocean_post_title_bg_image_repeat":"","ocean_post_title_bg_image_size":"","ocean_post_title_height":0,"ocean_post_title_bg_overlay":0.5,"ocean_post_title_bg_overlay_color":"","ocean_disable_breadcrumbs":"default","ocean_breadcrumbs_color":"","ocean_breadcrumbs_separator_color":"","ocean_breadcrumbs_links_color":"","ocean_breadcrumbs_links_hover_color":"","ocean_display_footer_widgets":"default","ocean_display_footer_bottom":"default","ocean_custom_footer_template":"0"},"product_brand":[],"product_cat":[20],"product_tag":[538,545,536,548,547,544,535,537,533,539,546,532,534,541,543,470,540,542],"class_list":{"0":"post-3600","1":"product","2":"type-product","3":"status-publish","4":"has-post-thumbnail","6":"product_cat-tickets","7":"product_tag-best-lion-photo-thailand","8":"product_tag-best-zoo-photo-experience-thailand","9":"product_tag-big-cat-photography","10":"product_tag-bucket-list-animal-experience","11":"product_tag-exclusive-lion-encounter","12":"product_tag-king-of-the-jungle-experience","13":"product_tag-lion-encounter-thailand","14":"product_tag-lion-interaction-thailand","15":"product_tag-lion-photo-experience","16":"product_tag-majestic-lion-experience","17":"product_tag-must-do-wildlife-activity-thailand","18":"product_tag-photo-with-lion","19":"product_tag-pose-with-a-lion","20":"product_tag-safe-lion-encounter","21":"product_tag-thrilling-lion-photo-session","22":"product_tag-tiger-topia-sriracha-zoo-tickets","23":"product_tag-up-close-lion-photography","24":"product_tag-wildlife-photography-with-lions","26":"entry","27":"has-media","28":"tm-has-options","30":"first","31":"instock","32":"virtual","33":"taxable","34":"purchasable","35":"product-type-simple","36":"has-product-nav","37":"col","38":"span_1_of_3","39":"owp-content-center","40":"owp-thumbs-layout-horizontal","41":"owp-btn-normal","42":"owp-tabs-layout-horizontal"},"yoast_head":"<!-- This site is optimized with the Yoast SEO plugin v27.3 - https:\/\/yoast.com\/product\/yoast-seo-wordpress\/ -->\n<title>Book Photo With Lion | Majestic Lion Encounter At Tiger Topia Zoo<\/title>\n<meta name=\"description\" content=\"Pose Beside The King Of The Jungle At Tiger Topia Sriracha Zoo! Safe, Supervised, And A Once-In-A-Lifetime Lion Photo Experience. Book Photo With Lion Now!\" \/>\n<meta name=\"robots\" content=\"index, follow, max-snippet:-1, max-image-preview:large, max-video-preview:-1\" \/>\n<link rel=\"canonical\" href=\"https:\/\/tigertopiasrirachazoo.com\/it\/biglietti\/foto-con-leone\/\" \/>\n<meta property=\"og:locale\" content=\"it_IT\" \/>\n<meta property=\"og:type\" content=\"article\" \/>\n<meta property=\"og:title\" content=\"Book Photo With Lion | Majestic Lion Encounter At Tiger Topia Zoo\" \/>\n<meta property=\"og:description\" content=\"Pose Beside The King Of The Jungle At Tiger Topia Sriracha Zoo! Safe, Supervised, And A Once-In-A-Lifetime Lion Photo Experience. Book Photo With Lion Now!\" \/>\n<meta property=\"og:url\" content=\"https:\/\/tigertopiasrirachazoo.com\/it\/biglietti\/foto-con-leone\/\" \/>\n<meta property=\"og:site_name\" content=\"Tiger Topia Sriracha Zoo\" \/>\n<meta property=\"article:modified_time\" content=\"2025-09-18T16:52:45+00:00\" \/>\n<meta property=\"og:image\" content=\"https:\/\/tigertopiasrirachazoo.com\/wp-content\/uploads\/2025\/02\/Sri-Racha-Zoo-Tickets.png\" \/>\n\t<meta property=\"og:image:width\" content=\"1356\" \/>\n\t<meta property=\"og:image:height\" content=\"904\" \/>\n\t<meta property=\"og:image:type\" content=\"image\/png\" \/>\n<meta name=\"twitter:card\" content=\"summary_large_image\" \/>\n<meta name=\"twitter:label1\" content=\"Tempo di lettura stimato\" \/>\n\t<meta name=\"twitter:data1\" content=\"5 minuti\" \/>\n<script type=\"application\/ld+json\" class=\"yoast-schema-graph\">{\"@context\":\"https:\\\/\\\/schema.org\",\"@graph\":[{\"@type\":\"WebPage\",\"@id\":\"https:\\\/\\\/tigertopiasrirachazoo.com\\\/tickets\\\/photo-with-lion\\\/\",\"url\":\"https:\\\/\\\/tigertopiasrirachazoo.com\\\/tickets\\\/photo-with-lion\\\/\",\"name\":\"Book Photo With Lion | Majestic Lion Encounter At Tiger Topia Zoo\",\"isPartOf\":{\"@id\":\"https:\\\/\\\/tigertopiasrirachazoo.com\\\/#website\"},\"primaryImageOfPage\":{\"@id\":\"https:\\\/\\\/tigertopiasrirachazoo.com\\\/tickets\\\/photo-with-lion\\\/#primaryimage\"},\"image\":{\"@id\":\"https:\\\/\\\/tigertopiasrirachazoo.com\\\/tickets\\\/photo-with-lion\\\/#primaryimage\"},\"thumbnailUrl\":\"https:\\\/\\\/tigertopiasrirachazoo.com\\\/wp-content\\\/uploads\\\/2025\\\/02\\\/Sri-Racha-Zoo-Tickets.png\",\"datePublished\":\"2025-02-01T16:03:24+00:00\",\"dateModified\":\"2025-09-18T16:52:45+00:00\",\"description\":\"Pose Beside The King Of The Jungle At Tiger Topia Sriracha Zoo! Safe, Supervised, And A Once-In-A-Lifetime Lion Photo Experience. Book Photo With Lion Now!\",\"breadcrumb\":{\"@id\":\"https:\\\/\\\/tigertopiasrirachazoo.com\\\/tickets\\\/photo-with-lion\\\/#breadcrumb\"},\"inLanguage\":\"it-IT\",\"potentialAction\":[{\"@type\":\"ReadAction\",\"target\":[\"https:\\\/\\\/tigertopiasrirachazoo.com\\\/tickets\\\/photo-with-lion\\\/\"]}]},{\"@type\":\"ImageObject\",\"inLanguage\":\"it-IT\",\"@id\":\"https:\\\/\\\/tigertopiasrirachazoo.com\\\/tickets\\\/photo-with-lion\\\/#primaryimage\",\"url\":\"https:\\\/\\\/tigertopiasrirachazoo.com\\\/wp-content\\\/uploads\\\/2025\\\/02\\\/Sri-Racha-Zoo-Tickets.png\",\"contentUrl\":\"https:\\\/\\\/tigertopiasrirachazoo.com\\\/wp-content\\\/uploads\\\/2025\\\/02\\\/Sri-Racha-Zoo-Tickets.png\",\"width\":1356,\"height\":904,\"caption\":\"Sri Racha Zoo Tickets\"},{\"@type\":\"BreadcrumbList\",\"@id\":\"https:\\\/\\\/tigertopiasrirachazoo.com\\\/tickets\\\/photo-with-lion\\\/#breadcrumb\",\"itemListElement\":[{\"@type\":\"ListItem\",\"position\":1,\"name\":\"Home\",\"item\":\"https:\\\/\\\/tigertopiasrirachazoo.com\\\/\"},{\"@type\":\"ListItem\",\"position\":2,\"name\":\"Tickets\",\"item\":\"https:\\\/\\\/tigertopiasrirachazoo.com\\\/tickets\\\/\"},{\"@type\":\"ListItem\",\"position\":3,\"name\":\"Photo with LION\"}]},{\"@type\":\"WebSite\",\"@id\":\"https:\\\/\\\/tigertopiasrirachazoo.com\\\/#website\",\"url\":\"https:\\\/\\\/tigertopiasrirachazoo.com\\\/\",\"name\":\"Tiger Topia Sriracha Zoo\",\"description\":\"\",\"publisher\":{\"@id\":\"https:\\\/\\\/tigertopiasrirachazoo.com\\\/#organization\"},\"potentialAction\":[{\"@type\":\"SearchAction\",\"target\":{\"@type\":\"EntryPoint\",\"urlTemplate\":\"https:\\\/\\\/tigertopiasrirachazoo.com\\\/?s={search_term_string}\"},\"query-input\":{\"@type\":\"PropertyValueSpecification\",\"valueRequired\":true,\"valueName\":\"search_term_string\"}}],\"inLanguage\":\"it-IT\"},{\"@type\":\"Organization\",\"@id\":\"https:\\\/\\\/tigertopiasrirachazoo.com\\\/#organization\",\"name\":\"Tiger Topia Sriracha Zoo\",\"url\":\"https:\\\/\\\/tigertopiasrirachazoo.com\\\/\",\"logo\":{\"@type\":\"ImageObject\",\"inLanguage\":\"it-IT\",\"@id\":\"https:\\\/\\\/tigertopiasrirachazoo.com\\\/#\\\/schema\\\/logo\\\/image\\\/\",\"url\":\"https:\\\/\\\/tigertopiasrirachazoo.com\\\/wp-content\\\/uploads\\\/2024\\\/08\\\/Tiger-Topia-Sriracha-Zoo.png\",\"contentUrl\":\"https:\\\/\\\/tigertopiasrirachazoo.com\\\/wp-content\\\/uploads\\\/2024\\\/08\\\/Tiger-Topia-Sriracha-Zoo.png\",\"width\":350,\"height\":100,\"caption\":\"Tiger Topia Sriracha Zoo\"},\"image\":{\"@id\":\"https:\\\/\\\/tigertopiasrirachazoo.com\\\/#\\\/schema\\\/logo\\\/image\\\/\"}}]}<\/script>\n<!-- \/ Yoast SEO plugin. -->","yoast_head_json":{"title":"Prenota una foto con il leone | Incontro maestoso con il leone allo zoo Tiger Topia","description":"Posa accanto al re della giungla allo zoo Tiger Topia Sriracha! Un&#039;esperienza fotografica con un leone sicura, supervisionata e unica nella vita. Prenota subito una foto con un leone!","robots":{"index":"index","follow":"follow","max-snippet":"max-snippet:-1","max-image-preview":"max-image-preview:large","max-video-preview":"max-video-preview:-1"},"canonical":"https:\/\/tigertopiasrirachazoo.com\/it\/biglietti\/foto-con-leone\/","og_locale":"it_IT","og_type":"article","og_title":"Book Photo With Lion | Majestic Lion Encounter At Tiger Topia Zoo","og_description":"Pose Beside The King Of The Jungle At Tiger Topia Sriracha Zoo! Safe, Supervised, And A Once-In-A-Lifetime Lion Photo Experience. Book Photo With Lion Now!","og_url":"https:\/\/tigertopiasrirachazoo.com\/it\/biglietti\/foto-con-leone\/","og_site_name":"Tiger Topia Sriracha Zoo","article_modified_time":"2025-09-18T16:52:45+00:00","og_image":[{"width":1356,"height":904,"url":"https:\/\/tigertopiasrirachazoo.com\/wp-content\/uploads\/2025\/02\/Sri-Racha-Zoo-Tickets.png","type":"image\/png"}],"twitter_card":"summary_large_image","twitter_misc":{"Tempo di lettura stimato":"5 minuti"},"schema":{"@context":"https:\/\/schema.org","@graph":[{"@type":"WebPage","@id":"https:\/\/tigertopiasrirachazoo.com\/tickets\/photo-with-lion\/","url":"https:\/\/tigertopiasrirachazoo.com\/tickets\/photo-with-lion\/","name":"Prenota una foto con il leone | Incontro maestoso con il leone allo zoo Tiger Topia","isPartOf":{"@id":"https:\/\/tigertopiasrirachazoo.com\/#website"},"primaryImageOfPage":{"@id":"https:\/\/tigertopiasrirachazoo.com\/tickets\/photo-with-lion\/#primaryimage"},"image":{"@id":"https:\/\/tigertopiasrirachazoo.com\/tickets\/photo-with-lion\/#primaryimage"},"thumbnailUrl":"https:\/\/tigertopiasrirachazoo.com\/wp-content\/uploads\/2025\/02\/Sri-Racha-Zoo-Tickets.png","datePublished":"2025-02-01T16:03:24+00:00","dateModified":"2025-09-18T16:52:45+00:00","description":"Posa accanto al re della giungla allo zoo Tiger Topia Sriracha! Un&#039;esperienza fotografica con un leone sicura, supervisionata e unica nella vita. Prenota subito una foto con un leone!","breadcrumb":{"@id":"https:\/\/tigertopiasrirachazoo.com\/tickets\/photo-with-lion\/#breadcrumb"},"inLanguage":"it-IT","potentialAction":[{"@type":"ReadAction","target":["https:\/\/tigertopiasrirachazoo.com\/tickets\/photo-with-lion\/"]}]},{"@type":"ImageObject","inLanguage":"it-IT","@id":"https:\/\/tigertopiasrirachazoo.com\/tickets\/photo-with-lion\/#primaryimage","url":"https:\/\/tigertopiasrirachazoo.com\/wp-content\/uploads\/2025\/02\/Sri-Racha-Zoo-Tickets.png","contentUrl":"https:\/\/tigertopiasrirachazoo.com\/wp-content\/uploads\/2025\/02\/Sri-Racha-Zoo-Tickets.png","width":1356,"height":904,"caption":"Sri Racha Zoo Tickets"},{"@type":"BreadcrumbList","@id":"https:\/\/tigertopiasrirachazoo.com\/tickets\/photo-with-lion\/#breadcrumb","itemListElement":[{"@type":"ListItem","position":1,"name":"Home","item":"https:\/\/tigertopiasrirachazoo.com\/"},{"@type":"ListItem","position":2,"name":"Tickets","item":"https:\/\/tigertopiasrirachazoo.com\/tickets\/"},{"@type":"ListItem","position":3,"name":"Photo with LION"}]},{"@type":"WebSite","@id":"https:\/\/tigertopiasrirachazoo.com\/#website","url":"https:\/\/tigertopiasrirachazoo.com\/","name":"Tigre Topia Sriracha Zoo","description":"","publisher":{"@id":"https:\/\/tigertopiasrirachazoo.com\/#organization"},"potentialAction":[{"@type":"SearchAction","target":{"@type":"EntryPoint","urlTemplate":"https:\/\/tigertopiasrirachazoo.com\/?s={search_term_string}"},"query-input":{"@type":"PropertyValueSpecification","valueRequired":true,"valueName":"search_term_string"}}],"inLanguage":"it-IT"},{"@type":"Organization","@id":"https:\/\/tigertopiasrirachazoo.com\/#organization","name":"Tigre Topia Sriracha Zoo","url":"https:\/\/tigertopiasrirachazoo.com\/","logo":{"@type":"ImageObject","inLanguage":"it-IT","@id":"https:\/\/tigertopiasrirachazoo.com\/#\/schema\/logo\/image\/","url":"https:\/\/tigertopiasrirachazoo.com\/wp-content\/uploads\/2024\/08\/Tiger-Topia-Sriracha-Zoo.png","contentUrl":"https:\/\/tigertopiasrirachazoo.com\/wp-content\/uploads\/2024\/08\/Tiger-Topia-Sriracha-Zoo.png","width":350,"height":100,"caption":"Tiger Topia Sriracha Zoo"},"image":{"@id":"https:\/\/tigertopiasrirachazoo.com\/#\/schema\/logo\/image\/"}}]}},"jetpack_sharing_enabled":true,"_links":{"self":[{"href":"https:\/\/tigertopiasrirachazoo.com\/it\/wp-json\/wp\/v2\/product\/3600","targetHints":{"allow":["GET"]}}],"collection":[{"href":"https:\/\/tigertopiasrirachazoo.com\/it\/wp-json\/wp\/v2\/product"}],"about":[{"href":"https:\/\/tigertopiasrirachazoo.com\/it\/wp-json\/wp\/v2\/types\/product"}],"wp:featuredmedia":[{"embeddable":true,"href":"https:\/\/tigertopiasrirachazoo.com\/it\/wp-json\/wp\/v2\/media\/3580"}],"wp:attachment":[{"href":"https:\/\/tigertopiasrirachazoo.com\/it\/wp-json\/wp\/v2\/media?parent=3600"}],"wp:term":[{"taxonomy":"product_brand","embeddable":true,"href":"https:\/\/tigertopiasrirachazoo.com\/it\/wp-json\/wp\/v2\/product_brand?post=3600"},{"taxonomy":"product_cat","embeddable":true,"href":"https:\/\/tigertopiasrirachazoo.com\/it\/wp-json\/wp\/v2\/product_cat?post=3600"},{"taxonomy":"product_tag","embeddable":true,"href":"https:\/\/tigertopiasrirachazoo.com\/it\/wp-json\/wp\/v2\/product_tag?post=3600"}],"curies":[{"name":"wp","href":"https:\/\/api.w.org\/{rel}","templated":true}]}}