{"id":3602,"date":"2025-02-01T21:46:08","date_gmt":"2025-02-01T16:16:08","guid":{"rendered":"https:\/\/tigertopiasrirachazoo.com\/?post_type=product&#038;p=3602"},"modified":"2025-10-11T15:55:27","modified_gmt":"2025-10-11T10:25:27","slug":"foto-con-grandi-coccodrilli","status":"publish","type":"product","link":"https:\/\/tigertopiasrirachazoo.com\/it\/biglietti\/foto-con-grandi-coccodrilli\/","title":{"rendered":"Foto con GRANDI COCCODRILLI"},"content":{"rendered":"<h1><strong>\ud83d\udcf8 Foto con grandi coccodrilli \u2013 Tiger Topia Sriracha Zoo<\/strong><\/h1>\n<h2><strong>\ud83d\udcd6 Informazioni sulla foto con grandi coccodrilli<\/strong><\/h2>\n<p>Osare ottenere <strong>da vicino uno dei rettili pi\u00f9 potenti della natura<\/strong> nel <strong>Foto con grandi coccodrilli<\/strong> esperienza presso <a href=\"https:\/\/tigertopiasrirachazoo.com\/it\/\"><strong>Tigre Topia Sriracha Zoo<\/strong><\/a>! Questo <strong>incontro emozionante e unico con la fauna selvatica<\/strong> ti permette di posare <strong>a pochi metri da enormi coccodrilli completamente cresciuti<\/strong>, creando un <strong>opportunit\u00e0 fotografica indimenticabile e adrenalinica<\/strong>Condotto sotto <strong>misure di sicurezza rigorose<\/strong>, l&#039;esperienza \u00e8 <strong>supervisionato da operatori professionisti<\/strong>, assicurando un <strong>ambiente controllato e sicuro<\/strong>Che tu sia un <strong>appassionato di fauna selvatica, amante dell&#039;avventura o alla ricerca di una foto unica nella vita<\/strong>, Questo <strong>esperienza rara<\/strong> \u00e8 un must!<\/p>\n<hr \/>\n<h2><strong>\ud83d\udd52 Orari<\/strong><\/h2>\n<p>\u2714 <strong>Orari di apertura:<\/strong> Ogni giorno dalle <strong>9:00 \u2013 15:30<\/strong><br \/>\n\u2714 <strong>Ultima voce:<\/strong> <strong>15:00<\/strong><br \/>\n\u2714 <strong>Durata:<\/strong> <strong>5 \u2013 10 minuti<\/strong><\/p>\n<p>\ud83d\udcc5 <strong>Posti limitati disponibili: si consiglia la prenotazione anticipata!<\/strong><\/p>\n<hr \/>\n<h2><strong>\ud83c\udf1f Punti salienti<\/strong><\/h2>\n<ul>\n<li>\ud83d\udc0a <strong>Posa accanto a un coccodrillo gigante<\/strong> - Ottenere <strong>incredibilmente vicino a queste creature preistoriche<\/strong> in un ambiente sicuro.<\/li>\n<li>\ud83d\udcf8 <strong>Fotografia naturalistica epica<\/strong> \u2013 Cattura <strong>foto meravigliose<\/strong> con uno di <strong>i rettili pi\u00f9 temibili del mondo<\/strong>.<\/li>\n<li>\ud83d\udc68\u200d\ud83c\udfeb <strong>Supervisionato da gestori professionisti<\/strong> \u2013 Garantire <strong>la tua sicurezza e il benessere del coccodrillo<\/strong>.<\/li>\n<li>\ud83c\udfc6 <strong>Esperienza esclusiva con la fauna selvatica<\/strong> - UN <strong>rara opportunit\u00e0<\/strong> disponibile solo a <strong>pochi posti al mondo<\/strong>.<\/li>\n<li>\ud83c\udfad <strong>Perfetto per gli amanti dell&#039;avventura e della fauna selvatica<\/strong> - UN <strong>incontro emozionante e indimenticabile<\/strong> per gli amanti degli animali.<\/li>\n<li>\ud83c\udf0d <strong>Interazione etica e sicura<\/strong> \u2013 Condotto sotto <strong>linee guida rigorose sul benessere degli animali<\/strong>.<\/li>\n<\/ul>\n<hr \/>\n<h2><strong>\u2705 Cosa \u00e8 incluso<\/strong><\/h2>\n<p>\u2714 <strong>Sessione fotografica guidata<\/strong> con <strong>un coccodrillo completamente cresciuto<\/strong><br \/>\n\u2714 <strong>Esperienza supervisionata<\/strong> di <strong>professionisti qualificati<\/strong><br \/>\n\u2714 <strong>Opportunit\u00e0 di scattare foto di animali selvatici di alta qualit\u00e0<\/strong><br \/>\n\u2714 <strong>Incontro ravvicinato con uno dei predatori pi\u00f9 antichi della natura<\/strong><\/p>\n<hr \/>\n<h2><strong>\u274c Inclusioni \/ Esclusioni<\/strong><\/h2>\n<h3>\u2714 <strong>Incluso:<\/strong><\/h3>\n<ul>\n<li>Uno contro uno <strong>sessione fotografica con un grande coccodrillo<\/strong><\/li>\n<li><strong>Supervisione di esperti<\/strong> per un <strong>esperienza sicura<\/strong><\/li>\n<li><strong>Accesso alle zone fotografiche designate<\/strong><\/li>\n<\/ul>\n<h3>\u2716 <strong>Non incluso:<\/strong><\/h3>\n<ul>\n<li>Foto stampate (disponibili per l&#039;acquisto separatamente)<\/li>\n<li>Interazioni aggiuntive con gli animali (possono essere prenotate come componenti aggiuntivi)<\/li>\n<li>Trasporto da\/per lo zoo (facoltativo) <strong>trasferimenti disponibili in hotel<\/strong>)<\/li>\n<\/ul>\n<hr \/>\n<h2><strong>\ud83d\udc76 Politica sui bambini<\/strong><\/h2>\n<p>\u2714 <strong>I bambini di altezza inferiore a 140 cm NON sono ammessi<\/strong> per partecipare a questa attivit\u00e0.<br \/>\n\u2714 Bambini <strong>140 cm e oltre<\/strong> pu\u00f2 partecipare ma deve essere <strong>accompagnati da un adulto pagante (18+).<\/strong><br \/>\n\u2714 Le famiglie con bambini pi\u00f9 piccoli possono esplorare <strong>esperienze alternative con la fauna selvatica<\/strong> allo zoo.<\/p>\n<hr \/>\n<h2><strong>\ud83d\udeab Politica di rimborso e cancellazione<\/strong><\/h2>\n<p>\u274c <strong>Nessuna cancellazione, nessun rimborso<\/strong> \u2013 I biglietti sono <strong>non rimborsabile e non trasferibile<\/strong>.<br \/>\n\ud83d\udcc5 <strong>Prenotazione con data specifica<\/strong> \u2013 Valido solo per il <strong>data selezionata<\/strong> e non pu\u00f2 essere riprogrammato.<br \/>\n\u23f3 <strong>Le sessioni perse non verranno riprogrammate<\/strong> \u2013 Gli arrivi in ritardo potrebbero comportare la perdita del posto.<\/p>\n<hr \/>\n<h2><strong>\ud83d\udccc Cosa c&#039;\u00e8 di pi\u00f9?<\/strong><\/h2>\n<p>\u2714 <strong>Abbina ad altre esperienze con la fauna selvatica<\/strong> \u2013 Combina il tuo <strong>Grande sessione fotografica di coccodrilli<\/strong> con <strong>Nutrire i coccodrilli, nutrire le tigri o passeggiare nella foresta con le tigri<\/strong>.<br \/>\n\u2714 <strong>Esplora lo zoo<\/strong> \u2013 Incontro <strong>Grandi tigri, leoni, leoni bianchi e attrazioni interattive sulla fauna selvatica<\/strong>.<br \/>\n\u2714 <strong>Cena al ristorante Royal Bengal Tigers<\/strong> \u2013 Situato vicino alla biglietteria, offre un <strong>deliziosa colazione a buffet e pranzo<\/strong>.<\/p>\n<hr \/>\n<h2><strong>\ud83d\udca1 Consigli da insider<\/strong><\/h2>\n<p>\u2b50 <strong>Arrivare presto<\/strong> \u2013 Gli slot si riempiono rapidamente, quindi la prenotazione anticipata garantisce un <strong>esperienza senza soluzione di continuit\u00e0<\/strong>.<br \/>\n\u2b50 <strong>Vestiti in modo comodo<\/strong> - Evitare <strong>abiti o accessori larghi<\/strong> che potrebbe distrarre il coccodrillo.<br \/>\n\u2b50 <strong>Cattura lo scatto perfetto<\/strong> \u2013 Porta il tuo <strong>propria macchina fotografica o telefono<\/strong>, oppure optare per <strong>foto stampate professionali<\/strong>.<br \/>\n\u2b50 <strong>Seguire le istruzioni di sicurezza<\/strong> \u2013 Ascolta sempre gli allenatori per <strong>una sessione sicura e piacevole<\/strong>.<\/p>\n<hr \/>\n<h2><strong>\u2705 Cosa fare e cosa non fare<\/strong><\/h2>\n<h3>\u2714 <strong>Cosa fare:<\/strong><\/h3>\n<ul>\n<li>Seguire <strong>tutte le istruzioni di sicurezza<\/strong> fornite dagli allenatori.<\/li>\n<li><strong>Mantieni la calma e la calma<\/strong> durante la sessione fotografica.<\/li>\n<li>Indossare <strong>abbigliamento comodo<\/strong> \u2013 evitare abiti dai colori vivaci o riflettenti.<\/li>\n<\/ul>\n<h3>\u274c <strong>Cosa non fare:<\/strong><\/h3>\n<ul>\n<li><strong>NON tentare di toccare o provocare il coccodrillo<\/strong>.<\/li>\n<li><strong>Nessun rumore forte o movimento improvviso<\/strong> che potrebbero spaventare l&#039;animale.<\/li>\n<li><strong>Vietato fotografare con il flash<\/strong>, poich\u00e9 potrebbe angosciare il coccodrillo.<\/li>\n<li><strong>Nessun cibo o bevande dall&#039;esterno<\/strong> nell&#039;area foto.<\/li>\n<\/ul>\n<hr \/>\n<h2><strong>\ud83d\udd0d Da sapere prima di partire<\/strong><\/h2>\n<ul>\n<li>\ud83c\udf9f <strong>Prenotazione anticipata obbligatoria:<\/strong> <strong>Posti limitati disponibili<\/strong> ogni giorno.<\/li>\n<li>\ud83c\udfde <strong>Periodo migliore per la visita:<\/strong> Mattina per <strong>migliore illuminazione e meno folla<\/strong>.<\/li>\n<li>\u23f0 <strong>Fasce orarie fisse:<\/strong> Arrivare in tempo per <strong>evita di perdere la tua sessione<\/strong>.<\/li>\n<li>\ud83d\udc5a <strong>Codice di abbigliamento:<\/strong> <strong>Si consigliano abiti di colore neutro e scarpe chiuse<\/strong>.<\/li>\n<\/ul>\n<hr \/>\n<h2><strong>\ud83d\ude96 Come raggiungere lo zoo Tiger Topia Sriracha<\/strong><\/h2>\n<p>\ud83d\udccd <strong>Posizione:<\/strong> <strong>341, Si Racha, Chonburi, Tailandia<\/strong><br \/>\n\ud83d\udccd <strong>Mappe di Google:<\/strong> <a href=\"https:\/\/maps.app.goo.gl\/CyLT4T9JNGumc9bM8\" target=\"_blank\" rel=\"noopener\">Posizione dello zoo di Tiger Topia Sriracha<\/a><\/p>\n<p>\ud83d\ude97 <strong>In taxi:<\/strong> Taxi diretti disponibili da <strong>Pattaya e zone limitrofe<\/strong>.<br \/>\n\ud83d\ude8c <strong>Con i mezzi pubblici:<\/strong> Prendi un <strong>autobus o Songthaew (taxi condiviso) per Sukhumvit Road<\/strong>, poi un breve tragitto fino allo zoo.<br \/>\n\ud83d\ude97 <strong>In auto:<\/strong> Gratuito <strong>parcheggio in loco<\/strong> disponibile.<\/p>\n<hr \/>\n<h2><strong>\u2753 Domande frequenti (FAQ)<\/strong><\/h2>\n<p><strong>1. L&#039;esperienza Foto con grandi coccodrilli \u00e8 sicura?<\/strong><br \/>\n\u2714 S\u00ec! L&#039;attivit\u00e0 \u00e8 <strong>condotto sotto la supervisione di esperti<\/strong>, assicurando un <strong>ambiente sicuro e controllato<\/strong>.<\/p>\n<p><strong>2. Posso prenotare i biglietti online?<\/strong><br \/>\n\u2714 S\u00ec! <strong>Si consiglia vivamente la prenotazione anticipata<\/strong> a causa di <strong>disponibilit\u00e0 limitata<\/strong>. Prenota online per <strong>sconti e ingresso garantito<\/strong>.<\/p>\n<p><strong>3. Posso toccare il coccodrillo durante la sessione fotografica?<\/strong><br \/>\n\u2714 <strong>Nessun contatto diretto<\/strong> \u00e8 consentito. Sarai <strong>posizionato in modo sicuro vicino al coccodrillo<\/strong> per la tua foto.<\/p>\n<p><strong>4. Le foto stampate sono incluse nel pacchetto?<\/strong><br \/>\n\u274c No, ma puoi <strong>acquistare foto stampate di alta qualit\u00e0<\/strong> presso la sede.<\/p>\n<p><strong>5. I bambini possono partecipare a questa attivit\u00e0?<\/strong><br \/>\n\u2714 <strong>Solo visitatori di altezza pari o superiore a 140 cm<\/strong> sono consentiti. Le famiglie con bambini pi\u00f9 piccoli possono divertirsi <strong>altre attrazioni come Baby Tiger Photos e Crocodile Feeding<\/strong>.<\/p>\n<hr \/>\n<h3><strong>\ud83c\udf9f Prenota subito i tuoi biglietti!<\/strong><\/h3>\n<p>Non perderti questo <strong>incredibile incontro con il coccodrillo<\/strong>! <strong>Prenota oggi stesso i tuoi biglietti per la Foto con i grandi coccodrilli<\/strong> e catturare un <strong>momento di paura con uno dei rettili pi\u00f9 potenti della natura a <a href=\"https:\/\/tigertopiasrirachazoo.com\/it\/\">Tigre Topia Sriracha Zoo<\/a>!<\/strong><\/p>","protected":false},"excerpt":{"rendered":"<table class=\"short-description\">\n<tbody class=\"tabel364\">\n<tr class=\"short-description-tr32r\">\n<th class=\"short-description-th\"><span class=\"description-h23\"><strong class=\"description-strong67\">Per le prenotazioni in giornata, \u00e8 necessario effettuare la prenotazione con 1 ora di anticipo.<\/strong><\/span><\/th>\n<\/tr>\n<\/tbody>\n<\/table>","protected":false},"featured_media":3584,"template":"","meta":{"ocean_post_layout":"","ocean_both_sidebars_style":"","ocean_both_sidebars_content_width":0,"ocean_both_sidebars_sidebars_width":0,"ocean_sidebar":"0","ocean_second_sidebar":"0","ocean_disable_margins":"enable","ocean_add_body_class":"","ocean_shortcode_before_top_bar":"","ocean_shortcode_after_top_bar":"","ocean_shortcode_before_header":"","ocean_shortcode_after_header":"","ocean_has_shortcode":"","ocean_shortcode_after_title":"","ocean_shortcode_before_footer_widgets":"","ocean_shortcode_after_footer_widgets":"","ocean_shortcode_before_footer_bottom":"","ocean_shortcode_after_footer_bottom":"","ocean_display_top_bar":"default","ocean_display_header":"default","ocean_header_style":"","ocean_center_header_left_menu":"0","ocean_custom_header_template":"0","ocean_custom_logo":0,"ocean_custom_retina_logo":0,"ocean_custom_logo_max_width":0,"ocean_custom_logo_tablet_max_width":0,"ocean_custom_logo_mobile_max_width":0,"ocean_custom_logo_max_height":0,"ocean_custom_logo_tablet_max_height":0,"ocean_custom_logo_mobile_max_height":0,"ocean_header_custom_menu":"0","ocean_menu_typo_font_family":"0","ocean_menu_typo_font_subset":"","ocean_menu_typo_font_size":0,"ocean_menu_typo_font_size_tablet":0,"ocean_menu_typo_font_size_mobile":0,"ocean_menu_typo_font_size_unit":"px","ocean_menu_typo_font_weight":"","ocean_menu_typo_font_weight_tablet":"","ocean_menu_typo_font_weight_mobile":"","ocean_menu_typo_transform":"","ocean_menu_typo_transform_tablet":"","ocean_menu_typo_transform_mobile":"","ocean_menu_typo_line_height":0,"ocean_menu_typo_line_height_tablet":0,"ocean_menu_typo_line_height_mobile":0,"ocean_menu_typo_line_height_unit":"","ocean_menu_typo_spacing":0,"ocean_menu_typo_spacing_tablet":0,"ocean_menu_typo_spacing_mobile":0,"ocean_menu_typo_spacing_unit":"","ocean_menu_link_color":"","ocean_menu_link_color_hover":"","ocean_menu_link_color_active":"","ocean_menu_link_background":"","ocean_menu_link_hover_background":"","ocean_menu_link_active_background":"","ocean_menu_social_links_bg":"","ocean_menu_social_hover_links_bg":"","ocean_menu_social_links_color":"","ocean_menu_social_hover_links_color":"","ocean_disable_title":"default","ocean_disable_heading":"default","ocean_post_title":"","ocean_post_subheading":"","ocean_post_title_style":"","ocean_post_title_background_color":"","ocean_post_title_background":0,"ocean_post_title_bg_image_position":"","ocean_post_title_bg_image_attachment":"","ocean_post_title_bg_image_repeat":"","ocean_post_title_bg_image_size":"","ocean_post_title_height":0,"ocean_post_title_bg_overlay":0.5,"ocean_post_title_bg_overlay_color":"","ocean_disable_breadcrumbs":"default","ocean_breadcrumbs_color":"","ocean_breadcrumbs_separator_color":"","ocean_breadcrumbs_links_color":"","ocean_breadcrumbs_links_hover_color":"","ocean_display_footer_widgets":"default","ocean_display_footer_bottom":"default","ocean_custom_footer_template":"0"},"product_brand":[],"product_cat":[20],"product_tag":[570,545,548,567,569,577,568,565,576,564,566,574,572,470,575,578,571,573],"class_list":{"0":"post-3602","1":"product","2":"type-product","3":"status-publish","4":"has-post-thumbnail","6":"product_cat-tickets","7":"product_tag-best-crocodile-photo-thailand","8":"product_tag-best-zoo-photo-experience-thailand","9":"product_tag-bucket-list-animal-experience","10":"product_tag-crocodile-encounter-thailand","11":"product_tag-crocodile-interaction-thailand","12":"product_tag-exotic-wildlife-photography","13":"product_tag-giant-crocodile-photography","14":"product_tag-large-crocodile-photo-experience","15":"product_tag-must-do-crocodile-activity-thailand","16":"product_tag-photo-with-large-crocodiles","17":"product_tag-pose-with-a-crocodile","18":"product_tag-safe-crocodile-photo-session","19":"product_tag-thrilling-crocodile-experience","20":"product_tag-tiger-topia-sriracha-zoo-tickets","21":"product_tag-ultimate-reptile-encounter","22":"product_tag-unique-reptile-interaction","23":"product_tag-up-close-crocodile-encounter","24":"product_tag-wildlife-photography-with-crocodiles","26":"entry","27":"has-media","28":"tm-has-options","30":"first","31":"instock","32":"virtual","33":"taxable","34":"purchasable","35":"product-type-simple","36":"has-product-nav","37":"col","38":"span_1_of_3","39":"owp-content-center","40":"owp-thumbs-layout-horizontal","41":"owp-btn-normal","42":"owp-tabs-layout-horizontal"},"yoast_head":"<!-- This site is optimized with the Yoast SEO plugin v27.5 - https:\/\/yoast.com\/product\/yoast-seo-wordpress\/ -->\n<title>Photo With Large Crocodiles | Thrilling Encounter At Tiger Topia<\/title>\n<meta name=\"description\" content=\"Get Up Close With Large Crocodiles At Tiger Topia Sriracha Zoo! A Safe, Supervised, And Exciting Photo Experience For Wildlife Enthusiasts. Book Now!\" \/>\n<meta name=\"robots\" content=\"index, follow, max-snippet:-1, max-image-preview:large, max-video-preview:-1\" \/>\n<link rel=\"canonical\" href=\"https:\/\/tigertopiasrirachazoo.com\/it\/biglietti\/foto-con-grandi-coccodrilli\/\" \/>\n<meta property=\"og:locale\" content=\"it_IT\" \/>\n<meta property=\"og:type\" content=\"article\" \/>\n<meta property=\"og:title\" content=\"Photo With Large Crocodiles | Thrilling Encounter At Tiger Topia\" \/>\n<meta property=\"og:description\" content=\"Get Up Close With Large Crocodiles At Tiger Topia Sriracha Zoo! A Safe, Supervised, And Exciting Photo Experience For Wildlife Enthusiasts. Book Now!\" \/>\n<meta property=\"og:url\" content=\"https:\/\/tigertopiasrirachazoo.com\/it\/biglietti\/foto-con-grandi-coccodrilli\/\" \/>\n<meta property=\"og:site_name\" content=\"Tiger Topia Sriracha Zoo\" \/>\n<meta property=\"article:modified_time\" content=\"2025-10-11T10:25:27+00:00\" \/>\n<meta property=\"og:image\" content=\"https:\/\/tigertopiasrirachazoo.com\/wp-content\/uploads\/2025\/02\/Sriracha-Zoo-Tickets-1.png\" \/>\n\t<meta property=\"og:image:width\" content=\"1356\" \/>\n\t<meta property=\"og:image:height\" content=\"904\" \/>\n\t<meta property=\"og:image:type\" content=\"image\/png\" \/>\n<meta name=\"twitter:card\" content=\"summary_large_image\" \/>\n<meta name=\"twitter:label1\" content=\"Tempo di lettura stimato\" \/>\n\t<meta name=\"twitter:data1\" content=\"4 minuti\" \/>\n<script type=\"application\/ld+json\" class=\"yoast-schema-graph\">{\"@context\":\"https:\\\/\\\/schema.org\",\"@graph\":[{\"@type\":\"WebPage\",\"@id\":\"https:\\\/\\\/tigertopiasrirachazoo.com\\\/tickets\\\/photo-with-large-crocodiles\\\/\",\"url\":\"https:\\\/\\\/tigertopiasrirachazoo.com\\\/tickets\\\/photo-with-large-crocodiles\\\/\",\"name\":\"Photo With Large Crocodiles | Thrilling Encounter At Tiger Topia\",\"isPartOf\":{\"@id\":\"https:\\\/\\\/tigertopiasrirachazoo.com\\\/#website\"},\"primaryImageOfPage\":{\"@id\":\"https:\\\/\\\/tigertopiasrirachazoo.com\\\/tickets\\\/photo-with-large-crocodiles\\\/#primaryimage\"},\"image\":{\"@id\":\"https:\\\/\\\/tigertopiasrirachazoo.com\\\/tickets\\\/photo-with-large-crocodiles\\\/#primaryimage\"},\"thumbnailUrl\":\"https:\\\/\\\/tigertopiasrirachazoo.com\\\/wp-content\\\/uploads\\\/2025\\\/02\\\/Sriracha-Zoo-Tickets-1.png\",\"datePublished\":\"2025-02-01T16:16:08+00:00\",\"dateModified\":\"2025-10-11T10:25:27+00:00\",\"description\":\"Get Up Close With Large Crocodiles At Tiger Topia Sriracha Zoo! A Safe, Supervised, And Exciting Photo Experience For Wildlife Enthusiasts. Book Now!\",\"breadcrumb\":{\"@id\":\"https:\\\/\\\/tigertopiasrirachazoo.com\\\/tickets\\\/photo-with-large-crocodiles\\\/#breadcrumb\"},\"inLanguage\":\"it-IT\",\"potentialAction\":[{\"@type\":\"ReadAction\",\"target\":[\"https:\\\/\\\/tigertopiasrirachazoo.com\\\/tickets\\\/photo-with-large-crocodiles\\\/\"]}]},{\"@type\":\"ImageObject\",\"inLanguage\":\"it-IT\",\"@id\":\"https:\\\/\\\/tigertopiasrirachazoo.com\\\/tickets\\\/photo-with-large-crocodiles\\\/#primaryimage\",\"url\":\"https:\\\/\\\/tigertopiasrirachazoo.com\\\/wp-content\\\/uploads\\\/2025\\\/02\\\/Sriracha-Zoo-Tickets-1.png\",\"contentUrl\":\"https:\\\/\\\/tigertopiasrirachazoo.com\\\/wp-content\\\/uploads\\\/2025\\\/02\\\/Sriracha-Zoo-Tickets-1.png\",\"width\":1356,\"height\":904,\"caption\":\"Sriracha Zoo Tickets\"},{\"@type\":\"BreadcrumbList\",\"@id\":\"https:\\\/\\\/tigertopiasrirachazoo.com\\\/tickets\\\/photo-with-large-crocodiles\\\/#breadcrumb\",\"itemListElement\":[{\"@type\":\"ListItem\",\"position\":1,\"name\":\"Home\",\"item\":\"https:\\\/\\\/tigertopiasrirachazoo.com\\\/\"},{\"@type\":\"ListItem\",\"position\":2,\"name\":\"Tickets\",\"item\":\"https:\\\/\\\/tigertopiasrirachazoo.com\\\/tickets\\\/\"},{\"@type\":\"ListItem\",\"position\":3,\"name\":\"Photo with LARGE CROCODILES\"}]},{\"@type\":\"WebSite\",\"@id\":\"https:\\\/\\\/tigertopiasrirachazoo.com\\\/#website\",\"url\":\"https:\\\/\\\/tigertopiasrirachazoo.com\\\/\",\"name\":\"Tiger Topia Sriracha Zoo\",\"description\":\"\",\"publisher\":{\"@id\":\"https:\\\/\\\/tigertopiasrirachazoo.com\\\/#organization\"},\"potentialAction\":[{\"@type\":\"SearchAction\",\"target\":{\"@type\":\"EntryPoint\",\"urlTemplate\":\"https:\\\/\\\/tigertopiasrirachazoo.com\\\/?s={search_term_string}\"},\"query-input\":{\"@type\":\"PropertyValueSpecification\",\"valueRequired\":true,\"valueName\":\"search_term_string\"}}],\"inLanguage\":\"it-IT\"},{\"@type\":\"Organization\",\"@id\":\"https:\\\/\\\/tigertopiasrirachazoo.com\\\/#organization\",\"name\":\"Tiger Topia Sriracha Zoo\",\"url\":\"https:\\\/\\\/tigertopiasrirachazoo.com\\\/\",\"logo\":{\"@type\":\"ImageObject\",\"inLanguage\":\"it-IT\",\"@id\":\"https:\\\/\\\/tigertopiasrirachazoo.com\\\/#\\\/schema\\\/logo\\\/image\\\/\",\"url\":\"https:\\\/\\\/tigertopiasrirachazoo.com\\\/wp-content\\\/uploads\\\/2024\\\/08\\\/Tiger-Topia-Sriracha-Zoo.png\",\"contentUrl\":\"https:\\\/\\\/tigertopiasrirachazoo.com\\\/wp-content\\\/uploads\\\/2024\\\/08\\\/Tiger-Topia-Sriracha-Zoo.png\",\"width\":350,\"height\":100,\"caption\":\"Tiger Topia Sriracha Zoo\"},\"image\":{\"@id\":\"https:\\\/\\\/tigertopiasrirachazoo.com\\\/#\\\/schema\\\/logo\\\/image\\\/\"}}]}<\/script>\n<!-- \/ Yoast SEO plugin. -->","yoast_head_json":{"title":"Foto con grandi coccodrilli | Incontro emozionante al Tiger Topia","description":"Avvicinati ai grandi coccodrilli allo zoo Tiger Topia Sriracha! Un&#039;esperienza fotografica sicura, supervisionata ed emozionante per gli amanti della fauna selvatica. Prenota ora!","robots":{"index":"index","follow":"follow","max-snippet":"max-snippet:-1","max-image-preview":"max-image-preview:large","max-video-preview":"max-video-preview:-1"},"canonical":"https:\/\/tigertopiasrirachazoo.com\/it\/biglietti\/foto-con-grandi-coccodrilli\/","og_locale":"it_IT","og_type":"article","og_title":"Photo With Large Crocodiles | Thrilling Encounter At Tiger Topia","og_description":"Get Up Close With Large Crocodiles At Tiger Topia Sriracha Zoo! A Safe, Supervised, And Exciting Photo Experience For Wildlife Enthusiasts. Book Now!","og_url":"https:\/\/tigertopiasrirachazoo.com\/it\/biglietti\/foto-con-grandi-coccodrilli\/","og_site_name":"Tiger Topia Sriracha Zoo","article_modified_time":"2025-10-11T10:25:27+00:00","og_image":[{"width":1356,"height":904,"url":"https:\/\/tigertopiasrirachazoo.com\/wp-content\/uploads\/2025\/02\/Sriracha-Zoo-Tickets-1.png","type":"image\/png"}],"twitter_card":"summary_large_image","twitter_misc":{"Tempo di lettura stimato":"4 minuti"},"schema":{"@context":"https:\/\/schema.org","@graph":[{"@type":"WebPage","@id":"https:\/\/tigertopiasrirachazoo.com\/tickets\/photo-with-large-crocodiles\/","url":"https:\/\/tigertopiasrirachazoo.com\/tickets\/photo-with-large-crocodiles\/","name":"Foto con grandi coccodrilli | Incontro emozionante al Tiger Topia","isPartOf":{"@id":"https:\/\/tigertopiasrirachazoo.com\/#website"},"primaryImageOfPage":{"@id":"https:\/\/tigertopiasrirachazoo.com\/tickets\/photo-with-large-crocodiles\/#primaryimage"},"image":{"@id":"https:\/\/tigertopiasrirachazoo.com\/tickets\/photo-with-large-crocodiles\/#primaryimage"},"thumbnailUrl":"https:\/\/tigertopiasrirachazoo.com\/wp-content\/uploads\/2025\/02\/Sriracha-Zoo-Tickets-1.png","datePublished":"2025-02-01T16:16:08+00:00","dateModified":"2025-10-11T10:25:27+00:00","description":"Avvicinati ai grandi coccodrilli allo zoo Tiger Topia Sriracha! Un&#039;esperienza fotografica sicura, supervisionata ed emozionante per gli amanti della fauna selvatica. Prenota ora!","breadcrumb":{"@id":"https:\/\/tigertopiasrirachazoo.com\/tickets\/photo-with-large-crocodiles\/#breadcrumb"},"inLanguage":"it-IT","potentialAction":[{"@type":"ReadAction","target":["https:\/\/tigertopiasrirachazoo.com\/tickets\/photo-with-large-crocodiles\/"]}]},{"@type":"ImageObject","inLanguage":"it-IT","@id":"https:\/\/tigertopiasrirachazoo.com\/tickets\/photo-with-large-crocodiles\/#primaryimage","url":"https:\/\/tigertopiasrirachazoo.com\/wp-content\/uploads\/2025\/02\/Sriracha-Zoo-Tickets-1.png","contentUrl":"https:\/\/tigertopiasrirachazoo.com\/wp-content\/uploads\/2025\/02\/Sriracha-Zoo-Tickets-1.png","width":1356,"height":904,"caption":"Sriracha Zoo Tickets"},{"@type":"BreadcrumbList","@id":"https:\/\/tigertopiasrirachazoo.com\/tickets\/photo-with-large-crocodiles\/#breadcrumb","itemListElement":[{"@type":"ListItem","position":1,"name":"Home","item":"https:\/\/tigertopiasrirachazoo.com\/"},{"@type":"ListItem","position":2,"name":"Tickets","item":"https:\/\/tigertopiasrirachazoo.com\/tickets\/"},{"@type":"ListItem","position":3,"name":"Photo with LARGE CROCODILES"}]},{"@type":"WebSite","@id":"https:\/\/tigertopiasrirachazoo.com\/#website","url":"https:\/\/tigertopiasrirachazoo.com\/","name":"Tigre Topia Sriracha Zoo","description":"","publisher":{"@id":"https:\/\/tigertopiasrirachazoo.com\/#organization"},"potentialAction":[{"@type":"SearchAction","target":{"@type":"EntryPoint","urlTemplate":"https:\/\/tigertopiasrirachazoo.com\/?s={search_term_string}"},"query-input":{"@type":"PropertyValueSpecification","valueRequired":true,"valueName":"search_term_string"}}],"inLanguage":"it-IT"},{"@type":"Organization","@id":"https:\/\/tigertopiasrirachazoo.com\/#organization","name":"Tigre Topia Sriracha Zoo","url":"https:\/\/tigertopiasrirachazoo.com\/","logo":{"@type":"ImageObject","inLanguage":"it-IT","@id":"https:\/\/tigertopiasrirachazoo.com\/#\/schema\/logo\/image\/","url":"https:\/\/tigertopiasrirachazoo.com\/wp-content\/uploads\/2024\/08\/Tiger-Topia-Sriracha-Zoo.png","contentUrl":"https:\/\/tigertopiasrirachazoo.com\/wp-content\/uploads\/2024\/08\/Tiger-Topia-Sriracha-Zoo.png","width":350,"height":100,"caption":"Tiger Topia Sriracha Zoo"},"image":{"@id":"https:\/\/tigertopiasrirachazoo.com\/#\/schema\/logo\/image\/"}}]}},"jetpack_sharing_enabled":true,"_links":{"self":[{"href":"https:\/\/tigertopiasrirachazoo.com\/it\/wp-json\/wp\/v2\/product\/3602","targetHints":{"allow":["GET"]}}],"collection":[{"href":"https:\/\/tigertopiasrirachazoo.com\/it\/wp-json\/wp\/v2\/product"}],"about":[{"href":"https:\/\/tigertopiasrirachazoo.com\/it\/wp-json\/wp\/v2\/types\/product"}],"wp:featuredmedia":[{"embeddable":true,"href":"https:\/\/tigertopiasrirachazoo.com\/it\/wp-json\/wp\/v2\/media\/3584"}],"wp:attachment":[{"href":"https:\/\/tigertopiasrirachazoo.com\/it\/wp-json\/wp\/v2\/media?parent=3602"}],"wp:term":[{"taxonomy":"product_brand","embeddable":true,"href":"https:\/\/tigertopiasrirachazoo.com\/it\/wp-json\/wp\/v2\/product_brand?post=3602"},{"taxonomy":"product_cat","embeddable":true,"href":"https:\/\/tigertopiasrirachazoo.com\/it\/wp-json\/wp\/v2\/product_cat?post=3602"},{"taxonomy":"product_tag","embeddable":true,"href":"https:\/\/tigertopiasrirachazoo.com\/it\/wp-json\/wp\/v2\/product_tag?post=3602"}],"curies":[{"name":"wp","href":"https:\/\/api.w.org\/{rel}","templated":true}]}}