{"id":3604,"date":"2025-02-01T21:57:09","date_gmt":"2025-02-01T16:27:09","guid":{"rendered":"https:\/\/tigertopiasrirachazoo.com\/?post_type=product&#038;p=3604"},"modified":"2025-12-10T08:50:03","modified_gmt":"2025-12-10T03:20:03","slug":"shoot-feed-tigers","status":"publish","type":"product","link":"https:\/\/tigertopiasrirachazoo.com\/it\/biglietti\/shoot-feed-tigers\/","title":{"rendered":"Spara e dai da mangiare alle TIGRI"},"content":{"rendered":"<h1><strong>\ud83c\udfaf Shoot &amp; Feed Tigers \u2013 Tiger Topia Sriracha Zoo<\/strong><\/h1>\n<h2><strong>\ud83d\udcd6 About Shoot &amp; Feed Tigers<\/strong><\/h2>\n<p>Step into an <strong>exhilarating wildlife adventure<\/strong> con il <strong>Spara e dai da mangiare alle tigri<\/strong> esperienza presso <a href=\"https:\/\/tigertopiasrirachazoo.com\/it\"><strong>Tigre Topia Sriracha Zoo<\/strong><\/a>! This unique activity allows you to <strong>safely feed powerful tigers from a distance<\/strong> using a specialized feeding mechanism, giving you the <strong>thrill of interacting with these magnificent predators<\/strong> in a controlled and safe environment. Watch as the <strong>tigers display their natural instincts and agility<\/strong>, making this an <strong>unforgettable experience for animal lovers, thrill-seekers, and photographers alike<\/strong>.<\/p>\n<p>Conducted under <strong>strict supervision by expert trainers<\/strong>, this activity ensures <strong>both visitor safety and animal welfare<\/strong>, offrendo un <strong>educational and exciting insight<\/strong> into the world of these <strong>majestic big cats<\/strong>.<\/p>\n<hr \/>\n<h2><strong>\ud83d\udd52 Orari<\/strong><\/h2>\n<p>\u2714 <strong>Orari di apertura:<\/strong> Ogni giorno dalle <strong>9:00 \u2013 15:30<\/strong><br \/>\n\u2714 <strong>Ultima voce:<\/strong> <strong>15:00<\/strong><br \/>\n\u2714 <strong>Durata:<\/strong> <strong>5 \u2013 10 minuti<\/strong><\/p>\n<p>\ud83d\udcc5 <strong>Posti disponibili limitati: si consiglia la prenotazione anticipata!<\/strong><\/p>\n<hr \/>\n<h2><strong>\ud83c\udf1f Punti salienti<\/strong><\/h2>\n<ul>\n<li>\ud83d\udc05 <strong>Feed Tigers From A Safe Distance<\/strong> \u2013 Use a <strong>specialized feeding tool<\/strong> to provide food to the tigers.<\/li>\n<li>\ud83c\udfaf <strong>Experience Their Raw Power Up Close<\/strong> \u2013 Observe <strong>their speed, strength, and natural hunting instincts<\/strong>.<\/li>\n<li>\ud83d\udc68\u200d\ud83c\udfeb <strong>Supervisionato da gestori professionisti<\/strong> \u2013 Garantire un <strong>safe and controlled experience<\/strong>.<\/li>\n<li>\ud83d\udcf8 <strong>Unforgettable Wildlife Encounter<\/strong> - UN <strong>attivit\u00e0 da fare assolutamente<\/strong> for those who love <strong>big cats<\/strong> and wildlife.<\/li>\n<li>\ud83c\udfc6 <strong>Opportunit\u00e0 esclusiva e rara<\/strong> \u2013 Available at only a <strong>few select wildlife parks worldwide<\/strong>.<\/li>\n<li>\ud83c\udf0d <strong>Interazione etica e responsabile<\/strong> \u2013 Condotto con <strong>animal welfare and safety<\/strong> as the top priority.<\/li>\n<\/ul>\n<hr \/>\n<h2><strong>\u2705 Cosa \u00e8 incluso<\/strong><\/h2>\n<p>\u2714 <strong>Guided feeding experience<\/strong> using <strong>safe shooting &amp; feeding equipment<\/strong><br \/>\n\u2714 <strong>Supervisione da parte di operatori esperti<\/strong> assicurando un <strong>secure session<\/strong><br \/>\n\u2714 <strong>Opportunity to take photos &amp; videos<\/strong> of the feeding experience<br \/>\n\u2714 <strong>A thrilling and unique interaction with real tigers<\/strong><\/p>\n<hr \/>\n<h2><strong>\u274c Inclusioni \/ Esclusioni<\/strong><\/h2>\n<h3>\u2714 <strong>Incluso:<\/strong><\/h3>\n<ul>\n<li>Uno contro uno <strong>tiger feeding session<\/strong><\/li>\n<li><strong>Orientamento professionale<\/strong> per un <strong>stress-free experience<\/strong><\/li>\n<li><strong>Access to designated feeding zones<\/strong><\/li>\n<\/ul>\n<h3>\u2716 <strong>Non incluso:<\/strong><\/h3>\n<ul>\n<li>Foto stampate (disponibili per l&#039;acquisto separatamente)<\/li>\n<li>Interazioni aggiuntive con gli animali (possono essere prenotate come componenti aggiuntivi)<\/li>\n<li>Trasporto da\/per lo zoo (facoltativo) <strong>trasferimenti disponibili in hotel<\/strong>)<\/li>\n<\/ul>\n<hr \/>\n<h2><strong>\ud83d\udc76 Politica sui bambini<\/strong><\/h2>\n<p>\u2714 <strong>I bambini di altezza inferiore a 140 cm NON sono ammessi<\/strong> per partecipare a questa attivit\u00e0.<br \/>\n\u2714 Bambini <strong>140 cm e oltre<\/strong> pu\u00f2 partecipare ma deve essere <strong>accompagnati da un adulto pagante (18+).<\/strong><br \/>\n\u2714 Le famiglie con bambini pi\u00f9 piccoli possono esplorare altri <strong>interactive wildlife experiences<\/strong> allo zoo.<\/p>\n<hr \/>\n<h2><strong>\ud83d\udeab Politica di rimborso e cancellazione<\/strong><\/h2>\n<p>\u274c <strong>Nessuna cancellazione, nessun rimborso<\/strong> \u2013 I biglietti sono <strong>non rimborsabile e non trasferibile<\/strong>.<br \/>\n\ud83d\udcc5 <strong>Prenotazione con data specifica<\/strong> \u2013 Valido solo per il <strong>data selezionata<\/strong> e non pu\u00f2 essere riprogrammato.<br \/>\n\u23f3 <strong>Le sessioni perse non verranno riprogrammate<\/strong> \u2013 Gli arrivi in ritardo potrebbero comportare la perdita del posto.<\/p>\n<hr \/>\n<h2><strong>\ud83d\udccc Cosa c&#039;\u00e8 di pi\u00f9?<\/strong><\/h2>\n<p>\u2714 <strong>Abbina ad altre esperienze con la fauna selvatica<\/strong> \u2013 Combina il tuo <strong>Spara e dai da mangiare alle tigri<\/strong> session with <strong>Tiger Photo Sessions, Crocodile Feeding, or a Forest Walk With Tigers<\/strong>.<br \/>\n\u2714 <strong>Esplora lo zoo<\/strong> \u2013 Incontro <strong>Big Tigers, White Lions, Baby Tigers, and interactive feeding experiences<\/strong>.<br \/>\n\u2714 <strong>Cena al ristorante Royal Bengal Tigers<\/strong> \u2013 Situato vicino alla biglietteria, offre un <strong>deliziosa colazione a buffet e pranzo<\/strong>.<\/p>\n<hr \/>\n<h2><strong>\ud83d\udca1 Consigli da insider<\/strong><\/h2>\n<p>\u2b50 <strong>Arrivare presto<\/strong> \u2013 Posti limitati disponibili, quindi la prenotazione anticipata garantisce un <strong>esperienza senza soluzione di continuit\u00e0<\/strong>.<br \/>\n\u2b50 <strong>Vestiti in modo comodo<\/strong> - Evitare <strong>colori vivaci o accessori pendenti<\/strong> that may distract the tigers.<br \/>\n\u2b50 <strong>Cattura lo scatto perfetto<\/strong> \u2013 Have your <strong>camera ready to take action-packed photos and videos<\/strong>.<br \/>\n\u2b50 <strong>Mantieni la calma e la sicurezza<\/strong> \u2013 Seguire tutte le istruzioni fornite dagli addetti per garantire <strong>un&#039;esperienza fluida e sicura<\/strong>.<\/p>\n<hr \/>\n<h2><strong>\u2705 Cosa fare e cosa non fare<\/strong><\/h2>\n<h3>\u2714 <strong>Cosa fare:<\/strong><\/h3>\n<ul>\n<li>Seguire <strong>tutte le istruzioni di sicurezza<\/strong> forniti dagli allenatori.<\/li>\n<li>Mantenere <strong>un atteggiamento calmo e tranquillo<\/strong> near the tigers.<\/li>\n<li>Indossare <strong>abbigliamento comodo<\/strong> \u2013 avoid loose jewelry or items that can distract the tigers.<\/li>\n<\/ul>\n<h3>\u274c <strong>Cosa non fare:<\/strong><\/h3>\n<ul>\n<li><strong>Do NOT attempt to touch or provoke the tigers<\/strong> a meno che non venga impartito un ordine.<\/li>\n<li><strong>Nessun rumore forte o movimento improvviso<\/strong> that may startle the animals.<\/li>\n<li><strong>Vietato fotografare con il flash<\/strong>, as it can disturb the tigers.<\/li>\n<li><strong>Nessun cibo o bevande dall&#039;esterno<\/strong> in the feeding area.<\/li>\n<\/ul>\n<hr \/>\n<h2><strong>\ud83d\udd0d Da sapere prima di partire<\/strong><\/h2>\n<ul>\n<li>\ud83c\udf9f <strong>Prenotazione anticipata obbligatoria:<\/strong> <strong>Posti limitati disponibili<\/strong> ogni giorno.<\/li>\n<li>\ud83c\udfde <strong>Periodo migliore per la visita:<\/strong> Mattina per <strong>migliore illuminazione e meno folla<\/strong>.<\/li>\n<li>\u23f0 <strong>Fasce orarie fisse:<\/strong> Arrivare in tempo per <strong>evita di perdere la tua sessione<\/strong>.<\/li>\n<li>\ud83d\udc5a <strong>Codice di abbigliamento:<\/strong> <strong>Si consigliano abiti di colore neutro e scarpe chiuse<\/strong>.<\/li>\n<\/ul>\n<hr \/>\n<h2><strong>\ud83d\ude96 Come raggiungere lo zoo Tiger Topia Sriracha<\/strong><\/h2>\n<p>\ud83d\udccd <strong>Posizione:<\/strong> <strong>341, Si Racha, Chonburi, Tailandia<\/strong><br \/>\n\ud83d\udccd <strong>Mappe di Google:<\/strong> <a href=\"https:\/\/maps.app.goo.gl\/CyLT4T9JNGumc9bM8\" target=\"_blank\" rel=\"noopener\">Posizione dello zoo di Tiger Topia Sriracha<\/a><\/p>\n<p>\ud83d\ude97 <strong>In taxi:<\/strong> Taxi diretti disponibili da <strong>Pattaya e zone limitrofe<\/strong>.<br \/>\n\ud83d\ude8c <strong>Con i mezzi pubblici:<\/strong> Prendi un <strong>autobus o Songthaew (taxi condiviso) per Sukhumvit Road<\/strong>, poi un breve tragitto fino allo zoo.<br \/>\n\ud83d\ude97 <strong>In auto:<\/strong> Gratuito <strong>parcheggio in loco<\/strong> disponibile.<\/p>\n<hr \/>\n<h2><strong>\u2753 Domande frequenti (FAQ)<\/strong><\/h2>\n<p><strong>1. Is the Shoot &amp; Feed Tigers experience safe?<\/strong><br \/>\n\u2714 S\u00ec! L&#039;attivit\u00e0 \u00e8 <strong>condotto sotto la supervisione di esperti<\/strong>, assicurando un <strong>ambiente sicuro e controllato<\/strong>.<\/p>\n<p><strong>2. Posso prenotare i biglietti online?<\/strong><br \/>\n\u2714 S\u00ec! <strong>Si consiglia vivamente la prenotazione anticipata<\/strong> a causa di <strong>disponibilit\u00e0 limitata<\/strong>. Prenota online per <strong>sconti e ingresso garantito<\/strong>.<\/p>\n<p><strong>3. Can I touch the tigers during the feeding session?<\/strong><br \/>\n\u274c No, <strong>direct contact is not allowed<\/strong>. You will feed them from a <strong>safe, controlled distance<\/strong> using a specialized tool.<\/p>\n<p><strong>4. Le foto stampate sono incluse nel pacchetto?<\/strong><br \/>\n\u274c No, ma puoi <strong>acquistare foto stampate di alta qualit\u00e0<\/strong> presso la sede.<\/p>\n<p><strong>5. I bambini possono partecipare a questa attivit\u00e0?<\/strong><br \/>\n\u2714 <strong>Solo visitatori di altezza pari o superiore a 140 cm<\/strong> sono consentiti. Le famiglie con bambini pi\u00f9 piccoli possono divertirsi <strong>altre attrazioni come Baby Tiger Photos e lo spettacolo delle tigri<\/strong>.<\/p>\n<hr \/>\n<h3><strong>\ud83c\udf9f Prenota subito i tuoi biglietti!<\/strong><\/h3>\n<p>Non perderti questo <strong>incredibile esperienza con i grandi felini<\/strong>! <strong>Book your Shoot &amp; Feed Tigers tickets today<\/strong> and witness the <strong>power and agility of these amazing predators at <a href=\"https:\/\/tigertopiasrirachazoo.com\/it\">Tigre Topia Sriracha Zoo<\/a>!<\/strong><\/p>","protected":false},"excerpt":{"rendered":"<table class=\"short-description\">\n<tbody class=\"tabel364\">\n<tr class=\"short-description-tr32r\">\n<th class=\"short-description-th\"><span class=\"description-h23\"><strong class=\"description-strong67\">Per le prenotazioni in giornata, \u00e8 necessario effettuare la prenotazione con 1 ora di anticipo.<\/strong><\/span><\/th>\n<\/tr>\n<\/tbody>\n<\/table>","protected":false},"featured_media":3585,"template":"","meta":{"ocean_post_layout":"","ocean_both_sidebars_style":"","ocean_both_sidebars_content_width":0,"ocean_both_sidebars_sidebars_width":0,"ocean_sidebar":"0","ocean_second_sidebar":"0","ocean_disable_margins":"enable","ocean_add_body_class":"","ocean_shortcode_before_top_bar":"","ocean_shortcode_after_top_bar":"","ocean_shortcode_before_header":"","ocean_shortcode_after_header":"","ocean_has_shortcode":"","ocean_shortcode_after_title":"","ocean_shortcode_before_footer_widgets":"","ocean_shortcode_after_footer_widgets":"","ocean_shortcode_before_footer_bottom":"","ocean_shortcode_after_footer_bottom":"","ocean_display_top_bar":"default","ocean_display_header":"default","ocean_header_style":"","ocean_center_header_left_menu":"0","ocean_custom_header_template":"0","ocean_custom_logo":0,"ocean_custom_retina_logo":0,"ocean_custom_logo_max_width":0,"ocean_custom_logo_tablet_max_width":0,"ocean_custom_logo_mobile_max_width":0,"ocean_custom_logo_max_height":0,"ocean_custom_logo_tablet_max_height":0,"ocean_custom_logo_mobile_max_height":0,"ocean_header_custom_menu":"0","ocean_menu_typo_font_family":"0","ocean_menu_typo_font_subset":"","ocean_menu_typo_font_size":0,"ocean_menu_typo_font_size_tablet":0,"ocean_menu_typo_font_size_mobile":0,"ocean_menu_typo_font_size_unit":"px","ocean_menu_typo_font_weight":"","ocean_menu_typo_font_weight_tablet":"","ocean_menu_typo_font_weight_mobile":"","ocean_menu_typo_transform":"","ocean_menu_typo_transform_tablet":"","ocean_menu_typo_transform_mobile":"","ocean_menu_typo_line_height":0,"ocean_menu_typo_line_height_tablet":0,"ocean_menu_typo_line_height_mobile":0,"ocean_menu_typo_line_height_unit":"","ocean_menu_typo_spacing":0,"ocean_menu_typo_spacing_tablet":0,"ocean_menu_typo_spacing_mobile":0,"ocean_menu_typo_spacing_unit":"","ocean_menu_link_color":"","ocean_menu_link_color_hover":"","ocean_menu_link_color_active":"","ocean_menu_link_background":"","ocean_menu_link_hover_background":"","ocean_menu_link_active_background":"","ocean_menu_social_links_bg":"","ocean_menu_social_hover_links_bg":"","ocean_menu_social_links_color":"","ocean_menu_social_hover_links_color":"","ocean_disable_title":"default","ocean_disable_heading":"default","ocean_post_title":"","ocean_post_subheading":"","ocean_post_title_style":"","ocean_post_title_background_color":"","ocean_post_title_background":0,"ocean_post_title_bg_image_position":"","ocean_post_title_bg_image_attachment":"","ocean_post_title_bg_image_repeat":"","ocean_post_title_bg_image_size":"","ocean_post_title_height":0,"ocean_post_title_bg_overlay":0.5,"ocean_post_title_bg_overlay_color":"","ocean_disable_breadcrumbs":"default","ocean_breadcrumbs_color":"","ocean_breadcrumbs_separator_color":"","ocean_breadcrumbs_links_color":"","ocean_breadcrumbs_links_hover_color":"","ocean_display_footer_widgets":"default","ocean_display_footer_bottom":"default","ocean_custom_footer_template":"0"},"product_brand":[],"product_cat":[20],"product_tag":[602,597,601,497,515,595,514,510,594,598,504,596,599,470,600,562,509,508],"class_list":{"0":"post-3604","1":"product","2":"type-product","3":"status-publish","4":"has-post-thumbnail","6":"product_cat-tickets","7":"product_tag-best-animal-feeding-thailand","8":"product_tag-best-tiger-encounter-thailand","9":"product_tag-bucket-list-tiger-encounter","10":"product_tag-ethical-tiger-experience","11":"product_tag-exclusive-tiger-feeding-thailand","12":"product_tag-feed-tigers-thailand","13":"product_tag-must-do-tiger-activity-pattaya","14":"product_tag-safe-tiger-interaction","15":"product_tag-shoot-feed-tigers","16":"product_tag-thrilling-big-cat-feeding","17":"product_tag-tiger-feeding-experience","18":"product_tag-tiger-feeding-tour","19":"product_tag-tiger-safari-thailand","20":"product_tag-tiger-topia-sriracha-zoo-tickets","21":"product_tag-ultimate-wildlife-experience","22":"product_tag-unique-big-cat-experience","23":"product_tag-up-close-tiger-feeding","24":"product_tag-wildlife-feeding-adventure","26":"entry","27":"has-media","28":"tm-has-options","30":"first","31":"instock","32":"virtual","33":"taxable","34":"purchasable","35":"product-type-simple","36":"has-product-nav","37":"col","38":"span_1_of_3","39":"owp-content-center","40":"owp-thumbs-layout-horizontal","41":"owp-btn-normal","42":"owp-tabs-layout-horizontal"},"yoast_head":"<!-- This site is optimized with the Yoast SEO plugin v27.3 - https:\/\/yoast.com\/product\/yoast-seo-wordpress\/ -->\n<title>Book Shoot &amp; Feed Tigers | Thrilling Tiger Encounter At Tiger Topia<\/title>\n<meta name=\"description\" content=\"Experience The Thrill Of Feeding Tigers Safely At Tiger Topia Sriracha Zoo! Supervised, Safe, And A Once-In-A-Lifetime Adventure. Book Now!\" \/>\n<meta name=\"robots\" content=\"index, follow, max-snippet:-1, max-image-preview:large, max-video-preview:-1\" \/>\n<link rel=\"canonical\" href=\"https:\/\/tigertopiasrirachazoo.com\/it\/biglietti\/shoot-feed-tigers\/\" \/>\n<meta property=\"og:locale\" content=\"it_IT\" \/>\n<meta property=\"og:type\" content=\"article\" \/>\n<meta property=\"og:title\" content=\"Book Shoot &amp; Feed Tigers | Thrilling Tiger Encounter At Tiger Topia\" \/>\n<meta property=\"og:description\" content=\"Experience The Thrill Of Feeding Tigers Safely At Tiger Topia Sriracha Zoo! Supervised, Safe, And A Once-In-A-Lifetime Adventure. Book Now!\" \/>\n<meta property=\"og:url\" content=\"https:\/\/tigertopiasrirachazoo.com\/it\/biglietti\/shoot-feed-tigers\/\" \/>\n<meta property=\"og:site_name\" content=\"Tiger Topia Sriracha Zoo\" \/>\n<meta property=\"article:modified_time\" content=\"2025-12-10T03:20:03+00:00\" \/>\n<meta property=\"og:image\" content=\"https:\/\/tigertopiasrirachazoo.com\/wp-content\/uploads\/2025\/02\/Sriracha-Zoo-1.png\" \/>\n\t<meta property=\"og:image:width\" content=\"1356\" \/>\n\t<meta property=\"og:image:height\" content=\"904\" \/>\n\t<meta property=\"og:image:type\" content=\"image\/png\" \/>\n<meta name=\"twitter:card\" content=\"summary_large_image\" \/>\n<meta name=\"twitter:label1\" content=\"Tempo di lettura stimato\" \/>\n\t<meta name=\"twitter:data1\" content=\"5 minuti\" \/>\n<script type=\"application\/ld+json\" class=\"yoast-schema-graph\">{\"@context\":\"https:\\\/\\\/schema.org\",\"@graph\":[{\"@type\":\"WebPage\",\"@id\":\"https:\\\/\\\/tigertopiasrirachazoo.com\\\/tickets\\\/shoot-feed-tigers\\\/\",\"url\":\"https:\\\/\\\/tigertopiasrirachazoo.com\\\/tickets\\\/shoot-feed-tigers\\\/\",\"name\":\"Book Shoot & Feed Tigers | Thrilling Tiger Encounter At Tiger Topia\",\"isPartOf\":{\"@id\":\"https:\\\/\\\/tigertopiasrirachazoo.com\\\/#website\"},\"primaryImageOfPage\":{\"@id\":\"https:\\\/\\\/tigertopiasrirachazoo.com\\\/tickets\\\/shoot-feed-tigers\\\/#primaryimage\"},\"image\":{\"@id\":\"https:\\\/\\\/tigertopiasrirachazoo.com\\\/tickets\\\/shoot-feed-tigers\\\/#primaryimage\"},\"thumbnailUrl\":\"https:\\\/\\\/tigertopiasrirachazoo.com\\\/wp-content\\\/uploads\\\/2025\\\/02\\\/Sriracha-Zoo-1.png\",\"datePublished\":\"2025-02-01T16:27:09+00:00\",\"dateModified\":\"2025-12-10T03:20:03+00:00\",\"description\":\"Experience The Thrill Of Feeding Tigers Safely At Tiger Topia Sriracha Zoo! Supervised, Safe, And A Once-In-A-Lifetime Adventure. Book Now!\",\"breadcrumb\":{\"@id\":\"https:\\\/\\\/tigertopiasrirachazoo.com\\\/tickets\\\/shoot-feed-tigers\\\/#breadcrumb\"},\"inLanguage\":\"it-IT\",\"potentialAction\":[{\"@type\":\"ReadAction\",\"target\":[\"https:\\\/\\\/tigertopiasrirachazoo.com\\\/tickets\\\/shoot-feed-tigers\\\/\"]}]},{\"@type\":\"ImageObject\",\"inLanguage\":\"it-IT\",\"@id\":\"https:\\\/\\\/tigertopiasrirachazoo.com\\\/tickets\\\/shoot-feed-tigers\\\/#primaryimage\",\"url\":\"https:\\\/\\\/tigertopiasrirachazoo.com\\\/wp-content\\\/uploads\\\/2025\\\/02\\\/Sriracha-Zoo-1.png\",\"contentUrl\":\"https:\\\/\\\/tigertopiasrirachazoo.com\\\/wp-content\\\/uploads\\\/2025\\\/02\\\/Sriracha-Zoo-1.png\",\"width\":1356,\"height\":904,\"caption\":\"Sriracha Zoo\"},{\"@type\":\"BreadcrumbList\",\"@id\":\"https:\\\/\\\/tigertopiasrirachazoo.com\\\/tickets\\\/shoot-feed-tigers\\\/#breadcrumb\",\"itemListElement\":[{\"@type\":\"ListItem\",\"position\":1,\"name\":\"Home\",\"item\":\"https:\\\/\\\/tigertopiasrirachazoo.com\\\/\"},{\"@type\":\"ListItem\",\"position\":2,\"name\":\"Tickets\",\"item\":\"https:\\\/\\\/tigertopiasrirachazoo.com\\\/tickets\\\/\"},{\"@type\":\"ListItem\",\"position\":3,\"name\":\"Shoot &#038; Feed TIGERS\"}]},{\"@type\":\"WebSite\",\"@id\":\"https:\\\/\\\/tigertopiasrirachazoo.com\\\/#website\",\"url\":\"https:\\\/\\\/tigertopiasrirachazoo.com\\\/\",\"name\":\"Tiger Topia Sriracha Zoo\",\"description\":\"\",\"publisher\":{\"@id\":\"https:\\\/\\\/tigertopiasrirachazoo.com\\\/#organization\"},\"potentialAction\":[{\"@type\":\"SearchAction\",\"target\":{\"@type\":\"EntryPoint\",\"urlTemplate\":\"https:\\\/\\\/tigertopiasrirachazoo.com\\\/?s={search_term_string}\"},\"query-input\":{\"@type\":\"PropertyValueSpecification\",\"valueRequired\":true,\"valueName\":\"search_term_string\"}}],\"inLanguage\":\"it-IT\"},{\"@type\":\"Organization\",\"@id\":\"https:\\\/\\\/tigertopiasrirachazoo.com\\\/#organization\",\"name\":\"Tiger Topia Sriracha Zoo\",\"url\":\"https:\\\/\\\/tigertopiasrirachazoo.com\\\/\",\"logo\":{\"@type\":\"ImageObject\",\"inLanguage\":\"it-IT\",\"@id\":\"https:\\\/\\\/tigertopiasrirachazoo.com\\\/#\\\/schema\\\/logo\\\/image\\\/\",\"url\":\"https:\\\/\\\/tigertopiasrirachazoo.com\\\/wp-content\\\/uploads\\\/2024\\\/08\\\/Tiger-Topia-Sriracha-Zoo.png\",\"contentUrl\":\"https:\\\/\\\/tigertopiasrirachazoo.com\\\/wp-content\\\/uploads\\\/2024\\\/08\\\/Tiger-Topia-Sriracha-Zoo.png\",\"width\":350,\"height\":100,\"caption\":\"Tiger Topia Sriracha Zoo\"},\"image\":{\"@id\":\"https:\\\/\\\/tigertopiasrirachazoo.com\\\/#\\\/schema\\\/logo\\\/image\\\/\"}}]}<\/script>\n<!-- \/ Yoast SEO plugin. -->","yoast_head_json":{"title":"Book Shoot & Feed Tigers | Thrilling Tiger Encounter At Tiger Topia","description":"Experience The Thrill Of Feeding Tigers Safely At Tiger Topia Sriracha Zoo! Supervised, Safe, And A Once-In-A-Lifetime Adventure. Book Now!","robots":{"index":"index","follow":"follow","max-snippet":"max-snippet:-1","max-image-preview":"max-image-preview:large","max-video-preview":"max-video-preview:-1"},"canonical":"https:\/\/tigertopiasrirachazoo.com\/it\/biglietti\/shoot-feed-tigers\/","og_locale":"it_IT","og_type":"article","og_title":"Book Shoot & Feed Tigers | Thrilling Tiger Encounter At Tiger Topia","og_description":"Experience The Thrill Of Feeding Tigers Safely At Tiger Topia Sriracha Zoo! Supervised, Safe, And A Once-In-A-Lifetime Adventure. Book Now!","og_url":"https:\/\/tigertopiasrirachazoo.com\/it\/biglietti\/shoot-feed-tigers\/","og_site_name":"Tiger Topia Sriracha Zoo","article_modified_time":"2025-12-10T03:20:03+00:00","og_image":[{"width":1356,"height":904,"url":"https:\/\/tigertopiasrirachazoo.com\/wp-content\/uploads\/2025\/02\/Sriracha-Zoo-1.png","type":"image\/png"}],"twitter_card":"summary_large_image","twitter_misc":{"Tempo di lettura stimato":"5 minuti"},"schema":{"@context":"https:\/\/schema.org","@graph":[{"@type":"WebPage","@id":"https:\/\/tigertopiasrirachazoo.com\/tickets\/shoot-feed-tigers\/","url":"https:\/\/tigertopiasrirachazoo.com\/tickets\/shoot-feed-tigers\/","name":"Book Shoot & Feed Tigers | Thrilling Tiger Encounter At Tiger Topia","isPartOf":{"@id":"https:\/\/tigertopiasrirachazoo.com\/#website"},"primaryImageOfPage":{"@id":"https:\/\/tigertopiasrirachazoo.com\/tickets\/shoot-feed-tigers\/#primaryimage"},"image":{"@id":"https:\/\/tigertopiasrirachazoo.com\/tickets\/shoot-feed-tigers\/#primaryimage"},"thumbnailUrl":"https:\/\/tigertopiasrirachazoo.com\/wp-content\/uploads\/2025\/02\/Sriracha-Zoo-1.png","datePublished":"2025-02-01T16:27:09+00:00","dateModified":"2025-12-10T03:20:03+00:00","description":"Experience The Thrill Of Feeding Tigers Safely At Tiger Topia Sriracha Zoo! Supervised, Safe, And A Once-In-A-Lifetime Adventure. Book Now!","breadcrumb":{"@id":"https:\/\/tigertopiasrirachazoo.com\/tickets\/shoot-feed-tigers\/#breadcrumb"},"inLanguage":"it-IT","potentialAction":[{"@type":"ReadAction","target":["https:\/\/tigertopiasrirachazoo.com\/tickets\/shoot-feed-tigers\/"]}]},{"@type":"ImageObject","inLanguage":"it-IT","@id":"https:\/\/tigertopiasrirachazoo.com\/tickets\/shoot-feed-tigers\/#primaryimage","url":"https:\/\/tigertopiasrirachazoo.com\/wp-content\/uploads\/2025\/02\/Sriracha-Zoo-1.png","contentUrl":"https:\/\/tigertopiasrirachazoo.com\/wp-content\/uploads\/2025\/02\/Sriracha-Zoo-1.png","width":1356,"height":904,"caption":"Sriracha Zoo"},{"@type":"BreadcrumbList","@id":"https:\/\/tigertopiasrirachazoo.com\/tickets\/shoot-feed-tigers\/#breadcrumb","itemListElement":[{"@type":"ListItem","position":1,"name":"Home","item":"https:\/\/tigertopiasrirachazoo.com\/"},{"@type":"ListItem","position":2,"name":"Tickets","item":"https:\/\/tigertopiasrirachazoo.com\/tickets\/"},{"@type":"ListItem","position":3,"name":"Shoot &#038; Feed TIGERS"}]},{"@type":"WebSite","@id":"https:\/\/tigertopiasrirachazoo.com\/#website","url":"https:\/\/tigertopiasrirachazoo.com\/","name":"Tigre Topia Sriracha Zoo","description":"","publisher":{"@id":"https:\/\/tigertopiasrirachazoo.com\/#organization"},"potentialAction":[{"@type":"SearchAction","target":{"@type":"EntryPoint","urlTemplate":"https:\/\/tigertopiasrirachazoo.com\/?s={search_term_string}"},"query-input":{"@type":"PropertyValueSpecification","valueRequired":true,"valueName":"search_term_string"}}],"inLanguage":"it-IT"},{"@type":"Organization","@id":"https:\/\/tigertopiasrirachazoo.com\/#organization","name":"Tigre Topia Sriracha Zoo","url":"https:\/\/tigertopiasrirachazoo.com\/","logo":{"@type":"ImageObject","inLanguage":"it-IT","@id":"https:\/\/tigertopiasrirachazoo.com\/#\/schema\/logo\/image\/","url":"https:\/\/tigertopiasrirachazoo.com\/wp-content\/uploads\/2024\/08\/Tiger-Topia-Sriracha-Zoo.png","contentUrl":"https:\/\/tigertopiasrirachazoo.com\/wp-content\/uploads\/2024\/08\/Tiger-Topia-Sriracha-Zoo.png","width":350,"height":100,"caption":"Tiger Topia Sriracha Zoo"},"image":{"@id":"https:\/\/tigertopiasrirachazoo.com\/#\/schema\/logo\/image\/"}}]}},"jetpack_sharing_enabled":true,"_links":{"self":[{"href":"https:\/\/tigertopiasrirachazoo.com\/it\/wp-json\/wp\/v2\/product\/3604","targetHints":{"allow":["GET"]}}],"collection":[{"href":"https:\/\/tigertopiasrirachazoo.com\/it\/wp-json\/wp\/v2\/product"}],"about":[{"href":"https:\/\/tigertopiasrirachazoo.com\/it\/wp-json\/wp\/v2\/types\/product"}],"wp:featuredmedia":[{"embeddable":true,"href":"https:\/\/tigertopiasrirachazoo.com\/it\/wp-json\/wp\/v2\/media\/3585"}],"wp:attachment":[{"href":"https:\/\/tigertopiasrirachazoo.com\/it\/wp-json\/wp\/v2\/media?parent=3604"}],"wp:term":[{"taxonomy":"product_brand","embeddable":true,"href":"https:\/\/tigertopiasrirachazoo.com\/it\/wp-json\/wp\/v2\/product_brand?post=3604"},{"taxonomy":"product_cat","embeddable":true,"href":"https:\/\/tigertopiasrirachazoo.com\/it\/wp-json\/wp\/v2\/product_cat?post=3604"},{"taxonomy":"product_tag","embeddable":true,"href":"https:\/\/tigertopiasrirachazoo.com\/it\/wp-json\/wp\/v2\/product_tag?post=3604"}],"curies":[{"name":"wp","href":"https:\/\/api.w.org\/{rel}","templated":true}]}}