{"id":4188,"date":"2026-01-07T15:25:26","date_gmt":"2026-01-07T09:55:26","guid":{"rendered":"https:\/\/tigertopiasrirachazoo.com\/?post_type=product&#038;p=4188"},"modified":"2026-01-16T15:09:52","modified_gmt":"2026-01-16T09:39:52","slug":"photo-with-medium-tigers","status":"publish","type":"product","link":"https:\/\/tigertopiasrirachazoo.com\/it\/biglietti\/photo-with-medium-tigers\/","title":{"rendered":"Photo with MEDIUM TIGERS"},"content":{"rendered":"<h1><strong>\ud83d\udcf8 Photo with Medium Tigers \u2013 Tiger Topia Sriracha Zoo<\/strong><\/h1>\n<h2><strong>\ud83d\udcd6 About Photo with Medium Tigers<\/strong><\/h2>\n<p data-start=\"177\" data-end=\"477\">Create a once-in-a-lifetime memory with one of nature\u2019s most magnificent predators at <a href=\"https:\/\/tigertopiasrirachazoo.com\/it\/\"><strong data-start=\"263\" data-end=\"291\">Tigre Topia Sriracha Zoo<\/strong><\/a>. The <strong data-start=\"297\" data-end=\"325\">Photo with Medium Tigers<\/strong> experience offers a rare opportunity to sit beside and pose with a beautiful medium-sized tiger, capturing breathtaking photos you\u2019ll treasure forever.<\/p>\n<p data-start=\"479\" data-end=\"845\">This activity is conducted under <strong data-start=\"512\" data-end=\"539\">strict safety standards<\/strong> and is always supervised by <strong data-start=\"568\" data-end=\"601\">trained professional handlers<\/strong>, ensuring a secure and respectful environment for both guests and the tigers. Whether you\u2019re an animal lover or an adventure seeker, this unforgettable encounter brings you closer to the power, grace, and majesty of these incredible creatures.<\/p>\n<hr \/>\n<h2><strong>\ud83d\udd52 Orari<\/strong><\/h2>\n<p>\u2714 <strong>Orari di apertura:<\/strong> Daily from 0<strong>9:00 AM \u2013 03:30 PM<\/strong><br \/>\n\u2714 <strong>Ultima voce:<\/strong> 0<strong>15:00<\/strong><br \/>\n\u2714 <strong>Durata:<\/strong> <strong>5 \u2013 10 minuti<\/strong><\/p>\n<p>\ud83d\udcc5 <strong>Posti disponibili limitati: si consiglia la prenotazione anticipata!<\/strong><\/p>\n<hr \/>\n<h2><strong>\ud83c\udf1f Punti salienti<\/strong><\/h2>\n<ul>\n<li>\ud83d\udc05 <strong data-start=\"125\" data-end=\"149\">Interazione ravvicinata<\/strong> \u2013 Sit beside a medium-sized tiger in a safe, controlled environment.<\/li>\n<li>\ud83d\udcf8 <strong data-start=\"224\" data-end=\"256\">Incredibile opportunit\u00e0 fotografica<\/strong> \u2013 Capture a once-in-a-lifetime picture with this majestic big cat.<\/li>\n<li>\ud83d\udc68\u200d\ud83c\udfeb <strong data-start=\"332\" data-end=\"363\">Supervised by Professionals<\/strong> \u2013 Trained handlers ensure a secure, comfortable, and well-managed experience.<\/li>\n<li>\ud83c\udfc6 <strong data-start=\"447\" data-end=\"469\">Unico ed esclusivo<\/strong> \u2013 A rare wildlife encounter available at only a few select zoos.<\/li>\n<li>\ud83d\udc68\u200d\ud83d\udc69\u200d\ud83d\udc67\u200d\ud83d\udc66 <strong data-start=\"549\" data-end=\"593\">Perfect for Families &amp; Adventure Seekers<\/strong> \u2013 A must-do activity for animal lovers visiting Pattaya.<\/li>\n<li>\ud83c\udf0d <strong data-start=\"656\" data-end=\"693\">Interazione etica e responsabile<\/strong> \u2013 Conducted with the highest care and respect for the tiger\u2019s well-being.<\/li>\n<\/ul>\n<hr \/>\n<h2><strong>\u2705 Cosa \u00e8 incluso<\/strong><\/h2>\n<p>\u2714 <strong>Sessione fotografica esclusiva<\/strong> con un <strong>Medium Tiger<\/strong><br \/>\n\u2714 <strong>Supervisione da parte di operatori esperti<\/strong> per un <strong>esperienza sicura<\/strong><br \/>\n\u2714 <strong>Un incontro ravvicinato irripetibile<\/strong><br \/>\n\u2714 <strong>Opportunit\u00e0 di scattare foto di qualit\u00e0 professionale<\/strong><\/p>\n<hr \/>\n<h2><strong>\u274c Inclusioni \/ Esclusioni<\/strong><\/h2>\n<h3>\u2714 <strong>Incluso:<\/strong><\/h3>\n<ul>\n<li><strong>Sessione fotografica guidata<\/strong> con una tigre completamente cresciuta<\/li>\n<li><strong>Supervisione professionale<\/strong> per sicurezza<\/li>\n<li><strong>Zone fotografiche generali<\/strong> per catturare momenti aggiuntivi<\/li>\n<\/ul>\n<h3>\u2716 <strong>Non incluso:<\/strong><\/h3>\n<ul>\n<li>Foto stampate (disponibili a un costo aggiuntivo)<\/li>\n<li>Ulteriori interazioni con le tigri o alimentazione (possono essere prenotate separatamente)<\/li>\n<li>Trasporto da\/per lo zoo (disponibile come componente aggiuntivo opzionale)<\/li>\n<\/ul>\n<hr \/>\n<h2><strong>\ud83d\udc76 Politica sui bambini<\/strong><\/h2>\n<p>\u2714 <strong>I bambini di altezza inferiore a 140 cm NON sono ammessi<\/strong> per partecipare a questa attivit\u00e0.<br \/>\n\u2714 Bambini <strong>140 cm e oltre<\/strong> pu\u00f2 partecipare ma deve essere <strong>accompagnati da un adulto pagante (18+).<\/strong><br \/>\n\u2714 Le famiglie con bambini pi\u00f9 piccoli possono divertirsi <strong>altre attivit\u00e0 come Baby Tiger Photos o lo spettacolo delle tigri<\/strong>.<\/p>\n<hr \/>\n<h2><strong>\ud83d\udeab Politica di rimborso e cancellazione<\/strong><\/h2>\n<p>\u274c <strong>Nessuna cancellazione, nessun rimborso<\/strong> \u2013 I biglietti sono <strong>non rimborsabile e non trasferibile<\/strong>.<br \/>\n\ud83d\udcc5 <strong>Prenotazione con data specifica<\/strong> \u2013 Valido solo per il <strong>data selezionata<\/strong> e non pu\u00f2 essere riprogrammato.<br \/>\n\u23f3 <strong>Le sessioni perse non verranno riprogrammate<\/strong> \u2013 Gli arrivi in ritardo potrebbero comportare la perdita del posto.<\/p>\n<hr \/>\n<h2><strong>\ud83d\udccc Cosa c&#039;\u00e8 di pi\u00f9?<\/strong><\/h2>\n<p>\u2714 <strong>Combina con altre attivit\u00e0<\/strong> \u2013 Abbina il tuo <strong>Foto con grandi tigri<\/strong> con un <strong>Esperienza di alimentazione delle tigri, passeggiata nella foresta con le tigri o spettacolo dei coccodrilli<\/strong>.<br \/>\n\u2714 <strong>Esplora lo zoo<\/strong> \u2013 Godetevi il <strong>Spettacolo delle tigri, spettacolo dei coccodrilli e interazioni esclusive con i cuccioli di tigre<\/strong>.<br \/>\n\u2714 <strong>Cena al ristorante Royal Bengal Tigers<\/strong> \u2013 Offrendo un <strong>deliziosa colazione a buffet e pranzo<\/strong> vicino alla biglietteria.<\/p>\n<hr \/>\n<h2><strong>\ud83d\udca1 Consigli da insider<\/strong><\/h2>\n<p>\u2b50 <strong>Arrivare presto<\/strong> \u2013 I posti disponibili sono limitati, pertanto prenotare in anticipo garantisce un&#039;esperienza fluida.<br \/>\n\u2b50 <strong>Vestiti in modo comodo<\/strong> - Evitare <strong>colori vivaci o accessori pendenti<\/strong> che potrebbero spaventare le tigri.<br \/>\n\u2b50 <strong>Cattura foto straordinarie<\/strong> \u2013 Porta il tuo <strong>propria macchina fotografica o telefono<\/strong>, o acquisto <strong>foto stampate di alta qualit\u00e0 presso la sede<\/strong>.<br \/>\n\u2b50 <strong>Rispetta gli animali<\/strong> \u2013 Seguire tutte le istruzioni dei gestori per garantire un <strong>esperienza sicura e piacevole<\/strong>.<\/p>\n<hr \/>\n<h2><strong>\u2705 Cosa fare e cosa non fare<\/strong><\/h2>\n<h3>\u2714 <strong>Cosa fare:<\/strong><\/h3>\n<ul>\n<li>Seguire <strong>tutte le istruzioni di sicurezza<\/strong> forniti dagli istruttori.<\/li>\n<li>Mantenere un <strong>comportamento calmo e tranquillo<\/strong> attorno alle tigri.<\/li>\n<li>Indossare <strong>abbigliamento comodo<\/strong> \u2013 niente sciarpe larghe o gioielli pendenti.<\/li>\n<\/ul>\n<h3>\u274c <strong>Cosa non fare:<\/strong><\/h3>\n<ul>\n<li><strong>NON tentare di toccare o provocare la tigre<\/strong> a meno che non venga impartito un ordine.<\/li>\n<li><strong>Nessun rumore forte o movimento improvviso<\/strong> che potrebbe spaventare la tigre.<\/li>\n<li><strong>Vietato fotografare con il flash<\/strong>, poich\u00e9 pu\u00f2 angosciare l&#039;animale.<\/li>\n<li><strong>Nessun cibo o bevande dall&#039;esterno<\/strong> nell&#039;area foto.<\/li>\n<\/ul>\n<hr \/>\n<h2><strong>\ud83d\udd0d Da sapere prima di partire<\/strong><\/h2>\n<ul>\n<li>\ud83c\udf9f <strong>Prenotazione anticipata obbligatoria:<\/strong> <strong>Posti limitati disponibili<\/strong> ogni giorno.<\/li>\n<li>\ud83c\udfde <strong>Periodo migliore per la visita:<\/strong> Mattina per <strong>migliore illuminazione e meno folla<\/strong>.<\/li>\n<li>\u23f0 <strong>Fasce orarie fisse:<\/strong> Arrivare in tempo per <strong>evita di perdere la tua sessione<\/strong>.<\/li>\n<li>\ud83d\udc5a <strong>Codice di abbigliamento:<\/strong> <strong>Si consigliano scarpe chiuse e abiti di colore neutro<\/strong>.<\/li>\n<\/ul>\n<hr \/>\n<h2><strong>\ud83d\ude96 Come raggiungere lo zoo Tiger Topia Sriracha<\/strong><\/h2>\n<p>\ud83d\udccd <strong>Posizione:<\/strong> <strong>341, Si Racha, Chonburi, Tailandia<\/strong><br \/>\n\ud83d\udccd <strong>Mappe di Google:<\/strong> <a href=\"https:\/\/maps.app.goo.gl\/CyLT4T9JNGumc9bM8\" target=\"_blank\" rel=\"noopener\">Posizione dello zoo di Tiger Topia Sriracha<\/a><\/p>\n<p>\ud83d\ude97 <strong>In taxi:<\/strong> Taxi diretti disponibili da <strong>Pattaya e zone limitrofe<\/strong>.<br \/>\n\ud83d\ude8c <strong>Con i mezzi pubblici:<\/strong> Prendi un <strong>autobus o Songthaew (taxi condiviso) per Sukhumvit Road<\/strong>, poi un breve tragitto fino allo zoo.<br \/>\n\ud83d\ude97 <strong>In auto:<\/strong> Gratuito <strong>parcheggio in loco<\/strong> disponibile.<\/p>\n<hr \/>\n<h2><strong>\u2753 Domande frequenti (FAQ)<\/strong><\/h2>\n<p><strong>1. Is the Photo with Medium Tigers experience safe?<\/strong><br \/>\n\u2714 S\u00ec! L&#039;attivit\u00e0 \u00e8 <strong>condotto sotto la supervisione di esperti<\/strong>, assicurando un <strong>ambiente sicuro e controllato<\/strong>.<\/p>\n<p><strong>2. Posso prenotare i biglietti online?<\/strong><br \/>\n\u2714 S\u00ec! <strong>Si consiglia vivamente la prenotazione anticipata<\/strong> a causa di <strong>posti limitati<\/strong>. Prenota online per <strong>sconti e ingresso garantito<\/strong>.<\/p>\n<p><strong>3. Posso toccare la tigre durante la sessione fotografica?<\/strong><br \/>\n\u2714 <strong>Solo se consentito dall&#039;allenatore<\/strong>L&#039;interazione diretta \u00e8 <strong>attentamente controllato per la sicurezza<\/strong>.<\/p>\n<p><strong>4. Le foto stampate sono incluse nel pacchetto?<\/strong><br \/>\n\u274c No, ma puoi <strong>acquistare foto stampate di alta qualit\u00e0<\/strong> presso la sede.<\/p>\n<p><strong>5. I bambini possono partecipare a questa attivit\u00e0?<\/strong><br \/>\n\u2714 <strong>Solo visitatori di altezza pari o superiore a 140 cm<\/strong> sono ammessi. Le famiglie con bambini pi\u00f9 piccoli possono divertirsi con altre attrazioni come <strong>Foto di cuccioli di tigre e lo spettacolo delle tigri<\/strong>.<\/p>\n<hr \/>\n<h3><strong>\ud83c\udf9f Prenota subito i tuoi biglietti!<\/strong><\/h3>\n<p>Non perderti questo <strong>straordinaria avventura nella fauna selvatica<\/strong>! <strong>Prenota oggi stesso i tuoi biglietti per Photo with Big Tigers<\/strong> e catturare un <strong>momento mozzafiato con una vera tigre a <a href=\"https:\/\/tigertopiasrirachazoo.com\/it\/\">Tigre Topia Sriracha Zoo<\/a>!<\/strong><\/p>","protected":false},"excerpt":{"rendered":"<table class=\"short-description\">\n<tbody class=\"tabel364\">\n<tr class=\"short-description-tr32r\">\n<th class=\"short-description-th\"><span class=\"description-h23\"><strong class=\"description-strong67\">Per le prenotazioni in giornata, \u00e8 necessario effettuare la prenotazione con 1 ora di anticipo.<\/strong><\/span><\/th>\n<\/tr>\n<\/tbody>\n<\/table>","protected":false},"featured_media":3536,"template":"","meta":{"ocean_post_layout":"","ocean_both_sidebars_style":"","ocean_both_sidebars_content_width":0,"ocean_both_sidebars_sidebars_width":0,"ocean_sidebar":"0","ocean_second_sidebar":"0","ocean_disable_margins":"enable","ocean_add_body_class":"","ocean_shortcode_before_top_bar":"","ocean_shortcode_after_top_bar":"","ocean_shortcode_before_header":"","ocean_shortcode_after_header":"","ocean_has_shortcode":"","ocean_shortcode_after_title":"","ocean_shortcode_before_footer_widgets":"","ocean_shortcode_after_footer_widgets":"","ocean_shortcode_before_footer_bottom":"","ocean_shortcode_after_footer_bottom":"","ocean_display_top_bar":"default","ocean_display_header":"default","ocean_header_style":"","ocean_center_header_left_menu":"0","ocean_custom_header_template":"0","ocean_custom_logo":0,"ocean_custom_retina_logo":0,"ocean_custom_logo_max_width":0,"ocean_custom_logo_tablet_max_width":0,"ocean_custom_logo_mobile_max_width":0,"ocean_custom_logo_max_height":0,"ocean_custom_logo_tablet_max_height":0,"ocean_custom_logo_mobile_max_height":0,"ocean_header_custom_menu":"0","ocean_menu_typo_font_family":"0","ocean_menu_typo_font_subset":"","ocean_menu_typo_font_size":0,"ocean_menu_typo_font_size_tablet":0,"ocean_menu_typo_font_size_mobile":0,"ocean_menu_typo_font_size_unit":"px","ocean_menu_typo_font_weight":"","ocean_menu_typo_font_weight_tablet":"","ocean_menu_typo_font_weight_mobile":"","ocean_menu_typo_transform":"","ocean_menu_typo_transform_tablet":"","ocean_menu_typo_transform_mobile":"","ocean_menu_typo_line_height":0,"ocean_menu_typo_line_height_tablet":0,"ocean_menu_typo_line_height_mobile":0,"ocean_menu_typo_line_height_unit":"","ocean_menu_typo_spacing":0,"ocean_menu_typo_spacing_tablet":0,"ocean_menu_typo_spacing_mobile":0,"ocean_menu_typo_spacing_unit":"","ocean_menu_link_color":"","ocean_menu_link_color_hover":"","ocean_menu_link_color_active":"","ocean_menu_link_background":"","ocean_menu_link_hover_background":"","ocean_menu_link_active_background":"","ocean_menu_social_links_bg":"","ocean_menu_social_hover_links_bg":"","ocean_menu_social_links_color":"","ocean_menu_social_hover_links_color":"","ocean_disable_title":"default","ocean_disable_heading":"default","ocean_post_title":"","ocean_post_subheading":"","ocean_post_title_style":"","ocean_post_title_background_color":"","ocean_post_title_background":0,"ocean_post_title_bg_image_position":"","ocean_post_title_bg_image_attachment":"","ocean_post_title_bg_image_repeat":"","ocean_post_title_bg_image_size":"","ocean_post_title_height":0,"ocean_post_title_bg_overlay":0.5,"ocean_post_title_bg_overlay_color":"","ocean_disable_breadcrumbs":"default","ocean_breadcrumbs_color":"","ocean_breadcrumbs_separator_color":"","ocean_breadcrumbs_links_color":"","ocean_breadcrumbs_links_hover_color":"","ocean_display_footer_widgets":"default","ocean_display_footer_bottom":"default","ocean_custom_footer_template":"0"},"product_brand":[],"product_cat":[20],"product_tag":[528,521,519,531,529,517,522,524,527,493,496,518,520,470,523,530,525,526],"class_list":{"0":"post-4188","1":"product","2":"type-product","3":"status-publish","4":"has-post-thumbnail","6":"product_cat-tickets","7":"product_tag-best-animal-photo-experience","8":"product_tag-best-tiger-photo-thailand","9":"product_tag-big-tiger-encounter","10":"product_tag-bucket-list-tiger-experience","11":"product_tag-must-do-tiger-activity-thailand","12":"product_tag-photo-with-big-tigers","13":"product_tag-pose-with-a-tiger","14":"product_tag-safe-tiger-encounter","15":"product_tag-thrilling-tiger-photo-session","16":"product_tag-tiger-adventure-pattaya","17":"product_tag-tiger-interaction-thailand","18":"product_tag-tiger-photo-experience","19":"product_tag-tiger-photography-session","20":"product_tag-tiger-topia-sriracha-zoo-tickets","21":"product_tag-ultimate-tiger-experience","22":"product_tag-unique-wildlife-encounters","23":"product_tag-up-close-tiger-photography","24":"product_tag-wildlife-photography-with-tigers","26":"entry","27":"has-media","28":"tm-has-options","30":"first","31":"outofstock","32":"virtual","33":"taxable","34":"purchasable","35":"product-type-simple","36":"has-product-nav","37":"col","38":"span_1_of_3","39":"owp-content-center","40":"owp-thumbs-layout-horizontal","41":"owp-btn-normal","42":"owp-tabs-layout-horizontal"},"yoast_head":"<!-- This site is optimized with the Yoast SEO plugin v27.5 - https:\/\/yoast.com\/product\/yoast-seo-wordpress\/ -->\n<title>Photo With Medium Tigers | Ultimate Tiger Encounter At Tiger Topia<\/title>\n<meta name=\"description\" content=\"Get up close with a medium-sized tiger at Tiger Topia Sriracha Zoo. Safe, supervised photo experience and unforgettable memories. Book today!\" \/>\n<meta name=\"robots\" content=\"index, follow, max-snippet:-1, max-image-preview:large, max-video-preview:-1\" \/>\n<link rel=\"canonical\" href=\"https:\/\/tigertopiasrirachazoo.com\/it\/biglietti\/photo-with-medium-tigers\/\" \/>\n<meta property=\"og:locale\" content=\"it_IT\" \/>\n<meta property=\"og:type\" content=\"article\" \/>\n<meta property=\"og:title\" content=\"Photo With Medium Tigers | Ultimate Tiger Encounter At Tiger Topia\" \/>\n<meta property=\"og:description\" content=\"Get up close with a medium-sized tiger at Tiger Topia Sriracha Zoo. Safe, supervised photo experience and unforgettable memories. Book today!\" \/>\n<meta property=\"og:url\" content=\"https:\/\/tigertopiasrirachazoo.com\/it\/biglietti\/photo-with-medium-tigers\/\" \/>\n<meta property=\"og:site_name\" content=\"Tiger Topia Sriracha Zoo\" \/>\n<meta property=\"article:modified_time\" content=\"2026-01-16T09:39:52+00:00\" \/>\n<meta property=\"og:image\" content=\"https:\/\/tigertopiasrirachazoo.com\/wp-content\/uploads\/2025\/02\/Photo-With-Tigers.png\" \/>\n\t<meta property=\"og:image:width\" content=\"341\" \/>\n\t<meta property=\"og:image:height\" content=\"268\" \/>\n\t<meta property=\"og:image:type\" content=\"image\/png\" \/>\n<meta name=\"twitter:card\" content=\"summary_large_image\" \/>\n<meta name=\"twitter:label1\" content=\"Tempo di lettura stimato\" \/>\n\t<meta name=\"twitter:data1\" content=\"4 minuti\" \/>\n<script type=\"application\/ld+json\" class=\"yoast-schema-graph\">{\"@context\":\"https:\\\/\\\/schema.org\",\"@graph\":[{\"@type\":\"WebPage\",\"@id\":\"https:\\\/\\\/tigertopiasrirachazoo.com\\\/tickets\\\/photo-with-medium-tigers\\\/\",\"url\":\"https:\\\/\\\/tigertopiasrirachazoo.com\\\/tickets\\\/photo-with-medium-tigers\\\/\",\"name\":\"Photo With Medium Tigers | Ultimate Tiger Encounter At Tiger Topia\",\"isPartOf\":{\"@id\":\"https:\\\/\\\/tigertopiasrirachazoo.com\\\/#website\"},\"primaryImageOfPage\":{\"@id\":\"https:\\\/\\\/tigertopiasrirachazoo.com\\\/tickets\\\/photo-with-medium-tigers\\\/#primaryimage\"},\"image\":{\"@id\":\"https:\\\/\\\/tigertopiasrirachazoo.com\\\/tickets\\\/photo-with-medium-tigers\\\/#primaryimage\"},\"thumbnailUrl\":\"https:\\\/\\\/tigertopiasrirachazoo.com\\\/wp-content\\\/uploads\\\/2025\\\/02\\\/Photo-With-Tigers.png\",\"datePublished\":\"2026-01-07T09:55:26+00:00\",\"dateModified\":\"2026-01-16T09:39:52+00:00\",\"description\":\"Get up close with a medium-sized tiger at Tiger Topia Sriracha Zoo. Safe, supervised photo experience and unforgettable memories. Book today!\",\"breadcrumb\":{\"@id\":\"https:\\\/\\\/tigertopiasrirachazoo.com\\\/tickets\\\/photo-with-medium-tigers\\\/#breadcrumb\"},\"inLanguage\":\"it-IT\",\"potentialAction\":[{\"@type\":\"ReadAction\",\"target\":[\"https:\\\/\\\/tigertopiasrirachazoo.com\\\/tickets\\\/photo-with-medium-tigers\\\/\"]}]},{\"@type\":\"ImageObject\",\"inLanguage\":\"it-IT\",\"@id\":\"https:\\\/\\\/tigertopiasrirachazoo.com\\\/tickets\\\/photo-with-medium-tigers\\\/#primaryimage\",\"url\":\"https:\\\/\\\/tigertopiasrirachazoo.com\\\/wp-content\\\/uploads\\\/2025\\\/02\\\/Photo-With-Tigers.png\",\"contentUrl\":\"https:\\\/\\\/tigertopiasrirachazoo.com\\\/wp-content\\\/uploads\\\/2025\\\/02\\\/Photo-With-Tigers.png\",\"width\":341,\"height\":268,\"caption\":\"Photo With Tigers\"},{\"@type\":\"BreadcrumbList\",\"@id\":\"https:\\\/\\\/tigertopiasrirachazoo.com\\\/tickets\\\/photo-with-medium-tigers\\\/#breadcrumb\",\"itemListElement\":[{\"@type\":\"ListItem\",\"position\":1,\"name\":\"Home\",\"item\":\"https:\\\/\\\/tigertopiasrirachazoo.com\\\/\"},{\"@type\":\"ListItem\",\"position\":2,\"name\":\"Tickets\",\"item\":\"https:\\\/\\\/tigertopiasrirachazoo.com\\\/tickets\\\/\"},{\"@type\":\"ListItem\",\"position\":3,\"name\":\"Photo with MEDIUM TIGERS\"}]},{\"@type\":\"WebSite\",\"@id\":\"https:\\\/\\\/tigertopiasrirachazoo.com\\\/#website\",\"url\":\"https:\\\/\\\/tigertopiasrirachazoo.com\\\/\",\"name\":\"Tiger Topia Sriracha Zoo\",\"description\":\"\",\"publisher\":{\"@id\":\"https:\\\/\\\/tigertopiasrirachazoo.com\\\/#organization\"},\"potentialAction\":[{\"@type\":\"SearchAction\",\"target\":{\"@type\":\"EntryPoint\",\"urlTemplate\":\"https:\\\/\\\/tigertopiasrirachazoo.com\\\/?s={search_term_string}\"},\"query-input\":{\"@type\":\"PropertyValueSpecification\",\"valueRequired\":true,\"valueName\":\"search_term_string\"}}],\"inLanguage\":\"it-IT\"},{\"@type\":\"Organization\",\"@id\":\"https:\\\/\\\/tigertopiasrirachazoo.com\\\/#organization\",\"name\":\"Tiger Topia Sriracha Zoo\",\"url\":\"https:\\\/\\\/tigertopiasrirachazoo.com\\\/\",\"logo\":{\"@type\":\"ImageObject\",\"inLanguage\":\"it-IT\",\"@id\":\"https:\\\/\\\/tigertopiasrirachazoo.com\\\/#\\\/schema\\\/logo\\\/image\\\/\",\"url\":\"https:\\\/\\\/tigertopiasrirachazoo.com\\\/wp-content\\\/uploads\\\/2024\\\/08\\\/Tiger-Topia-Sriracha-Zoo.png\",\"contentUrl\":\"https:\\\/\\\/tigertopiasrirachazoo.com\\\/wp-content\\\/uploads\\\/2024\\\/08\\\/Tiger-Topia-Sriracha-Zoo.png\",\"width\":350,\"height\":100,\"caption\":\"Tiger Topia Sriracha Zoo\"},\"image\":{\"@id\":\"https:\\\/\\\/tigertopiasrirachazoo.com\\\/#\\\/schema\\\/logo\\\/image\\\/\"}}]}<\/script>\n<!-- \/ Yoast SEO plugin. -->","yoast_head_json":{"title":"Photo With Medium Tigers | Ultimate Tiger Encounter At Tiger Topia","description":"Get up close with a medium-sized tiger at Tiger Topia Sriracha Zoo. Safe, supervised photo experience and unforgettable memories. Book today!","robots":{"index":"index","follow":"follow","max-snippet":"max-snippet:-1","max-image-preview":"max-image-preview:large","max-video-preview":"max-video-preview:-1"},"canonical":"https:\/\/tigertopiasrirachazoo.com\/it\/biglietti\/photo-with-medium-tigers\/","og_locale":"it_IT","og_type":"article","og_title":"Photo With Medium Tigers | Ultimate Tiger Encounter At Tiger Topia","og_description":"Get up close with a medium-sized tiger at Tiger Topia Sriracha Zoo. Safe, supervised photo experience and unforgettable memories. Book today!","og_url":"https:\/\/tigertopiasrirachazoo.com\/it\/biglietti\/photo-with-medium-tigers\/","og_site_name":"Tiger Topia Sriracha Zoo","article_modified_time":"2026-01-16T09:39:52+00:00","og_image":[{"width":341,"height":268,"url":"https:\/\/tigertopiasrirachazoo.com\/wp-content\/uploads\/2025\/02\/Photo-With-Tigers.png","type":"image\/png"}],"twitter_card":"summary_large_image","twitter_misc":{"Tempo di lettura stimato":"4 minuti"},"schema":{"@context":"https:\/\/schema.org","@graph":[{"@type":"WebPage","@id":"https:\/\/tigertopiasrirachazoo.com\/tickets\/photo-with-medium-tigers\/","url":"https:\/\/tigertopiasrirachazoo.com\/tickets\/photo-with-medium-tigers\/","name":"Photo With Medium Tigers | Ultimate Tiger Encounter At Tiger Topia","isPartOf":{"@id":"https:\/\/tigertopiasrirachazoo.com\/#website"},"primaryImageOfPage":{"@id":"https:\/\/tigertopiasrirachazoo.com\/tickets\/photo-with-medium-tigers\/#primaryimage"},"image":{"@id":"https:\/\/tigertopiasrirachazoo.com\/tickets\/photo-with-medium-tigers\/#primaryimage"},"thumbnailUrl":"https:\/\/tigertopiasrirachazoo.com\/wp-content\/uploads\/2025\/02\/Photo-With-Tigers.png","datePublished":"2026-01-07T09:55:26+00:00","dateModified":"2026-01-16T09:39:52+00:00","description":"Get up close with a medium-sized tiger at Tiger Topia Sriracha Zoo. Safe, supervised photo experience and unforgettable memories. Book today!","breadcrumb":{"@id":"https:\/\/tigertopiasrirachazoo.com\/tickets\/photo-with-medium-tigers\/#breadcrumb"},"inLanguage":"it-IT","potentialAction":[{"@type":"ReadAction","target":["https:\/\/tigertopiasrirachazoo.com\/tickets\/photo-with-medium-tigers\/"]}]},{"@type":"ImageObject","inLanguage":"it-IT","@id":"https:\/\/tigertopiasrirachazoo.com\/tickets\/photo-with-medium-tigers\/#primaryimage","url":"https:\/\/tigertopiasrirachazoo.com\/wp-content\/uploads\/2025\/02\/Photo-With-Tigers.png","contentUrl":"https:\/\/tigertopiasrirachazoo.com\/wp-content\/uploads\/2025\/02\/Photo-With-Tigers.png","width":341,"height":268,"caption":"Photo With Tigers"},{"@type":"BreadcrumbList","@id":"https:\/\/tigertopiasrirachazoo.com\/tickets\/photo-with-medium-tigers\/#breadcrumb","itemListElement":[{"@type":"ListItem","position":1,"name":"Home","item":"https:\/\/tigertopiasrirachazoo.com\/"},{"@type":"ListItem","position":2,"name":"Tickets","item":"https:\/\/tigertopiasrirachazoo.com\/tickets\/"},{"@type":"ListItem","position":3,"name":"Photo with MEDIUM TIGERS"}]},{"@type":"WebSite","@id":"https:\/\/tigertopiasrirachazoo.com\/#website","url":"https:\/\/tigertopiasrirachazoo.com\/","name":"Tigre Topia Sriracha Zoo","description":"","publisher":{"@id":"https:\/\/tigertopiasrirachazoo.com\/#organization"},"potentialAction":[{"@type":"SearchAction","target":{"@type":"EntryPoint","urlTemplate":"https:\/\/tigertopiasrirachazoo.com\/?s={search_term_string}"},"query-input":{"@type":"PropertyValueSpecification","valueRequired":true,"valueName":"search_term_string"}}],"inLanguage":"it-IT"},{"@type":"Organization","@id":"https:\/\/tigertopiasrirachazoo.com\/#organization","name":"Tigre Topia Sriracha Zoo","url":"https:\/\/tigertopiasrirachazoo.com\/","logo":{"@type":"ImageObject","inLanguage":"it-IT","@id":"https:\/\/tigertopiasrirachazoo.com\/#\/schema\/logo\/image\/","url":"https:\/\/tigertopiasrirachazoo.com\/wp-content\/uploads\/2024\/08\/Tiger-Topia-Sriracha-Zoo.png","contentUrl":"https:\/\/tigertopiasrirachazoo.com\/wp-content\/uploads\/2024\/08\/Tiger-Topia-Sriracha-Zoo.png","width":350,"height":100,"caption":"Tiger Topia Sriracha Zoo"},"image":{"@id":"https:\/\/tigertopiasrirachazoo.com\/#\/schema\/logo\/image\/"}}]}},"jetpack_sharing_enabled":true,"_links":{"self":[{"href":"https:\/\/tigertopiasrirachazoo.com\/it\/wp-json\/wp\/v2\/product\/4188","targetHints":{"allow":["GET"]}}],"collection":[{"href":"https:\/\/tigertopiasrirachazoo.com\/it\/wp-json\/wp\/v2\/product"}],"about":[{"href":"https:\/\/tigertopiasrirachazoo.com\/it\/wp-json\/wp\/v2\/types\/product"}],"wp:featuredmedia":[{"embeddable":true,"href":"https:\/\/tigertopiasrirachazoo.com\/it\/wp-json\/wp\/v2\/media\/3536"}],"wp:attachment":[{"href":"https:\/\/tigertopiasrirachazoo.com\/it\/wp-json\/wp\/v2\/media?parent=4188"}],"wp:term":[{"taxonomy":"product_brand","embeddable":true,"href":"https:\/\/tigertopiasrirachazoo.com\/it\/wp-json\/wp\/v2\/product_brand?post=4188"},{"taxonomy":"product_cat","embeddable":true,"href":"https:\/\/tigertopiasrirachazoo.com\/it\/wp-json\/wp\/v2\/product_cat?post=4188"},{"taxonomy":"product_tag","embeddable":true,"href":"https:\/\/tigertopiasrirachazoo.com\/it\/wp-json\/wp\/v2\/product_tag?post=4188"}],"curies":[{"name":"wp","href":"https:\/\/api.w.org\/{rel}","templated":true}]}}