{"id":3604,"date":"2025-02-01T21:57:09","date_gmt":"2025-02-01T16:27:09","guid":{"rendered":"https:\/\/tigertopiasrirachazoo.com\/?post_type=product&#038;p=3604"},"modified":"2025-12-10T08:50:03","modified_gmt":"2025-12-10T03:20:03","slug":"atirar-alimentar-tigres","status":"publish","type":"product","link":"https:\/\/tigertopiasrirachazoo.com\/pt\/ingressos\/atirar-alimentar-tigres\/","title":{"rendered":"Atire e alimente TIGRES"},"content":{"rendered":"<h1><strong>\ud83c\udfaf Atire e alimente tigres \u2013 Tiger Topia Sriracha Zoo<\/strong><\/h1>\n<h2><strong>\ud83d\udcd6 Sobre Shoot &amp; Feed Tigers<\/strong><\/h2>\n<p>Entre em um <strong>aventura emocionante na vida selvagem<\/strong> com o <strong>Atire e alimente tigres<\/strong> experi\u00eancia em <a href=\"https:\/\/tigertopiasrirachazoo.com\/pt\"><strong>Tigre Topia Sriracha Zoo<\/strong><\/a>! Esta atividade \u00fanica permite que voc\u00ea <strong>alimente tigres poderosos com seguran\u00e7a \u00e0 dist\u00e2ncia<\/strong> usando um mecanismo de alimenta\u00e7\u00e3o especializado, dando a voc\u00ea <strong>emo\u00e7\u00e3o de interagir com esses predadores magn\u00edficos<\/strong> em um ambiente controlado e seguro. Observe como o <strong>os tigres exibem seus instintos naturais e agilidade<\/strong>, tornando isso um <strong>experi\u00eancia inesquec\u00edvel para amantes de animais, ca\u00e7adores de emo\u00e7\u00f5es e fot\u00f3grafos<\/strong>.<\/p>\n<p>Realizado sob <strong>supervis\u00e3o rigorosa por treinadores especialistas<\/strong>, esta atividade garante <strong>tanto a seguran\u00e7a dos visitantes como o bem-estar animal<\/strong>, oferecendo uma <strong>vis\u00e3o educacional e emocionante<\/strong> no mundo destes <strong>grandes felinos majestosos<\/strong>.<\/p>\n<hr \/>\n<h2><strong>\ud83d\udd52 Hor\u00e1rios<\/strong><\/h2>\n<p>\u2714 <strong>Hor\u00e1rio de funcionamento:<\/strong> Diariamente a partir de <strong>9:00 AM \u2013 3:30 PM<\/strong><br \/>\n\u2714 <strong>\u00daltima entrada:<\/strong> <strong>15:00<\/strong><br \/>\n\u2714 <strong>Dura\u00e7\u00e3o:<\/strong> <strong>5 \u2013 10 minutos<\/strong><\/p>\n<p>\ud83d\udcc5 <strong>Vagas limitadas dispon\u00edveis \u2013 Reserva antecipada \u00e9 recomendada!<\/strong><\/p>\n<hr \/>\n<h2><strong>\ud83c\udf1f Destaques<\/strong><\/h2>\n<ul>\n<li>\ud83d\udc05 <strong>Alimente os tigres a uma dist\u00e2ncia segura<\/strong> \u2013 Use um <strong>ferramenta de alimenta\u00e7\u00e3o especializada<\/strong> para fornecer comida aos tigres.<\/li>\n<li>\ud83c\udfaf <strong>Experimente o poder bruto deles de perto<\/strong> \u2013 Observar <strong>sua velocidade, for\u00e7a e instintos naturais de ca\u00e7a<\/strong>.<\/li>\n<li>\ud83d\udc68\u200d\ud83c\udfeb <strong>Supervisionado por manipuladores profissionais<\/strong> \u2013 Garantir uma <strong>experi\u00eancia segura e controlada<\/strong>.<\/li>\n<li>\ud83d\udcf8 <strong>Encontro Inesquec\u00edvel com a Vida Selvagem<\/strong> \u2013 Um <strong>atividade obrigat\u00f3ria<\/strong> para aqueles que amam <strong>grandes felinos<\/strong> e vida selvagem.<\/li>\n<li>\ud83c\udfc6 <strong>Oportunidade exclusiva e rara<\/strong> \u2013 Dispon\u00edvel por apenas um <strong>alguns parques de vida selvagem selecionados em todo o mundo<\/strong>.<\/li>\n<li>\ud83c\udf0d <strong>Intera\u00e7\u00e3o \u00c9tica e Respons\u00e1vel<\/strong> \u2013 Realizado com <strong>bem-estar e seguran\u00e7a animal<\/strong> como prioridade m\u00e1xima.<\/li>\n<\/ul>\n<hr \/>\n<h2><strong>\u2705 O que est\u00e1 inclu\u00eddo<\/strong><\/h2>\n<p>\u2714 <strong>Experi\u00eancia de alimenta\u00e7\u00e3o guiada<\/strong> usando <strong>equipamento de tiro e alimenta\u00e7\u00e3o seguro<\/strong><br \/>\n\u2714 <strong>Supervis\u00e3o por manipuladores especialistas<\/strong> garantindo uma <strong>sess\u00e3o segura<\/strong><br \/>\n\u2714 <strong>Oportunidade de tirar fotos e v\u00eddeos<\/strong> da experi\u00eancia de alimenta\u00e7\u00e3o<br \/>\n\u2714 <strong>Uma intera\u00e7\u00e3o emocionante e \u00fanica com tigres reais<\/strong><\/p>\n<hr \/>\n<h2><strong>\u274c Inclus\u00f5es \/ Exclus\u00f5es<\/strong><\/h2>\n<h3>\u2714 <strong>Inclu\u00eddo:<\/strong><\/h3>\n<ul>\n<li>Um-a-um <strong>sess\u00e3o de alimenta\u00e7\u00e3o de tigre<\/strong><\/li>\n<li><strong>Orienta\u00e7\u00e3o profissional<\/strong> para um <strong>experi\u00eancia sem estresse<\/strong><\/li>\n<li><strong>Acesso a zonas de alimenta\u00e7\u00e3o designadas<\/strong><\/li>\n<\/ul>\n<h3>\u2716 <strong>N\u00e3o inclu\u00eddo:<\/strong><\/h3>\n<ul>\n<li>Fotos impressas (dispon\u00edveis para compra separadamente)<\/li>\n<li>Intera\u00e7\u00f5es adicionais com animais (podem ser reservadas como complementos)<\/li>\n<li>Transporte de\/para o zool\u00f3gico (opcional <strong>transfer\u00eancias de hotel dispon\u00edveis<\/strong>)<\/li>\n<\/ul>\n<hr \/>\n<h2><strong>\ud83d\udc76 Pol\u00edtica de crian\u00e7a<\/strong><\/h2>\n<p>\u2714 <strong>Crian\u00e7as menores de 140 cm N\u00c3O s\u00e3o permitidas<\/strong> para participar desta atividade.<br \/>\n\u2714 Crian\u00e7as <strong>140 cm e acima<\/strong> pode participar, mas deve ser <strong>acompanhado por um adulto pagante (18+).<\/strong><br \/>\n\u2714 Fam\u00edlias com crian\u00e7as mais novas podem explorar outras <strong>experi\u00eancias interativas com a vida selvagem<\/strong> no zool\u00f3gico.<\/p>\n<hr \/>\n<h2><strong>\ud83d\udeab Pol\u00edtica de Reembolso e Cancelamento<\/strong><\/h2>\n<p>\u274c <strong>Sem cancelamentos, sem reembolsos<\/strong> \u2013 Os ingressos s\u00e3o <strong>n\u00e3o reembols\u00e1vel e n\u00e3o transfer\u00edvel<\/strong>.<br \/>\n\ud83d\udcc5 <strong>Reserva com data espec\u00edfica<\/strong> \u2013 V\u00e1lido somente para o <strong>data selecionada<\/strong> e n\u00e3o pode ser remarcado.<br \/>\n\u23f3 <strong>Sess\u00f5es perdidas n\u00e3o ser\u00e3o remarcadas<\/strong> \u2013 Chegadas tardias podem resultar na perda do seu hor\u00e1rio.<\/p>\n<hr \/>\n<h2><strong>\ud83d\udccc O que mais?<\/strong><\/h2>\n<p>\u2714 <strong>Combine com outras experi\u00eancias de vida selvagem<\/strong> \u2013 Combine seu <strong>Atire e alimente tigres<\/strong> sess\u00e3o com <strong>Sess\u00f5es de fotos de tigres, alimenta\u00e7\u00e3o de crocodilos ou uma caminhada na floresta com tigres<\/strong>.<br \/>\n\u2714 <strong>Explore o zool\u00f3gico<\/strong> \u2013 Encontro <strong>Tigres grandes, le\u00f5es brancos, tigres beb\u00eas e experi\u00eancias interativas de alimenta\u00e7\u00e3o<\/strong>.<br \/>\n\u2714 <strong>Jante no restaurante Royal Bengal Tigers<\/strong> \u2013 Localizado pr\u00f3ximo ao balc\u00e3o de ingressos, oferecendo um <strong>delicioso buffet de caf\u00e9 da manh\u00e3 e almo\u00e7o<\/strong>.<\/p>\n<hr \/>\n<h2><strong>\ud83d\udca1 Dicas privilegiadas<\/strong><\/h2>\n<p>\u2b50 <strong>Chegue cedo<\/strong> \u2013 Vagas limitadas dispon\u00edveis, portanto, a reserva antecipada garante uma <strong>experi\u00eancia perfeita<\/strong>.<br \/>\n\u2b50 <strong>Vista-se confortavelmente<\/strong> - Evitar <strong>cores brilhantes ou acess\u00f3rios pendurados<\/strong> que pode distrair os tigres.<br \/>\n\u2b50 <strong>Capture a foto perfeita<\/strong> \u2013 Tenha o seu <strong>c\u00e2mera pronta para tirar fotos e v\u00eddeos cheios de a\u00e7\u00e3o<\/strong>.<br \/>\n\u2b50 <strong>Mantenha-se calmo e confiante<\/strong> \u2013 Siga todas as instru\u00e7\u00f5es dadas pelos manipuladores para garantir <strong>uma experi\u00eancia tranquila e segura<\/strong>.<\/p>\n<hr \/>\n<h2><strong>\u2705 O que fazer e o que n\u00e3o fazer<\/strong><\/h2>\n<h3>\u2714 <strong>O que fazer:<\/strong><\/h3>\n<ul>\n<li>Seguir <strong>todas as instru\u00e7\u00f5es de seguran\u00e7a<\/strong> fornecido pelos treinadores.<\/li>\n<li>Manter <strong>um comportamento calmo e tranquilo<\/strong> perto dos tigres.<\/li>\n<li>Vestir <strong>roupas confort\u00e1veis<\/strong> \u2013 evite joias soltas ou itens que possam distrair os tigres.<\/li>\n<\/ul>\n<h3>\u274c <strong>N\u00e3o fa\u00e7a:<\/strong><\/h3>\n<ul>\n<li><strong>N\u00c3O tente tocar ou provocar os tigres<\/strong> a menos que seja instru\u00eddo.<\/li>\n<li><strong>Sem ru\u00eddos altos ou movimentos bruscos<\/strong> que podem assustar os animais.<\/li>\n<li><strong>Sem flash para fotografia<\/strong>, pois pode perturbar os tigres.<\/li>\n<li><strong>N\u00e3o h\u00e1 comida ou bebida de fora<\/strong> na \u00e1rea de alimenta\u00e7\u00e3o.<\/li>\n<\/ul>\n<hr \/>\n<h2><strong>\ud83d\udd0d Saiba antes de ir<\/strong><\/h2>\n<ul>\n<li>\ud83c\udf9f <strong>\u00c9 necess\u00e1rio fazer reserva antecipada:<\/strong> <strong>Vagas limitadas dispon\u00edveis<\/strong> cada dia.<\/li>\n<li>\ud83c\udfde <strong>Melhor \u00e9poca para visitar:<\/strong> Manh\u00e3s para <strong>melhor ilumina\u00e7\u00e3o e menos multid\u00f5es<\/strong>.<\/li>\n<li>\u23f0 <strong>Hor\u00e1rios fixos:<\/strong> Chegue na hora certa para <strong>evite perder sua sess\u00e3o<\/strong>.<\/li>\n<li>\ud83d\udc5a <strong>C\u00f3digo de vestimenta:<\/strong> <strong>Recomenda-se o uso de roupas de cor neutra e cal\u00e7ados fechados<\/strong>.<\/li>\n<\/ul>\n<hr \/>\n<h2><strong>\ud83d\ude96 Como chegar ao Tiger Topia Sriracha Zoo<\/strong><\/h2>\n<p>\ud83d\udccd <strong>Localiza\u00e7\u00e3o:<\/strong> <strong>341, Si Racha, Chon Buri, Tail\u00e2ndia<\/strong><br \/>\n\ud83d\udccd <strong>Mapas do Google:<\/strong> <a href=\"https:\/\/maps.app.goo.gl\/CyLT4T9JNGumc9bM8\" target=\"_blank\" rel=\"noopener\">Localiza\u00e7\u00e3o do zool\u00f3gico Tiger Topia Sriracha<\/a><\/p>\n<p>\ud83d\ude97 <strong>De t\u00e1xi:<\/strong> T\u00e1xis diretos dispon\u00edveis em <strong>Pattaya e \u00e1reas pr\u00f3ximas<\/strong>.<br \/>\n\ud83d\ude8c <strong>Por transporte p\u00fablico:<\/strong> Pegue um <strong>\u00f4nibus ou Songthaew (t\u00e1xi compartilhado) para Sukhumvit Road<\/strong>, depois um curto passeio at\u00e9 o zool\u00f3gico.<br \/>\n\ud83d\ude97 <strong>De carro:<\/strong> Livre <strong>estacionamento no local<\/strong> dispon\u00edvel.<\/p>\n<hr \/>\n<h2><strong>\u2753 Perguntas Frequentes (FAQs)<\/strong><\/h2>\n<p><strong>1. A experi\u00eancia Shoot &amp; Feed Tigers \u00e9 segura?<\/strong><br \/>\n\u2714 Sim! A atividade \u00e9 <strong>conduzido sob supervis\u00e3o de especialistas<\/strong>, garantindo uma <strong>ambiente seguro e controlado<\/strong>.<\/p>\n<p><strong>2. Posso reservar ingressos online?<\/strong><br \/>\n\u2714 Sim! <strong>\u00c9 altamente recomend\u00e1vel fazer reserva com anteced\u00eancia<\/strong> devido a <strong>disponibilidade limitada<\/strong>. Reserve online para <strong>descontos e entrada garantida<\/strong>.<\/p>\n<p><strong>3. Posso tocar nos tigres durante a sess\u00e3o de alimenta\u00e7\u00e3o?<\/strong><br \/>\n\u274c N\u00e3o, <strong>contato direto n\u00e3o \u00e9 permitido<\/strong>. Voc\u00ea os alimentar\u00e1 de um <strong>dist\u00e2ncia segura e controlada<\/strong> usando uma ferramenta especializada.<\/p>\n<p><strong>4. As fotos impressas est\u00e3o inclu\u00eddas no pacote?<\/strong><br \/>\n\u274c N\u00e3o, mas voc\u00ea pode <strong>compre fotos impressas de alta qualidade<\/strong> no local.<\/p>\n<p><strong>5. Crian\u00e7as podem participar desta atividade?<\/strong><br \/>\n\u2714 <strong>Apenas visitantes com 140 cm ou mais<\/strong> s\u00e3o permitidos. Fam\u00edlias com crian\u00e7as menores podem aproveitar <strong>outras atra\u00e7\u00f5es como Baby Tiger Photos e Tiger Show<\/strong>.<\/p>\n<hr \/>\n<h3><strong>\ud83c\udf9f Reserve seus ingressos agora!<\/strong><\/h3>\n<p>N\u00e3o perca isso <strong>experi\u00eancia incr\u00edvel com grandes felinos<\/strong>! <strong>Reserve hoje mesmo seus ingressos para o Shoot &amp; Feed Tigers<\/strong> e testemunhar o <strong>poder e agilidade desses predadores incr\u00edveis em <a href=\"https:\/\/tigertopiasrirachazoo.com\/pt\">Tigre Topia Sriracha Zoo<\/a>!<\/strong><\/p>","protected":false},"excerpt":{"rendered":"<table class=\"short-description\">\n<tbody class=\"tabel364\">\n<tr class=\"short-description-tr32r\">\n<th class=\"short-description-th\"><span class=\"description-h23\"><strong class=\"description-strong67\">As reservas devem ser feitas com 1 hora de anteced\u00eancia para reservas no mesmo dia.<\/strong><\/span><\/th>\n<\/tr>\n<\/tbody>\n<\/table>","protected":false},"featured_media":3585,"template":"","meta":{"ocean_post_layout":"","ocean_both_sidebars_style":"","ocean_both_sidebars_content_width":0,"ocean_both_sidebars_sidebars_width":0,"ocean_sidebar":"0","ocean_second_sidebar":"0","ocean_disable_margins":"enable","ocean_add_body_class":"","ocean_shortcode_before_top_bar":"","ocean_shortcode_after_top_bar":"","ocean_shortcode_before_header":"","ocean_shortcode_after_header":"","ocean_has_shortcode":"","ocean_shortcode_after_title":"","ocean_shortcode_before_footer_widgets":"","ocean_shortcode_after_footer_widgets":"","ocean_shortcode_before_footer_bottom":"","ocean_shortcode_after_footer_bottom":"","ocean_display_top_bar":"default","ocean_display_header":"default","ocean_header_style":"","ocean_center_header_left_menu":"0","ocean_custom_header_template":"0","ocean_custom_logo":0,"ocean_custom_retina_logo":0,"ocean_custom_logo_max_width":0,"ocean_custom_logo_tablet_max_width":0,"ocean_custom_logo_mobile_max_width":0,"ocean_custom_logo_max_height":0,"ocean_custom_logo_tablet_max_height":0,"ocean_custom_logo_mobile_max_height":0,"ocean_header_custom_menu":"0","ocean_menu_typo_font_family":"0","ocean_menu_typo_font_subset":"","ocean_menu_typo_font_size":0,"ocean_menu_typo_font_size_tablet":0,"ocean_menu_typo_font_size_mobile":0,"ocean_menu_typo_font_size_unit":"px","ocean_menu_typo_font_weight":"","ocean_menu_typo_font_weight_tablet":"","ocean_menu_typo_font_weight_mobile":"","ocean_menu_typo_transform":"","ocean_menu_typo_transform_tablet":"","ocean_menu_typo_transform_mobile":"","ocean_menu_typo_line_height":0,"ocean_menu_typo_line_height_tablet":0,"ocean_menu_typo_line_height_mobile":0,"ocean_menu_typo_line_height_unit":"","ocean_menu_typo_spacing":0,"ocean_menu_typo_spacing_tablet":0,"ocean_menu_typo_spacing_mobile":0,"ocean_menu_typo_spacing_unit":"","ocean_menu_link_color":"","ocean_menu_link_color_hover":"","ocean_menu_link_color_active":"","ocean_menu_link_background":"","ocean_menu_link_hover_background":"","ocean_menu_link_active_background":"","ocean_menu_social_links_bg":"","ocean_menu_social_hover_links_bg":"","ocean_menu_social_links_color":"","ocean_menu_social_hover_links_color":"","ocean_disable_title":"default","ocean_disable_heading":"default","ocean_post_title":"","ocean_post_subheading":"","ocean_post_title_style":"","ocean_post_title_background_color":"","ocean_post_title_background":0,"ocean_post_title_bg_image_position":"","ocean_post_title_bg_image_attachment":"","ocean_post_title_bg_image_repeat":"","ocean_post_title_bg_image_size":"","ocean_post_title_height":0,"ocean_post_title_bg_overlay":0.5,"ocean_post_title_bg_overlay_color":"","ocean_disable_breadcrumbs":"default","ocean_breadcrumbs_color":"","ocean_breadcrumbs_separator_color":"","ocean_breadcrumbs_links_color":"","ocean_breadcrumbs_links_hover_color":"","ocean_display_footer_widgets":"default","ocean_display_footer_bottom":"default","ocean_custom_footer_template":"0"},"product_brand":[],"product_cat":[20],"product_tag":[602,597,601,497,515,595,514,510,594,598,504,596,599,470,600,562,509,508],"class_list":{"0":"post-3604","1":"product","2":"type-product","3":"status-publish","4":"has-post-thumbnail","6":"product_cat-tickets","7":"product_tag-best-animal-feeding-thailand","8":"product_tag-best-tiger-encounter-thailand","9":"product_tag-bucket-list-tiger-encounter","10":"product_tag-ethical-tiger-experience","11":"product_tag-exclusive-tiger-feeding-thailand","12":"product_tag-feed-tigers-thailand","13":"product_tag-must-do-tiger-activity-pattaya","14":"product_tag-safe-tiger-interaction","15":"product_tag-shoot-feed-tigers","16":"product_tag-thrilling-big-cat-feeding","17":"product_tag-tiger-feeding-experience","18":"product_tag-tiger-feeding-tour","19":"product_tag-tiger-safari-thailand","20":"product_tag-tiger-topia-sriracha-zoo-tickets","21":"product_tag-ultimate-wildlife-experience","22":"product_tag-unique-big-cat-experience","23":"product_tag-up-close-tiger-feeding","24":"product_tag-wildlife-feeding-adventure","26":"entry","27":"has-media","28":"tm-has-options","30":"first","31":"instock","32":"virtual","33":"taxable","34":"purchasable","35":"product-type-simple","36":"has-product-nav","37":"col","38":"span_1_of_3","39":"owp-content-center","40":"owp-thumbs-layout-horizontal","41":"owp-btn-normal","42":"owp-tabs-layout-horizontal"},"yoast_head":"<!-- This site is optimized with the Yoast SEO plugin v27.3 - https:\/\/yoast.com\/product\/yoast-seo-wordpress\/ -->\n<title>Book Shoot &amp; Feed Tigers | Thrilling Tiger Encounter At Tiger Topia<\/title>\n<meta name=\"description\" content=\"Experience The Thrill Of Feeding Tigers Safely At Tiger Topia Sriracha Zoo! Supervised, Safe, And A Once-In-A-Lifetime Adventure. Book Now!\" \/>\n<meta name=\"robots\" content=\"index, follow, max-snippet:-1, max-image-preview:large, max-video-preview:-1\" \/>\n<link rel=\"canonical\" href=\"https:\/\/tigertopiasrirachazoo.com\/pt\/ingressos\/atirar-alimentar-tigres\/\" \/>\n<meta property=\"og:locale\" content=\"pt_PT\" \/>\n<meta property=\"og:type\" content=\"article\" \/>\n<meta property=\"og:title\" content=\"Book Shoot &amp; Feed Tigers | Thrilling Tiger Encounter At Tiger Topia\" \/>\n<meta property=\"og:description\" content=\"Experience The Thrill Of Feeding Tigers Safely At Tiger Topia Sriracha Zoo! Supervised, Safe, And A Once-In-A-Lifetime Adventure. Book Now!\" \/>\n<meta property=\"og:url\" content=\"https:\/\/tigertopiasrirachazoo.com\/pt\/ingressos\/atirar-alimentar-tigres\/\" \/>\n<meta property=\"og:site_name\" content=\"Tiger Topia Sriracha Zoo\" \/>\n<meta property=\"article:modified_time\" content=\"2025-12-10T03:20:03+00:00\" \/>\n<meta property=\"og:image\" content=\"https:\/\/tigertopiasrirachazoo.com\/wp-content\/uploads\/2025\/02\/Sriracha-Zoo-1.png\" \/>\n\t<meta property=\"og:image:width\" content=\"1356\" \/>\n\t<meta property=\"og:image:height\" content=\"904\" \/>\n\t<meta property=\"og:image:type\" content=\"image\/png\" \/>\n<meta name=\"twitter:card\" content=\"summary_large_image\" \/>\n<meta name=\"twitter:label1\" content=\"Tempo estimado de leitura\" \/>\n\t<meta name=\"twitter:data1\" content=\"5 minutos\" \/>\n<script type=\"application\/ld+json\" class=\"yoast-schema-graph\">{\"@context\":\"https:\\\/\\\/schema.org\",\"@graph\":[{\"@type\":\"WebPage\",\"@id\":\"https:\\\/\\\/tigertopiasrirachazoo.com\\\/tickets\\\/shoot-feed-tigers\\\/\",\"url\":\"https:\\\/\\\/tigertopiasrirachazoo.com\\\/tickets\\\/shoot-feed-tigers\\\/\",\"name\":\"Book Shoot & Feed Tigers | Thrilling Tiger Encounter At Tiger Topia\",\"isPartOf\":{\"@id\":\"https:\\\/\\\/tigertopiasrirachazoo.com\\\/#website\"},\"primaryImageOfPage\":{\"@id\":\"https:\\\/\\\/tigertopiasrirachazoo.com\\\/tickets\\\/shoot-feed-tigers\\\/#primaryimage\"},\"image\":{\"@id\":\"https:\\\/\\\/tigertopiasrirachazoo.com\\\/tickets\\\/shoot-feed-tigers\\\/#primaryimage\"},\"thumbnailUrl\":\"https:\\\/\\\/tigertopiasrirachazoo.com\\\/wp-content\\\/uploads\\\/2025\\\/02\\\/Sriracha-Zoo-1.png\",\"datePublished\":\"2025-02-01T16:27:09+00:00\",\"dateModified\":\"2025-12-10T03:20:03+00:00\",\"description\":\"Experience The Thrill Of Feeding Tigers Safely At Tiger Topia Sriracha Zoo! Supervised, Safe, And A Once-In-A-Lifetime Adventure. Book Now!\",\"breadcrumb\":{\"@id\":\"https:\\\/\\\/tigertopiasrirachazoo.com\\\/tickets\\\/shoot-feed-tigers\\\/#breadcrumb\"},\"inLanguage\":\"pt-PT\",\"potentialAction\":[{\"@type\":\"ReadAction\",\"target\":[\"https:\\\/\\\/tigertopiasrirachazoo.com\\\/tickets\\\/shoot-feed-tigers\\\/\"]}]},{\"@type\":\"ImageObject\",\"inLanguage\":\"pt-PT\",\"@id\":\"https:\\\/\\\/tigertopiasrirachazoo.com\\\/tickets\\\/shoot-feed-tigers\\\/#primaryimage\",\"url\":\"https:\\\/\\\/tigertopiasrirachazoo.com\\\/wp-content\\\/uploads\\\/2025\\\/02\\\/Sriracha-Zoo-1.png\",\"contentUrl\":\"https:\\\/\\\/tigertopiasrirachazoo.com\\\/wp-content\\\/uploads\\\/2025\\\/02\\\/Sriracha-Zoo-1.png\",\"width\":1356,\"height\":904,\"caption\":\"Sriracha Zoo\"},{\"@type\":\"BreadcrumbList\",\"@id\":\"https:\\\/\\\/tigertopiasrirachazoo.com\\\/tickets\\\/shoot-feed-tigers\\\/#breadcrumb\",\"itemListElement\":[{\"@type\":\"ListItem\",\"position\":1,\"name\":\"Home\",\"item\":\"https:\\\/\\\/tigertopiasrirachazoo.com\\\/\"},{\"@type\":\"ListItem\",\"position\":2,\"name\":\"Tickets\",\"item\":\"https:\\\/\\\/tigertopiasrirachazoo.com\\\/tickets\\\/\"},{\"@type\":\"ListItem\",\"position\":3,\"name\":\"Shoot &#038; Feed TIGERS\"}]},{\"@type\":\"WebSite\",\"@id\":\"https:\\\/\\\/tigertopiasrirachazoo.com\\\/#website\",\"url\":\"https:\\\/\\\/tigertopiasrirachazoo.com\\\/\",\"name\":\"Tiger Topia Sriracha Zoo\",\"description\":\"\",\"publisher\":{\"@id\":\"https:\\\/\\\/tigertopiasrirachazoo.com\\\/#organization\"},\"potentialAction\":[{\"@type\":\"SearchAction\",\"target\":{\"@type\":\"EntryPoint\",\"urlTemplate\":\"https:\\\/\\\/tigertopiasrirachazoo.com\\\/?s={search_term_string}\"},\"query-input\":{\"@type\":\"PropertyValueSpecification\",\"valueRequired\":true,\"valueName\":\"search_term_string\"}}],\"inLanguage\":\"pt-PT\"},{\"@type\":\"Organization\",\"@id\":\"https:\\\/\\\/tigertopiasrirachazoo.com\\\/#organization\",\"name\":\"Tiger Topia Sriracha Zoo\",\"url\":\"https:\\\/\\\/tigertopiasrirachazoo.com\\\/\",\"logo\":{\"@type\":\"ImageObject\",\"inLanguage\":\"pt-PT\",\"@id\":\"https:\\\/\\\/tigertopiasrirachazoo.com\\\/#\\\/schema\\\/logo\\\/image\\\/\",\"url\":\"https:\\\/\\\/tigertopiasrirachazoo.com\\\/wp-content\\\/uploads\\\/2024\\\/08\\\/Tiger-Topia-Sriracha-Zoo.png\",\"contentUrl\":\"https:\\\/\\\/tigertopiasrirachazoo.com\\\/wp-content\\\/uploads\\\/2024\\\/08\\\/Tiger-Topia-Sriracha-Zoo.png\",\"width\":350,\"height\":100,\"caption\":\"Tiger Topia Sriracha Zoo\"},\"image\":{\"@id\":\"https:\\\/\\\/tigertopiasrirachazoo.com\\\/#\\\/schema\\\/logo\\\/image\\\/\"}}]}<\/script>\n<!-- \/ Yoast SEO plugin. -->","yoast_head_json":{"title":"Livro Shoot &amp; Feed Tigers | Emocionante encontro com tigres em Tiger Topia","description":"Experimente a emo\u00e7\u00e3o de alimentar tigres com seguran\u00e7a no Tiger Topia Sriracha Zoo! Supervisionado, seguro e uma aventura \u00fanica na vida. Reserve agora!","robots":{"index":"index","follow":"follow","max-snippet":"max-snippet:-1","max-image-preview":"max-image-preview:large","max-video-preview":"max-video-preview:-1"},"canonical":"https:\/\/tigertopiasrirachazoo.com\/pt\/ingressos\/atirar-alimentar-tigres\/","og_locale":"pt_PT","og_type":"article","og_title":"Book Shoot & Feed Tigers | Thrilling Tiger Encounter At Tiger Topia","og_description":"Experience The Thrill Of Feeding Tigers Safely At Tiger Topia Sriracha Zoo! Supervised, Safe, And A Once-In-A-Lifetime Adventure. Book Now!","og_url":"https:\/\/tigertopiasrirachazoo.com\/pt\/ingressos\/atirar-alimentar-tigres\/","og_site_name":"Tiger Topia Sriracha Zoo","article_modified_time":"2025-12-10T03:20:03+00:00","og_image":[{"width":1356,"height":904,"url":"https:\/\/tigertopiasrirachazoo.com\/wp-content\/uploads\/2025\/02\/Sriracha-Zoo-1.png","type":"image\/png"}],"twitter_card":"summary_large_image","twitter_misc":{"Tempo estimado de leitura":"5 minutos"},"schema":{"@context":"https:\/\/schema.org","@graph":[{"@type":"WebPage","@id":"https:\/\/tigertopiasrirachazoo.com\/tickets\/shoot-feed-tigers\/","url":"https:\/\/tigertopiasrirachazoo.com\/tickets\/shoot-feed-tigers\/","name":"Livro Shoot &amp; Feed Tigers | Emocionante encontro com tigres em Tiger Topia","isPartOf":{"@id":"https:\/\/tigertopiasrirachazoo.com\/#website"},"primaryImageOfPage":{"@id":"https:\/\/tigertopiasrirachazoo.com\/tickets\/shoot-feed-tigers\/#primaryimage"},"image":{"@id":"https:\/\/tigertopiasrirachazoo.com\/tickets\/shoot-feed-tigers\/#primaryimage"},"thumbnailUrl":"https:\/\/tigertopiasrirachazoo.com\/wp-content\/uploads\/2025\/02\/Sriracha-Zoo-1.png","datePublished":"2025-02-01T16:27:09+00:00","dateModified":"2025-12-10T03:20:03+00:00","description":"Experimente a emo\u00e7\u00e3o de alimentar tigres com seguran\u00e7a no Tiger Topia Sriracha Zoo! Supervisionado, seguro e uma aventura \u00fanica na vida. Reserve agora!","breadcrumb":{"@id":"https:\/\/tigertopiasrirachazoo.com\/tickets\/shoot-feed-tigers\/#breadcrumb"},"inLanguage":"pt-PT","potentialAction":[{"@type":"ReadAction","target":["https:\/\/tigertopiasrirachazoo.com\/tickets\/shoot-feed-tigers\/"]}]},{"@type":"ImageObject","inLanguage":"pt-PT","@id":"https:\/\/tigertopiasrirachazoo.com\/tickets\/shoot-feed-tigers\/#primaryimage","url":"https:\/\/tigertopiasrirachazoo.com\/wp-content\/uploads\/2025\/02\/Sriracha-Zoo-1.png","contentUrl":"https:\/\/tigertopiasrirachazoo.com\/wp-content\/uploads\/2025\/02\/Sriracha-Zoo-1.png","width":1356,"height":904,"caption":"Sriracha Zoo"},{"@type":"BreadcrumbList","@id":"https:\/\/tigertopiasrirachazoo.com\/tickets\/shoot-feed-tigers\/#breadcrumb","itemListElement":[{"@type":"ListItem","position":1,"name":"Home","item":"https:\/\/tigertopiasrirachazoo.com\/"},{"@type":"ListItem","position":2,"name":"Tickets","item":"https:\/\/tigertopiasrirachazoo.com\/tickets\/"},{"@type":"ListItem","position":3,"name":"Shoot &#038; Feed TIGERS"}]},{"@type":"WebSite","@id":"https:\/\/tigertopiasrirachazoo.com\/#website","url":"https:\/\/tigertopiasrirachazoo.com\/","name":"Tigre Topia Sriracha Zoo","description":"","publisher":{"@id":"https:\/\/tigertopiasrirachazoo.com\/#organization"},"potentialAction":[{"@type":"SearchAction","target":{"@type":"EntryPoint","urlTemplate":"https:\/\/tigertopiasrirachazoo.com\/?s={search_term_string}"},"query-input":{"@type":"PropertyValueSpecification","valueRequired":true,"valueName":"search_term_string"}}],"inLanguage":"pt-PT"},{"@type":"Organization","@id":"https:\/\/tigertopiasrirachazoo.com\/#organization","name":"Tigre Topia Sriracha Zoo","url":"https:\/\/tigertopiasrirachazoo.com\/","logo":{"@type":"ImageObject","inLanguage":"pt-PT","@id":"https:\/\/tigertopiasrirachazoo.com\/#\/schema\/logo\/image\/","url":"https:\/\/tigertopiasrirachazoo.com\/wp-content\/uploads\/2024\/08\/Tiger-Topia-Sriracha-Zoo.png","contentUrl":"https:\/\/tigertopiasrirachazoo.com\/wp-content\/uploads\/2024\/08\/Tiger-Topia-Sriracha-Zoo.png","width":350,"height":100,"caption":"Tiger Topia Sriracha Zoo"},"image":{"@id":"https:\/\/tigertopiasrirachazoo.com\/#\/schema\/logo\/image\/"}}]}},"jetpack_sharing_enabled":true,"_links":{"self":[{"href":"https:\/\/tigertopiasrirachazoo.com\/pt\/wp-json\/wp\/v2\/product\/3604","targetHints":{"allow":["GET"]}}],"collection":[{"href":"https:\/\/tigertopiasrirachazoo.com\/pt\/wp-json\/wp\/v2\/product"}],"about":[{"href":"https:\/\/tigertopiasrirachazoo.com\/pt\/wp-json\/wp\/v2\/types\/product"}],"wp:featuredmedia":[{"embeddable":true,"href":"https:\/\/tigertopiasrirachazoo.com\/pt\/wp-json\/wp\/v2\/media\/3585"}],"wp:attachment":[{"href":"https:\/\/tigertopiasrirachazoo.com\/pt\/wp-json\/wp\/v2\/media?parent=3604"}],"wp:term":[{"taxonomy":"product_brand","embeddable":true,"href":"https:\/\/tigertopiasrirachazoo.com\/pt\/wp-json\/wp\/v2\/product_brand?post=3604"},{"taxonomy":"product_cat","embeddable":true,"href":"https:\/\/tigertopiasrirachazoo.com\/pt\/wp-json\/wp\/v2\/product_cat?post=3604"},{"taxonomy":"product_tag","embeddable":true,"href":"https:\/\/tigertopiasrirachazoo.com\/pt\/wp-json\/wp\/v2\/product_tag?post=3604"}],"curies":[{"name":"wp","href":"https:\/\/api.w.org\/{rel}","templated":true}]}}