{"id":2602,"date":"2024-10-17T07:09:30","date_gmt":"2024-10-17T01:39:30","guid":{"rendered":"https:\/\/tigertopiasrirachazoo.com\/?page_id=2602"},"modified":"2026-04-29T16:14:33","modified_gmt":"2026-04-29T10:44:33","slug":"chinh-sach-hoan-tien-huy-bo","status":"publish","type":"page","link":"https:\/\/tigertopiasrirachazoo.com\/vi\/chinh-sach-hoan-tien-huy-bo\/","title":{"rendered":"Ch\u00ednh s\u00e1ch h\u1ee7y v\u00e0 ho\u00e0n ti\u1ec1n"},"content":{"rendered":"<div data-elementor-type=\"wp-page\" data-elementor-id=\"2602\" class=\"elementor elementor-2602\" data-elementor-post-type=\"page\">\n\t\t\t\t\t\t<section data-particle_enable=\"false\" data-particle-mobile-disabled=\"false\" class=\"elementor-section elementor-top-section elementor-element elementor-element-dd1cff4 elementor-section-boxed elementor-section-height-default elementor-section-height-default\" data-id=\"dd1cff4\" data-element_type=\"section\" data-e-type=\"section\">\n\t\t\t\t\t\t<div class=\"elementor-container elementor-column-gap-default\">\n\t\t\t\t\t<div class=\"elementor-column elementor-col-100 elementor-top-column elementor-element elementor-element-66f8870\" data-id=\"66f8870\" data-element_type=\"column\" data-e-type=\"column\">\n\t\t\t<div class=\"elementor-widget-wrap elementor-element-populated\">\n\t\t\t\t\t\t<div class=\"elementor-element elementor-element-8bde37f elementor-widget elementor-widget-text-editor\" data-id=\"8bde37f\" data-element_type=\"widget\" data-e-type=\"widget\" data-widget_type=\"text-editor.default\">\n\t\t\t\t<div class=\"elementor-widget-container\">\n\t\t\t\t\t\t\t\t\t<h2 style=\"text-align: center;\"><span style=\"color: #000000;\"><strong>Ch\u00ednh s\u00e1ch h\u1ee7y v\u00e0 ho\u00e0n ti\u1ec1n \u2013 V\u00e9 v\u00e0o c\u1eeda Tiger Topia Sriracha Zoo<\/strong><\/span><\/h2>\n<span style=\"color: #000000;\">T\u1ea1i <strong>V\u01b0\u1eddn th\u00fa Tiger Topia Sriracha<\/strong>, \u0111\u01b0\u1ee3c \u0111i\u1ec1u h\u00e0nh b\u1edfi <strong>The Thai Tourism<\/strong>, ch\u00fang t\u00f4i mong mu\u1ed1n cung c\u1ea5p m\u1ed9t <strong>tr\u1ea3i nghi\u1ec7m \u0111\u1eb7t v\u00e9 li\u1ec1n m\u1ea1ch v\u00e0 minh b\u1ea1ch<\/strong>. C\u00e1i n\u00e0y <strong>Ch\u00ednh s\u00e1ch h\u1ee7y v\u00e0 ho\u00e0n ti\u1ec1n<\/strong> n\u00eau r\u00f5 c\u00e1c \u0111i\u1ec1u kho\u1ea3n v\u00e0 \u0111i\u1ec1u ki\u1ec7n h\u1ee7y v\u00e0 ho\u00e0n ti\u1ec1n cho c\u00e1c \u0111\u1eb7t ph\u00f2ng \u0111\u01b0\u1ee3c th\u1ef1c hi\u1ec7n th\u00f4ng qua n\u1ec1n t\u1ea3ng c\u1ee7a ch\u00fang t\u00f4i, <strong><a style=\"color: #000000;\" href=\"https:\/\/tigertopiasrirachazoo.com\/vi\/\" target=\"_new\" rel=\"noopener\">tigertopiasrirachazoo.com<\/a><\/strong> (kh\u00f4ng ph\u1ea3i trang web ch\u00ednh th\u1ee9c c\u1ee7a s\u1edf th\u00fa).<\/span>\n\n<hr \/>\n\n<h2><span style=\"color: #000000;\"><strong>1. Ch\u00ednh s\u00e1ch h\u1ee7y b\u1ecf chung<\/strong><\/span><\/h2>\n<h3><span style=\"color: #000000;\"><strong>Th\u00f4ng b\u00e1o tr\u01b0\u1edbc:<\/strong><\/span><\/h3>\n<ul>\n \t<li><span style=\"color: #000000;\">H\u1ee7y b\u1ecf ph\u1ea3i \u0111\u01b0\u1ee3c y\u00eau c\u1ea7u \u00edt nh\u1ea5t <strong>48 gi\u1edd tr\u01b0\u1edbc chuy\u1ebfn th\u0103m theo l\u1ecbch tr\u00ecnh c\u1ee7a b\u1ea1n<\/strong> \u0111\u1ec3 \u0111\u1ee7 \u0111i\u1ec1u ki\u1ec7n \u0111\u01b0\u1ee3c ho\u00e0n l\u1ea1i ti\u1ec1n.<\/span><\/li>\n<\/ul>\n<h3><span style=\"color: #000000;\"><strong>C\u00e1ch y\u00eau c\u1ea7u h\u1ee7y:<\/strong><\/span><\/h3>\n<span style=\"color: #000000;\">\u0110\u1ec3 h\u1ee7y \u0111\u1eb7t ph\u00f2ng c\u1ee7a b\u1ea1n, vui l\u00f2ng g\u1eedi email cho ch\u00fang t\u00f4i theo \u0111\u1ecba ch\u1ec9 <strong><a style=\"color: #000000;\" href=\"mailto:contact@tigertopiasrirachazoo.com\" rel=\"noopener\">contact@tigertopiasrirachazoo.com<\/a><\/strong> v\u1edbi c\u00e1c chi ti\u1ebft sau \u0111\u00e2y:<\/span>\n<span style=\"color: #000000;\">\u2714 <strong>H\u1ecd v\u00e0 t\u00ean \u0111\u1ea7y \u0111\u1ee7<\/strong><\/span>\n<span style=\"color: #000000;\">\u2714 <strong>S\u1ed1 tham chi\u1ebfu \u0111\u1eb7t ch\u1ed7<\/strong><\/span>\n<span style=\"color: #000000;\">\u2714 <strong>L\u00fd do h\u1ee7y b\u1ecf<\/strong><\/span>\n<h3><span style=\"color: #000000;\"><strong>H\u1ee7y b\u1ecf mu\u1ed9n:<\/strong><\/span><\/h3>\n<ul>\n \t<li><span style=\"color: #000000;\"><strong>H\u1ee7y b\u1ecf \u0111\u01b0\u1ee3c th\u1ef1c hi\u1ec7n trong v\u00f2ng 48 gi\u1edd<\/strong> c\u1ee7a chuy\u1ebfn th\u0103m theo l\u1ecbch tr\u00ecnh l\u00e0 <strong>kh\u00f4ng \u0111\u01b0\u1ee3c ho\u00e0n l\u1ea1i<\/strong>, ngo\u1ea1i tr\u1eeb tr\u01b0\u1eddng h\u1ee3p kh\u1ea9n c\u1ea5p, s\u1ebd \u0111\u01b0\u1ee3c xem x\u00e9t l\u1ea1i t\u1ea1i <strong>s\u1ef1 quy\u1ebft \u0111\u1ecbnh c\u1ee7a Tiger Topia Sriracha Zoo<\/strong>.<\/span><\/li>\n<\/ul>\n\n<hr \/>\n\n<h2><span style=\"color: #000000;\"><strong>2. V\u00e9 kh\u00f4ng \u0111\u01b0\u1ee3c ho\u00e0n l\u1ea1i<\/strong><\/span><\/h2>\n<ul>\n \t<li><span style=\"color: #000000;\"><strong>V\u00e9 khuy\u1ebfn m\u1ea1i v\u00e0 gi\u1ea3m gi\u00e1:<\/strong> V\u00e9 mua theo <strong>khuy\u1ebfn m\u00e3i ho\u1eb7c gi\u1ea3m gi\u00e1 \u0111\u1eb7c bi\u1ec7t<\/strong> C\u00f3 l\u1ebd <strong>kh\u00f4ng \u0111\u01b0\u1ee3c ho\u00e0n l\u1ea1i<\/strong>.<\/span><\/li>\n \t<li><span style=\"color: #000000;\">Tr\u1ea1ng th\u00e1i ho\u00e0n ti\u1ec1n s\u1ebd \u0111\u01b0\u1ee3c \u0111\u1ec1 c\u1eadp r\u00f5 r\u00e0ng <strong>trong qu\u00e1 tr\u00ecnh \u0111\u1eb7t ph\u00f2ng<\/strong>, v\u00ec v\u1eady h\u00e3y xem l\u1ea1i <strong>\u0111i\u1ec1u kho\u1ea3n v\u00e0 \u0111i\u1ec1u ki\u1ec7n v\u00e9<\/strong> tr\u01b0\u1edbc khi ho\u00e0n t\u1ea5t giao d\u1ecbch mua c\u1ee7a b\u1ea1n.<\/span><\/li>\n<\/ul>\n\n<hr \/>\n\n<h2><span style=\"color: #000000;\"><strong>3. Ch\u00ednh s\u00e1ch ho\u00e0n ti\u1ec1n<\/strong><\/span><\/h2>\n<h3><span style=\"color: #000000;\"><strong>\u0110i\u1ec1u ki\u1ec7n \u0111\u1ec3 \u0111\u01b0\u1ee3c ho\u00e0n ti\u1ec1n:<\/strong><\/span><\/h3>\n<span style=\"color: #000000;\">\u2714 Ho\u00e0n ti\u1ec1n \u0111\u01b0\u1ee3c th\u1ef1c hi\u1ec7n <strong>ch\u1ec9 d\u00e0nh cho vi\u1ec7c h\u1ee7y b\u1ecf \u0111\u01b0\u1ee3c th\u1ef1c hi\u1ec7n trong th\u1eddi gian th\u00f4ng b\u00e1o 48 gi\u1edd<\/strong>.<\/span>\n<h3><span style=\"color: #000000;\"><strong>Th\u1eddi gian x\u1eed l\u00fd ho\u00e0n ti\u1ec1n:<\/strong><\/span><\/h3>\n<span style=\"color: #000000;\">\u2714 Ho\u00e0n ti\u1ec1n s\u1ebd \u0111\u01b0\u1ee3c x\u1eed l\u00fd <strong>trong v\u00f2ng 7-14 ng\u00e0y l\u00e0m vi\u1ec7c<\/strong> sau khi vi\u1ec7c h\u1ee7y \u0111\u01b0\u1ee3c x\u00e1c nh\u1eadn.<\/span>\n<h3><span style=\"color: #000000;\"><strong>Ph\u01b0\u01a1ng th\u1ee9c ho\u00e0n ti\u1ec1n:<\/strong><\/span><\/h3>\n<span style=\"color: #000000;\">\u2714 Ti\u1ec1n ho\u00e0n l\u1ea1i s\u1ebd \u0111\u01b0\u1ee3c ghi c\u00f3 <strong>quay l\u1ea1i ph\u01b0\u01a1ng th\u1ee9c thanh to\u00e1n ban \u0111\u1ea7u<\/strong> \u0111\u01b0\u1ee3c s\u1eed d\u1ee5ng trong qu\u00e1 tr\u00ecnh \u0111\u1eb7t ph\u00f2ng.<\/span>\n\n<hr \/>\n\n<h2><span style=\"color: #000000;\"><strong>4. Kh\u00f4ng \u0111\u1ebfn v\u00e0 h\u1ee7y trong ng\u00e0y<\/strong><\/span><\/h2>\n<ul>\n \t<li><span style=\"color: #000000;\">\u274c <strong>Kh\u00f4ng ho\u00e0n l\u1ea1i ti\u1ec1n<\/strong> s\u1ebd \u0111\u01b0\u1ee3c c\u1ea5p cho <strong>kh\u00f4ng xu\u1ea5t hi\u1ec7n<\/strong> ho\u1eb7c <strong>h\u1ee7y b\u1ecf trong ng\u00e0y<\/strong>.<\/span><\/li>\n<\/ul>\n\n<hr \/>\n\n<h2><span style=\"color: #000000;\"><strong>5. Ch\u00ednh s\u00e1ch s\u1eafp x\u1ebfp l\u1ea1i l\u1ecbch tr\u00ecnh<\/strong><\/span><\/h2>\n<span style=\"color: #000000;\">\u2714 <strong>Y\u00eau c\u1ea7u l\u00ean l\u1ecbch l\u1ea1i:<\/strong><\/span>\n<ul>\n \t<li><span style=\"color: #000000;\">Kh\u00e1ch c\u00f3 th\u1ec3 <strong>y\u00eau c\u1ea7u \u0111\u1ed5i l\u1ecbch<\/strong> chuy\u1ebfn th\u0103m c\u1ee7a h\u1ecd \u00edt nh\u1ea5t <strong>48 gi\u1edd tr\u01b0\u1edbc<\/strong>.<\/span><\/li>\n \t<li><span style=\"color: #000000;\">Vi\u1ec7c l\u00ean l\u1ecbch l\u1ea1i l\u00e0 <strong>t\u00f9y thu\u1ed9c v\u00e0o t\u00ecnh tr\u1ea1ng s\u1eb5n c\u00f3<\/strong>v\u00e0 gi\u1ed1ng nhau <strong>ch\u00ednh s\u00e1ch h\u1ee7y \u00e1p d\u1ee5ng cho c\u00e1c \u0111\u1eb7t ph\u00f2ng \u0111\u01b0\u1ee3c l\u00ean l\u1ecbch l\u1ea1i<\/strong>.<\/span><\/li>\n<\/ul>\n\n<hr \/>\n\n<h2><span style=\"color: #000000;\"><strong>6. H\u1ee7y b\u1ecf b\u1edfi Tiger Topia Sriracha Zoo<\/strong><\/span><\/h2>\n<span style=\"color: #000000;\">N\u1ebfu nh\u01b0 <strong>V\u01b0\u1eddn th\u00fa Tiger Topia Sriracha<\/strong> ph\u1ea3i h\u1ee7y \u0111\u1eb7t ph\u00f2ng c\u1ee7a b\u1ea1n do nh\u1eefng tr\u01b0\u1eddng h\u1ee3p b\u1ea5t kh\u1ea3 kh\u00e1ng, ch\u00fang t\u00f4i s\u1ebd cung c\u1ea5p c\u00e1c t\u00f9y ch\u1ecdn sau:<\/span>\n\n<span style=\"color: #000000;\">\u2714 <strong>L\u00ean l\u1ecbch l\u1ea1i chuy\u1ebfn th\u0103m c\u1ee7a b\u1ea1n m\u00e0 kh\u00f4ng m\u1ea5t th\u00eam chi ph\u00ed<\/strong><\/span>\n<span style=\"color: #000000;\">\u2714 <strong>Nh\u1eadn l\u1ea1i to\u00e0n b\u1ed9 ti\u1ec1n ho\u00e0n l\u1ea1i, bao g\u1ed3m m\u1ecdi kho\u1ea3n ph\u00ed li\u00ean quan<\/strong><\/span>\n\n<hr \/>\n\n<h2><span style=\"color: #000000;\"><strong>7. \u0110\u1eb7t ch\u1ed7 c\u1ee7a b\u00ean th\u1ee9 ba<\/strong><\/span><\/h2>\n<span style=\"color: #000000;\">\u2714 N\u1ebfu b\u1ea1n <strong>\u0111\u00e3 \u0111\u1eb7t v\u00e9 th\u00f4ng qua m\u1ed9t nh\u00e0 cung c\u1ea5p b\u00ean th\u1ee9 ba<\/strong> ho\u1eb7c <strong>n\u1ec1n t\u1ea3ng du l\u1ecbch b\u00ean ngo\u00e0i<\/strong>, c\u1ee5 th\u1ec3 c\u1ee7a h\u1ecd <strong>ch\u00ednh s\u00e1ch h\u1ee7y v\u00e0 ho\u00e0n ti\u1ec1n<\/strong> s\u1ebd \u00e1p d\u1ee5ng.<\/span>\n<span style=\"color: #000000;\">\u2714 <strong><a href=\"https:\/\/tigertopiasrirachazoo.com\/vi\/\">V\u01b0\u1eddn th\u00fa Tiger Topia Sriracha<\/a> and The Thai Tourism<\/strong> l\u00e0 <strong>kh\u00f4ng ch\u1ecbu tr\u00e1ch nhi\u1ec7m<\/strong> \u0111\u1ed1i v\u1edbi c\u00e1c tr\u01b0\u1eddng h\u1ee3p h\u1ee7y ho\u1eb7c ho\u00e0n ti\u1ec1n \u0111\u01b0\u1ee3c x\u1eed l\u00fd th\u00f4ng qua n\u1ec1n t\u1ea3ng \u0111\u1eb7t ph\u00f2ng c\u1ee7a b\u00ean th\u1ee9 ba.<\/span>\n\n<hr \/>\n\n<h2><span style=\"color: #000000;\"><strong>8. Nh\u1eefng c\u00e2n nh\u1eafc \u0111\u1eb7c bi\u1ec7t<\/strong><\/span><\/h2>\n<span style=\"color: #000000;\">\u2714 <strong>\u0110\u1eb7t ch\u1ed7 theo nh\u00f3m v\u00e0 s\u1ef1 ki\u1ec7n ri\u00eang t\u01b0:<\/strong><\/span>\n<ul>\n \t<li><span style=\"color: #000000;\">Ch\u00ednh s\u00e1ch h\u1ee7y b\u1ecf \u0111\u1eb7c bi\u1ec7t c\u00f3 th\u1ec3 \u00e1p d\u1ee5ng cho <strong>\u0111\u1eb7t ch\u1ed7 theo nh\u00f3m ho\u1eb7c s\u1ef1 ki\u1ec7n ri\u00eang t\u01b0<\/strong>.<\/span><\/li>\n \t<li><span style=\"color: #000000;\">\u0110\u1ec3 bi\u1ebft chi ti\u1ebft, h\u00e3y tham kh\u1ea3o <strong>c\u00e1c \u0111i\u1ec1u kho\u1ea3n \u0111\u01b0\u1ee3c cung c\u1ea5p trong qu\u00e1 tr\u00ecnh \u0111\u1eb7t ph\u00f2ng<\/strong> ho\u1eb7c li\u00ean h\u1ec7 tr\u1ef1c ti\u1ebfp v\u1edbi ch\u00fang t\u00f4i.<\/span><\/li>\n<\/ul>\n\n<hr \/>\n\n<h2><span style=\"color: #000000;\"><strong>9. Th\u00f4ng tin li\u00ean l\u1ea1c<\/strong><\/span><\/h2>\n<span style=\"color: #000000;\">\u0110\u1ec3 \u0111\u01b0\u1ee3c h\u1ed7 tr\u1ee3 li\u00ean quan \u0111\u1ebfn <strong>h\u1ee7y b\u1ecf v\u00e0 ho\u00e0n ti\u1ec1n<\/strong>, h\u00e3y li\u00ean h\u1ec7 v\u1edbi ch\u00fang t\u00f4i:<\/span>\n\n<span style=\"color: #000000;\">\ud83d\udce7 <strong>E-mail:<\/strong> <a style=\"color: #000000;\" href=\"mailto:contact@tigertopiasrirachazoo.com\" rel=\"noopener\">contact@tigertopiasrirachazoo.com<\/a><\/span>\n<span style=\"color: #000000;\">\ud83d\udcac <strong>Tr\u00f2 chuy\u1ec7n tr\u1ef1c ti\u1ebfp:<\/strong> C\u00f3 s\u1eb5n tr\u00ean <strong><a style=\"color: #000000;\" href=\"https:\/\/tigertopiasrirachazoo.com\/vi\/\" target=\"_new\" rel=\"noopener\">tigertopiasrirachazoo.com<\/a><\/strong><\/span>\n\n<span style=\"color: #000000;\">Ch\u00fang t\u00f4i c\u1ed1 g\u1eafng \u0111\u1ec3 <strong>tr\u1ea3 l\u1eddi t\u1ea5t c\u1ea3 c\u00e1c c\u00e2u h\u1ecfi trong v\u00f2ng 24 gi\u1edd<\/strong>.<\/span>\n\n<hr \/>\n\n<h2><span style=\"color: #000000;\"><strong>10. C\u1eadp nh\u1eadt ch\u00ednh s\u00e1ch<\/strong><\/span><\/h2>\n<span style=\"color: #000000;\">\u2714 <strong>The Thai Tourism<\/strong> gi\u1eef quy\u1ec1n s\u1eeda \u0111\u1ed5i \u0111i\u1ec1u n\u00e0y <strong>Ch\u00ednh s\u00e1ch h\u1ee7y v\u00e0 ho\u00e0n ti\u1ec1n<\/strong> b\u1ea5t c\u1ee9 l\u00fac n\u00e0o.<\/span>\n<span style=\"color: #000000;\">\u2714 B\u1ea5t k\u1ef3 thay \u0111\u1ed5i n\u00e0o s\u1ebd \u0111\u01b0\u1ee3c <strong>\u0111\u01b0\u1ee3c \u0111\u0103ng tr\u00ean trang web c\u1ee7a ch\u00fang t\u00f4i<\/strong>v\u00e0 ch\u00fang t\u00f4i khuy\u1ebfn kh\u00edch kh\u00e1ch h\u00e0ng xem l\u1ea1i <strong>ch\u00ednh s\u00e1ch th\u01b0\u1eddng xuy\u00ean<\/strong>.<\/span>\n\n<span style=\"color: #000000;\">B\u1eb1ng c\u00e1ch \u0111\u1eb7t v\u00e9 qua <strong><a style=\"color: #000000;\" href=\"https:\/\/tigertopiasrirachazoo.com\/vi\/\" target=\"_new\" rel=\"noopener\">tigertopiasrirachazoo.com<\/a><\/strong>, b\u1ea1n th\u1eeba nh\u1eadn v\u00e0 \u0111\u1ed3ng \u00fd v\u1edbi \u0111i\u1ec1u n\u00e0y <strong>Ch\u00ednh s\u00e1ch h\u1ee7y v\u00e0 ho\u00e0n ti\u1ec1n<\/strong>.<\/span>\t\t\t\t\t\t\t\t<\/div>\n\t\t\t\t<\/div>\n\t\t\t\t\t<\/div>\n\t\t<\/div>\n\t\t\t\t\t<\/div>\n\t\t<\/section>\n\t\t\t\t<\/div>","protected":false},"excerpt":{"rendered":"<p>Cancellation &amp; Refund Policy \u2013 Tiger Topia Sriracha Zoo Tickets At Tiger Topia Sriracha Zoo, operated by The Thai Tourism, we aim to provide a seamless and transparent ticket booking experience. This Cancellation &amp; Refund Policy outlines the terms and conditions for cancellations and refunds for bookings made through our platform, tigertopiasrirachazoo.com (not the official [&hellip;]<\/p>\n","protected":false},"author":1,"featured_media":0,"parent":0,"menu_order":0,"comment_status":"closed","ping_status":"closed","template":"","meta":{"ocean_post_layout":"","ocean_both_sidebars_style":"","ocean_both_sidebars_content_width":0,"ocean_both_sidebars_sidebars_width":0,"ocean_sidebar":"","ocean_second_sidebar":"","ocean_disable_margins":"enable","ocean_add_body_class":"","ocean_shortcode_before_top_bar":"","ocean_shortcode_after_top_bar":"","ocean_shortcode_before_header":"","ocean_shortcode_after_header":"","ocean_has_shortcode":"","ocean_shortcode_after_title":"","ocean_shortcode_before_footer_widgets":"","ocean_shortcode_after_footer_widgets":"","ocean_shortcode_before_footer_bottom":"","ocean_shortcode_after_footer_bottom":"","ocean_display_top_bar":"default","ocean_display_header":"default","ocean_header_style":"","ocean_center_header_left_menu":"","ocean_custom_header_template":"","ocean_custom_logo":0,"ocean_custom_retina_logo":0,"ocean_custom_logo_max_width":0,"ocean_custom_logo_tablet_max_width":0,"ocean_custom_logo_mobile_max_width":0,"ocean_custom_logo_max_height":0,"ocean_custom_logo_tablet_max_height":0,"ocean_custom_logo_mobile_max_height":0,"ocean_header_custom_menu":"","ocean_menu_typo_font_family":"","ocean_menu_typo_font_subset":"","ocean_menu_typo_font_size":0,"ocean_menu_typo_font_size_tablet":0,"ocean_menu_typo_font_size_mobile":0,"ocean_menu_typo_font_size_unit":"px","ocean_menu_typo_font_weight":"","ocean_menu_typo_font_weight_tablet":"","ocean_menu_typo_font_weight_mobile":"","ocean_menu_typo_transform":"","ocean_menu_typo_transform_tablet":"","ocean_menu_typo_transform_mobile":"","ocean_menu_typo_line_height":0,"ocean_menu_typo_line_height_tablet":0,"ocean_menu_typo_line_height_mobile":0,"ocean_menu_typo_line_height_unit":"","ocean_menu_typo_spacing":0,"ocean_menu_typo_spacing_tablet":0,"ocean_menu_typo_spacing_mobile":0,"ocean_menu_typo_spacing_unit":"","ocean_menu_link_color":"","ocean_menu_link_color_hover":"","ocean_menu_link_color_active":"","ocean_menu_link_background":"","ocean_menu_link_hover_background":"","ocean_menu_link_active_background":"","ocean_menu_social_links_bg":"","ocean_menu_social_hover_links_bg":"","ocean_menu_social_links_color":"","ocean_menu_social_hover_links_color":"","ocean_disable_title":"default","ocean_disable_heading":"default","ocean_post_title":"","ocean_post_subheading":"","ocean_post_title_style":"","ocean_post_title_background_color":"","ocean_post_title_background":0,"ocean_post_title_bg_image_position":"","ocean_post_title_bg_image_attachment":"","ocean_post_title_bg_image_repeat":"","ocean_post_title_bg_image_size":"","ocean_post_title_height":0,"ocean_post_title_bg_overlay":0.5,"ocean_post_title_bg_overlay_color":"","ocean_disable_breadcrumbs":"default","ocean_breadcrumbs_color":"","ocean_breadcrumbs_separator_color":"","ocean_breadcrumbs_links_color":"","ocean_breadcrumbs_links_hover_color":"","ocean_display_footer_widgets":"default","ocean_display_footer_bottom":"default","ocean_custom_footer_template":"","footnotes":""},"class_list":["post-2602","page","type-page","status-publish","hentry","entry","owp-thumbs-layout-horizontal","owp-btn-normal","owp-tabs-layout-horizontal","has-no-thumbnails","has-product-nav"],"yoast_head":"<!-- This site is optimized with the Yoast SEO plugin v27.5 - https:\/\/yoast.com\/product\/yoast-seo-wordpress\/ -->\n<title>Cancellation &amp; Refund Policy | Tiger Topia Sriracha Zoo Tickets<\/title>\n<meta name=\"description\" content=\"Review Our Clear Cancellation &amp; Refund Policy For Tiger Topia Sriracha Zoo Tickets. Book Confidently With Transparent Guidelines.\" \/>\n<meta name=\"robots\" content=\"noindex, follow\" \/>\n<meta property=\"og:locale\" content=\"vi_VN\" \/>\n<meta property=\"og:type\" content=\"article\" \/>\n<meta property=\"og:title\" content=\"Cancellation &amp; Refund Policy | Tiger Topia Sriracha Zoo Tickets\" \/>\n<meta property=\"og:description\" content=\"Review Our Clear Cancellation &amp; Refund Policy For Tiger Topia Sriracha Zoo Tickets. Book Confidently With Transparent Guidelines.\" \/>\n<meta property=\"og:url\" content=\"https:\/\/tigertopiasrirachazoo.com\/vi\/chinh-sach-hoan-tien-huy-bo\/\" \/>\n<meta property=\"og:site_name\" content=\"Tiger Topia Sriracha Zoo\" \/>\n<meta property=\"article:modified_time\" content=\"2026-04-29T10:44:33+00:00\" \/>\n<meta name=\"twitter:card\" content=\"summary_large_image\" \/>\n<meta name=\"twitter:label1\" content=\"\u01af\u1edbc t\u00ednh th\u1eddi gian \u0111\u1ecdc\" \/>\n\t<meta name=\"twitter:data1\" content=\"6 ph\u00fat\" \/>\n<script type=\"application\/ld+json\" class=\"yoast-schema-graph\">{\"@context\":\"https:\\\/\\\/schema.org\",\"@graph\":[{\"@type\":\"WebPage\",\"@id\":\"https:\\\/\\\/tigertopiasrirachazoo.com\\\/cancellation-refund-policy\\\/\",\"url\":\"https:\\\/\\\/tigertopiasrirachazoo.com\\\/cancellation-refund-policy\\\/\",\"name\":\"Cancellation & Refund Policy | Tiger Topia Sriracha Zoo Tickets\",\"isPartOf\":{\"@id\":\"https:\\\/\\\/tigertopiasrirachazoo.com\\\/#website\"},\"datePublished\":\"2024-10-17T01:39:30+00:00\",\"dateModified\":\"2026-04-29T10:44:33+00:00\",\"description\":\"Review Our Clear Cancellation & Refund Policy For Tiger Topia Sriracha Zoo Tickets. Book Confidently With Transparent Guidelines.\",\"breadcrumb\":{\"@id\":\"https:\\\/\\\/tigertopiasrirachazoo.com\\\/cancellation-refund-policy\\\/#breadcrumb\"},\"inLanguage\":\"vi\",\"potentialAction\":[{\"@type\":\"ReadAction\",\"target\":[\"https:\\\/\\\/tigertopiasrirachazoo.com\\\/cancellation-refund-policy\\\/\"]}]},{\"@type\":\"BreadcrumbList\",\"@id\":\"https:\\\/\\\/tigertopiasrirachazoo.com\\\/cancellation-refund-policy\\\/#breadcrumb\",\"itemListElement\":[{\"@type\":\"ListItem\",\"position\":1,\"name\":\"Home\",\"item\":\"https:\\\/\\\/tigertopiasrirachazoo.com\\\/\"},{\"@type\":\"ListItem\",\"position\":2,\"name\":\"Cancellation &amp; Refund Policy\"}]},{\"@type\":\"WebSite\",\"@id\":\"https:\\\/\\\/tigertopiasrirachazoo.com\\\/#website\",\"url\":\"https:\\\/\\\/tigertopiasrirachazoo.com\\\/\",\"name\":\"Tiger Topia Sriracha Zoo\",\"description\":\"\",\"publisher\":{\"@id\":\"https:\\\/\\\/tigertopiasrirachazoo.com\\\/#organization\"},\"potentialAction\":[{\"@type\":\"SearchAction\",\"target\":{\"@type\":\"EntryPoint\",\"urlTemplate\":\"https:\\\/\\\/tigertopiasrirachazoo.com\\\/?s={search_term_string}\"},\"query-input\":{\"@type\":\"PropertyValueSpecification\",\"valueRequired\":true,\"valueName\":\"search_term_string\"}}],\"inLanguage\":\"vi\"},{\"@type\":\"Organization\",\"@id\":\"https:\\\/\\\/tigertopiasrirachazoo.com\\\/#organization\",\"name\":\"Tiger Topia Sriracha Zoo\",\"url\":\"https:\\\/\\\/tigertopiasrirachazoo.com\\\/\",\"logo\":{\"@type\":\"ImageObject\",\"inLanguage\":\"vi\",\"@id\":\"https:\\\/\\\/tigertopiasrirachazoo.com\\\/#\\\/schema\\\/logo\\\/image\\\/\",\"url\":\"https:\\\/\\\/tigertopiasrirachazoo.com\\\/wp-content\\\/uploads\\\/2024\\\/08\\\/Tiger-Topia-Sriracha-Zoo.png\",\"contentUrl\":\"https:\\\/\\\/tigertopiasrirachazoo.com\\\/wp-content\\\/uploads\\\/2024\\\/08\\\/Tiger-Topia-Sriracha-Zoo.png\",\"width\":350,\"height\":100,\"caption\":\"Tiger Topia Sriracha Zoo\"},\"image\":{\"@id\":\"https:\\\/\\\/tigertopiasrirachazoo.com\\\/#\\\/schema\\\/logo\\\/image\\\/\"}}]}<\/script>\n<!-- \/ Yoast SEO plugin. -->","yoast_head_json":{"title":"Ch\u00ednh s\u00e1ch h\u1ee7y v\u00e0 ho\u00e0n ti\u1ec1n | V\u00e9 v\u00e0o c\u1eeda Tiger Topia Sriracha Zoo","description":"Xem l\u1ea1i Ch\u00ednh s\u00e1ch h\u1ee7y v\u00e0 ho\u00e0n ti\u1ec1n r\u00f5 r\u00e0ng c\u1ee7a ch\u00fang t\u00f4i d\u00e0nh cho v\u00e9 v\u00e0o c\u1eeda Tiger Topia Sriracha Zoo. \u0110\u1eb7t v\u00e9 m\u1ed9t c\u00e1ch t\u1ef1 tin v\u1edbi c\u00e1c nguy\u00ean t\u1eafc minh b\u1ea1ch.","robots":{"index":"noindex","follow":"follow"},"og_locale":"vi_VN","og_type":"article","og_title":"Cancellation & Refund Policy | Tiger Topia Sriracha Zoo Tickets","og_description":"Review Our Clear Cancellation & Refund Policy For Tiger Topia Sriracha Zoo Tickets. Book Confidently With Transparent Guidelines.","og_url":"https:\/\/tigertopiasrirachazoo.com\/vi\/chinh-sach-hoan-tien-huy-bo\/","og_site_name":"Tiger Topia Sriracha Zoo","article_modified_time":"2026-04-29T10:44:33+00:00","twitter_card":"summary_large_image","twitter_misc":{"\u01af\u1edbc t\u00ednh th\u1eddi gian \u0111\u1ecdc":"6 ph\u00fat"},"schema":{"@context":"https:\/\/schema.org","@graph":[{"@type":"WebPage","@id":"https:\/\/tigertopiasrirachazoo.com\/cancellation-refund-policy\/","url":"https:\/\/tigertopiasrirachazoo.com\/cancellation-refund-policy\/","name":"Ch\u00ednh s\u00e1ch h\u1ee7y v\u00e0 ho\u00e0n ti\u1ec1n | V\u00e9 v\u00e0o c\u1eeda Tiger Topia Sriracha Zoo","isPartOf":{"@id":"https:\/\/tigertopiasrirachazoo.com\/#website"},"datePublished":"2024-10-17T01:39:30+00:00","dateModified":"2026-04-29T10:44:33+00:00","description":"Xem l\u1ea1i Ch\u00ednh s\u00e1ch h\u1ee7y v\u00e0 ho\u00e0n ti\u1ec1n r\u00f5 r\u00e0ng c\u1ee7a ch\u00fang t\u00f4i d\u00e0nh cho v\u00e9 v\u00e0o c\u1eeda Tiger Topia Sriracha Zoo. \u0110\u1eb7t v\u00e9 m\u1ed9t c\u00e1ch t\u1ef1 tin v\u1edbi c\u00e1c nguy\u00ean t\u1eafc minh b\u1ea1ch.","breadcrumb":{"@id":"https:\/\/tigertopiasrirachazoo.com\/cancellation-refund-policy\/#breadcrumb"},"inLanguage":"vi","potentialAction":[{"@type":"ReadAction","target":["https:\/\/tigertopiasrirachazoo.com\/cancellation-refund-policy\/"]}]},{"@type":"BreadcrumbList","@id":"https:\/\/tigertopiasrirachazoo.com\/cancellation-refund-policy\/#breadcrumb","itemListElement":[{"@type":"ListItem","position":1,"name":"Home","item":"https:\/\/tigertopiasrirachazoo.com\/"},{"@type":"ListItem","position":2,"name":"Cancellation &amp; Refund Policy"}]},{"@type":"WebSite","@id":"https:\/\/tigertopiasrirachazoo.com\/#website","url":"https:\/\/tigertopiasrirachazoo.com\/","name":"V\u01b0\u1eddn th\u00fa Tiger Topia Sriracha","description":"","publisher":{"@id":"https:\/\/tigertopiasrirachazoo.com\/#organization"},"potentialAction":[{"@type":"SearchAction","target":{"@type":"EntryPoint","urlTemplate":"https:\/\/tigertopiasrirachazoo.com\/?s={search_term_string}"},"query-input":{"@type":"PropertyValueSpecification","valueRequired":true,"valueName":"search_term_string"}}],"inLanguage":"vi"},{"@type":"Organization","@id":"https:\/\/tigertopiasrirachazoo.com\/#organization","name":"V\u01b0\u1eddn th\u00fa Tiger Topia Sriracha","url":"https:\/\/tigertopiasrirachazoo.com\/","logo":{"@type":"ImageObject","inLanguage":"vi","@id":"https:\/\/tigertopiasrirachazoo.com\/#\/schema\/logo\/image\/","url":"https:\/\/tigertopiasrirachazoo.com\/wp-content\/uploads\/2024\/08\/Tiger-Topia-Sriracha-Zoo.png","contentUrl":"https:\/\/tigertopiasrirachazoo.com\/wp-content\/uploads\/2024\/08\/Tiger-Topia-Sriracha-Zoo.png","width":350,"height":100,"caption":"Tiger Topia Sriracha Zoo"},"image":{"@id":"https:\/\/tigertopiasrirachazoo.com\/#\/schema\/logo\/image\/"}}]}},"jetpack_sharing_enabled":true,"_links":{"self":[{"href":"https:\/\/tigertopiasrirachazoo.com\/vi\/wp-json\/wp\/v2\/pages\/2602","targetHints":{"allow":["GET"]}}],"collection":[{"href":"https:\/\/tigertopiasrirachazoo.com\/vi\/wp-json\/wp\/v2\/pages"}],"about":[{"href":"https:\/\/tigertopiasrirachazoo.com\/vi\/wp-json\/wp\/v2\/types\/page"}],"author":[{"embeddable":true,"href":"https:\/\/tigertopiasrirachazoo.com\/vi\/wp-json\/wp\/v2\/users\/1"}],"replies":[{"embeddable":true,"href":"https:\/\/tigertopiasrirachazoo.com\/vi\/wp-json\/wp\/v2\/comments?post=2602"}],"version-history":[{"count":19,"href":"https:\/\/tigertopiasrirachazoo.com\/vi\/wp-json\/wp\/v2\/pages\/2602\/revisions"}],"predecessor-version":[{"id":4574,"href":"https:\/\/tigertopiasrirachazoo.com\/vi\/wp-json\/wp\/v2\/pages\/2602\/revisions\/4574"}],"wp:attachment":[{"href":"https:\/\/tigertopiasrirachazoo.com\/vi\/wp-json\/wp\/v2\/media?parent=2602"}],"curies":[{"name":"wp","href":"https:\/\/api.w.org\/{rel}","templated":true}]}}